{"id":5891,"date":"2023-09-12T15:13:25","date_gmt":"2023-09-12T13:13:25","guid":{"rendered":"https:\/\/campersim.com\/faq\/"},"modified":"2025-06-05T12:14:48","modified_gmt":"2025-06-05T10:14:48","slug":"faq","status":"publish","type":"page","link":"https:\/\/campersim.com\/ch\/faq\/","title":{"rendered":"FAQ"},"content":{"rendered":"<div data-elementor-type=\"wp-page\" data-elementor-id=\"5891\" class=\"elementor elementor-5891\" data-elementor-post-type=\"page\">\n\t\t\t\t\t\t<section class=\"elementor-section elementor-top-section elementor-element elementor-element-51a2131 elementor-section-boxed elementor-section-height-default elementor-section-height-default\" data-id=\"51a2131\" data-element_type=\"section\">\n\t\t\t\t\t\t<div class=\"elementor-container elementor-column-gap-default\">\n\t\t\t\t\t<div class=\"elementor-column elementor-col-100 elementor-top-column elementor-element elementor-element-ece867b\" data-id=\"ece867b\" data-element_type=\"column\">\n\t\t\t<div class=\"elementor-widget-wrap elementor-element-populated\">\n\t\t\t\t\t\t<div class=\"elementor-element elementor-element-df5cf78 elementor-widget elementor-widget-block heading\" data-id=\"df5cf78\" data-element_type=\"widget\" data-widget_type=\"block heading.default\">\n\t\t\t\t<div class=\"elementor-widget-container\">\n\t\t\t\t\t\r\n     <!-- Heading section -->\r\n     <div class=\"section-heading\">\r\n          <h2 class=\"section-title\">\r\n               H\u00e4ufige Fragen               <span class=\"title-bg\"> Campersim <\/span>\r\n          <\/h2>\r\n     <\/div>\r\n     <!-- End Heading section -->\r\n\r\n     \t\t\t\t<\/div>\n\t\t\t\t<\/div>\n\t\t\t\t<div class=\"elementor-element elementor-element-9bb42bc elementor-widget elementor-widget-heading\" data-id=\"9bb42bc\" data-element_type=\"widget\" data-widget_type=\"heading.default\">\n\t\t\t\t<div class=\"elementor-widget-container\">\n\t\t\t\t\t<h2 class=\"elementor-heading-title elementor-size-default\">Wir helfen dir weiter<\/h2>\t\t\t\t<\/div>\n\t\t\t\t<\/div>\n\t\t\t\t\t<\/div>\n\t\t<\/div>\n\t\t\t\t\t<\/div>\n\t\t<\/section>\n\t\t\t\t<section class=\"elementor-section elementor-top-section elementor-element elementor-element-63b4cb50 elementor-section-boxed elementor-section-height-default elementor-section-height-default\" data-id=\"63b4cb50\" data-element_type=\"section\">\n\t\t\t\t\t\t<div class=\"elementor-container elementor-column-gap-default\">\n\t\t\t\t\t<div class=\"elementor-column elementor-col-100 elementor-top-column elementor-element elementor-element-738d214b\" data-id=\"738d214b\" data-element_type=\"column\">\n\t\t\t<div class=\"elementor-widget-wrap elementor-element-populated\">\n\t\t\t\t\t\t<div class=\"elementor-element elementor-element-bc7daf4 elementor-widget elementor-widget-toggle\" data-id=\"bc7daf4\" data-element_type=\"widget\" id=\"APN\" data-widget_type=\"toggle.default\">\n\t\t\t\t<div class=\"elementor-widget-container\">\n\t\t\t\t\t\t\t<div class=\"elementor-toggle\">\n\t\t\t\t\t\t\t<div class=\"elementor-toggle-item\">\n\t\t\t\t\t<div id=\"elementor-tab-title-1971\" class=\"elementor-tab-title\" data-tab=\"1\" role=\"button\" aria-controls=\"elementor-tab-content-1971\" aria-expanded=\"false\">\n\t\t\t\t\t\t\t\t\t\t\t\t<span class=\"elementor-toggle-icon elementor-toggle-icon-left\" aria-hidden=\"true\">\n\t\t\t\t\t\t\t\t\t\t\t\t\t\t\t<span class=\"elementor-toggle-icon-closed\"><i class=\"fas fa-caret-right\"><\/i><\/span>\n\t\t\t\t\t\t\t\t<span class=\"elementor-toggle-icon-opened\"><i class=\"elementor-toggle-icon-opened fas fa-caret-up\"><\/i><\/span>\n\t\t\t\t\t\t\t\t\t\t\t\t\t<\/span>\n\t\t\t\t\t\t\t\t\t\t\t\t<a class=\"elementor-toggle-title\" tabindex=\"0\">Wie aktiviere ich meine CamperSIM?<\/a>\n\t\t\t\t\t<\/div>\n\n\t\t\t\t\t<div id=\"elementor-tab-content-1971\" class=\"elementor-tab-content elementor-clearfix\" data-tab=\"1\" role=\"region\" aria-labelledby=\"elementor-tab-title-1971\"><p>Vielen Dank an dieser Stelle das du ein Teil der CamperSIM-Community geworden bist. Um deine CamperSIM heute noch zu aktivieren, folge diesem Link: \ud83d\udc49\ud83c\udffc <strong><a href=\"https:\/\/campersim.com\/ch\/campersim-activate-2\/\">CamperSIM aktivieren<\/a><\/strong><\/p><\/div>\n\t\t\t\t<\/div>\n\t\t\t\t\t\t\t<div class=\"elementor-toggle-item\">\n\t\t\t\t\t<div id=\"elementor-tab-title-1972\" class=\"elementor-tab-title\" data-tab=\"2\" role=\"button\" aria-controls=\"elementor-tab-content-1972\" aria-expanded=\"false\">\n\t\t\t\t\t\t\t\t\t\t\t\t<span class=\"elementor-toggle-icon elementor-toggle-icon-left\" aria-hidden=\"true\">\n\t\t\t\t\t\t\t\t\t\t\t\t\t\t\t<span class=\"elementor-toggle-icon-closed\"><i class=\"fas fa-caret-right\"><\/i><\/span>\n\t\t\t\t\t\t\t\t<span class=\"elementor-toggle-icon-opened\"><i class=\"elementor-toggle-icon-opened fas fa-caret-up\"><\/i><\/span>\n\t\t\t\t\t\t\t\t\t\t\t\t\t<\/span>\n\t\t\t\t\t\t\t\t\t\t\t\t<a class=\"elementor-toggle-title\" tabindex=\"0\">Welchen APN ben\u00f6tigt die CAMPERSIM Karte?<\/a>\n\t\t\t\t\t<\/div>\n\n\t\t\t\t\t<div id=\"elementor-tab-content-1972\" class=\"elementor-tab-content elementor-clearfix\" data-tab=\"2\" role=\"region\" aria-labelledby=\"elementor-tab-title-1972\"><p>Der zu hinterlegende <strong>APN lautet: m2m.fusion-iot.de<\/strong>.<br \/>Au\u00dferdem muss die Option: internationales Roaming aktiviert sein. Sollte die Konfiguration des Routers nicht funktionieren, wenden Sie sich bitte direkt an den Ger\u00e4tehersteller.<\/p><\/div>\n\t\t\t\t<\/div>\n\t\t\t\t\t\t\t<div class=\"elementor-toggle-item\">\n\t\t\t\t\t<div id=\"elementor-tab-title-1973\" class=\"elementor-tab-title\" data-tab=\"3\" role=\"button\" aria-controls=\"elementor-tab-content-1973\" aria-expanded=\"false\">\n\t\t\t\t\t\t\t\t\t\t\t\t<span class=\"elementor-toggle-icon elementor-toggle-icon-left\" aria-hidden=\"true\">\n\t\t\t\t\t\t\t\t\t\t\t\t\t\t\t<span class=\"elementor-toggle-icon-closed\"><i class=\"fas fa-caret-right\"><\/i><\/span>\n\t\t\t\t\t\t\t\t<span class=\"elementor-toggle-icon-opened\"><i class=\"elementor-toggle-icon-opened fas fa-caret-up\"><\/i><\/span>\n\t\t\t\t\t\t\t\t\t\t\t\t\t<\/span>\n\t\t\t\t\t\t\t\t\t\t\t\t<a class=\"elementor-toggle-title\" tabindex=\"0\">Wie verteilen sich die Monatspakete, bzw. wie lange sind die f\u00fcr 30 Tage gebuchten Pakete g\u00fcltig?<\/a>\n\t\t\t\t\t<\/div>\n\n\t\t\t\t\t<div id=\"elementor-tab-content-1973\" class=\"elementor-tab-content elementor-clearfix\" data-tab=\"3\" role=\"region\" aria-labelledby=\"elementor-tab-title-1973\"><p>Das gebuchte Datenpaket ist ab dem Tag des Kaufes f\u00fcr 30 Tage aktiv. Dabei spielt es keine Rolle ob das Paket zu Beginn oder Ende des Monats gebucht worde. Sollte bereits noch Datenvolumen auf der Karte sein, so aktiviert sich das neue Datenvolumen automatisch nach dem Aufbrauchen des vorhergebuchten Pakets. Eine Verteilung der 30 Tage \u00fcber das gesamte Jahr hinweg ist nicht m\u00f6glich.<\/p><\/div>\n\t\t\t\t<\/div>\n\t\t\t\t\t\t\t<div class=\"elementor-toggle-item\">\n\t\t\t\t\t<div id=\"elementor-tab-title-1974\" class=\"elementor-tab-title\" data-tab=\"4\" role=\"button\" aria-controls=\"elementor-tab-content-1974\" aria-expanded=\"false\">\n\t\t\t\t\t\t\t\t\t\t\t\t<span class=\"elementor-toggle-icon elementor-toggle-icon-left\" aria-hidden=\"true\">\n\t\t\t\t\t\t\t\t\t\t\t\t\t\t\t<span class=\"elementor-toggle-icon-closed\"><i class=\"fas fa-caret-right\"><\/i><\/span>\n\t\t\t\t\t\t\t\t<span class=\"elementor-toggle-icon-opened\"><i class=\"elementor-toggle-icon-opened fas fa-caret-up\"><\/i><\/span>\n\t\t\t\t\t\t\t\t\t\t\t\t\t<\/span>\n\t\t\t\t\t\t\t\t\t\t\t\t<a class=\"elementor-toggle-title\" tabindex=\"0\">Was passiert wenn ich mein Datenvolumen nicht innerhalb der 30 Tage \/ 365 Tage aufbrauche?<\/a>\n\t\t\t\t\t<\/div>\n\n\t\t\t\t\t<div id=\"elementor-tab-content-1974\" class=\"elementor-tab-content elementor-clearfix\" data-tab=\"4\" role=\"region\" aria-labelledby=\"elementor-tab-title-1974\"><p>Wird ein gebuchtes Datenpaket nicht innerhalb der Frist verbraucht, so verf\u00e4llt das Restguthaben. Das genaue Enddatum ist jederzeit nach Eingabe der SIM-Kartennummer unter: <a href=\"https:\/\/campersim.com\/ch\/datenvolumen\/\">https:\/\/campersim.com\/datenvolumen\/<\/a> einsehbar.<\/p><\/div>\n\t\t\t\t<\/div>\n\t\t\t\t\t\t\t<div class=\"elementor-toggle-item\">\n\t\t\t\t\t<div id=\"elementor-tab-title-1975\" class=\"elementor-tab-title\" data-tab=\"5\" role=\"button\" aria-controls=\"elementor-tab-content-1975\" aria-expanded=\"false\">\n\t\t\t\t\t\t\t\t\t\t\t\t<span class=\"elementor-toggle-icon elementor-toggle-icon-left\" aria-hidden=\"true\">\n\t\t\t\t\t\t\t\t\t\t\t\t\t\t\t<span class=\"elementor-toggle-icon-closed\"><i class=\"fas fa-caret-right\"><\/i><\/span>\n\t\t\t\t\t\t\t\t<span class=\"elementor-toggle-icon-opened\"><i class=\"elementor-toggle-icon-opened fas fa-caret-up\"><\/i><\/span>\n\t\t\t\t\t\t\t\t\t\t\t\t\t<\/span>\n\t\t\t\t\t\t\t\t\t\t\t\t<a class=\"elementor-toggle-title\" tabindex=\"0\">Wo kann ich Datenpakete Nachbuchen?<\/a>\n\t\t\t\t\t<\/div>\n\n\t\t\t\t\t<div id=\"elementor-tab-content-1975\" class=\"elementor-tab-content elementor-clearfix\" data-tab=\"5\" role=\"region\" aria-labelledby=\"elementor-tab-title-1975\"><p>Auf jede aktivierte SIM-Karte kann nach Eingabe der SIM-Kartennummer unter dem Link: <a href=\"https:\/\/campersim.com\/ch\/datenvolumen\/\">https:\/\/campersim.com\/datenvolumen\/<\/a> ein Datenpaket ganz bequem online nachgebucht werden.<\/p><\/div>\n\t\t\t\t<\/div>\n\t\t\t\t\t\t\t<div class=\"elementor-toggle-item\">\n\t\t\t\t\t<div id=\"elementor-tab-title-1976\" class=\"elementor-tab-title\" data-tab=\"6\" role=\"button\" aria-controls=\"elementor-tab-content-1976\" aria-expanded=\"false\">\n\t\t\t\t\t\t\t\t\t\t\t\t<span class=\"elementor-toggle-icon elementor-toggle-icon-left\" aria-hidden=\"true\">\n\t\t\t\t\t\t\t\t\t\t\t\t\t\t\t<span class=\"elementor-toggle-icon-closed\"><i class=\"fas fa-caret-right\"><\/i><\/span>\n\t\t\t\t\t\t\t\t<span class=\"elementor-toggle-icon-opened\"><i class=\"elementor-toggle-icon-opened fas fa-caret-up\"><\/i><\/span>\n\t\t\t\t\t\t\t\t\t\t\t\t\t<\/span>\n\t\t\t\t\t\t\t\t\t\t\t\t<a class=\"elementor-toggle-title\" tabindex=\"0\">Warum habe ich kein Internet? Ich habe meine Datenkarte erfolgreich \u00fcber Nect aktiviert und die Datenkarte in meinen Router eingesetzt.<\/a>\n\t\t\t\t\t<\/div>\n\n\t\t\t\t\t<div id=\"elementor-tab-content-1976\" class=\"elementor-tab-content elementor-clearfix\" data-tab=\"6\" role=\"region\" aria-labelledby=\"elementor-tab-title-1976\"><p>Um die Sim-Karte richtig nutzen zu k\u00f6nnen, muss zun\u00e4chst der APN im jeweiligen Ger\u00e4t hinterlegt werden. Der Ort der manuellen Konfiguration unterscheidet sich dabei von Ger\u00e4t zu Ger\u00e4t. Der zu hinterlegende <strong>APN lautet:<\/strong> <strong>m2m.fusion-iot.de<\/strong>. Au\u00dferdem muss die Option: internationales Roaming aktiviert sein. Sollte die Konfiguration des Routers nicht funktionieren, wenden Sie sich bitte direkt an den Ger\u00e4tehersteller.<\/p><\/div>\n\t\t\t\t<\/div>\n\t\t\t\t\t\t\t<div class=\"elementor-toggle-item\">\n\t\t\t\t\t<div id=\"elementor-tab-title-1977\" class=\"elementor-tab-title\" data-tab=\"7\" role=\"button\" aria-controls=\"elementor-tab-content-1977\" aria-expanded=\"false\">\n\t\t\t\t\t\t\t\t\t\t\t\t<span class=\"elementor-toggle-icon elementor-toggle-icon-left\" aria-hidden=\"true\">\n\t\t\t\t\t\t\t\t\t\t\t\t\t\t\t<span class=\"elementor-toggle-icon-closed\"><i class=\"fas fa-caret-right\"><\/i><\/span>\n\t\t\t\t\t\t\t\t<span class=\"elementor-toggle-icon-opened\"><i class=\"elementor-toggle-icon-opened fas fa-caret-up\"><\/i><\/span>\n\t\t\t\t\t\t\t\t\t\t\t\t\t<\/span>\n\t\t\t\t\t\t\t\t\t\t\t\t<a class=\"elementor-toggle-title\" tabindex=\"0\">Mit welchem Router funktioniert die CamperSim?<\/a>\n\t\t\t\t\t<\/div>\n\n\t\t\t\t\t<div id=\"elementor-tab-content-1977\" class=\"elementor-tab-content elementor-clearfix\" data-tab=\"7\" role=\"region\" aria-labelledby=\"elementor-tab-title-1977\"><p>Die CamperSim kann in jedem Internetrouter verwendet werden, in dem eine SIM-Karte eingesetzt werden kann. Auch ein Telefon oder Tablet kann genutzt werden.<\/p><\/div>\n\t\t\t\t<\/div>\n\t\t\t\t\t\t\t<div class=\"elementor-toggle-item\">\n\t\t\t\t\t<div id=\"elementor-tab-title-1978\" class=\"elementor-tab-title\" data-tab=\"8\" role=\"button\" aria-controls=\"elementor-tab-content-1978\" aria-expanded=\"false\">\n\t\t\t\t\t\t\t\t\t\t\t\t<span class=\"elementor-toggle-icon elementor-toggle-icon-left\" aria-hidden=\"true\">\n\t\t\t\t\t\t\t\t\t\t\t\t\t\t\t<span class=\"elementor-toggle-icon-closed\"><i class=\"fas fa-caret-right\"><\/i><\/span>\n\t\t\t\t\t\t\t\t<span class=\"elementor-toggle-icon-opened\"><i class=\"elementor-toggle-icon-opened fas fa-caret-up\"><\/i><\/span>\n\t\t\t\t\t\t\t\t\t\t\t\t\t<\/span>\n\t\t\t\t\t\t\t\t\t\t\t\t<a class=\"elementor-toggle-title\" tabindex=\"0\">In welchen L\u00e4ndern funktioniert die CamperSim?<\/a>\n\t\t\t\t\t<\/div>\n\n\t\t\t\t\t<div id=\"elementor-tab-content-1978\" class=\"elementor-tab-content elementor-clearfix\" data-tab=\"8\" role=\"region\" aria-labelledby=\"elementor-tab-title-1978\"><p>Die umfangreiche L\u00e4nderauswahl der CamperSim ist unter nachstehendem Link einzusehen: <a href=\"https:\/\/campersim.com\/ch\/netz-informationen\/\">https:\/\/campersim.com\/netz-informationen\/<\/a><\/p><\/div>\n\t\t\t\t<\/div>\n\t\t\t\t\t\t\t\t<\/div>\n\t\t\t\t\t\t<\/div>\n\t\t\t\t<\/div>\n\t\t\t\t\t<\/div>\n\t\t<\/div>\n\t\t\t\t\t<\/div>\n\t\t<\/section>\n\t\t\t\t<\/div>","protected":false},"excerpt":{"rendered":"<p>H\u00e4ufige Fragen Campersim Wir helfen dir weiter Wie aktiviere ich meine CamperSIM? Vielen Dank an dieser Stelle&#8230;<\/p>","protected":false},"author":1,"featured_media":4772,"parent":0,"menu_order":0,"comment_status":"closed","ping_status":"open","template":"","meta":{"_acf_changed":false,"footnotes":""},"class_list":["post-5891","page","type-page","status-publish","has-post-thumbnail","hentry"],"acf":[],"yoast_head":"<!-- This site is optimized with the Yoast SEO plugin v26.3 - https:\/\/yoast.com\/wordpress\/plugins\/seo\/ -->\n<title>FAQ - CAMPERSIM - SIM Karte f\u00fcr Freizeitmobile<\/title>\n<meta name=\"description\" content=\"Wir beantworten dir in unserem FAQ die wichtigsten Fragen zu deiner SIM-Karte. Und wenn du mal nicht f\u00fcndig wirst, dann ruf uns an: 0361 7800 7801\" \/>\n<meta name=\"robots\" content=\"index, follow, max-snippet:-1, max-image-preview:large, max-video-preview:-1\" \/>\n<link rel=\"canonical\" href=\"https:\/\/campersim.com\/ch\/faq\/\" \/>\n<meta property=\"og:locale\" content=\"de_DE\" \/>\n<meta property=\"og:type\" content=\"article\" \/>\n<meta property=\"og:title\" content=\"FAQ - CAMPERSIM - SIM Karte f\u00fcr Freizeitmobile\" \/>\n<meta property=\"og:description\" content=\"Wir beantworten dir in unserem FAQ die wichtigsten Fragen zu deiner SIM-Karte. Und wenn du mal nicht f\u00fcndig wirst, dann ruf uns an: 0361 7800 7801\" \/>\n<meta property=\"og:url\" content=\"https:\/\/campersim.com\/ch\/faq\/\" \/>\n<meta property=\"og:site_name\" content=\"CAMPERSIM - SIM Karte f\u00fcr Freizeitmobile\" \/>\n<meta property=\"article:modified_time\" content=\"2025-06-05T10:14:48+00:00\" \/>\n<meta property=\"og:image\" content=\"https:\/\/campersim.com\/wp-content\/uploads\/2023\/09\/campersim-faq-1.jpg\" \/>\n\t<meta property=\"og:image:width\" content=\"1000\" \/>\n\t<meta property=\"og:image:height\" content=\"1000\" \/>\n\t<meta property=\"og:image:type\" content=\"image\/jpeg\" \/>\n<meta name=\"twitter:card\" content=\"summary_large_image\" \/>\n<script type=\"application\/ld+json\" class=\"yoast-schema-graph\">{\"@context\":\"https:\/\/schema.org\",\"@graph\":[{\"@type\":\"WebPage\",\"@id\":\"https:\/\/campersim.com\/faq\/\",\"url\":\"https:\/\/campersim.com\/faq\/\",\"name\":\"FAQ - CAMPERSIM - SIM Karte f\u00fcr Freizeitmobile\",\"isPartOf\":{\"@id\":\"https:\/\/campersim.com\/#website\"},\"primaryImageOfPage\":{\"@id\":\"https:\/\/campersim.com\/faq\/#primaryimage\"},\"image\":{\"@id\":\"https:\/\/campersim.com\/faq\/#primaryimage\"},\"thumbnailUrl\":\"https:\/\/campersim.com\/wp-content\/uploads\/2023\/09\/campersim-faq-1.jpg\",\"datePublished\":\"2023-09-12T13:13:25+00:00\",\"dateModified\":\"2025-06-05T10:14:48+00:00\",\"description\":\"Wir beantworten dir in unserem FAQ die wichtigsten Fragen zu deiner SIM-Karte. Und wenn du mal nicht f\u00fcndig wirst, dann ruf uns an: 0361 7800 7801\",\"breadcrumb\":{\"@id\":\"https:\/\/campersim.com\/faq\/#breadcrumb\"},\"inLanguage\":\"de-CH\",\"potentialAction\":[{\"@type\":\"ReadAction\",\"target\":[\"https:\/\/campersim.com\/faq\/\"]}]},{\"@type\":\"ImageObject\",\"inLanguage\":\"de-CH\",\"@id\":\"https:\/\/campersim.com\/faq\/#primaryimage\",\"url\":\"https:\/\/campersim.com\/wp-content\/uploads\/2023\/09\/campersim-faq-1.jpg\",\"contentUrl\":\"https:\/\/campersim.com\/wp-content\/uploads\/2023\/09\/campersim-faq-1.jpg\",\"width\":1000,\"height\":1000},{\"@type\":\"BreadcrumbList\",\"@id\":\"https:\/\/campersim.com\/faq\/#breadcrumb\",\"itemListElement\":[{\"@type\":\"ListItem\",\"position\":1,\"name\":\"Startseite\",\"item\":\"https:\/\/campersim.com\/\"},{\"@type\":\"ListItem\",\"position\":2,\"name\":\"FAQ\"}]},{\"@type\":\"WebSite\",\"@id\":\"https:\/\/campersim.com\/#website\",\"url\":\"https:\/\/campersim.com\/\",\"name\":\"CAMPERSIM - SIM Karte f\u00fcr Freizeitmobile\",\"description\":\"\",\"publisher\":{\"@id\":\"https:\/\/campersim.com\/#organization\"},\"potentialAction\":[{\"@type\":\"SearchAction\",\"target\":{\"@type\":\"EntryPoint\",\"urlTemplate\":\"https:\/\/campersim.com\/?s={search_term_string}\"},\"query-input\":{\"@type\":\"PropertyValueSpecification\",\"valueRequired\":true,\"valueName\":\"search_term_string\"}}],\"inLanguage\":\"de-CH\"},{\"@type\":\"Organization\",\"@id\":\"https:\/\/campersim.com\/#organization\",\"name\":\"CAMPERSIM\",\"url\":\"https:\/\/campersim.com\/\",\"logo\":{\"@type\":\"ImageObject\",\"inLanguage\":\"de-CH\",\"@id\":\"https:\/\/campersim.com\/#\/schema\/logo\/image\/\",\"url\":\"https:\/\/campersim.com\/wp-content\/uploads\/2023\/07\/cropped-favicon.jpg\",\"contentUrl\":\"https:\/\/campersim.com\/wp-content\/uploads\/2023\/07\/cropped-favicon.jpg\",\"width\":512,\"height\":512,\"caption\":\"CAMPERSIM\"},\"image\":{\"@id\":\"https:\/\/campersim.com\/#\/schema\/logo\/image\/\"}}]}<\/script>\n<!-- \/ Yoast SEO plugin. -->","yoast_head_json":{"title":"FAQ - CAMPERSIM - SIM Karte f\u00fcr Freizeitmobile","description":"Wir beantworten dir in unserem FAQ die wichtigsten Fragen zu deiner SIM-Karte. Und wenn du mal nicht f\u00fcndig wirst, dann ruf uns an: 0361 7800 7801","robots":{"index":"index","follow":"follow","max-snippet":"max-snippet:-1","max-image-preview":"max-image-preview:large","max-video-preview":"max-video-preview:-1"},"canonical":"https:\/\/campersim.com\/ch\/faq\/","og_locale":"de_DE","og_type":"article","og_title":"FAQ - CAMPERSIM - SIM Karte f\u00fcr Freizeitmobile","og_description":"Wir beantworten dir in unserem FAQ die wichtigsten Fragen zu deiner SIM-Karte. Und wenn du mal nicht f\u00fcndig wirst, dann ruf uns an: 0361 7800 7801","og_url":"https:\/\/campersim.com\/ch\/faq\/","og_site_name":"CAMPERSIM - SIM Karte f\u00fcr Freizeitmobile","article_modified_time":"2025-06-05T10:14:48+00:00","og_image":[{"width":1000,"height":1000,"url":"https:\/\/campersim.com\/wp-content\/uploads\/2023\/09\/campersim-faq-1.jpg","type":"image\/jpeg"}],"twitter_card":"summary_large_image","schema":{"@context":"https:\/\/schema.org","@graph":[{"@type":"WebPage","@id":"https:\/\/campersim.com\/faq\/","url":"https:\/\/campersim.com\/faq\/","name":"FAQ - CAMPERSIM - SIM Karte f\u00fcr Freizeitmobile","isPartOf":{"@id":"https:\/\/campersim.com\/#website"},"primaryImageOfPage":{"@id":"https:\/\/campersim.com\/faq\/#primaryimage"},"image":{"@id":"https:\/\/campersim.com\/faq\/#primaryimage"},"thumbnailUrl":"https:\/\/campersim.com\/wp-content\/uploads\/2023\/09\/campersim-faq-1.jpg","datePublished":"2023-09-12T13:13:25+00:00","dateModified":"2025-06-05T10:14:48+00:00","description":"Wir beantworten dir in unserem FAQ die wichtigsten Fragen zu deiner SIM-Karte. Und wenn du mal nicht f\u00fcndig wirst, dann ruf uns an: 0361 7800 7801","breadcrumb":{"@id":"https:\/\/campersim.com\/faq\/#breadcrumb"},"inLanguage":"de-CH","potentialAction":[{"@type":"ReadAction","target":["https:\/\/campersim.com\/faq\/"]}]},{"@type":"ImageObject","inLanguage":"de-CH","@id":"https:\/\/campersim.com\/faq\/#primaryimage","url":"https:\/\/campersim.com\/wp-content\/uploads\/2023\/09\/campersim-faq-1.jpg","contentUrl":"https:\/\/campersim.com\/wp-content\/uploads\/2023\/09\/campersim-faq-1.jpg","width":1000,"height":1000},{"@type":"BreadcrumbList","@id":"https:\/\/campersim.com\/faq\/#breadcrumb","itemListElement":[{"@type":"ListItem","position":1,"name":"Startseite","item":"https:\/\/campersim.com\/"},{"@type":"ListItem","position":2,"name":"FAQ"}]},{"@type":"WebSite","@id":"https:\/\/campersim.com\/#website","url":"https:\/\/campersim.com\/","name":"CAMPERSIM - SIM Karte f\u00fcr Freizeitmobile","description":"","publisher":{"@id":"https:\/\/campersim.com\/#organization"},"potentialAction":[{"@type":"SearchAction","target":{"@type":"EntryPoint","urlTemplate":"https:\/\/campersim.com\/?s={search_term_string}"},"query-input":{"@type":"PropertyValueSpecification","valueRequired":true,"valueName":"search_term_string"}}],"inLanguage":"de-CH"},{"@type":"Organization","@id":"https:\/\/campersim.com\/#organization","name":"CAMPERSIM","url":"https:\/\/campersim.com\/","logo":{"@type":"ImageObject","inLanguage":"de-CH","@id":"https:\/\/campersim.com\/#\/schema\/logo\/image\/","url":"https:\/\/campersim.com\/wp-content\/uploads\/2023\/07\/cropped-favicon.jpg","contentUrl":"https:\/\/campersim.com\/wp-content\/uploads\/2023\/07\/cropped-favicon.jpg","width":512,"height":512,"caption":"CAMPERSIM"},"image":{"@id":"https:\/\/campersim.com\/#\/schema\/logo\/image\/"}}]}},"_links":{"self":[{"href":"https:\/\/campersim.com\/ch\/wp-json\/wp\/v2\/pages\/5891","targetHints":{"allow":["GET"]}}],"collection":[{"href":"https:\/\/campersim.com\/ch\/wp-json\/wp\/v2\/pages"}],"about":[{"href":"https:\/\/campersim.com\/ch\/wp-json\/wp\/v2\/types\/page"}],"author":[{"embeddable":true,"href":"https:\/\/campersim.com\/ch\/wp-json\/wp\/v2\/users\/1"}],"replies":[{"embeddable":true,"href":"https:\/\/campersim.com\/ch\/wp-json\/wp\/v2\/comments?post=5891"}],"version-history":[{"count":3,"href":"https:\/\/campersim.com\/ch\/wp-json\/wp\/v2\/pages\/5891\/revisions"}],"predecessor-version":[{"id":6515,"href":"https:\/\/campersim.com\/ch\/wp-json\/wp\/v2\/pages\/5891\/revisions\/6515"}],"wp:featuredmedia":[{"embeddable":true,"href":"https:\/\/campersim.com\/ch\/wp-json\/wp\/v2\/media\/4772"}],"wp:attachment":[{"href":"https:\/\/campersim.com\/ch\/wp-json\/wp\/v2\/media?parent=5891"}],"curies":[{"name":"wp","href":"https:\/\/api.w.org\/{rel}","templated":true}]}}