{"id":5892,"date":"2024-01-31T11:09:47","date_gmt":"2024-01-31T10:09:47","guid":{"rendered":"https:\/\/campersim.com\/campersim-activate\/"},"modified":"2024-12-18T15:41:16","modified_gmt":"2024-12-18T14:41:16","slug":"campersim-activate","status":"publish","type":"page","link":"https:\/\/campersim.com\/ch\/campersim-activate\/","title":{"rendered":"CAMPERSIM aktivieren"},"content":{"rendered":"<div data-elementor-type=\"wp-page\" data-elementor-id=\"5892\" class=\"elementor elementor-5892\" data-elementor-post-type=\"page\">\n\t\t\t\t\t\t<section class=\"elementor-section elementor-top-section elementor-element elementor-element-f230b32 elementor-section-boxed elementor-section-height-default elementor-section-height-default\" data-id=\"f230b32\" data-element_type=\"section\">\n\t\t\t\t\t\t<div class=\"elementor-container elementor-column-gap-default\">\n\t\t\t\t\t<div class=\"elementor-column elementor-col-100 elementor-top-column elementor-element elementor-element-a526bab\" data-id=\"a526bab\" data-element_type=\"column\">\n\t\t\t<div class=\"elementor-widget-wrap elementor-element-populated\">\n\t\t\t\t\t\t<section class=\"elementor-section elementor-inner-section elementor-element elementor-element-f8d20b2 elementor-section-boxed elementor-section-height-default elementor-section-height-default\" data-id=\"f8d20b2\" data-element_type=\"section\">\n\t\t\t\t\t\t<div class=\"elementor-container elementor-column-gap-default\">\n\t\t\t\t\t<div class=\"elementor-column elementor-col-100 elementor-inner-column elementor-element elementor-element-08eb9e9\" data-id=\"08eb9e9\" data-element_type=\"column\">\n\t\t\t<div class=\"elementor-widget-wrap elementor-element-populated\">\n\t\t\t\t\t\t<div class=\"elementor-element elementor-element-9bb42bc elementor-widget elementor-widget-heading\" data-id=\"9bb42bc\" data-element_type=\"widget\" data-widget_type=\"heading.default\">\n\t\t\t\t<div class=\"elementor-widget-container\">\n\t\t\t\t\t<h1 class=\"elementor-heading-title elementor-size-default\">Wir erkl\u00e4ren dir,  wie du deine SIM-Karte aktivierst<\/h1>\t\t\t\t<\/div>\n\t\t\t\t<\/div>\n\t\t\t\t<div class=\"elementor-element elementor-element-96a6832 elementor-widget elementor-widget-text-editor\" data-id=\"96a6832\" data-element_type=\"widget\" data-widget_type=\"text-editor.default\">\n\t\t\t\t<div class=\"elementor-widget-container\">\n\t\t\t\t\t\t\t\t\t<p>Sieh dir bitte zuerst dieses Video an. Roberto erkl\u00e4rt dir kurz und knapp worauf es bei deiner neuen CAMPERSIM ankommt.<\/p>\t\t\t\t\t\t\t\t<\/div>\n\t\t\t\t<\/div>\n\t\t\t\t\t<\/div>\n\t\t<\/div>\n\t\t\t\t\t<\/div>\n\t\t<\/section>\n\t\t\t\t<div class=\"elementor-element elementor-element-c4b9723 elementor-widget elementor-widget-video\" data-id=\"c4b9723\" data-element_type=\"widget\" data-settings=\"{&quot;youtube_url&quot;:&quot;https:\\\/\\\/www.youtube.com\\\/watch?v=r2Qc4reOxP4&amp;ab_channel=CAMPERSIM&quot;,&quot;show_image_overlay&quot;:&quot;yes&quot;,&quot;image_overlay&quot;:{&quot;url&quot;:&quot;https:\\\/\\\/campersim.com\\\/wp-content\\\/uploads\\\/2024\\\/05\\\/willkommen-campersim.jpg&quot;,&quot;id&quot;:2994,&quot;size&quot;:&quot;&quot;,&quot;alt&quot;:&quot;&quot;,&quot;source&quot;:&quot;library&quot;},&quot;video_type&quot;:&quot;youtube&quot;,&quot;controls&quot;:&quot;yes&quot;}\" data-widget_type=\"video.default\">\n\t\t\t\t<div class=\"elementor-widget-container\">\n\t\t\t\t\t\t\t<div class=\"elementor-wrapper elementor-open-inline\">\n\t\t\t<div class=\"elementor-video\"><\/div>\t\t\t\t<div class=\"elementor-custom-embed-image-overlay\" style=\"background-image: url(https:\/\/campersim.com\/wp-content\/uploads\/2024\/05\/willkommen-campersim.jpg);\">\n\t\t\t\t\t\t\t\t\t\t\t\t\t\t\t\t<div class=\"elementor-custom-embed-play\" role=\"button\" aria-label=\"Video afspelen\" tabindex=\"0\" data-no-translation-aria-label=\"\">\n\t\t\t\t\t\t\t<i aria-hidden=\"true\" class=\"eicon-play\"><\/i>\t\t\t\t\t\t<\/div>\n\t\t\t\t\t\t\t\t\t<\/div>\n\t\t\t\t\t<\/div>\n\t\t\t\t\t\t<\/div>\n\t\t\t\t<\/div>\n\t\t\t\t<section class=\"elementor-section elementor-inner-section elementor-element elementor-element-66e1313 elementor-section-boxed elementor-section-height-default elementor-section-height-default\" data-id=\"66e1313\" data-element_type=\"section\">\n\t\t\t\t\t\t<div class=\"elementor-container elementor-column-gap-default\">\n\t\t\t\t\t<div class=\"elementor-column elementor-col-100 elementor-inner-column elementor-element elementor-element-c0bc187\" data-id=\"c0bc187\" data-element_type=\"column\">\n\t\t\t<div class=\"elementor-widget-wrap elementor-element-populated\">\n\t\t\t\t\t\t<div class=\"elementor-element elementor-element-ee6ef33 elementor-widget elementor-widget-heading\" data-id=\"ee6ef33\" data-element_type=\"widget\" data-widget_type=\"heading.default\">\n\t\t\t\t<div class=\"elementor-widget-container\">\n\t\t\t\t\t<h1 class=\"elementor-heading-title elementor-size-default\">Das erwartet dich im NECT-Verfahren<\/h1>\t\t\t\t<\/div>\n\t\t\t\t<\/div>\n\t\t\t\t\t<\/div>\n\t\t<\/div>\n\t\t\t\t\t<\/div>\n\t\t<\/section>\n\t\t\t\t<section class=\"elementor-section elementor-inner-section elementor-element elementor-element-62d8ad2 elementor-section-boxed elementor-section-height-default elementor-section-height-default\" data-id=\"62d8ad2\" data-element_type=\"section\">\n\t\t\t\t\t\t<div class=\"elementor-container elementor-column-gap-default\">\n\t\t\t\t\t<div class=\"elementor-column elementor-col-33 elementor-inner-column elementor-element elementor-element-882fee0\" data-id=\"882fee0\" data-element_type=\"column\">\n\t\t\t<div class=\"elementor-widget-wrap elementor-element-populated\">\n\t\t\t\t\t\t<div class=\"elementor-element elementor-element-a1531c9 elementor-widget elementor-widget-image\" data-id=\"a1531c9\" data-element_type=\"widget\" data-widget_type=\"image.default\">\n\t\t\t\t<div class=\"elementor-widget-container\">\n\t\t\t\t\t\t\t\t\t\t\t\t\t\t\t<img loading=\"lazy\" decoding=\"async\" width=\"312\" height=\"637\" src=\"https:\/\/campersim.com\/wp-content\/uploads\/2023\/08\/ident-screen-1-de.webp\" class=\"attachment-large size-large wp-image-514\" alt=\"\" srcset=\"https:\/\/campersim.com\/wp-content\/uploads\/2023\/08\/ident-screen-1-de.webp 312w, https:\/\/campersim.com\/wp-content\/uploads\/2023\/08\/ident-screen-1-de-300x613.webp 300w, https:\/\/campersim.com\/wp-content\/uploads\/2023\/08\/ident-screen-1-de-147x300.webp 147w\" sizes=\"auto, (max-width: 312px) 100vw, 312px\" \/>\t\t\t\t\t\t\t\t\t\t\t\t\t\t\t<\/div>\n\t\t\t\t<\/div>\n\t\t\t\t<div class=\"elementor-element elementor-element-ac358d0 elementor-widget elementor-widget-text-editor\" data-id=\"ac358d0\" data-element_type=\"widget\" data-widget_type=\"text-editor.default\">\n\t\t\t\t<div class=\"elementor-widget-container\">\n\t\t\t\t\t\t\t\t\t<h3><span style=\"background-color: var(--thepro-primary-color); text-align: var(--bs-body-text-align);\">Schritt 1<\/span><\/h3>\n<h3><span style=\"background-color: var(--thepro-primary-color); color: #9f9f9f; font-size: 15px; text-align: var(--bs-body-text-align);\">Aufnahme des Ausweisdokuments.<\/span><\/h3>\t\t\t\t\t\t\t\t<\/div>\n\t\t\t\t<\/div>\n\t\t\t\t\t<\/div>\n\t\t<\/div>\n\t\t\t\t<div class=\"elementor-column elementor-col-33 elementor-inner-column elementor-element elementor-element-1ee9e62\" data-id=\"1ee9e62\" data-element_type=\"column\">\n\t\t\t<div class=\"elementor-widget-wrap elementor-element-populated\">\n\t\t\t\t\t\t<div class=\"elementor-element elementor-element-66ee45a elementor-widget elementor-widget-image\" data-id=\"66ee45a\" data-element_type=\"widget\" data-widget_type=\"image.default\">\n\t\t\t\t<div class=\"elementor-widget-container\">\n\t\t\t\t\t\t\t\t\t\t\t\t\t\t\t<img loading=\"lazy\" decoding=\"async\" width=\"312\" height=\"637\" src=\"https:\/\/campersim.com\/wp-content\/uploads\/2023\/08\/ident-screen-2-de.webp\" class=\"attachment-large size-large wp-image-515\" alt=\"\" srcset=\"https:\/\/campersim.com\/wp-content\/uploads\/2023\/08\/ident-screen-2-de.webp 312w, https:\/\/campersim.com\/wp-content\/uploads\/2023\/08\/ident-screen-2-de-300x613.webp 300w, https:\/\/campersim.com\/wp-content\/uploads\/2023\/08\/ident-screen-2-de-147x300.webp 147w\" sizes=\"auto, (max-width: 312px) 100vw, 312px\" \/>\t\t\t\t\t\t\t\t\t\t\t\t\t\t\t<\/div>\n\t\t\t\t<\/div>\n\t\t\t\t<div class=\"elementor-element elementor-element-2ea8b4a elementor-widget elementor-widget-text-editor\" data-id=\"2ea8b4a\" data-element_type=\"widget\" data-widget_type=\"text-editor.default\">\n\t\t\t\t<div class=\"elementor-widget-container\">\n\t\t\t\t\t\t\t\t\t<h3><span style=\"background-color: var(--thepro-primary-color); text-align: var(--bs-body-text-align);\">Schritt 2<\/span><\/h3>\n<h3><span style=\"background-color: var(--thepro-primary-color); color: #9f9f9f; font-size: 15px; text-align: var(--bs-body-text-align);\">Selfie-Video und Vorlesen zweier W\u00f6rter.<\/span><\/h3>\t\t\t\t\t\t\t\t<\/div>\n\t\t\t\t<\/div>\n\t\t\t\t\t<\/div>\n\t\t<\/div>\n\t\t\t\t<div class=\"elementor-column elementor-col-33 elementor-inner-column elementor-element elementor-element-4123941\" data-id=\"4123941\" data-element_type=\"column\">\n\t\t\t<div class=\"elementor-widget-wrap elementor-element-populated\">\n\t\t\t\t\t\t<div class=\"elementor-element elementor-element-d2cc957 elementor-widget elementor-widget-image\" data-id=\"d2cc957\" data-element_type=\"widget\" data-widget_type=\"image.default\">\n\t\t\t\t<div class=\"elementor-widget-container\">\n\t\t\t\t\t\t\t\t\t\t\t\t\t\t\t<img loading=\"lazy\" decoding=\"async\" width=\"312\" height=\"637\" src=\"https:\/\/campersim.com\/wp-content\/uploads\/2023\/08\/ident-screen-3-de.webp\" class=\"attachment-large size-large wp-image-516\" alt=\"\" srcset=\"https:\/\/campersim.com\/wp-content\/uploads\/2023\/08\/ident-screen-3-de.webp 312w, https:\/\/campersim.com\/wp-content\/uploads\/2023\/08\/ident-screen-3-de-300x613.webp 300w, https:\/\/campersim.com\/wp-content\/uploads\/2023\/08\/ident-screen-3-de-147x300.webp 147w\" sizes=\"auto, (max-width: 312px) 100vw, 312px\" \/>\t\t\t\t\t\t\t\t\t\t\t\t\t\t\t<\/div>\n\t\t\t\t<\/div>\n\t\t\t\t<div class=\"elementor-element elementor-element-6c4433f elementor-widget elementor-widget-text-editor\" data-id=\"6c4433f\" data-element_type=\"widget\" data-widget_type=\"text-editor.default\">\n\t\t\t\t<div class=\"elementor-widget-container\">\n\t\t\t\t\t\t\t\t\t<h3><span style=\"background-color: var(--thepro-primary-color); text-align: var(--bs-body-text-align);\">Geschafft<\/span><\/h3>\n<h3><span style=\"background-color: var(--thepro-primary-color); color: #9f9f9f; font-size: 15px; text-align: var(--bs-body-text-align);\">Identifizierung erfolgreich abgeschlossen.<\/span><\/h3>\t\t\t\t\t\t\t\t<\/div>\n\t\t\t\t<\/div>\n\t\t\t\t\t<\/div>\n\t\t<\/div>\n\t\t\t\t\t<\/div>\n\t\t<\/section>\n\t\t\t\t\t<\/div>\n\t\t<\/div>\n\t\t\t\t\t<\/div>\n\t\t<\/section>\n\t\t\t\t<section class=\"elementor-section elementor-top-section elementor-element elementor-element-63b4cb50 elementor-section-boxed elementor-section-height-default elementor-section-height-default\" data-id=\"63b4cb50\" data-element_type=\"section\">\n\t\t\t\t\t\t<div class=\"elementor-container elementor-column-gap-default\">\n\t\t\t\t\t<div class=\"elementor-column elementor-col-100 elementor-top-column elementor-element elementor-element-738d214b\" data-id=\"738d214b\" data-element_type=\"column\">\n\t\t\t<div class=\"elementor-widget-wrap elementor-element-populated\">\n\t\t\t\t\t\t<div class=\"elementor-element elementor-element-88d6f59 elementor-widget elementor-widget-heading\" data-id=\"88d6f59\" data-element_type=\"widget\" data-widget_type=\"heading.default\">\n\t\t\t\t<div class=\"elementor-widget-container\">\n\t\t\t\t\t<h1 class=\"elementor-heading-title elementor-size-default\">Jetzt geht's los - starte jetzt die Aktivierung deiner SIM-Karte<\/h1>\t\t\t\t<\/div>\n\t\t\t\t<\/div>\n\t\t\t\t<div class=\"elementor-element elementor-element-2fd6dd9 elementor-widget elementor-widget-text-editor\" data-id=\"2fd6dd9\" data-element_type=\"widget\" data-widget_type=\"text-editor.default\">\n\t\t\t\t<div class=\"elementor-widget-container\">\n\t\t\t\t\t\t\t\t\t<p>Deine Sim-Karten-Nummer besteht <strong><span style=\"text-decoration: underline;\">immer aus 20 Stellen.<\/span>&nbsp;<\/strong>Solltest du bei der Eingabe einen Fehler gemacht haben, k\u00f6nnen wir deine SIM-Karte nur manuell freischalten. Alles andere l\u00e4uft bei uns Vollautomatisiert.<\/p><p>Hier noch ein Beispiel f\u00fcr ein SIM-Karten-Nummer:&nbsp;&nbsp;<b>89123456789123456789<\/b><\/p>\t\t\t\t\t\t\t\t<\/div>\n\t\t\t\t<\/div>\n\t\t\t\t<div class=\"elementor-element elementor-element-fca922e elementor-widget elementor-widget-text-editor\" data-id=\"fca922e\" data-element_type=\"widget\" data-widget_type=\"text-editor.default\">\n\t\t\t\t<div class=\"elementor-widget-container\">\n\t\t\t\t\t\t\t\t\t<p>Hast du mehr wie eine Karte bestellt? Dann trage alle Karten Nummern mit Komma getrennt ein.<\/p>\t\t\t\t\t\t\t\t<\/div>\n\t\t\t\t<\/div>\n\t\t\t\t<section class=\"elementor-section elementor-inner-section elementor-element elementor-element-9cb7548 elementor-section-boxed elementor-section-height-default elementor-section-height-default\" data-id=\"9cb7548\" data-element_type=\"section\">\n\t\t\t\t\t\t<div class=\"elementor-container elementor-column-gap-default\">\n\t\t\t\t\t<div class=\"elementor-column elementor-col-50 elementor-inner-column elementor-element elementor-element-d071e09\" data-id=\"d071e09\" data-element_type=\"column\">\n\t\t\t<div class=\"elementor-widget-wrap elementor-element-populated\">\n\t\t\t\t\t\t<div class=\"elementor-element elementor-element-141278b elementor-widget elementor-widget-heading\" data-id=\"141278b\" data-element_type=\"widget\" data-widget_type=\"heading.default\">\n\t\t\t\t<div class=\"elementor-widget-container\">\n\t\t\t\t\t<h2 class=\"elementor-heading-title elementor-size-default\">Hier findest du deine SIM-Karten-Nummer<\/h2>\t\t\t\t<\/div>\n\t\t\t\t<\/div>\n\t\t\t\t<div class=\"elementor-element elementor-element-8fc9bc9 elementor-widget elementor-widget-text-editor\" data-id=\"8fc9bc9\" data-element_type=\"widget\" data-widget_type=\"text-editor.default\">\n\t\t\t\t<div class=\"elementor-widget-container\">\n\t\t\t\t\t\t\t\t\t<p><b>Bitte gib deine <u>20-stellige Nummer<\/u> die du direkt auf der SIM-Karte findest ein.<br><\/b><em>Hast du mehr wie eine Karte bestellt? Dann trage alle Karten Nummern mit Komma getrennt in das Feld (&#8222;Deine Sim-Karten-Nummer&#8220;) ein.<\/em><\/p>\n<p><\/p>\t\t\t\t\t\t\t\t<\/div>\n\t\t\t\t<\/div>\n\t\t\t\t\t<\/div>\n\t\t<\/div>\n\t\t\t\t<div class=\"elementor-column elementor-col-50 elementor-inner-column elementor-element elementor-element-8468683\" data-id=\"8468683\" data-element_type=\"column\">\n\t\t\t<div class=\"elementor-widget-wrap elementor-element-populated\">\n\t\t\t\t\t\t<div class=\"elementor-element elementor-element-b05cad7 elementor-widget elementor-widget-image\" data-id=\"b05cad7\" data-element_type=\"widget\" data-widget_type=\"image.default\">\n\t\t\t\t<div class=\"elementor-widget-container\">\n\t\t\t\t\t\t\t\t\t\t\t\t\t\t\t<img decoding=\"async\" src=\"https:\/\/campersim.com\/wp-content\/uploads\/elementor\/thumbs\/campersim-karten-nummer-1-qtbs1hw8rat4k0pksd8q8w4c5z0agbs1tx206t6tvq.jpg\" title=\"campersim-karten-nummer-1\" alt=\"campersim-karten-nummer-1\" loading=\"lazy\" \/>\t\t\t\t\t\t\t\t\t\t\t\t\t\t\t<\/div>\n\t\t\t\t<\/div>\n\t\t\t\t\t<\/div>\n\t\t<\/div>\n\t\t\t\t\t<\/div>\n\t\t<\/section>\n\t\t\t\t<div class=\"elementor-element elementor-element-16fdc4b elementor-widget elementor-widget-shortcode\" data-id=\"16fdc4b\" data-element_type=\"widget\" data-widget_type=\"shortcode.default\">\n\t\t\t\t<div class=\"elementor-widget-container\">\n\t\t\t\t\t\t\t<div class=\"elementor-shortcode\">\t\t\t<div class=\"nect_form\">\r\n\t\t\t\t<input type=\"text\" placeholder=\"Deine Bestellnummer\" id=\"nect_order_number\">\r\n\t\t\t\t<input type=\"text\" placeholder=\"Deine Sim-Karten-Nummer\" id=\"nect_sim_number\" value=\"\">\r\n\r\n\t\t\t\t<button class=\"button alt\" id=\"nect_start\">Verifizierung + Aktivierung starten<\/button>\r\n                <!--<a href=\"#\" id=\"create_new_case\">Neue Verifizierung anfordern<\/a>-->\r\n\t\t\t<\/div>\r\n\t\t\t<div class=\"nect_loading\" id=\"nect_loading\">\r\n\t\t\t\t<img decoding=\"async\" src=\"https:\/\/campersim.com\/wp-content\/plugins\/nect-ident\/assets\/images\/circles.svg\" alt=\"Loading\">\r\n\t\t\t\tEinen Moment bitte.\r\n\t\t\t<\/div>\r\n\t\t\t<div class=\"nect_errors\" id=\"nect_errors\"><\/div>\r\n\r\n\t\t<\/div>\n\t\t\t\t\t\t<\/div>\n\t\t\t\t<\/div>\n\t\t\t\t<div class=\"elementor-element elementor-element-1609f4c elementor-widget elementor-widget-heading\" data-id=\"1609f4c\" data-element_type=\"widget\" data-widget_type=\"heading.default\">\n\t\t\t\t<div class=\"elementor-widget-container\">\n\t\t\t\t\t<h4 class=\"elementor-heading-title elementor-size-default\">Du hast keine Bestellnummer?<\/h4>\t\t\t\t<\/div>\n\t\t\t\t<\/div>\n\t\t\t\t<div class=\"elementor-element elementor-element-3aacc6e elementor-widget elementor-widget-text-editor\" data-id=\"3aacc6e\" data-element_type=\"widget\" data-widget_type=\"text-editor.default\">\n\t\t\t\t<div class=\"elementor-widget-container\">\n\t\t\t\t\t\t\t\t\t<p><a href=\"https:\/\/campersim.com\/ch\/campersim-aktivieren-haendler\/\">Folge bitte diesem Link.<\/a><\/p>\t\t\t\t\t\t\t\t<\/div>\n\t\t\t\t<\/div>\n\t\t\t\t\t<\/div>\n\t\t<\/div>\n\t\t\t\t\t<\/div>\n\t\t<\/section>\n\t\t\t\t<section class=\"elementor-section elementor-top-section elementor-element elementor-element-c79013c elementor-section-boxed elementor-section-height-default elementor-section-height-default\" data-id=\"c79013c\" data-element_type=\"section\">\n\t\t\t\t\t\t<div class=\"elementor-container elementor-column-gap-default\">\n\t\t\t\t\t<div class=\"elementor-column elementor-col-100 elementor-top-column elementor-element elementor-element-dfd645e\" data-id=\"dfd645e\" data-element_type=\"column\">\n\t\t\t<div class=\"elementor-widget-wrap\">\n\t\t\t\t\t\t\t<\/div>\n\t\t<\/div>\n\t\t\t\t\t<\/div>\n\t\t<\/section>\n\t\t\t\t<\/div>","protected":false},"excerpt":{"rendered":"<p>Wir erkl\u00e4ren dir, wie du deine SIM-Karte aktivierst Sieh dir bitte zuerst dieses Video an. Roberto erkl\u00e4rt&#8230;<\/p>","protected":false},"author":1,"featured_media":0,"parent":0,"menu_order":0,"comment_status":"closed","ping_status":"open","template":"","meta":{"_acf_changed":false,"footnotes":""},"class_list":["post-5892","page","type-page","status-publish","hentry"],"acf":[],"yoast_head":"<!-- This site is optimized with the Yoast SEO plugin v26.3 - https:\/\/yoast.com\/wordpress\/plugins\/seo\/ -->\n<title>CAMPERSIM aktivieren - CAMPERSIM - SIM Karte f\u00fcr Freizeitmobile<\/title>\n<meta name=\"robots\" content=\"index, follow, max-snippet:-1, max-image-preview:large, max-video-preview:-1\" \/>\n<link rel=\"canonical\" href=\"https:\/\/campersim.com\/ch\/campersim-activate\/\" \/>\n<meta property=\"og:locale\" content=\"de_DE\" \/>\n<meta property=\"og:type\" content=\"article\" \/>\n<meta property=\"og:title\" content=\"CAMPERSIM aktivieren - CAMPERSIM - SIM Karte f\u00fcr Freizeitmobile\" \/>\n<meta property=\"og:description\" content=\"Wir erkl\u00e4ren dir, wie du deine SIM-Karte aktivierst Sieh dir bitte zuerst dieses Video an. Roberto erkl\u00e4rt...\" \/>\n<meta property=\"og:url\" content=\"https:\/\/campersim.com\/ch\/campersim-activate\/\" \/>\n<meta property=\"og:site_name\" content=\"CAMPERSIM - SIM Karte f\u00fcr Freizeitmobile\" \/>\n<meta property=\"article:modified_time\" content=\"2024-12-18T14:41:16+00:00\" \/>\n<meta property=\"og:image\" content=\"https:\/\/campersim.com\/wp-content\/uploads\/2023\/08\/ident-screen-1-de.webp\" \/>\n<meta name=\"twitter:card\" content=\"summary_large_image\" \/>\n<script type=\"application\/ld+json\" class=\"yoast-schema-graph\">{\"@context\":\"https:\/\/schema.org\",\"@graph\":[{\"@type\":\"WebPage\",\"@id\":\"https:\/\/campersim.com\/campersim-activate\/\",\"url\":\"https:\/\/campersim.com\/campersim-activate\/\",\"name\":\"CAMPERSIM aktivieren - CAMPERSIM - SIM Karte f\u00fcr Freizeitmobile\",\"isPartOf\":{\"@id\":\"https:\/\/campersim.com\/#website\"},\"primaryImageOfPage\":{\"@id\":\"https:\/\/campersim.com\/campersim-activate\/#primaryimage\"},\"image\":{\"@id\":\"https:\/\/campersim.com\/campersim-activate\/#primaryimage\"},\"thumbnailUrl\":\"https:\/\/campersim.com\/wp-content\/uploads\/2023\/08\/ident-screen-1-de.webp\",\"datePublished\":\"2024-01-31T10:09:47+00:00\",\"dateModified\":\"2024-12-18T14:41:16+00:00\",\"breadcrumb\":{\"@id\":\"https:\/\/campersim.com\/campersim-activate\/#breadcrumb\"},\"inLanguage\":\"de-CH\",\"potentialAction\":[{\"@type\":\"ReadAction\",\"target\":[\"https:\/\/campersim.com\/campersim-activate\/\"]}]},{\"@type\":\"ImageObject\",\"inLanguage\":\"de-CH\",\"@id\":\"https:\/\/campersim.com\/campersim-activate\/#primaryimage\",\"url\":\"https:\/\/campersim.com\/wp-content\/uploads\/2023\/08\/ident-screen-1-de.webp\",\"contentUrl\":\"https:\/\/campersim.com\/wp-content\/uploads\/2023\/08\/ident-screen-1-de.webp\"},{\"@type\":\"BreadcrumbList\",\"@id\":\"https:\/\/campersim.com\/campersim-activate\/#breadcrumb\",\"itemListElement\":[{\"@type\":\"ListItem\",\"position\":1,\"name\":\"Startseite\",\"item\":\"https:\/\/campersim.com\/\"},{\"@type\":\"ListItem\",\"position\":2,\"name\":\"CAMPERSIM aktivieren\"}]},{\"@type\":\"WebSite\",\"@id\":\"https:\/\/campersim.com\/#website\",\"url\":\"https:\/\/campersim.com\/\",\"name\":\"CAMPERSIM - SIM Karte f\u00fcr Freizeitmobile\",\"description\":\"\",\"publisher\":{\"@id\":\"https:\/\/campersim.com\/#organization\"},\"potentialAction\":[{\"@type\":\"SearchAction\",\"target\":{\"@type\":\"EntryPoint\",\"urlTemplate\":\"https:\/\/campersim.com\/?s={search_term_string}\"},\"query-input\":{\"@type\":\"PropertyValueSpecification\",\"valueRequired\":true,\"valueName\":\"search_term_string\"}}],\"inLanguage\":\"de-CH\"},{\"@type\":\"Organization\",\"@id\":\"https:\/\/campersim.com\/#organization\",\"name\":\"CAMPERSIM\",\"url\":\"https:\/\/campersim.com\/\",\"logo\":{\"@type\":\"ImageObject\",\"inLanguage\":\"de-CH\",\"@id\":\"https:\/\/campersim.com\/#\/schema\/logo\/image\/\",\"url\":\"https:\/\/campersim.com\/wp-content\/uploads\/2023\/07\/cropped-favicon.jpg\",\"contentUrl\":\"https:\/\/campersim.com\/wp-content\/uploads\/2023\/07\/cropped-favicon.jpg\",\"width\":512,\"height\":512,\"caption\":\"CAMPERSIM\"},\"image\":{\"@id\":\"https:\/\/campersim.com\/#\/schema\/logo\/image\/\"}}]}<\/script>\n<!-- \/ Yoast SEO plugin. -->","yoast_head_json":{"title":"CAMPERSIM aktivieren - CAMPERSIM - SIM Karte f\u00fcr Freizeitmobile","robots":{"index":"index","follow":"follow","max-snippet":"max-snippet:-1","max-image-preview":"max-image-preview:large","max-video-preview":"max-video-preview:-1"},"canonical":"https:\/\/campersim.com\/ch\/campersim-activate\/","og_locale":"de_DE","og_type":"article","og_title":"CAMPERSIM aktivieren - CAMPERSIM - SIM Karte f\u00fcr Freizeitmobile","og_description":"Wir erkl\u00e4ren dir, wie du deine SIM-Karte aktivierst Sieh dir bitte zuerst dieses Video an. Roberto erkl\u00e4rt...","og_url":"https:\/\/campersim.com\/ch\/campersim-activate\/","og_site_name":"CAMPERSIM - SIM Karte f\u00fcr Freizeitmobile","article_modified_time":"2024-12-18T14:41:16+00:00","og_image":[{"url":"https:\/\/campersim.com\/wp-content\/uploads\/2023\/08\/ident-screen-1-de.webp","type":"","width":"","height":""}],"twitter_card":"summary_large_image","schema":{"@context":"https:\/\/schema.org","@graph":[{"@type":"WebPage","@id":"https:\/\/campersim.com\/campersim-activate\/","url":"https:\/\/campersim.com\/campersim-activate\/","name":"CAMPERSIM aktivieren - CAMPERSIM - SIM Karte f\u00fcr Freizeitmobile","isPartOf":{"@id":"https:\/\/campersim.com\/#website"},"primaryImageOfPage":{"@id":"https:\/\/campersim.com\/campersim-activate\/#primaryimage"},"image":{"@id":"https:\/\/campersim.com\/campersim-activate\/#primaryimage"},"thumbnailUrl":"https:\/\/campersim.com\/wp-content\/uploads\/2023\/08\/ident-screen-1-de.webp","datePublished":"2024-01-31T10:09:47+00:00","dateModified":"2024-12-18T14:41:16+00:00","breadcrumb":{"@id":"https:\/\/campersim.com\/campersim-activate\/#breadcrumb"},"inLanguage":"de-CH","potentialAction":[{"@type":"ReadAction","target":["https:\/\/campersim.com\/campersim-activate\/"]}]},{"@type":"ImageObject","inLanguage":"de-CH","@id":"https:\/\/campersim.com\/campersim-activate\/#primaryimage","url":"https:\/\/campersim.com\/wp-content\/uploads\/2023\/08\/ident-screen-1-de.webp","contentUrl":"https:\/\/campersim.com\/wp-content\/uploads\/2023\/08\/ident-screen-1-de.webp"},{"@type":"BreadcrumbList","@id":"https:\/\/campersim.com\/campersim-activate\/#breadcrumb","itemListElement":[{"@type":"ListItem","position":1,"name":"Startseite","item":"https:\/\/campersim.com\/"},{"@type":"ListItem","position":2,"name":"CAMPERSIM aktivieren"}]},{"@type":"WebSite","@id":"https:\/\/campersim.com\/#website","url":"https:\/\/campersim.com\/","name":"CAMPERSIM - SIM Karte f\u00fcr Freizeitmobile","description":"","publisher":{"@id":"https:\/\/campersim.com\/#organization"},"potentialAction":[{"@type":"SearchAction","target":{"@type":"EntryPoint","urlTemplate":"https:\/\/campersim.com\/?s={search_term_string}"},"query-input":{"@type":"PropertyValueSpecification","valueRequired":true,"valueName":"search_term_string"}}],"inLanguage":"de-CH"},{"@type":"Organization","@id":"https:\/\/campersim.com\/#organization","name":"CAMPERSIM","url":"https:\/\/campersim.com\/","logo":{"@type":"ImageObject","inLanguage":"de-CH","@id":"https:\/\/campersim.com\/#\/schema\/logo\/image\/","url":"https:\/\/campersim.com\/wp-content\/uploads\/2023\/07\/cropped-favicon.jpg","contentUrl":"https:\/\/campersim.com\/wp-content\/uploads\/2023\/07\/cropped-favicon.jpg","width":512,"height":512,"caption":"CAMPERSIM"},"image":{"@id":"https:\/\/campersim.com\/#\/schema\/logo\/image\/"}}]}},"_links":{"self":[{"href":"https:\/\/campersim.com\/ch\/wp-json\/wp\/v2\/pages\/5892","targetHints":{"allow":["GET"]}}],"collection":[{"href":"https:\/\/campersim.com\/ch\/wp-json\/wp\/v2\/pages"}],"about":[{"href":"https:\/\/campersim.com\/ch\/wp-json\/wp\/v2\/types\/page"}],"author":[{"embeddable":true,"href":"https:\/\/campersim.com\/ch\/wp-json\/wp\/v2\/users\/1"}],"replies":[{"embeddable":true,"href":"https:\/\/campersim.com\/ch\/wp-json\/wp\/v2\/comments?post=5892"}],"version-history":[{"count":0,"href":"https:\/\/campersim.com\/ch\/wp-json\/wp\/v2\/pages\/5892\/revisions"}],"wp:attachment":[{"href":"https:\/\/campersim.com\/ch\/wp-json\/wp\/v2\/media?parent=5892"}],"curies":[{"name":"wp","href":"https:\/\/api.w.org\/{rel}","templated":true}]}}