{"id":849,"date":"2023-08-28T21:48:43","date_gmt":"2023-08-28T19:48:43","guid":{"rendered":"https:\/\/campersim.com\/?page_id=849"},"modified":"2024-12-18T15:36:20","modified_gmt":"2024-12-18T14:36:20","slug":"datenvolumen","status":"publish","type":"page","link":"https:\/\/campersim.com\/ch\/datenvolumen\/","title":{"rendered":"Datenvolumen Pr\u00fcfen &#038; Abrufen"},"content":{"rendered":"<div data-elementor-type=\"wp-page\" data-elementor-id=\"849\" class=\"elementor elementor-849\" data-elementor-post-type=\"page\">\n\t\t\t\t\t\t<section class=\"elementor-section elementor-top-section elementor-element elementor-element-51a2131 elementor-section-boxed elementor-section-height-default elementor-section-height-default\" data-id=\"51a2131\" data-element_type=\"section\">\n\t\t\t\t\t\t<div class=\"elementor-container elementor-column-gap-default\">\n\t\t\t\t\t<div class=\"elementor-column elementor-col-100 elementor-top-column elementor-element elementor-element-ece867b\" data-id=\"ece867b\" data-element_type=\"column\">\n\t\t\t<div class=\"elementor-widget-wrap elementor-element-populated\">\n\t\t\t\t\t\t<div class=\"elementor-element elementor-element-df5cf78 elementor-widget elementor-widget-block heading\" data-id=\"df5cf78\" data-element_type=\"widget\" data-widget_type=\"block heading.default\">\n\t\t\t\t<div class=\"elementor-widget-container\">\n\t\t\t\t\t\r\n     <!-- Heading section -->\r\n     <div class=\"section-heading\">\r\n          <h2 class=\"section-title\">\r\n               Pr\u00fcfen &amp; Abrufen               <span class=\"title-bg\"> Campersim <\/span>\r\n          <\/h2>\r\n     <\/div>\r\n     <!-- End Heading section -->\r\n\r\n     \t\t\t\t<\/div>\n\t\t\t\t<\/div>\n\t\t\t\t<div class=\"elementor-element elementor-element-9bb42bc elementor-widget elementor-widget-heading\" data-id=\"9bb42bc\" data-element_type=\"widget\" data-widget_type=\"heading.default\">\n\t\t\t\t<div class=\"elementor-widget-container\">\n\t\t\t\t\t<h2 class=\"elementor-heading-title elementor-size-default\">Datenvolumen pr\u00fcfen und aufladen<\/h2>\t\t\t\t<\/div>\n\t\t\t\t<\/div>\n\t\t\t\t\t<\/div>\n\t\t<\/div>\n\t\t\t\t\t<\/div>\n\t\t<\/section>\n\t\t\t\t<section class=\"elementor-section elementor-top-section elementor-element elementor-element-bb0006d elementor-section-boxed elementor-section-height-default elementor-section-height-default\" data-id=\"bb0006d\" data-element_type=\"section\">\n\t\t\t\t\t\t<div class=\"elementor-container elementor-column-gap-default\">\n\t\t\t\t\t<div class=\"elementor-column elementor-col-66 elementor-top-column elementor-element elementor-element-f9689d1\" data-id=\"f9689d1\" data-element_type=\"column\">\n\t\t\t<div class=\"elementor-widget-wrap elementor-element-populated\">\n\t\t\t\t\t\t<div class=\"elementor-element elementor-element-fca922e elementor-widget elementor-widget-text-editor\" data-id=\"fca922e\" data-element_type=\"widget\" data-widget_type=\"text-editor.default\">\n\t\t\t\t<div class=\"elementor-widget-container\">\n\t\t\t\t\t\t\t\t\t<p>Du m\u00f6chtest wissen wie hoch noch dein aktuelles Datenvolumen ist oder m\u00f6chtest gleich aufladen?<\/p>\n<p>Kein Problem &#8211; folge einfach dem Link auf dem Button und halte deine SIM-Kartennummer bereit.<\/p>\n<p>Diese findest du direkt auf deiner SIM-Karte und besteht aus 20-Zeichen. Beispiel: 8932027220021656XXXX<\/p>\t\t\t\t\t\t\t\t<\/div>\n\t\t\t\t<\/div>\n\t\t\t\t<div class=\"elementor-element elementor-element-fc7d27f elementor-align-left elementor-widget elementor-widget-button\" data-id=\"fc7d27f\" data-element_type=\"widget\" data-widget_type=\"button.default\">\n\t\t\t\t<div class=\"elementor-widget-container\">\n\t\t\t\t\t\t\t\t\t<div class=\"elementor-button-wrapper\">\n\t\t\t\t\t<a class=\"elementor-button elementor-button-link elementor-size-lg\" href=\"https:\/\/portal.campersim.com\/widget\/proverda\/sim\/login\/hash\" target=\"_blank\">\n\t\t\t\t\t\t<span class=\"elementor-button-content-wrapper\">\n\t\t\t\t\t\t\t\t\t<span class=\"elementor-button-text\">Datenvolumen pr\u00fcfen\/abfragen<\/span>\n\t\t\t\t\t<\/span>\n\t\t\t\t\t<\/a>\n\t\t\t\t<\/div>\n\t\t\t\t\t\t\t\t<\/div>\n\t\t\t\t<\/div>\n\t\t\t\t\t<\/div>\n\t\t<\/div>\n\t\t\t\t<div class=\"elementor-column elementor-col-33 elementor-top-column elementor-element elementor-element-f0ad722\" data-id=\"f0ad722\" data-element_type=\"column\">\n\t\t\t<div class=\"elementor-widget-wrap elementor-element-populated\">\n\t\t\t\t\t\t<div class=\"elementor-element elementor-element-859ca68 elementor-widget elementor-widget-image\" data-id=\"859ca68\" data-element_type=\"widget\" data-widget_type=\"image.default\">\n\t\t\t\t<div class=\"elementor-widget-container\">\n\t\t\t\t\t\t\t\t\t\t\t\t\t\t\t<img loading=\"lazy\" decoding=\"async\" width=\"1024\" height=\"671\" src=\"https:\/\/campersim.com\/wp-content\/uploads\/2023\/08\/campersim-1024x671.png\" class=\"attachment-large size-large wp-image-597\" alt=\"\" srcset=\"https:\/\/campersim.com\/wp-content\/uploads\/2023\/08\/campersim-1024x671.png 1024w, https:\/\/campersim.com\/wp-content\/uploads\/2023\/08\/campersim-600x393.png 600w, https:\/\/campersim.com\/wp-content\/uploads\/2023\/08\/campersim-300x197.png 300w, https:\/\/campersim.com\/wp-content\/uploads\/2023\/08\/campersim-768x504.png 768w, https:\/\/campersim.com\/wp-content\/uploads\/2023\/08\/campersim-1536x1007.png 1536w, https:\/\/campersim.com\/wp-content\/uploads\/2023\/08\/campersim.png 1545w\" sizes=\"auto, (max-width: 1024px) 100vw, 1024px\" \/>\t\t\t\t\t\t\t\t\t\t\t\t\t\t\t<\/div>\n\t\t\t\t<\/div>\n\t\t\t\t\t<\/div>\n\t\t<\/div>\n\t\t\t\t\t<\/div>\n\t\t<\/section>\n\t\t\t\t<section class=\"elementor-section elementor-top-section elementor-element elementor-element-63b4cb50 elementor-section-boxed elementor-section-height-default elementor-section-height-default\" data-id=\"63b4cb50\" data-element_type=\"section\">\n\t\t\t\t\t\t<div class=\"elementor-container elementor-column-gap-default\">\n\t\t\t\t\t<div class=\"elementor-column elementor-col-100 elementor-top-column elementor-element elementor-element-738d214b\" data-id=\"738d214b\" data-element_type=\"column\">\n\t\t\t<div class=\"elementor-widget-wrap\">\n\t\t\t\t\t\t\t<\/div>\n\t\t<\/div>\n\t\t\t\t\t<\/div>\n\t\t<\/section>\n\t\t\t\t<\/div>","protected":false},"excerpt":{"rendered":"<p>Pr\u00fcfen &amp; Abrufen Campersim Datenvolumen pr\u00fcfen und aufladen Du m\u00f6chtest wissen wie hoch noch dein aktuelles Datenvolumen&#8230;<\/p>","protected":false},"author":3,"featured_media":0,"parent":0,"menu_order":0,"comment_status":"closed","ping_status":"open","template":"","meta":{"_acf_changed":false,"footnotes":""},"class_list":["post-849","page","type-page","status-publish","hentry"],"acf":[],"yoast_head":"<!-- This site is optimized with the Yoast SEO plugin v26.3 - https:\/\/yoast.com\/wordpress\/plugins\/seo\/ -->\n<title>Datenvolumen Pr\u00fcfen &amp; Abrufen - CAMPERSIM - SIM Karte f\u00fcr Freizeitmobile<\/title>\n<meta name=\"robots\" content=\"index, follow, max-snippet:-1, max-image-preview:large, max-video-preview:-1\" \/>\n<link rel=\"canonical\" href=\"https:\/\/campersim.com\/ch\/datenvolumen\/\" \/>\n<meta property=\"og:locale\" content=\"de_DE\" \/>\n<meta property=\"og:type\" content=\"article\" \/>\n<meta property=\"og:title\" content=\"Datenvolumen Pr\u00fcfen &amp; Abrufen - CAMPERSIM - SIM Karte f\u00fcr Freizeitmobile\" \/>\n<meta property=\"og:description\" content=\"Pr\u00fcfen &amp; Abrufen Campersim Datenvolumen pr\u00fcfen und aufladen Du m\u00f6chtest wissen wie hoch noch dein aktuelles Datenvolumen...\" \/>\n<meta property=\"og:url\" content=\"https:\/\/campersim.com\/ch\/datenvolumen\/\" \/>\n<meta property=\"og:site_name\" content=\"CAMPERSIM - SIM Karte f\u00fcr Freizeitmobile\" \/>\n<meta property=\"article:modified_time\" content=\"2024-12-18T14:36:20+00:00\" \/>\n<meta property=\"og:image\" content=\"https:\/\/campersim.com\/wp-content\/uploads\/2023\/08\/campersim-1024x671.png\" \/>\n<meta name=\"twitter:card\" content=\"summary_large_image\" \/>\n<script type=\"application\/ld+json\" class=\"yoast-schema-graph\">{\"@context\":\"https:\/\/schema.org\",\"@graph\":[{\"@type\":\"WebPage\",\"@id\":\"https:\/\/campersim.com\/datenvolumen\/\",\"url\":\"https:\/\/campersim.com\/datenvolumen\/\",\"name\":\"Datenvolumen Pr\u00fcfen & Abrufen - CAMPERSIM - SIM Karte f\u00fcr Freizeitmobile\",\"isPartOf\":{\"@id\":\"https:\/\/campersim.com\/#website\"},\"primaryImageOfPage\":{\"@id\":\"https:\/\/campersim.com\/datenvolumen\/#primaryimage\"},\"image\":{\"@id\":\"https:\/\/campersim.com\/datenvolumen\/#primaryimage\"},\"thumbnailUrl\":\"https:\/\/campersim.com\/wp-content\/uploads\/2023\/08\/campersim-1024x671.png\",\"datePublished\":\"2023-08-28T19:48:43+00:00\",\"dateModified\":\"2024-12-18T14:36:20+00:00\",\"breadcrumb\":{\"@id\":\"https:\/\/campersim.com\/datenvolumen\/#breadcrumb\"},\"inLanguage\":\"de-CH\",\"potentialAction\":[{\"@type\":\"ReadAction\",\"target\":[\"https:\/\/campersim.com\/datenvolumen\/\"]}]},{\"@type\":\"ImageObject\",\"inLanguage\":\"de-CH\",\"@id\":\"https:\/\/campersim.com\/datenvolumen\/#primaryimage\",\"url\":\"https:\/\/campersim.com\/wp-content\/uploads\/2023\/08\/campersim-1024x671.png\",\"contentUrl\":\"https:\/\/campersim.com\/wp-content\/uploads\/2023\/08\/campersim-1024x671.png\"},{\"@type\":\"BreadcrumbList\",\"@id\":\"https:\/\/campersim.com\/datenvolumen\/#breadcrumb\",\"itemListElement\":[{\"@type\":\"ListItem\",\"position\":1,\"name\":\"Startseite\",\"item\":\"https:\/\/campersim.com\/\"},{\"@type\":\"ListItem\",\"position\":2,\"name\":\"Datenvolumen Pr\u00fcfen &#038; Abrufen\"}]},{\"@type\":\"WebSite\",\"@id\":\"https:\/\/campersim.com\/#website\",\"url\":\"https:\/\/campersim.com\/\",\"name\":\"CAMPERSIM - SIM Karte f\u00fcr Freizeitmobile\",\"description\":\"\",\"publisher\":{\"@id\":\"https:\/\/campersim.com\/#organization\"},\"potentialAction\":[{\"@type\":\"SearchAction\",\"target\":{\"@type\":\"EntryPoint\",\"urlTemplate\":\"https:\/\/campersim.com\/?s={search_term_string}\"},\"query-input\":{\"@type\":\"PropertyValueSpecification\",\"valueRequired\":true,\"valueName\":\"search_term_string\"}}],\"inLanguage\":\"de-CH\"},{\"@type\":\"Organization\",\"@id\":\"https:\/\/campersim.com\/#organization\",\"name\":\"CAMPERSIM\",\"url\":\"https:\/\/campersim.com\/\",\"logo\":{\"@type\":\"ImageObject\",\"inLanguage\":\"de-CH\",\"@id\":\"https:\/\/campersim.com\/#\/schema\/logo\/image\/\",\"url\":\"https:\/\/campersim.com\/wp-content\/uploads\/2023\/07\/cropped-favicon.jpg\",\"contentUrl\":\"https:\/\/campersim.com\/wp-content\/uploads\/2023\/07\/cropped-favicon.jpg\",\"width\":512,\"height\":512,\"caption\":\"CAMPERSIM\"},\"image\":{\"@id\":\"https:\/\/campersim.com\/#\/schema\/logo\/image\/\"}}]}<\/script>\n<!-- \/ Yoast SEO plugin. -->","yoast_head_json":{"title":"Datenvolumen Pr\u00fcfen & Abrufen - CAMPERSIM - SIM Karte f\u00fcr Freizeitmobile","robots":{"index":"index","follow":"follow","max-snippet":"max-snippet:-1","max-image-preview":"max-image-preview:large","max-video-preview":"max-video-preview:-1"},"canonical":"https:\/\/campersim.com\/ch\/datenvolumen\/","og_locale":"de_DE","og_type":"article","og_title":"Datenvolumen Pr\u00fcfen & Abrufen - CAMPERSIM - SIM Karte f\u00fcr Freizeitmobile","og_description":"Pr\u00fcfen &amp; Abrufen Campersim Datenvolumen pr\u00fcfen und aufladen Du m\u00f6chtest wissen wie hoch noch dein aktuelles Datenvolumen...","og_url":"https:\/\/campersim.com\/ch\/datenvolumen\/","og_site_name":"CAMPERSIM - SIM Karte f\u00fcr Freizeitmobile","article_modified_time":"2024-12-18T14:36:20+00:00","og_image":[{"url":"https:\/\/campersim.com\/wp-content\/uploads\/2023\/08\/campersim-1024x671.png","type":"","width":"","height":""}],"twitter_card":"summary_large_image","schema":{"@context":"https:\/\/schema.org","@graph":[{"@type":"WebPage","@id":"https:\/\/campersim.com\/datenvolumen\/","url":"https:\/\/campersim.com\/datenvolumen\/","name":"Datenvolumen Pr\u00fcfen & Abrufen - CAMPERSIM - SIM Karte f\u00fcr Freizeitmobile","isPartOf":{"@id":"https:\/\/campersim.com\/#website"},"primaryImageOfPage":{"@id":"https:\/\/campersim.com\/datenvolumen\/#primaryimage"},"image":{"@id":"https:\/\/campersim.com\/datenvolumen\/#primaryimage"},"thumbnailUrl":"https:\/\/campersim.com\/wp-content\/uploads\/2023\/08\/campersim-1024x671.png","datePublished":"2023-08-28T19:48:43+00:00","dateModified":"2024-12-18T14:36:20+00:00","breadcrumb":{"@id":"https:\/\/campersim.com\/datenvolumen\/#breadcrumb"},"inLanguage":"de-CH","potentialAction":[{"@type":"ReadAction","target":["https:\/\/campersim.com\/datenvolumen\/"]}]},{"@type":"ImageObject","inLanguage":"de-CH","@id":"https:\/\/campersim.com\/datenvolumen\/#primaryimage","url":"https:\/\/campersim.com\/wp-content\/uploads\/2023\/08\/campersim-1024x671.png","contentUrl":"https:\/\/campersim.com\/wp-content\/uploads\/2023\/08\/campersim-1024x671.png"},{"@type":"BreadcrumbList","@id":"https:\/\/campersim.com\/datenvolumen\/#breadcrumb","itemListElement":[{"@type":"ListItem","position":1,"name":"Startseite","item":"https:\/\/campersim.com\/"},{"@type":"ListItem","position":2,"name":"Datenvolumen Pr\u00fcfen &#038; Abrufen"}]},{"@type":"WebSite","@id":"https:\/\/campersim.com\/#website","url":"https:\/\/campersim.com\/","name":"CAMPERSIM - SIM Karte f\u00fcr Freizeitmobile","description":"","publisher":{"@id":"https:\/\/campersim.com\/#organization"},"potentialAction":[{"@type":"SearchAction","target":{"@type":"EntryPoint","urlTemplate":"https:\/\/campersim.com\/?s={search_term_string}"},"query-input":{"@type":"PropertyValueSpecification","valueRequired":true,"valueName":"search_term_string"}}],"inLanguage":"de-CH"},{"@type":"Organization","@id":"https:\/\/campersim.com\/#organization","name":"CAMPERSIM","url":"https:\/\/campersim.com\/","logo":{"@type":"ImageObject","inLanguage":"de-CH","@id":"https:\/\/campersim.com\/#\/schema\/logo\/image\/","url":"https:\/\/campersim.com\/wp-content\/uploads\/2023\/07\/cropped-favicon.jpg","contentUrl":"https:\/\/campersim.com\/wp-content\/uploads\/2023\/07\/cropped-favicon.jpg","width":512,"height":512,"caption":"CAMPERSIM"},"image":{"@id":"https:\/\/campersim.com\/#\/schema\/logo\/image\/"}}]}},"_links":{"self":[{"href":"https:\/\/campersim.com\/ch\/wp-json\/wp\/v2\/pages\/849","targetHints":{"allow":["GET"]}}],"collection":[{"href":"https:\/\/campersim.com\/ch\/wp-json\/wp\/v2\/pages"}],"about":[{"href":"https:\/\/campersim.com\/ch\/wp-json\/wp\/v2\/types\/page"}],"author":[{"embeddable":true,"href":"https:\/\/campersim.com\/ch\/wp-json\/wp\/v2\/users\/3"}],"replies":[{"embeddable":true,"href":"https:\/\/campersim.com\/ch\/wp-json\/wp\/v2\/comments?post=849"}],"version-history":[{"count":45,"href":"https:\/\/campersim.com\/ch\/wp-json\/wp\/v2\/pages\/849\/revisions"}],"predecessor-version":[{"id":1140,"href":"https:\/\/campersim.com\/ch\/wp-json\/wp\/v2\/pages\/849\/revisions\/1140"}],"wp:attachment":[{"href":"https:\/\/campersim.com\/ch\/wp-json\/wp\/v2\/media?parent=849"}],"curies":[{"name":"wp","href":"https:\/\/api.w.org\/{rel}","templated":true}]}}