{"id":2051,"date":"2024-02-27T16:23:56","date_gmt":"2024-02-27T15:23:56","guid":{"rendered":"https:\/\/campersim.com\/?post_type=product&#038;p=2051"},"modified":"2025-02-24T22:08:17","modified_gmt":"2025-02-24T21:08:17","slug":"pioneer-router-dct-wr204-sh","status":"publish","type":"product","link":"https:\/\/campersim.com\/ch\/produkt\/pioneer-router-dct-wr204-sh\/","title":{"rendered":"Pioneer Router DCT-WR204-SH inkl. CAMPERSIM"},"content":{"rendered":"<h2>Der neue Pioneer Router DCT-WR204-SH mit Antenne<\/h2>\n<p>Pioneer hat einen neuen und Leistungstarken Router spezielle f\u00fcr die Campingbranche herausgebracht. Mit seinem sehr schlanken Design passt der Router auch in die kleinsten R\u00e4ume f\u00fcr den nachtr\u00e4glichen Einbau. Der DCT-WR204 kommt serienm\u00e4\u00dfig mit 2G, 3G und 4G. Ein weiteres Highlight ist die eingebaute W-Lan Antenne im Geh\u00e4use.<\/p>\n<p>F\u00fcr das Streamen f\u00fcr Unterwegs ist ein 4G Netzt v\u00f6llig ausreichen &#8211; der Router verf\u00fcgt \u00fcber einen <strong>Upload von 50 Mbit\/s<\/strong> und einen <strong>Download von 150 Mbit\/s<\/strong>. Damit sollte dem Streamen auf deiner Reise nichts mehr im Wege stehen.<\/p>\n<p>Weiterhin ist Router mit 2x W-Lan Ports und 2x SIM-Karten Slots ausgestattet. Das l\u00e4stige Wechseln verschiedener SIM-Karten hat somit ein Ende und so kann die <a href=\"https:\/\/campersim.com\/ch\/produkt\/campersim\/\" target=\"_blank\" rel=\"noopener\">CAMPERSIM<\/a> f\u00fcr Europa immer im Slot bleiben. F\u00fcr alle Fernreisende bietet der Router dann die M\u00f6glichkeit, au\u00dferhalb der EU, eine zweite Karten, je nach Land individuell hinzuzuf\u00fcgen.<\/p>\n<p>Uns sollte euch ein W-Lan vor Ort zur Verf\u00fcgung stehen, so k\u00f6nnt ihr euren Router als HotSpot verwenden, da dieser sich komfortable in das vorhanden W-Lan einbinden l\u00e4sst.<\/p>\n<h3>Weitere Eigenschaften des Pioneer Router DCT-WR204-SH<\/h3>\n<p>Neben einem <strong>Ein\/Aus Schalter<\/strong> verf\u00fcgt der Router auch \u00fcber einen leicht zug\u00e4nglichen Reset-Knopf &#8211; diese sitzen an der Stirnwand des Routers und machen die Bedingung noch einfacher als viele andere Router am Markt. Einfach ist auch die Web-basierte Bedieneroberfl\u00e4che, die es in den Einstellm\u00f6glichkeiten\u00a0<em>einfach<\/em> und <em>Expertenmodus<\/em> gibt. Hier k\u00f6nnt ihr beispielsweise auch per APP definieren wann und wie sich der Router von allein aus- und einschalten soll.<\/p>\n<p>Die mitgelieferte &#8222;Haifisch&#8220;-Antenne ist ultrakompakt und ist selbst auf gew\u00f6lbten D\u00e4chern (Bsp.: Fiat Ducato) problemlos m\u00f6glich.<\/p>\n<p>&nbsp;<\/p>\n<h3>Die Ausstattung des DCT-WR204-SH Routers<\/h3>\n<ul>\n<li>2G, 3G, 4G LTE<\/li>\n<li>2,4GHz und 5GHz WLAN<\/li>\n<li>Im Geh\u00e4use integrierte WLAN-Antenne<\/li>\n<li>Zus\u00e4tzlich WLAN \u00fcber Au\u00dfenantenne<\/li>\n<li>2x LAN Port<\/li>\n<li>2x SIM-Slot<\/li>\n<li>Repeater-Funktion<\/li>\n<li>Web-basierte Bedienoberfl\u00e4che, einfach oder Expertenmodus<\/li>\n<li>Bedienung per Smartphone, Tablet oder PC\/Mac<\/li>\n<li>Ein\/Aus Schalter und Reset am Ger\u00e4t<\/li>\n<li>Einbaufreundliches Design:<br \/>\nSchalter und Status-LEDs vorne, Anschl\u00fcsse hinten<\/li>\n<li>-20 bis +80C getestet, 8-18V<\/li>\n<li>Stromverbrauch 0,5A\/12V<\/li>\n<li>Captive-Hotspot-Unterst\u00fctzung:\n<ul>\n<li>Suche nach WWAN-SSID<\/li>\n<li>Scroll &amp; Passwort-Eingabe<\/li>\n<li>Automatischer Link zur Landingpage des Hotspots<\/li>\n<\/ul>\n<\/li>\n<li>Konfigurierbarer Gastzugang\n<ul>\n<li>Limitierung der Datenrate m\u00f6glich<\/li>\n<li>Timer-Funktion, z.B. f\u00fcr Nachtabschaltung<\/li>\n<\/ul>\n<\/li>\n<\/ul>\n<p>&nbsp;<\/p>\n<div id='gallery-1' class='gallery galleryid-2051 gallery-columns-3 gallery-size-large'><figure class='gallery-item'>\n\t\t\t<div class='gallery-icon landscape'>\n\t\t\t\t<img loading=\"lazy\" decoding=\"async\" width=\"1024\" height=\"1024\" src=\"https:\/\/campersim.com\/wp-content\/uploads\/2024\/02\/Pioneer-Router-DCT-WR204-SH-1024x1024.jpg\" class=\"attachment-large size-large\" alt=\"\" aria-describedby=\"gallery-1-2054\" srcset=\"https:\/\/campersim.com\/wp-content\/uploads\/2024\/02\/Pioneer-Router-DCT-WR204-SH-1024x1024.jpg 1024w, https:\/\/campersim.com\/wp-content\/uploads\/2024\/02\/Pioneer-Router-DCT-WR204-SH-300x300.jpg 300w, https:\/\/campersim.com\/wp-content\/uploads\/2024\/02\/Pioneer-Router-DCT-WR204-SH-150x150.jpg 150w, https:\/\/campersim.com\/wp-content\/uploads\/2024\/02\/Pioneer-Router-DCT-WR204-SH-768x768.jpg 768w, https:\/\/campersim.com\/wp-content\/uploads\/2024\/02\/Pioneer-Router-DCT-WR204-SH-1536x1536.jpg 1536w, https:\/\/campersim.com\/wp-content\/uploads\/2024\/02\/Pioneer-Router-DCT-WR204-SH-600x600.jpg 600w, https:\/\/campersim.com\/wp-content\/uploads\/2024\/02\/Pioneer-Router-DCT-WR204-SH-100x100.jpg 100w, https:\/\/campersim.com\/wp-content\/uploads\/2024\/02\/Pioneer-Router-DCT-WR204-SH.jpg 2048w\" sizes=\"auto, (max-width: 1024px) 100vw, 1024px\" \/>\n\t\t\t<\/div>\n\t\t\t\t<figcaption class='wp-caption-text gallery-caption' id='gallery-1-2054'>\n\t\t\t\tStirnseite DCT-WR204-SH\n\t\t\t\t<\/figcaption><\/figure><figure class='gallery-item'>\n\t\t\t<div class='gallery-icon landscape'>\n\t\t\t\t<img loading=\"lazy\" decoding=\"async\" width=\"1024\" height=\"1024\" src=\"https:\/\/campersim.com\/wp-content\/uploads\/2024\/02\/Pioneer-Router-DCT-WR204-SH-1-1024x1024.jpg\" class=\"attachment-large size-large\" alt=\"\" aria-describedby=\"gallery-1-2052\" srcset=\"https:\/\/campersim.com\/wp-content\/uploads\/2024\/02\/Pioneer-Router-DCT-WR204-SH-1-1024x1024.jpg 1024w, https:\/\/campersim.com\/wp-content\/uploads\/2024\/02\/Pioneer-Router-DCT-WR204-SH-1-300x300.jpg 300w, https:\/\/campersim.com\/wp-content\/uploads\/2024\/02\/Pioneer-Router-DCT-WR204-SH-1-150x150.jpg 150w, https:\/\/campersim.com\/wp-content\/uploads\/2024\/02\/Pioneer-Router-DCT-WR204-SH-1-768x768.jpg 768w, https:\/\/campersim.com\/wp-content\/uploads\/2024\/02\/Pioneer-Router-DCT-WR204-SH-1-1536x1536.jpg 1536w, https:\/\/campersim.com\/wp-content\/uploads\/2024\/02\/Pioneer-Router-DCT-WR204-SH-1-600x600.jpg 600w, https:\/\/campersim.com\/wp-content\/uploads\/2024\/02\/Pioneer-Router-DCT-WR204-SH-1-100x100.jpg 100w, https:\/\/campersim.com\/wp-content\/uploads\/2024\/02\/Pioneer-Router-DCT-WR204-SH-1.jpg 2048w\" sizes=\"auto, (max-width: 1024px) 100vw, 1024px\" \/>\n\t\t\t<\/div>\n\t\t\t\t<figcaption class='wp-caption-text gallery-caption' id='gallery-1-2052'>\n\t\t\t\tR\u00fcckansicht DCT-WR204-SH\n\t\t\t\t<\/figcaption><\/figure>\n\t\t<\/div>","protected":false},"excerpt":{"rendered":"<p>Der neue Pioneer DCT-WR204-SH Routers inkl. Dachantenne.<br \/>\nMehr Infos zum Produkt findest du untern. \ud83d\udc47\ud83c\udffc<\/p>","protected":false},"featured_media":6069,"template":"","meta":{"_acf_changed":false},"product_brand":[],"product_cat":[68],"product_tag":[],"class_list":{"0":"post-2051","1":"product","2":"type-product","3":"status-publish","4":"has-post-thumbnail","6":"product_cat-router","8":"first","9":"instock","10":"taxable","11":"shipping-taxable","12":"purchasable","13":"product-type-simple"},"acf":[],"yoast_head":"<!-- This site is optimized with the Yoast SEO plugin v26.3 - https:\/\/yoast.com\/wordpress\/plugins\/seo\/ -->\n<title>Pioneer Router DCT-WR204-SH inkl. CAMPERSIM - CAMPERSIM<\/title>\n<meta name=\"description\" content=\"Der neue Pioneer Router DCT-WR204-SH mit Antenne, 2G, 3G und 4G. Der perfekte Router f\u00fcr Reisemobile zum nachr\u00fcsten. Einfach Handhabung inkl. 2-SIM-Slots.\" \/>\n<meta name=\"robots\" content=\"index, follow, max-snippet:-1, max-image-preview:large, max-video-preview:-1\" \/>\n<link rel=\"canonical\" href=\"https:\/\/campersim.com\/ch\/produkt\/pioneer-router-dct-wr204-sh\/\" \/>\n<meta property=\"og:locale\" content=\"de_DE\" \/>\n<meta property=\"og:type\" content=\"article\" \/>\n<meta property=\"og:title\" content=\"Pioneer Router DCT-WR204-SH inkl. CAMPERSIM - CAMPERSIM\" \/>\n<meta property=\"og:description\" content=\"Der neue Pioneer Router DCT-WR204-SH mit Antenne, 2G, 3G und 4G. Der perfekte Router f\u00fcr Reisemobile zum nachr\u00fcsten. Einfach Handhabung inkl. 2-SIM-Slots.\" \/>\n<meta property=\"og:url\" content=\"https:\/\/campersim.com\/ch\/produkt\/pioneer-router-dct-wr204-sh\/\" \/>\n<meta property=\"og:site_name\" content=\"CAMPERSIM - SIM Karte f\u00fcr Freizeitmobile\" \/>\n<meta property=\"article:modified_time\" content=\"2025-02-24T21:08:17+00:00\" \/>\n<meta property=\"og:image\" content=\"https:\/\/campersim.com\/wp-content\/uploads\/2024\/02\/Pioneer-Router-DCT-WR204-AD.png\" \/>\n\t<meta property=\"og:image:width\" content=\"2048\" \/>\n\t<meta property=\"og:image:height\" content=\"2048\" \/>\n\t<meta property=\"og:image:type\" content=\"image\/png\" \/>\n<meta name=\"twitter:card\" content=\"summary_large_image\" \/>\n<script type=\"application\/ld+json\" class=\"yoast-schema-graph\">{\"@context\":\"https:\/\/schema.org\",\"@graph\":[{\"@type\":\"WebPage\",\"@id\":\"https:\/\/campersim.com\/produkt\/pioneer-router-dct-wr204-sh\/\",\"url\":\"https:\/\/campersim.com\/produkt\/pioneer-router-dct-wr204-sh\/\",\"name\":\"Pioneer Router DCT-WR204-SH inkl. CAMPERSIM - CAMPERSIM\",\"isPartOf\":{\"@id\":\"https:\/\/campersim.com\/#website\"},\"primaryImageOfPage\":{\"@id\":\"https:\/\/campersim.com\/produkt\/pioneer-router-dct-wr204-sh\/#primaryimage\"},\"image\":{\"@id\":\"https:\/\/campersim.com\/produkt\/pioneer-router-dct-wr204-sh\/#primaryimage\"},\"thumbnailUrl\":\"https:\/\/campersim.com\/wp-content\/uploads\/2024\/02\/Pioneer-Router-DCT-WR204-SH-01.jpg\",\"datePublished\":\"2024-02-27T15:23:56+00:00\",\"dateModified\":\"2025-02-24T21:08:17+00:00\",\"description\":\"Der neue Pioneer Router DCT-WR204-SH mit Antenne, 2G, 3G und 4G. Der perfekte Router f\u00fcr Reisemobile zum nachr\u00fcsten. Einfach Handhabung inkl. 2-SIM-Slots.\",\"breadcrumb\":{\"@id\":\"https:\/\/campersim.com\/produkt\/pioneer-router-dct-wr204-sh\/#breadcrumb\"},\"inLanguage\":\"de-CH\",\"potentialAction\":[{\"@type\":\"ReadAction\",\"target\":[\"https:\/\/campersim.com\/produkt\/pioneer-router-dct-wr204-sh\/\"]}]},{\"@type\":\"ImageObject\",\"inLanguage\":\"de-CH\",\"@id\":\"https:\/\/campersim.com\/produkt\/pioneer-router-dct-wr204-sh\/#primaryimage\",\"url\":\"https:\/\/campersim.com\/wp-content\/uploads\/2024\/02\/Pioneer-Router-DCT-WR204-SH-01.jpg\",\"contentUrl\":\"https:\/\/campersim.com\/wp-content\/uploads\/2024\/02\/Pioneer-Router-DCT-WR204-SH-01.jpg\",\"width\":2048,\"height\":2048,\"caption\":\"Pioneer Router DCT WR204 SH;Pioneer Router\"},{\"@type\":\"BreadcrumbList\",\"@id\":\"https:\/\/campersim.com\/produkt\/pioneer-router-dct-wr204-sh\/#breadcrumb\",\"itemListElement\":[{\"@type\":\"ListItem\",\"position\":1,\"name\":\"Startseite\",\"item\":\"https:\/\/campersim.com\/\"},{\"@type\":\"ListItem\",\"position\":2,\"name\":\"Pioneer Router DCT-WR204-SH inkl. CAMPERSIM\"}]},{\"@type\":\"WebSite\",\"@id\":\"https:\/\/campersim.com\/#website\",\"url\":\"https:\/\/campersim.com\/\",\"name\":\"CAMPERSIM - SIM Karte f\u00fcr Freizeitmobile\",\"description\":\"\",\"publisher\":{\"@id\":\"https:\/\/campersim.com\/#organization\"},\"potentialAction\":[{\"@type\":\"SearchAction\",\"target\":{\"@type\":\"EntryPoint\",\"urlTemplate\":\"https:\/\/campersim.com\/?s={search_term_string}\"},\"query-input\":{\"@type\":\"PropertyValueSpecification\",\"valueRequired\":true,\"valueName\":\"search_term_string\"}}],\"inLanguage\":\"de-CH\"},{\"@type\":\"Organization\",\"@id\":\"https:\/\/campersim.com\/#organization\",\"name\":\"CAMPERSIM\",\"url\":\"https:\/\/campersim.com\/\",\"logo\":{\"@type\":\"ImageObject\",\"inLanguage\":\"de-CH\",\"@id\":\"https:\/\/campersim.com\/#\/schema\/logo\/image\/\",\"url\":\"https:\/\/campersim.com\/wp-content\/uploads\/2023\/07\/cropped-favicon.jpg\",\"contentUrl\":\"https:\/\/campersim.com\/wp-content\/uploads\/2023\/07\/cropped-favicon.jpg\",\"width\":512,\"height\":512,\"caption\":\"CAMPERSIM\"},\"image\":{\"@id\":\"https:\/\/campersim.com\/#\/schema\/logo\/image\/\"}}]}<\/script>\n<!-- \/ Yoast SEO plugin. -->","yoast_head_json":{"title":"Pioneer Router DCT-WR204-SH inkl. CAMPERSIM - CAMPERSIM","description":"Der neue Pioneer Router DCT-WR204-SH mit Antenne, 2G, 3G und 4G. Der perfekte Router f\u00fcr Reisemobile zum nachr\u00fcsten. Einfach Handhabung inkl. 2-SIM-Slots.","robots":{"index":"index","follow":"follow","max-snippet":"max-snippet:-1","max-image-preview":"max-image-preview:large","max-video-preview":"max-video-preview:-1"},"canonical":"https:\/\/campersim.com\/ch\/produkt\/pioneer-router-dct-wr204-sh\/","og_locale":"de_DE","og_type":"article","og_title":"Pioneer Router DCT-WR204-SH inkl. CAMPERSIM - CAMPERSIM","og_description":"Der neue Pioneer Router DCT-WR204-SH mit Antenne, 2G, 3G und 4G. Der perfekte Router f\u00fcr Reisemobile zum nachr\u00fcsten. Einfach Handhabung inkl. 2-SIM-Slots.","og_url":"https:\/\/campersim.com\/ch\/produkt\/pioneer-router-dct-wr204-sh\/","og_site_name":"CAMPERSIM - SIM Karte f\u00fcr Freizeitmobile","article_modified_time":"2025-02-24T21:08:17+00:00","og_image":[{"width":2048,"height":2048,"url":"https:\/\/campersim.com\/wp-content\/uploads\/2024\/02\/Pioneer-Router-DCT-WR204-AD.png","type":"image\/png"}],"twitter_card":"summary_large_image","schema":{"@context":"https:\/\/schema.org","@graph":[{"@type":"WebPage","@id":"https:\/\/campersim.com\/produkt\/pioneer-router-dct-wr204-sh\/","url":"https:\/\/campersim.com\/produkt\/pioneer-router-dct-wr204-sh\/","name":"Pioneer Router DCT-WR204-SH inkl. CAMPERSIM - CAMPERSIM","isPartOf":{"@id":"https:\/\/campersim.com\/#website"},"primaryImageOfPage":{"@id":"https:\/\/campersim.com\/produkt\/pioneer-router-dct-wr204-sh\/#primaryimage"},"image":{"@id":"https:\/\/campersim.com\/produkt\/pioneer-router-dct-wr204-sh\/#primaryimage"},"thumbnailUrl":"https:\/\/campersim.com\/wp-content\/uploads\/2024\/02\/Pioneer-Router-DCT-WR204-SH-01.jpg","datePublished":"2024-02-27T15:23:56+00:00","dateModified":"2025-02-24T21:08:17+00:00","description":"Der neue Pioneer Router DCT-WR204-SH mit Antenne, 2G, 3G und 4G. Der perfekte Router f\u00fcr Reisemobile zum nachr\u00fcsten. Einfach Handhabung inkl. 2-SIM-Slots.","breadcrumb":{"@id":"https:\/\/campersim.com\/produkt\/pioneer-router-dct-wr204-sh\/#breadcrumb"},"inLanguage":"de-CH","potentialAction":[{"@type":"ReadAction","target":["https:\/\/campersim.com\/produkt\/pioneer-router-dct-wr204-sh\/"]}]},{"@type":"ImageObject","inLanguage":"de-CH","@id":"https:\/\/campersim.com\/produkt\/pioneer-router-dct-wr204-sh\/#primaryimage","url":"https:\/\/campersim.com\/wp-content\/uploads\/2024\/02\/Pioneer-Router-DCT-WR204-SH-01.jpg","contentUrl":"https:\/\/campersim.com\/wp-content\/uploads\/2024\/02\/Pioneer-Router-DCT-WR204-SH-01.jpg","width":2048,"height":2048,"caption":"Pioneer Router DCT WR204 SH;Pioneer Router"},{"@type":"BreadcrumbList","@id":"https:\/\/campersim.com\/produkt\/pioneer-router-dct-wr204-sh\/#breadcrumb","itemListElement":[{"@type":"ListItem","position":1,"name":"Startseite","item":"https:\/\/campersim.com\/"},{"@type":"ListItem","position":2,"name":"Pioneer Router DCT-WR204-SH inkl. CAMPERSIM"}]},{"@type":"WebSite","@id":"https:\/\/campersim.com\/#website","url":"https:\/\/campersim.com\/","name":"CAMPERSIM - SIM Karte f\u00fcr Freizeitmobile","description":"","publisher":{"@id":"https:\/\/campersim.com\/#organization"},"potentialAction":[{"@type":"SearchAction","target":{"@type":"EntryPoint","urlTemplate":"https:\/\/campersim.com\/?s={search_term_string}"},"query-input":{"@type":"PropertyValueSpecification","valueRequired":true,"valueName":"search_term_string"}}],"inLanguage":"de-CH"},{"@type":"Organization","@id":"https:\/\/campersim.com\/#organization","name":"CAMPERSIM","url":"https:\/\/campersim.com\/","logo":{"@type":"ImageObject","inLanguage":"de-CH","@id":"https:\/\/campersim.com\/#\/schema\/logo\/image\/","url":"https:\/\/campersim.com\/wp-content\/uploads\/2023\/07\/cropped-favicon.jpg","contentUrl":"https:\/\/campersim.com\/wp-content\/uploads\/2023\/07\/cropped-favicon.jpg","width":512,"height":512,"caption":"CAMPERSIM"},"image":{"@id":"https:\/\/campersim.com\/#\/schema\/logo\/image\/"}}]}},"_links":{"self":[{"href":"https:\/\/campersim.com\/ch\/wp-json\/wp\/v2\/product\/2051","targetHints":{"allow":["GET"]}}],"collection":[{"href":"https:\/\/campersim.com\/ch\/wp-json\/wp\/v2\/product"}],"about":[{"href":"https:\/\/campersim.com\/ch\/wp-json\/wp\/v2\/types\/product"}],"wp:featuredmedia":[{"embeddable":true,"href":"https:\/\/campersim.com\/ch\/wp-json\/wp\/v2\/media\/6069"}],"wp:attachment":[{"href":"https:\/\/campersim.com\/ch\/wp-json\/wp\/v2\/media?parent=2051"}],"wp:term":[{"taxonomy":"product_brand","embeddable":true,"href":"https:\/\/campersim.com\/ch\/wp-json\/wp\/v2\/product_brand?post=2051"},{"taxonomy":"product_cat","embeddable":true,"href":"https:\/\/campersim.com\/ch\/wp-json\/wp\/v2\/product_cat?post=2051"},{"taxonomy":"product_tag","embeddable":true,"href":"https:\/\/campersim.com\/ch\/wp-json\/wp\/v2\/product_tag?post=2051"}],"curies":[{"name":"wp","href":"https:\/\/api.w.org\/{rel}","templated":true}]}}