{"id":5952,"date":"2025-01-15T16:34:21","date_gmt":"2025-01-15T15:34:21","guid":{"rendered":"https:\/\/campersim.com\/?post_type=product&#038;p=5952"},"modified":"2025-01-15T17:06:44","modified_gmt":"2025-01-15T16:06:44","slug":"selfsat-mwr-5550-4g-lte-5g-wlan-internet-router-bis-33-gbps-inkl-5g-dachantenne-starlink-kompatibel","status":"publish","type":"product","link":"https:\/\/campersim.com\/ch\/produkt\/selfsat-mwr-5550-4g-lte-5g-wlan-internet-router-bis-33-gbps-inkl-5g-dachantenne-starlink-kompatibel\/","title":{"rendered":"SELFSAT MWR 5550 (4G \/ LTE \/ 5G &#038; WLAN Internet Router bis 3,3 Gbps inkl. 5G Dachantenne) &#8211; Starlink kompatibel"},"content":{"rendered":"<h2>Produktbeschreibung SELFSAT MWR 5550<\/h2>\n<p>Im Wohnmobil oder Wohnwagen ist eine stabile Internetverbindung oft eine Herausforderung. <strong>SELFSAT<\/strong> bietet verschiedene L\u00f6sungen f\u00fcr eine WLAN-Versorgung unterwegs. Diese Router k\u00f6nnen \u00fcber das 12 Volt Bordnetz betrieben werden und empfangen WLAN oder Mobilfunknetz-Signale von au\u00dfen, um sie im Fahrzeug als privates WLAN auszustrahlen. Eine Au\u00dfenantenne sorgt f\u00fcr guten Empfang und kann sowohl WLAN als auch Mobilfunknetz-Signale aufnehmen. Die Montage ist einfach und die Antenne ist staub- und wasserdicht. Die Verbindung mit dem <strong>SELFSAT MWR 5550 Router<\/strong> erfolgt \u00fcber QR-Codes oder WLAN-Namen und Passwort. Die Bedienung ist benutzerfreundlich und erfordert keine separate App. Der Router unterst\u00fctzt die Anmeldung an Campingplatz-WLANs mit Anmeldeseite (Captive Portal), die GPS-Ortung des Wohnmobils, die Installation von VPNs zum Streamen im Ausland und ist <span style=\"color: #f16f32;\"><strong>Starlink kompatibel<\/strong><\/span>.<\/p>\n<p>&nbsp;<\/p>\n<h3>Der SELFSAT MWR 5550 im \u00dcberblick<\/h3>\n<ul>\n<li>Mobiles Internet f\u00fcr Smartphone, Tablet, Laptop, Smart TV oder Spielekonsole<\/li>\n<li>Empfang von 5G \/ 4G LTE oder WLAN<\/li>\n<li>2 SIM-Karteneinsch\u00fcbe<\/li>\n<li>Einfache Einrichtung<\/li>\n<li>Ausgabe eines privaten, gesch\u00fctzten 2.4 GHz oder 5GHz WLAN-Netzes<\/li>\n<li>Download-Geschwindigkeit bis zu 3,3 Gbps<\/li>\n<\/ul>\n<p>&nbsp;<\/p>\n<h3>Technische Daten zum SELFSAT MWR 5550 Router<\/h3>\n<ul>\n<li>Unterst\u00fctzte Mobilfunk-Generationen: 5G (bis 3,3 Gbps), 4G LTE (Cat 20 bis zu 2,0 Gbps), 3G (bis zu 42 Mbps)<\/li>\n<li>Unterst\u00fctzte WiFi-Frequenzen (Eingang): 2.4 GHz, 5 GHz<\/li>\n<li>Unterst\u00fctzte WiFi-Frequenzen (Ausgabe): 2.4 GHz, 5 GHz<\/li>\n<li>Unterst\u00fctzt GPS zur Ortung und Zeitsynchronisation<\/li>\n<li>2 SIM-Karteneinsch\u00fcbe: Mini SIM (2FF)<\/li>\n<li>Ethernet Schnittstellen: 1 x WAN, 4 x LAN RJ45<\/li>\n<li>Spannungsversorgung: 9 &#8211; 50 Volt DC<\/li>\n<li>Abmessung: 132 x 45 x 96 mm<\/li>\n<li>Gewicht: 533 g<\/li>\n<li>Betriebstemperatur: -40\u00b0C &#8211; 75\u00b0C<\/li>\n<li>Schutzklasse: IP30<\/li>\n<li>EAN: 3700433800693<\/li>\n<li><span style=\"color: #f16f32;\"><strong>Starlink kompatibel<\/strong><\/span><\/li>\n<\/ul>\n<p>&nbsp;<\/p>\n<h3>Technische Daten Antenne f\u00fcr SELFSAT MWR 5550 Router<\/h3>\n<ul>\n<li>4G \/ LTE \/ 5G<\/li>\n<li>MIMO Frequenzbereich: 698 &#8211; 960 MHz, 1710 &#8211; 2690 MHz, 2900 &#8211; 3600 MHz<\/li>\n<li>Signalgewinn: 4 dBi<\/li>\n<li>Kabel: 4 x LMR100 (besonders niedriger Signalverlust), L\u00e4nge 1 m (1 m oder 2 m Kabelverl\u00e4ngerung optional erh\u00e4ltlich)<\/li>\n<li>Anschl\u00fcsse: SMA m\u00e4nnlich \/ male<\/li>\n<li>WLAN 2.4 GHz \/ 5 GHz<\/li>\n<li>Frequenzbereich: 2400 &#8211; 2483.5 MHz, 4900 &#8211; 5825 MHz<\/li>\n<li>Signalgewinn: 4 dBi<\/li>\n<li>Kabel: 1 x LMR100 (besonders niedriger Signalverlust), L\u00e4nge 1 m (1 m oder 2 m Kabelverl\u00e4ngerung optional erh\u00e4ltlich)<\/li>\n<li>Anschluss: RP-SMA m\u00e4nnlich \/ male<\/li>\n<li>GPS<\/li>\n<li>Frequenzbereich: 1.562 &#8211; 1612 MHz<\/li>\n<li>Signalgewinn: 26 dB<\/li>\n<li>Kabel: 1 x LMR100 (besonders niedriger Signalverlust), L\u00e4nge 1 m (1 m oder 2 m Kabelverl\u00e4ngerung optional erh\u00e4ltlich)<\/li>\n<li>Anschluss: SMA m\u00e4nnlich \/ male<\/li>\n<li>Betriebstemperatur: -40\u00b0C &#8211; 85\u00b0C<\/li>\n<li>Schutzklasse: IP67 (ausgenommen Kabelausgang)<\/li>\n<li>Abmessung: 189 x 182 x 85 mm<\/li>\n<\/ul>\n<p>&nbsp;<\/p>\n<h4>Lieferumfang beim Kauf eines SELFSAT MWR 5550 Router<\/h4>\n<ul>\n<li>MWR 5550 Router<\/li>\n<li>4-poliges Stromanschlusskabel (230 Volt Netzteil oder 12 Volt Zigarettenanz\u00fcnderkabel optional erh\u00e4ltlich)<\/li>\n<li>Montage-Kit<\/li>\n<li>2 SIM-Kartenadapter f\u00fcr Micro SIM oder Nano SIM auf Mini SIM<\/li>\n<li>SELFSAT Dachantenne<\/li>\n<li>Gewindeverl\u00e4ngerung Dachantenne<\/li>\n<li>WiFi Innenantenne<\/li>\n<li>Klettverschluss-Klebepunkte f\u00fcr WiFi Innenantenne<\/li>\n<li>Montage- und Bedienungsanleitung<\/li>\n<\/ul>","protected":false},"excerpt":{"rendered":"<p>Im Wohnmobil oder Wohnwagen ist eine stabile Internetverbindung oft eine Herausforderung. SELFSAT MWR 5550 bietet verschiedene L\u00f6sungen f\u00fcr eine WLAN-Versorgung unterwegs<\/p>","protected":false},"featured_media":5968,"template":"","meta":{"_acf_changed":false},"product_brand":[],"product_cat":[68],"product_tag":[],"class_list":{"0":"post-5952","1":"product","2":"type-product","3":"status-publish","4":"has-post-thumbnail","6":"product_cat-router","8":"first","9":"instock","10":"taxable","11":"shipping-taxable","12":"purchasable","13":"product-type-variable"},"acf":[],"yoast_head":"<!-- This site is optimized with the Yoast SEO plugin v26.3 - https:\/\/yoast.com\/wordpress\/plugins\/seo\/ -->\n<title>SELFSAT MWR 5550 (4G \/ LTE \/ 5G &amp; WLAN Internet Router bis 3,3 Gbps inkl. 5G Dachantenne) - Starlink kompatibel - CAMPERSIM - SIM Karte f\u00fcr Freizeitmobile<\/title>\n<meta name=\"description\" content=\"Im Wohnmobil oder Wohnwagen ist eine stabile Internetverbindung oft eine Herausforderung. SELFSAT MWR 5550 bietet verschiedene L\u00f6sungen f\u00fcr eine WLAN-Versorgung unterwegs.\" \/>\n<meta name=\"robots\" content=\"index, follow, max-snippet:-1, max-image-preview:large, max-video-preview:-1\" \/>\n<link rel=\"canonical\" href=\"https:\/\/campersim.com\/ch\/produkt\/selfsat-mwr-5550-4g-lte-5g-wlan-internet-router-bis-33-gbps-inkl-5g-dachantenne-starlink-kompatibel\/\" \/>\n<meta property=\"og:locale\" content=\"de_DE\" \/>\n<meta property=\"og:type\" content=\"article\" \/>\n<meta property=\"og:title\" content=\"SELFSAT MWR 5550 (4G \/ LTE \/ 5G &amp; WLAN Internet Router bis 3,3 Gbps inkl. 5G Dachantenne) - Starlink kompatibel - CAMPERSIM - SIM Karte f\u00fcr Freizeitmobile\" \/>\n<meta property=\"og:description\" content=\"Im Wohnmobil oder Wohnwagen ist eine stabile Internetverbindung oft eine Herausforderung. SELFSAT MWR 5550 bietet verschiedene L\u00f6sungen f\u00fcr eine WLAN-Versorgung unterwegs.\" \/>\n<meta property=\"og:url\" content=\"https:\/\/campersim.com\/ch\/produkt\/selfsat-mwr-5550-4g-lte-5g-wlan-internet-router-bis-33-gbps-inkl-5g-dachantenne-starlink-kompatibel\/\" \/>\n<meta property=\"og:site_name\" content=\"CAMPERSIM - SIM Karte f\u00fcr Freizeitmobile\" \/>\n<meta property=\"article:modified_time\" content=\"2025-01-15T16:06:44+00:00\" \/>\n<meta property=\"og:image\" content=\"https:\/\/campersim.com\/wp-content\/uploads\/2025\/01\/SELFSAT-MWR-5550-Router-schwarz.jpg\" \/>\n\t<meta property=\"og:image:width\" content=\"1000\" \/>\n\t<meta property=\"og:image:height\" content=\"1000\" \/>\n\t<meta property=\"og:image:type\" content=\"image\/jpeg\" \/>\n<meta name=\"twitter:card\" content=\"summary_large_image\" \/>\n<script type=\"application\/ld+json\" class=\"yoast-schema-graph\">{\"@context\":\"https:\/\/schema.org\",\"@graph\":[{\"@type\":\"WebPage\",\"@id\":\"https:\/\/campersim.com\/produkt\/selfsat-mwr-5550-4g-lte-5g-wlan-internet-router-bis-33-gbps-inkl-5g-dachantenne-starlink-kompatibel\/\",\"url\":\"https:\/\/campersim.com\/produkt\/selfsat-mwr-5550-4g-lte-5g-wlan-internet-router-bis-33-gbps-inkl-5g-dachantenne-starlink-kompatibel\/\",\"name\":\"SELFSAT MWR 5550 (4G \/ LTE \/ 5G & WLAN Internet Router bis 3,3 Gbps inkl. 5G Dachantenne) - Starlink kompatibel - CAMPERSIM - SIM Karte f\u00fcr Freizeitmobile\",\"isPartOf\":{\"@id\":\"https:\/\/campersim.com\/#website\"},\"primaryImageOfPage\":{\"@id\":\"https:\/\/campersim.com\/produkt\/selfsat-mwr-5550-4g-lte-5g-wlan-internet-router-bis-33-gbps-inkl-5g-dachantenne-starlink-kompatibel\/#primaryimage\"},\"image\":{\"@id\":\"https:\/\/campersim.com\/produkt\/selfsat-mwr-5550-4g-lte-5g-wlan-internet-router-bis-33-gbps-inkl-5g-dachantenne-starlink-kompatibel\/#primaryimage\"},\"thumbnailUrl\":\"https:\/\/campersim.com\/wp-content\/uploads\/2025\/01\/SELFSAT-MWR-5550-Router-schwarz.jpg\",\"datePublished\":\"2025-01-15T15:34:21+00:00\",\"dateModified\":\"2025-01-15T16:06:44+00:00\",\"description\":\"Im Wohnmobil oder Wohnwagen ist eine stabile Internetverbindung oft eine Herausforderung. SELFSAT MWR 5550 bietet verschiedene L\u00f6sungen f\u00fcr eine WLAN-Versorgung unterwegs.\",\"breadcrumb\":{\"@id\":\"https:\/\/campersim.com\/produkt\/selfsat-mwr-5550-4g-lte-5g-wlan-internet-router-bis-33-gbps-inkl-5g-dachantenne-starlink-kompatibel\/#breadcrumb\"},\"inLanguage\":\"de-CH\",\"potentialAction\":[{\"@type\":\"ReadAction\",\"target\":[\"https:\/\/campersim.com\/produkt\/selfsat-mwr-5550-4g-lte-5g-wlan-internet-router-bis-33-gbps-inkl-5g-dachantenne-starlink-kompatibel\/\"]}]},{\"@type\":\"ImageObject\",\"inLanguage\":\"de-CH\",\"@id\":\"https:\/\/campersim.com\/produkt\/selfsat-mwr-5550-4g-lte-5g-wlan-internet-router-bis-33-gbps-inkl-5g-dachantenne-starlink-kompatibel\/#primaryimage\",\"url\":\"https:\/\/campersim.com\/wp-content\/uploads\/2025\/01\/SELFSAT-MWR-5550-Router-schwarz.jpg\",\"contentUrl\":\"https:\/\/campersim.com\/wp-content\/uploads\/2025\/01\/SELFSAT-MWR-5550-Router-schwarz.jpg\",\"width\":1000,\"height\":1000,\"caption\":\"SELFSAT MWR 5550 Router\"},{\"@type\":\"BreadcrumbList\",\"@id\":\"https:\/\/campersim.com\/produkt\/selfsat-mwr-5550-4g-lte-5g-wlan-internet-router-bis-33-gbps-inkl-5g-dachantenne-starlink-kompatibel\/#breadcrumb\",\"itemListElement\":[{\"@type\":\"ListItem\",\"position\":1,\"name\":\"Startseite\",\"item\":\"https:\/\/campersim.com\/\"},{\"@type\":\"ListItem\",\"position\":2,\"name\":\"SELFSAT MWR 5550 (4G \/ LTE \/ 5G &#038; WLAN Internet Router bis 3,3 Gbps inkl. 5G Dachantenne) &#8211; Starlink kompatibel\"}]},{\"@type\":\"WebSite\",\"@id\":\"https:\/\/campersim.com\/#website\",\"url\":\"https:\/\/campersim.com\/\",\"name\":\"CAMPERSIM - SIM Karte f\u00fcr Freizeitmobile\",\"description\":\"\",\"publisher\":{\"@id\":\"https:\/\/campersim.com\/#organization\"},\"potentialAction\":[{\"@type\":\"SearchAction\",\"target\":{\"@type\":\"EntryPoint\",\"urlTemplate\":\"https:\/\/campersim.com\/?s={search_term_string}\"},\"query-input\":{\"@type\":\"PropertyValueSpecification\",\"valueRequired\":true,\"valueName\":\"search_term_string\"}}],\"inLanguage\":\"de-CH\"},{\"@type\":\"Organization\",\"@id\":\"https:\/\/campersim.com\/#organization\",\"name\":\"CAMPERSIM\",\"url\":\"https:\/\/campersim.com\/\",\"logo\":{\"@type\":\"ImageObject\",\"inLanguage\":\"de-CH\",\"@id\":\"https:\/\/campersim.com\/#\/schema\/logo\/image\/\",\"url\":\"https:\/\/campersim.com\/wp-content\/uploads\/2023\/07\/cropped-favicon.jpg\",\"contentUrl\":\"https:\/\/campersim.com\/wp-content\/uploads\/2023\/07\/cropped-favicon.jpg\",\"width\":512,\"height\":512,\"caption\":\"CAMPERSIM\"},\"image\":{\"@id\":\"https:\/\/campersim.com\/#\/schema\/logo\/image\/\"}}]}<\/script>\n<!-- \/ Yoast SEO plugin. -->","yoast_head_json":{"title":"SELFSAT MWR 5550 (4G \/ LTE \/ 5G & WLAN Internet Router bis 3,3 Gbps inkl. 5G Dachantenne) - Starlink kompatibel - CAMPERSIM - SIM Karte f\u00fcr Freizeitmobile","description":"Im Wohnmobil oder Wohnwagen ist eine stabile Internetverbindung oft eine Herausforderung. SELFSAT MWR 5550 bietet verschiedene L\u00f6sungen f\u00fcr eine WLAN-Versorgung unterwegs.","robots":{"index":"index","follow":"follow","max-snippet":"max-snippet:-1","max-image-preview":"max-image-preview:large","max-video-preview":"max-video-preview:-1"},"canonical":"https:\/\/campersim.com\/ch\/produkt\/selfsat-mwr-5550-4g-lte-5g-wlan-internet-router-bis-33-gbps-inkl-5g-dachantenne-starlink-kompatibel\/","og_locale":"de_DE","og_type":"article","og_title":"SELFSAT MWR 5550 (4G \/ LTE \/ 5G & WLAN Internet Router bis 3,3 Gbps inkl. 5G Dachantenne) - Starlink kompatibel - CAMPERSIM - SIM Karte f\u00fcr Freizeitmobile","og_description":"Im Wohnmobil oder Wohnwagen ist eine stabile Internetverbindung oft eine Herausforderung. SELFSAT MWR 5550 bietet verschiedene L\u00f6sungen f\u00fcr eine WLAN-Versorgung unterwegs.","og_url":"https:\/\/campersim.com\/ch\/produkt\/selfsat-mwr-5550-4g-lte-5g-wlan-internet-router-bis-33-gbps-inkl-5g-dachantenne-starlink-kompatibel\/","og_site_name":"CAMPERSIM - SIM Karte f\u00fcr Freizeitmobile","article_modified_time":"2025-01-15T16:06:44+00:00","og_image":[{"width":1000,"height":1000,"url":"https:\/\/campersim.com\/wp-content\/uploads\/2025\/01\/SELFSAT-MWR-5550-Router-schwarz.jpg","type":"image\/jpeg"}],"twitter_card":"summary_large_image","schema":{"@context":"https:\/\/schema.org","@graph":[{"@type":"WebPage","@id":"https:\/\/campersim.com\/produkt\/selfsat-mwr-5550-4g-lte-5g-wlan-internet-router-bis-33-gbps-inkl-5g-dachantenne-starlink-kompatibel\/","url":"https:\/\/campersim.com\/produkt\/selfsat-mwr-5550-4g-lte-5g-wlan-internet-router-bis-33-gbps-inkl-5g-dachantenne-starlink-kompatibel\/","name":"SELFSAT MWR 5550 (4G \/ LTE \/ 5G & WLAN Internet Router bis 3,3 Gbps inkl. 5G Dachantenne) - Starlink kompatibel - CAMPERSIM - SIM Karte f\u00fcr Freizeitmobile","isPartOf":{"@id":"https:\/\/campersim.com\/#website"},"primaryImageOfPage":{"@id":"https:\/\/campersim.com\/produkt\/selfsat-mwr-5550-4g-lte-5g-wlan-internet-router-bis-33-gbps-inkl-5g-dachantenne-starlink-kompatibel\/#primaryimage"},"image":{"@id":"https:\/\/campersim.com\/produkt\/selfsat-mwr-5550-4g-lte-5g-wlan-internet-router-bis-33-gbps-inkl-5g-dachantenne-starlink-kompatibel\/#primaryimage"},"thumbnailUrl":"https:\/\/campersim.com\/wp-content\/uploads\/2025\/01\/SELFSAT-MWR-5550-Router-schwarz.jpg","datePublished":"2025-01-15T15:34:21+00:00","dateModified":"2025-01-15T16:06:44+00:00","description":"Im Wohnmobil oder Wohnwagen ist eine stabile Internetverbindung oft eine Herausforderung. SELFSAT MWR 5550 bietet verschiedene L\u00f6sungen f\u00fcr eine WLAN-Versorgung unterwegs.","breadcrumb":{"@id":"https:\/\/campersim.com\/produkt\/selfsat-mwr-5550-4g-lte-5g-wlan-internet-router-bis-33-gbps-inkl-5g-dachantenne-starlink-kompatibel\/#breadcrumb"},"inLanguage":"de-CH","potentialAction":[{"@type":"ReadAction","target":["https:\/\/campersim.com\/produkt\/selfsat-mwr-5550-4g-lte-5g-wlan-internet-router-bis-33-gbps-inkl-5g-dachantenne-starlink-kompatibel\/"]}]},{"@type":"ImageObject","inLanguage":"de-CH","@id":"https:\/\/campersim.com\/produkt\/selfsat-mwr-5550-4g-lte-5g-wlan-internet-router-bis-33-gbps-inkl-5g-dachantenne-starlink-kompatibel\/#primaryimage","url":"https:\/\/campersim.com\/wp-content\/uploads\/2025\/01\/SELFSAT-MWR-5550-Router-schwarz.jpg","contentUrl":"https:\/\/campersim.com\/wp-content\/uploads\/2025\/01\/SELFSAT-MWR-5550-Router-schwarz.jpg","width":1000,"height":1000,"caption":"SELFSAT MWR 5550 Router"},{"@type":"BreadcrumbList","@id":"https:\/\/campersim.com\/produkt\/selfsat-mwr-5550-4g-lte-5g-wlan-internet-router-bis-33-gbps-inkl-5g-dachantenne-starlink-kompatibel\/#breadcrumb","itemListElement":[{"@type":"ListItem","position":1,"name":"Startseite","item":"https:\/\/campersim.com\/"},{"@type":"ListItem","position":2,"name":"SELFSAT MWR 5550 (4G \/ LTE \/ 5G &#038; WLAN Internet Router bis 3,3 Gbps inkl. 5G Dachantenne) &#8211; Starlink kompatibel"}]},{"@type":"WebSite","@id":"https:\/\/campersim.com\/#website","url":"https:\/\/campersim.com\/","name":"CAMPERSIM - SIM Karte f\u00fcr Freizeitmobile","description":"","publisher":{"@id":"https:\/\/campersim.com\/#organization"},"potentialAction":[{"@type":"SearchAction","target":{"@type":"EntryPoint","urlTemplate":"https:\/\/campersim.com\/?s={search_term_string}"},"query-input":{"@type":"PropertyValueSpecification","valueRequired":true,"valueName":"search_term_string"}}],"inLanguage":"de-CH"},{"@type":"Organization","@id":"https:\/\/campersim.com\/#organization","name":"CAMPERSIM","url":"https:\/\/campersim.com\/","logo":{"@type":"ImageObject","inLanguage":"de-CH","@id":"https:\/\/campersim.com\/#\/schema\/logo\/image\/","url":"https:\/\/campersim.com\/wp-content\/uploads\/2023\/07\/cropped-favicon.jpg","contentUrl":"https:\/\/campersim.com\/wp-content\/uploads\/2023\/07\/cropped-favicon.jpg","width":512,"height":512,"caption":"CAMPERSIM"},"image":{"@id":"https:\/\/campersim.com\/#\/schema\/logo\/image\/"}}]}},"_links":{"self":[{"href":"https:\/\/campersim.com\/ch\/wp-json\/wp\/v2\/product\/5952","targetHints":{"allow":["GET"]}}],"collection":[{"href":"https:\/\/campersim.com\/ch\/wp-json\/wp\/v2\/product"}],"about":[{"href":"https:\/\/campersim.com\/ch\/wp-json\/wp\/v2\/types\/product"}],"wp:featuredmedia":[{"embeddable":true,"href":"https:\/\/campersim.com\/ch\/wp-json\/wp\/v2\/media\/5968"}],"wp:attachment":[{"href":"https:\/\/campersim.com\/ch\/wp-json\/wp\/v2\/media?parent=5952"}],"wp:term":[{"taxonomy":"product_brand","embeddable":true,"href":"https:\/\/campersim.com\/ch\/wp-json\/wp\/v2\/product_brand?post=5952"},{"taxonomy":"product_cat","embeddable":true,"href":"https:\/\/campersim.com\/ch\/wp-json\/wp\/v2\/product_cat?post=5952"},{"taxonomy":"product_tag","embeddable":true,"href":"https:\/\/campersim.com\/ch\/wp-json\/wp\/v2\/product_tag?post=5952"}],"curies":[{"name":"wp","href":"https:\/\/api.w.org\/{rel}","templated":true}]}}