{"id":5985,"date":"2025-01-20T08:08:45","date_gmt":"2025-01-20T07:08:45","guid":{"rendered":"https:\/\/campersim.com\/?post_type=product&#038;p=5985"},"modified":"2025-01-20T14:47:00","modified_gmt":"2025-01-20T13:47:00","slug":"selfsat-mwr-4540-4g-cat-6-wlan-router-bis-300-mbps-inkl-5g-antenne","status":"publish","type":"product","link":"https:\/\/campersim.com\/ch\/produkt\/selfsat-mwr-4540-4g-cat-6-wlan-router-bis-300-mbps-inkl-5g-antenne\/","title":{"rendered":"SELFSAT MWR 4540 4G Cat 6 WLAN Router, bis 300 Mbps, inkl. 5G Antenne"},"content":{"rendered":"<p>Im Wohnmobil oder Wohnwagen ist eine stabile Internetverbindung f\u00fcr Smartphone, Tablet, Laptop, Smart TV oder Spielekonsole oft eine Herausforderung. SELFSAT bietet verschiedene L\u00f6sungen f\u00fcr WLAN-Versorgung unterwegs. Die SELFSAT Router k\u00f6nnen \u00fcber das 12\/24 Volt Bordnetz betrieben werden und empfangen WLAN oder Mobilfunknetz-Signale von au\u00dfen, um sie im Fahrzeug als privates, gesch\u00fctztes WLAN auszustrahlen. Eine Au\u00dfenantenne sorgt f\u00fcr guten Empfang und die \u00dcberbr\u00fcckung der Abschirmung der Au\u00dfenh\u00fclle des Fahrzeugs. Die Montage ist einfach und die Antenne ist staub- und wasserdicht. Die Verbindung mit dem Router erfolgt \u00fcber QR-Codes oder WLAN-Namen und Passwort. Die Bedienung ist benutzerfreundlich, erfolgt \u00fcber den Internet Browser und erfordert somit keine separate App. Der Router unterst\u00fctzt die Anmeldung an Campingplatz-WLANs mit Anmeldeseite (Captive Portal), die GPS-Ortung des Wohnmobils, die Installation von VPNs zum Streamen im Ausland und ist Starlink kompatibel.<\/p>\n<ul>\n<li>Verbindung zum 4G LTE Mobilfunknetz (Cat 6, bis zu 300 Mbps)<\/li>\n<li>Verbindung zu Campingplatz-WLANs mit und ohne Anmeldeseite (Captive Portal)<\/li>\n<li>Verbindung zu Starlink bei Anschluss einer Starlink Antenne<\/li>\n<li>2 SIM-Karten-Einsch\u00fcbe<\/li>\n<li>Besonders einfache Einrichtung und Bedienung<\/li>\n<li>GPS-Ortung des Wohnmobils oder Wohnwagens m\u00f6glich<\/li>\n<li>VPN-f\u00e4hig, z. B. zum Streamen im Ausland<\/li>\n<\/ul>\n<p><strong>Technische Daten Router<\/strong>:<\/p>\n<ul>\n<li>Unterst\u00fctzte Mobilfunk-Generationen: 4G LTE (bis 300 Mbps), 3G (bis zu 42 Mbps)<\/li>\n<li>Unterst\u00fctzte WiFi-Frequenzen (Eingang): 2.4 GHz, 5 GHz<\/li>\n<li>Unterst\u00fctzte WiFi-Frequenzen (Ausgabe): 2.4 GHz, 5 GHz<\/li>\n<li>Unterst\u00fctzt GPS zur Ortung und Zeitsynchronisation<\/li>\n<li>2 SIM-Karteneinsch\u00fcbe: Mini SIM (2FF)<\/li>\n<li>Ethernet Schnittstellen: 1 x WAN, 3 x LAN RJ45<\/li>\n<li>Spannungsversorgung: 9 &#8211; 50 Volt DC<\/li>\n<li>Abmessung: 115 x 44,2 x 95,1 mm<\/li>\n<li>Gewicht: 460 g<\/li>\n<li>Betriebstemperatur: -40\u00b0C &#8211; 75\u00b0C<\/li>\n<li>Schutzklasse: IP30<\/li>\n<\/ul>\n<p><strong>Technische Daten SELFSAT Dachantenne:<\/strong><\/p>\n<ul>\n<li>4G \/ LTE \/ 5G<\/li>\n<li>MIMO Frequenzbereich: 698 &#8211; 960 MHz, 1710 &#8211; 3690 MHz, 2900 &#8211; 3600 MHz<\/li>\n<li>Signalgewinn: 698 &#8211; 960 MHz +4 dBi; 1710 &#8211; 2690 MHz +4 dBi, 2900 &#8211; 3600 MHz +4 dBi<\/li>\n<li>Kabel: 4 x LMR100, L\u00e4nge 1 m (1 m oder 2 m Kabelverl\u00e4ngerung optional erh\u00e4ltlich)<\/li>\n<li>Anschl\u00fcsse: SMA m\u00e4nnlich \/ male<\/li>\n<li>WLAN 2.4 GHz \/ 5 GHz<\/li>\n<li>Signalgewinn: +4 dBi<\/li>\n<li>Kabel: 1 x LMR100, L\u00e4nge 1 m (1 m oder 2 m Kabelverl\u00e4ngerung optional erh\u00e4ltlich)<\/li>\n<li>Anschluss: RP-SMA m\u00e4nnlich \/ male<\/li>\n<li>GPS<\/li>\n<li>Frequenzbereich: 1.562 &#8211; 1612 MHz<\/li>\n<li>Signalgewinn: +26 dBi<\/li>\n<li>Kabel: 1 x LMR100, L\u00e4nge 1 m (1 m oder 2 m Kabelverl\u00e4ngerung optional erh\u00e4ltlich)<\/li>\n<li>Anschluss: SMA m\u00e4nnlich \/ male<\/li>\n<li>Betriebstemperatur: -40\u00b0C &#8211; 85\u00b0C<\/li>\n<li>Schutzklasse: IP67 (ausgenommen Kabelausgang)<\/li>\n<li>Abmessung: 189 x 182 x 85 mm<\/li>\n<\/ul>\n<p><strong>Technische Daten Panorama Dachantenne:<\/strong><\/p>\n<ul>\n<li>4G \/ LTE \/ 5G<\/li>\n<li>MIMO Frequenzbereich: 617 &#8211; 960 MHz, 1710 &#8211; 3800 MHz, 4900 &#8211; 6000 MHz<\/li>\n<li>Signalgewinn: 617 &#8211; 960 MHz +4 dBi; 1710 &#8211; 3800 MHz +8 dBi, 4900 &#8211; 6000 MHz +9 dBi<\/li>\n<li>Kabel: 4 x RG174, L\u00e4nge 1 m (1 m oder 2 m Kabelverl\u00e4ngerung optional erh\u00e4ltlich)<\/li>\n<li>Anschl\u00fcsse: SMA m\u00e4nnlich \/ male<\/li>\n<li>WLAN 2.4 GHz \/ 5 GHz<\/li>\n<li>Signalgewinn: +9 dBi<\/li>\n<li>Kabel: 2 x RG174, L\u00e4nge 1 m (1 m oder 2 m Kabelverl\u00e4ngerung optional erh\u00e4ltlich)<\/li>\n<li>Anschluss: RP-SMA m\u00e4nnlich \/ male<\/li>\n<li>GPS<\/li>\n<li>Frequenzbereich: 1.562 &#8211; 1612 MHz<\/li>\n<li>Signalgewinn: +26 dBi<\/li>\n<li>Kabel: 1 x RG174, L\u00e4nge 1 m (1 m oder 2 m Kabelverl\u00e4ngerung optional erh\u00e4ltlich)<\/li>\n<li>Anschluss: SMA m\u00e4nnlich \/ male<\/li>\n<li>Betriebstemperatur: -40\u00b0C &#8211; 80\u00b0C<\/li>\n<li>Schutzklasse: IP69K (ausgenommen Kabelausgang)<\/li>\n<li>Abmessung: 180 x 80 mm<\/li>\n<\/ul>\n<p><strong>Lieferumfang:<\/strong><\/p>\n<ul>\n<li>MWR 4540 Router<\/li>\n<li>4-poliges Stromanschlusskabel (230 Volt Netzteil oder 12 Volt Zigarettenanz\u00fcnderkabel optional erh\u00e4ltlich)<\/li>\n<li>Montage-Kit<\/li>\n<li>2 SIM-Kartenadapter f\u00fcr Micro SIM oder Nano SIM auf Mini SIM<\/li>\n<li>Dachantenne<\/li>\n<li>Gewindeverl\u00e4ngerung<\/li>\n<li>WiFi Innenantenne<\/li>\n<li>Klettverschluss-Klebepunkte f\u00fcr WiFi Innenantenne<\/li>\n<li>Montage- und Bedienungsanleitung<\/li>\n<\/ul>\n<p><strong>Antenne erh\u00e4ltlich in den Farben:<\/strong><\/p>\n<ul>\n<li>schwarz<\/li>\n<li>wei\u00df<\/li>\n<\/ul>","protected":false},"excerpt":{"rendered":"<p>Im Wohnmobil oder Wohnwagen ist eine stabile Internetverbindung f\u00fcr Smartphone, Tablet, Laptop, Smart TV oder Spielekonsole oft&#8230;<\/p>","protected":false},"featured_media":5997,"template":"","meta":{"_acf_changed":false},"product_brand":[],"product_cat":[68],"product_tag":[],"class_list":{"0":"post-5985","1":"product","2":"type-product","3":"status-publish","4":"has-post-thumbnail","6":"product_cat-router","8":"first","9":"instock","10":"taxable","11":"shipping-taxable","12":"purchasable","13":"product-type-variable"},"acf":[],"yoast_head":"<!-- This site is optimized with the Yoast SEO plugin v26.3 - https:\/\/yoast.com\/wordpress\/plugins\/seo\/ -->\n<title>SELFSAT MWR 4540 4G Cat 6 WLAN Router, bis 300 Mbps, inkl. 5G Antenne - CAMPERSIM - SIM Karte f\u00fcr Freizeitmobile<\/title>\n<meta name=\"robots\" content=\"index, follow, max-snippet:-1, max-image-preview:large, max-video-preview:-1\" \/>\n<link rel=\"canonical\" href=\"https:\/\/campersim.com\/ch\/produkt\/selfsat-mwr-4540-4g-cat-6-wlan-router-bis-300-mbps-inkl-5g-antenne\/\" \/>\n<meta property=\"og:locale\" content=\"de_DE\" \/>\n<meta property=\"og:type\" content=\"article\" \/>\n<meta property=\"og:title\" content=\"SELFSAT MWR 4540 4G Cat 6 WLAN Router, bis 300 Mbps, inkl. 5G Antenne - CAMPERSIM - SIM Karte f\u00fcr Freizeitmobile\" \/>\n<meta property=\"og:description\" content=\"Im Wohnmobil oder Wohnwagen ist eine stabile Internetverbindung f\u00fcr Smartphone, Tablet, Laptop, Smart TV oder Spielekonsole oft...\" \/>\n<meta property=\"og:url\" content=\"https:\/\/campersim.com\/ch\/produkt\/selfsat-mwr-4540-4g-cat-6-wlan-router-bis-300-mbps-inkl-5g-antenne\/\" \/>\n<meta property=\"og:site_name\" content=\"CAMPERSIM - SIM Karte f\u00fcr Freizeitmobile\" \/>\n<meta property=\"article:modified_time\" content=\"2025-01-20T13:47:00+00:00\" \/>\n<meta property=\"og:image\" content=\"https:\/\/campersim.com\/wp-content\/uploads\/2025\/01\/SELFSAT-Router-schwarz-600x600-1.jpg\" \/>\n\t<meta property=\"og:image:width\" content=\"600\" \/>\n\t<meta property=\"og:image:height\" content=\"600\" \/>\n\t<meta property=\"og:image:type\" content=\"image\/jpeg\" \/>\n<meta name=\"twitter:card\" content=\"summary_large_image\" \/>\n<script type=\"application\/ld+json\" class=\"yoast-schema-graph\">{\"@context\":\"https:\/\/schema.org\",\"@graph\":[{\"@type\":\"WebPage\",\"@id\":\"https:\/\/campersim.com\/produkt\/selfsat-mwr-4540-4g-cat-6-wlan-router-bis-300-mbps-inkl-5g-antenne\/\",\"url\":\"https:\/\/campersim.com\/produkt\/selfsat-mwr-4540-4g-cat-6-wlan-router-bis-300-mbps-inkl-5g-antenne\/\",\"name\":\"SELFSAT MWR 4540 4G Cat 6 WLAN Router, bis 300 Mbps, inkl. 5G Antenne - CAMPERSIM - SIM Karte f\u00fcr Freizeitmobile\",\"isPartOf\":{\"@id\":\"https:\/\/campersim.com\/#website\"},\"primaryImageOfPage\":{\"@id\":\"https:\/\/campersim.com\/produkt\/selfsat-mwr-4540-4g-cat-6-wlan-router-bis-300-mbps-inkl-5g-antenne\/#primaryimage\"},\"image\":{\"@id\":\"https:\/\/campersim.com\/produkt\/selfsat-mwr-4540-4g-cat-6-wlan-router-bis-300-mbps-inkl-5g-antenne\/#primaryimage\"},\"thumbnailUrl\":\"https:\/\/campersim.com\/wp-content\/uploads\/2025\/01\/SELFSAT-Router-schwarz-600x600-1.jpg\",\"datePublished\":\"2025-01-20T07:08:45+00:00\",\"dateModified\":\"2025-01-20T13:47:00+00:00\",\"breadcrumb\":{\"@id\":\"https:\/\/campersim.com\/produkt\/selfsat-mwr-4540-4g-cat-6-wlan-router-bis-300-mbps-inkl-5g-antenne\/#breadcrumb\"},\"inLanguage\":\"de-CH\",\"potentialAction\":[{\"@type\":\"ReadAction\",\"target\":[\"https:\/\/campersim.com\/produkt\/selfsat-mwr-4540-4g-cat-6-wlan-router-bis-300-mbps-inkl-5g-antenne\/\"]}]},{\"@type\":\"ImageObject\",\"inLanguage\":\"de-CH\",\"@id\":\"https:\/\/campersim.com\/produkt\/selfsat-mwr-4540-4g-cat-6-wlan-router-bis-300-mbps-inkl-5g-antenne\/#primaryimage\",\"url\":\"https:\/\/campersim.com\/wp-content\/uploads\/2025\/01\/SELFSAT-Router-schwarz-600x600-1.jpg\",\"contentUrl\":\"https:\/\/campersim.com\/wp-content\/uploads\/2025\/01\/SELFSAT-Router-schwarz-600x600-1.jpg\",\"width\":600,\"height\":600},{\"@type\":\"BreadcrumbList\",\"@id\":\"https:\/\/campersim.com\/produkt\/selfsat-mwr-4540-4g-cat-6-wlan-router-bis-300-mbps-inkl-5g-antenne\/#breadcrumb\",\"itemListElement\":[{\"@type\":\"ListItem\",\"position\":1,\"name\":\"Startseite\",\"item\":\"https:\/\/campersim.com\/\"},{\"@type\":\"ListItem\",\"position\":2,\"name\":\"SELFSAT MWR 4540 4G Cat 6 WLAN Router, bis 300 Mbps, inkl. 5G Antenne\"}]},{\"@type\":\"WebSite\",\"@id\":\"https:\/\/campersim.com\/#website\",\"url\":\"https:\/\/campersim.com\/\",\"name\":\"CAMPERSIM - SIM Karte f\u00fcr Freizeitmobile\",\"description\":\"\",\"publisher\":{\"@id\":\"https:\/\/campersim.com\/#organization\"},\"potentialAction\":[{\"@type\":\"SearchAction\",\"target\":{\"@type\":\"EntryPoint\",\"urlTemplate\":\"https:\/\/campersim.com\/?s={search_term_string}\"},\"query-input\":{\"@type\":\"PropertyValueSpecification\",\"valueRequired\":true,\"valueName\":\"search_term_string\"}}],\"inLanguage\":\"de-CH\"},{\"@type\":\"Organization\",\"@id\":\"https:\/\/campersim.com\/#organization\",\"name\":\"CAMPERSIM\",\"url\":\"https:\/\/campersim.com\/\",\"logo\":{\"@type\":\"ImageObject\",\"inLanguage\":\"de-CH\",\"@id\":\"https:\/\/campersim.com\/#\/schema\/logo\/image\/\",\"url\":\"https:\/\/campersim.com\/wp-content\/uploads\/2023\/07\/cropped-favicon.jpg\",\"contentUrl\":\"https:\/\/campersim.com\/wp-content\/uploads\/2023\/07\/cropped-favicon.jpg\",\"width\":512,\"height\":512,\"caption\":\"CAMPERSIM\"},\"image\":{\"@id\":\"https:\/\/campersim.com\/#\/schema\/logo\/image\/\"}}]}<\/script>\n<!-- \/ Yoast SEO plugin. -->","yoast_head_json":{"title":"SELFSAT MWR 4540 4G Cat 6 WLAN Router, bis 300 Mbps, inkl. 5G Antenne - CAMPERSIM - SIM Karte f\u00fcr Freizeitmobile","robots":{"index":"index","follow":"follow","max-snippet":"max-snippet:-1","max-image-preview":"max-image-preview:large","max-video-preview":"max-video-preview:-1"},"canonical":"https:\/\/campersim.com\/ch\/produkt\/selfsat-mwr-4540-4g-cat-6-wlan-router-bis-300-mbps-inkl-5g-antenne\/","og_locale":"de_DE","og_type":"article","og_title":"SELFSAT MWR 4540 4G Cat 6 WLAN Router, bis 300 Mbps, inkl. 5G Antenne - CAMPERSIM - SIM Karte f\u00fcr Freizeitmobile","og_description":"Im Wohnmobil oder Wohnwagen ist eine stabile Internetverbindung f\u00fcr Smartphone, Tablet, Laptop, Smart TV oder Spielekonsole oft...","og_url":"https:\/\/campersim.com\/ch\/produkt\/selfsat-mwr-4540-4g-cat-6-wlan-router-bis-300-mbps-inkl-5g-antenne\/","og_site_name":"CAMPERSIM - SIM Karte f\u00fcr Freizeitmobile","article_modified_time":"2025-01-20T13:47:00+00:00","og_image":[{"width":600,"height":600,"url":"https:\/\/campersim.com\/wp-content\/uploads\/2025\/01\/SELFSAT-Router-schwarz-600x600-1.jpg","type":"image\/jpeg"}],"twitter_card":"summary_large_image","schema":{"@context":"https:\/\/schema.org","@graph":[{"@type":"WebPage","@id":"https:\/\/campersim.com\/produkt\/selfsat-mwr-4540-4g-cat-6-wlan-router-bis-300-mbps-inkl-5g-antenne\/","url":"https:\/\/campersim.com\/produkt\/selfsat-mwr-4540-4g-cat-6-wlan-router-bis-300-mbps-inkl-5g-antenne\/","name":"SELFSAT MWR 4540 4G Cat 6 WLAN Router, bis 300 Mbps, inkl. 5G Antenne - CAMPERSIM - SIM Karte f\u00fcr Freizeitmobile","isPartOf":{"@id":"https:\/\/campersim.com\/#website"},"primaryImageOfPage":{"@id":"https:\/\/campersim.com\/produkt\/selfsat-mwr-4540-4g-cat-6-wlan-router-bis-300-mbps-inkl-5g-antenne\/#primaryimage"},"image":{"@id":"https:\/\/campersim.com\/produkt\/selfsat-mwr-4540-4g-cat-6-wlan-router-bis-300-mbps-inkl-5g-antenne\/#primaryimage"},"thumbnailUrl":"https:\/\/campersim.com\/wp-content\/uploads\/2025\/01\/SELFSAT-Router-schwarz-600x600-1.jpg","datePublished":"2025-01-20T07:08:45+00:00","dateModified":"2025-01-20T13:47:00+00:00","breadcrumb":{"@id":"https:\/\/campersim.com\/produkt\/selfsat-mwr-4540-4g-cat-6-wlan-router-bis-300-mbps-inkl-5g-antenne\/#breadcrumb"},"inLanguage":"de-CH","potentialAction":[{"@type":"ReadAction","target":["https:\/\/campersim.com\/produkt\/selfsat-mwr-4540-4g-cat-6-wlan-router-bis-300-mbps-inkl-5g-antenne\/"]}]},{"@type":"ImageObject","inLanguage":"de-CH","@id":"https:\/\/campersim.com\/produkt\/selfsat-mwr-4540-4g-cat-6-wlan-router-bis-300-mbps-inkl-5g-antenne\/#primaryimage","url":"https:\/\/campersim.com\/wp-content\/uploads\/2025\/01\/SELFSAT-Router-schwarz-600x600-1.jpg","contentUrl":"https:\/\/campersim.com\/wp-content\/uploads\/2025\/01\/SELFSAT-Router-schwarz-600x600-1.jpg","width":600,"height":600},{"@type":"BreadcrumbList","@id":"https:\/\/campersim.com\/produkt\/selfsat-mwr-4540-4g-cat-6-wlan-router-bis-300-mbps-inkl-5g-antenne\/#breadcrumb","itemListElement":[{"@type":"ListItem","position":1,"name":"Startseite","item":"https:\/\/campersim.com\/"},{"@type":"ListItem","position":2,"name":"SELFSAT MWR 4540 4G Cat 6 WLAN Router, bis 300 Mbps, inkl. 5G Antenne"}]},{"@type":"WebSite","@id":"https:\/\/campersim.com\/#website","url":"https:\/\/campersim.com\/","name":"CAMPERSIM - SIM Karte f\u00fcr Freizeitmobile","description":"","publisher":{"@id":"https:\/\/campersim.com\/#organization"},"potentialAction":[{"@type":"SearchAction","target":{"@type":"EntryPoint","urlTemplate":"https:\/\/campersim.com\/?s={search_term_string}"},"query-input":{"@type":"PropertyValueSpecification","valueRequired":true,"valueName":"search_term_string"}}],"inLanguage":"de-CH"},{"@type":"Organization","@id":"https:\/\/campersim.com\/#organization","name":"CAMPERSIM","url":"https:\/\/campersim.com\/","logo":{"@type":"ImageObject","inLanguage":"de-CH","@id":"https:\/\/campersim.com\/#\/schema\/logo\/image\/","url":"https:\/\/campersim.com\/wp-content\/uploads\/2023\/07\/cropped-favicon.jpg","contentUrl":"https:\/\/campersim.com\/wp-content\/uploads\/2023\/07\/cropped-favicon.jpg","width":512,"height":512,"caption":"CAMPERSIM"},"image":{"@id":"https:\/\/campersim.com\/#\/schema\/logo\/image\/"}}]}},"_links":{"self":[{"href":"https:\/\/campersim.com\/ch\/wp-json\/wp\/v2\/product\/5985","targetHints":{"allow":["GET"]}}],"collection":[{"href":"https:\/\/campersim.com\/ch\/wp-json\/wp\/v2\/product"}],"about":[{"href":"https:\/\/campersim.com\/ch\/wp-json\/wp\/v2\/types\/product"}],"wp:featuredmedia":[{"embeddable":true,"href":"https:\/\/campersim.com\/ch\/wp-json\/wp\/v2\/media\/5997"}],"wp:attachment":[{"href":"https:\/\/campersim.com\/ch\/wp-json\/wp\/v2\/media?parent=5985"}],"wp:term":[{"taxonomy":"product_brand","embeddable":true,"href":"https:\/\/campersim.com\/ch\/wp-json\/wp\/v2\/product_brand?post=5985"},{"taxonomy":"product_cat","embeddable":true,"href":"https:\/\/campersim.com\/ch\/wp-json\/wp\/v2\/product_cat?post=5985"},{"taxonomy":"product_tag","embeddable":true,"href":"https:\/\/campersim.com\/ch\/wp-json\/wp\/v2\/product_tag?post=5985"}],"curies":[{"name":"wp","href":"https:\/\/api.w.org\/{rel}","templated":true}]}}