{"id":5397,"date":"2024-10-29T09:51:00","date_gmt":"2024-10-29T08:51:00","guid":{"rendered":"https:\/\/campersim.com\/?post_type=product&#038;p=5397"},"modified":"2024-10-29T09:54:01","modified_gmt":"2024-10-29T08:54:01","slug":"antennenset-fuer-rutx50-und-perfekten-radioempfang-m-15903","status":"publish","type":"product","link":"https:\/\/campersim.com\/en\/product\/antennenset-fuer-rutx50-und-perfekten-radioempfang-m-15903\/","title":{"rendered":"Antenna set for RUTX50 and perfect radio reception m. 15903"},"content":{"rendered":"<h2>Antenna for RUTX 50<\/h2>\n<h3>1 antenna for all functions!<\/h3>\n<p>Perfect FM and DAB+ reception with 41 cm radiator, as well as Internet via UMTS, LTE and 5G or WLAN. GPS\/GNSS function for navigation or router. The antenna is already capable of 5G reception! Even if you are still using an LTE router, the antenna is prepared for this when you purchase a new 5G router.<\/p>\n<h4>Panorama antenna suitable for all LTE and 5G routers.<\/h4>\n<p>The special feature of this antenna is that it has a 6th connection for combinations of FM; DAB+. The supplied radiator\/amplifier\/cable kit allows this connection to be used for the functions mentioned. In this case, the antenna must have a counter pole, i.e. be mounted on metal. We supply a white powder-coated stainless steel plate 40\u00d740 cm for this purpose.<\/p>\n<p>Especially for <a href=\"https:\/\/campersim.com\/en\/product\/teltonika-5g-wlan-router-rutx50\/\">RUTX50<\/a>RUTX14, RUTX12, but also backwards compatible with RutX11, Rut956, Rut955, Rut951, Rut950, Rut 360, CamperNet and all other 4G and 5G routers.<\/p>\n<p>The antenna is characterized by 4 receiving elements for LTE\/5G and WLAN, as well as an element for GPS\/Glonass and an element for the above-mentioned Radio UWK\/DAB+ application.<\/p>\n<h3>Technical data antenna RUTX 50:<\/h3>\n<ul>\n<li>Color: black<\/li>\n<li>Frequency: Element 1: 1562-1612MHz<\/li>\n<li>Element 2 &amp; 3: 698-960MHz, 1710-2170MHz, 2500-3800MHz<\/li>\n<li>Element 4 - 7: 2 x 2.4\/5.0\/7.1 GHz<\/li>\n<li>Element 1: 26dB<\/li>\n<li>Element 2 &amp; 3: 5dBi (617-960MHz), 8dBi (1710-3800MHz), 9dBi (4900-6000MHz)<\/li>\n<li>Element 4 - 7: 5dBi (2396-2485MHz), 11dBi (4900-7200MHz)<\/li>\n<li>Polarization: Vertical<\/li>\n<li>Radiation pattern: Omni-directional<\/li>\n<li>Resistance: 50 OHM<\/li>\n<li>Max. Input power: 10W\/ main spotlight 60W<\/li>\n<li>Mounting: 1-hole mounting 18mm<\/li>\n<li>Dimensions: Height without spotlight 90mm\/ Length 243mm\/ Width 63mm Material: ASA black<\/li>\n<li>Cable length 300mm<\/li>\n<\/ul>\n<p>&nbsp;<\/p>\n<h4>Plug:<\/h4>\n<ul>\n<li>4 x SMA connector (m) [4G\/5G]<\/li>\n<li>2 x SMA connector (f) [WIFI]<\/li>\n<li>FME socket (f) [GPS\/GNSS]<\/li>\n<li>Spotlight: FME (m)<\/li>\n<\/ul>\n<h4>Cable set:<\/h4>\n<p>The antenna is supplied with a cable set consisting of 7 cables for the above-mentioned routers, each 1.5 meters long:<\/p>\n<ul>\n<li>4 x LTE with SMA connector<\/li>\n<li>2 x WLAN with SMA RP connector<\/li>\n<li>1 x GPS with SMA connector<\/li>\n<\/ul>\n<h4>Scope of delivery:<\/h4>\n<ul>\n<li>Panoramic antenna PAN-ANT615B with cable set 1.5 m<\/li>\n<li>PAN-ANT287 add-on kit FM\/DAB+ with 7.5 m cable<\/li>\n<li>UNI-3L750, GPS cable set for navigation<\/li>\n<li>Adapter 8441 for GPS Use of the antenna for navigation<\/li>\n<li>15903w, stainless steel plate, white powder-coated, 40\u00d740 cm<\/li>\n<li>Articulated joint 4615_01<\/li>\n<\/ul>\n<p><span style=\"text-decoration: underline;\"><strong>Note:<\/strong><\/span> The GPS connection of the antenna can then be used either for 1 navigation or for the GPS function of a router.<\/p>","protected":false},"excerpt":{"rendered":"<p>The perfect antenna set for your RUTX50. FM and DAB+ reception with 41 cm radiator, as well as Internet via UMTS, LTE and 5G or WLAN. GPS\/GNSS function for navigation or router<\/p>","protected":false},"featured_media":5411,"template":"","meta":{"_acf_changed":false},"product_brand":[],"product_cat":[67],"product_tag":[],"class_list":{"0":"post-5397","1":"product","2":"type-product","3":"status-publish","4":"has-post-thumbnail","6":"product_cat-antennen","8":"first","9":"instock","10":"taxable","11":"shipping-taxable","12":"purchasable","13":"product-type-simple"},"acf":[],"yoast_head":"<!-- This site is optimized with the Yoast SEO plugin v26.3 - https:\/\/yoast.com\/wordpress\/plugins\/seo\/ -->\n<title>Antennenset f\u00fcr RUTX50 und perfekten Radioempfang m. 15903 - CAMPERSIM - SIM Karte f\u00fcr Freizeitmobile<\/title>\n<meta name=\"robots\" content=\"index, follow, max-snippet:-1, max-image-preview:large, max-video-preview:-1\" \/>\n<link rel=\"canonical\" href=\"https:\/\/campersim.com\/en\/product\/antennenset-fuer-rutx50-und-perfekten-radioempfang-m-15903\/\" \/>\n<meta property=\"og:locale\" content=\"en_US\" \/>\n<meta property=\"og:type\" content=\"article\" \/>\n<meta property=\"og:title\" content=\"Antennenset f\u00fcr RUTX50 und perfekten Radioempfang m. 15903 - CAMPERSIM - SIM Karte f\u00fcr Freizeitmobile\" \/>\n<meta property=\"og:description\" content=\"Das perfekte Antennen-Set f\u00fcr deinen RUTX50.\u00a0UKW und DAB+ Empfang mit 41 cm Strahler, sowie Internet \u00fcber UMTS, LTE und 5G oder WLAN. GPS\/GNSS Funktion f\u00fcr Navigation oder Router\" \/>\n<meta property=\"og:url\" content=\"https:\/\/campersim.com\/en\/product\/antennenset-fuer-rutx50-und-perfekten-radioempfang-m-15903\/\" \/>\n<meta property=\"og:site_name\" content=\"CAMPERSIM - SIM Karte f\u00fcr Freizeitmobile\" \/>\n<meta property=\"article:modified_time\" content=\"2024-10-29T08:54:01+00:00\" \/>\n<meta property=\"og:image\" content=\"https:\/\/campersim.com\/wp-content\/uploads\/2024\/10\/Antenne-RUTX-50-2.jpg\" \/>\n\t<meta property=\"og:image:width\" content=\"1000\" \/>\n\t<meta property=\"og:image:height\" content=\"1000\" \/>\n\t<meta property=\"og:image:type\" content=\"image\/jpeg\" \/>\n<meta name=\"twitter:card\" content=\"summary_large_image\" \/>\n<script type=\"application\/ld+json\" class=\"yoast-schema-graph\">{\"@context\":\"https:\/\/schema.org\",\"@graph\":[{\"@type\":\"WebPage\",\"@id\":\"https:\/\/campersim.com\/produkt\/antennenset-fuer-rutx50-und-perfekten-radioempfang-m-15903\/\",\"url\":\"https:\/\/campersim.com\/produkt\/antennenset-fuer-rutx50-und-perfekten-radioempfang-m-15903\/\",\"name\":\"Antennenset f\u00fcr RUTX50 und perfekten Radioempfang m. 15903 - CAMPERSIM - SIM Karte f\u00fcr Freizeitmobile\",\"isPartOf\":{\"@id\":\"https:\/\/campersim.com\/#website\"},\"primaryImageOfPage\":{\"@id\":\"https:\/\/campersim.com\/produkt\/antennenset-fuer-rutx50-und-perfekten-radioempfang-m-15903\/#primaryimage\"},\"image\":{\"@id\":\"https:\/\/campersim.com\/produkt\/antennenset-fuer-rutx50-und-perfekten-radioempfang-m-15903\/#primaryimage\"},\"thumbnailUrl\":\"https:\/\/campersim.com\/wp-content\/uploads\/2024\/10\/Antenne-RUTX-50-2.jpg\",\"datePublished\":\"2024-10-29T08:51:00+00:00\",\"dateModified\":\"2024-10-29T08:54:01+00:00\",\"breadcrumb\":{\"@id\":\"https:\/\/campersim.com\/produkt\/antennenset-fuer-rutx50-und-perfekten-radioempfang-m-15903\/#breadcrumb\"},\"inLanguage\":\"en-US\",\"potentialAction\":[{\"@type\":\"ReadAction\",\"target\":[\"https:\/\/campersim.com\/produkt\/antennenset-fuer-rutx50-und-perfekten-radioempfang-m-15903\/\"]}]},{\"@type\":\"ImageObject\",\"inLanguage\":\"en-US\",\"@id\":\"https:\/\/campersim.com\/produkt\/antennenset-fuer-rutx50-und-perfekten-radioempfang-m-15903\/#primaryimage\",\"url\":\"https:\/\/campersim.com\/wp-content\/uploads\/2024\/10\/Antenne-RUTX-50-2.jpg\",\"contentUrl\":\"https:\/\/campersim.com\/wp-content\/uploads\/2024\/10\/Antenne-RUTX-50-2.jpg\",\"width\":1000,\"height\":1000,\"caption\":\"MAXVIEW ROAM 5G mit Appsteuerung\"},{\"@type\":\"BreadcrumbList\",\"@id\":\"https:\/\/campersim.com\/produkt\/antennenset-fuer-rutx50-und-perfekten-radioempfang-m-15903\/#breadcrumb\",\"itemListElement\":[{\"@type\":\"ListItem\",\"position\":1,\"name\":\"Startseite\",\"item\":\"https:\/\/campersim.com\/\"},{\"@type\":\"ListItem\",\"position\":2,\"name\":\"Antennenset f\u00fcr RUTX50 und perfekten Radioempfang m. 15903\"}]},{\"@type\":\"WebSite\",\"@id\":\"https:\/\/campersim.com\/#website\",\"url\":\"https:\/\/campersim.com\/\",\"name\":\"CAMPERSIM - SIM Karte f\u00fcr Freizeitmobile\",\"description\":\"\",\"publisher\":{\"@id\":\"https:\/\/campersim.com\/#organization\"},\"potentialAction\":[{\"@type\":\"SearchAction\",\"target\":{\"@type\":\"EntryPoint\",\"urlTemplate\":\"https:\/\/campersim.com\/?s={search_term_string}\"},\"query-input\":{\"@type\":\"PropertyValueSpecification\",\"valueRequired\":true,\"valueName\":\"search_term_string\"}}],\"inLanguage\":\"en-US\"},{\"@type\":\"Organization\",\"@id\":\"https:\/\/campersim.com\/#organization\",\"name\":\"CAMPERSIM\",\"url\":\"https:\/\/campersim.com\/\",\"logo\":{\"@type\":\"ImageObject\",\"inLanguage\":\"en-US\",\"@id\":\"https:\/\/campersim.com\/#\/schema\/logo\/image\/\",\"url\":\"https:\/\/campersim.com\/wp-content\/uploads\/2023\/07\/cropped-favicon.jpg\",\"contentUrl\":\"https:\/\/campersim.com\/wp-content\/uploads\/2023\/07\/cropped-favicon.jpg\",\"width\":512,\"height\":512,\"caption\":\"CAMPERSIM\"},\"image\":{\"@id\":\"https:\/\/campersim.com\/#\/schema\/logo\/image\/\"}}]}<\/script>\n<!-- \/ Yoast SEO plugin. -->","yoast_head_json":{"title":"Antenna set for RUTX50 and perfect radio reception m. 15903 - CAMPERSIM - SIM card for recreational vehicles","robots":{"index":"index","follow":"follow","max-snippet":"max-snippet:-1","max-image-preview":"max-image-preview:large","max-video-preview":"max-video-preview:-1"},"canonical":"https:\/\/campersim.com\/en\/product\/antennenset-fuer-rutx50-und-perfekten-radioempfang-m-15903\/","og_locale":"en_US","og_type":"article","og_title":"Antennenset f\u00fcr RUTX50 und perfekten Radioempfang m. 15903 - CAMPERSIM - SIM Karte f\u00fcr Freizeitmobile","og_description":"Das perfekte Antennen-Set f\u00fcr deinen RUTX50.\u00a0UKW und DAB+ Empfang mit 41 cm Strahler, sowie Internet \u00fcber UMTS, LTE und 5G oder WLAN. GPS\/GNSS Funktion f\u00fcr Navigation oder Router","og_url":"https:\/\/campersim.com\/en\/product\/antennenset-fuer-rutx50-und-perfekten-radioempfang-m-15903\/","og_site_name":"CAMPERSIM - SIM Karte f\u00fcr Freizeitmobile","article_modified_time":"2024-10-29T08:54:01+00:00","og_image":[{"width":1000,"height":1000,"url":"https:\/\/campersim.com\/wp-content\/uploads\/2024\/10\/Antenne-RUTX-50-2.jpg","type":"image\/jpeg"}],"twitter_card":"summary_large_image","schema":{"@context":"https:\/\/schema.org","@graph":[{"@type":"WebPage","@id":"https:\/\/campersim.com\/produkt\/antennenset-fuer-rutx50-und-perfekten-radioempfang-m-15903\/","url":"https:\/\/campersim.com\/produkt\/antennenset-fuer-rutx50-und-perfekten-radioempfang-m-15903\/","name":"Antenna set for RUTX50 and perfect radio reception m. 15903 - CAMPERSIM - SIM card for recreational vehicles","isPartOf":{"@id":"https:\/\/campersim.com\/#website"},"primaryImageOfPage":{"@id":"https:\/\/campersim.com\/produkt\/antennenset-fuer-rutx50-und-perfekten-radioempfang-m-15903\/#primaryimage"},"image":{"@id":"https:\/\/campersim.com\/produkt\/antennenset-fuer-rutx50-und-perfekten-radioempfang-m-15903\/#primaryimage"},"thumbnailUrl":"https:\/\/campersim.com\/wp-content\/uploads\/2024\/10\/Antenne-RUTX-50-2.jpg","datePublished":"2024-10-29T08:51:00+00:00","dateModified":"2024-10-29T08:54:01+00:00","breadcrumb":{"@id":"https:\/\/campersim.com\/produkt\/antennenset-fuer-rutx50-und-perfekten-radioempfang-m-15903\/#breadcrumb"},"inLanguage":"en-US","potentialAction":[{"@type":"ReadAction","target":["https:\/\/campersim.com\/produkt\/antennenset-fuer-rutx50-und-perfekten-radioempfang-m-15903\/"]}]},{"@type":"ImageObject","inLanguage":"en-US","@id":"https:\/\/campersim.com\/produkt\/antennenset-fuer-rutx50-und-perfekten-radioempfang-m-15903\/#primaryimage","url":"https:\/\/campersim.com\/wp-content\/uploads\/2024\/10\/Antenne-RUTX-50-2.jpg","contentUrl":"https:\/\/campersim.com\/wp-content\/uploads\/2024\/10\/Antenne-RUTX-50-2.jpg","width":1000,"height":1000,"caption":"MAXVIEW ROAM 5G mit Appsteuerung"},{"@type":"BreadcrumbList","@id":"https:\/\/campersim.com\/produkt\/antennenset-fuer-rutx50-und-perfekten-radioempfang-m-15903\/#breadcrumb","itemListElement":[{"@type":"ListItem","position":1,"name":"Startseite","item":"https:\/\/campersim.com\/"},{"@type":"ListItem","position":2,"name":"Antennenset f\u00fcr RUTX50 und perfekten Radioempfang m. 15903"}]},{"@type":"WebSite","@id":"https:\/\/campersim.com\/#website","url":"https:\/\/campersim.com\/","name":"CAMPERSIM - SIM card for recreational vehicles","description":"","publisher":{"@id":"https:\/\/campersim.com\/#organization"},"potentialAction":[{"@type":"SearchAction","target":{"@type":"EntryPoint","urlTemplate":"https:\/\/campersim.com\/?s={search_term_string}"},"query-input":{"@type":"PropertyValueSpecification","valueRequired":true,"valueName":"search_term_string"}}],"inLanguage":"en-US"},{"@type":"Organization","@id":"https:\/\/campersim.com\/#organization","name":"CAMPERSIM","url":"https:\/\/campersim.com\/","logo":{"@type":"ImageObject","inLanguage":"en-US","@id":"https:\/\/campersim.com\/#\/schema\/logo\/image\/","url":"https:\/\/campersim.com\/wp-content\/uploads\/2023\/07\/cropped-favicon.jpg","contentUrl":"https:\/\/campersim.com\/wp-content\/uploads\/2023\/07\/cropped-favicon.jpg","width":512,"height":512,"caption":"CAMPERSIM"},"image":{"@id":"https:\/\/campersim.com\/#\/schema\/logo\/image\/"}}]}},"_links":{"self":[{"href":"https:\/\/campersim.com\/en\/wp-json\/wp\/v2\/product\/5397","targetHints":{"allow":["GET"]}}],"collection":[{"href":"https:\/\/campersim.com\/en\/wp-json\/wp\/v2\/product"}],"about":[{"href":"https:\/\/campersim.com\/en\/wp-json\/wp\/v2\/types\/product"}],"wp:featuredmedia":[{"embeddable":true,"href":"https:\/\/campersim.com\/en\/wp-json\/wp\/v2\/media\/5411"}],"wp:attachment":[{"href":"https:\/\/campersim.com\/en\/wp-json\/wp\/v2\/media?parent=5397"}],"wp:term":[{"taxonomy":"product_brand","embeddable":true,"href":"https:\/\/campersim.com\/en\/wp-json\/wp\/v2\/product_brand?post=5397"},{"taxonomy":"product_cat","embeddable":true,"href":"https:\/\/campersim.com\/en\/wp-json\/wp\/v2\/product_cat?post=5397"},{"taxonomy":"product_tag","embeddable":true,"href":"https:\/\/campersim.com\/en\/wp-json\/wp\/v2\/product_tag?post=5397"}],"curies":[{"name":"wp","href":"https:\/\/api.w.org\/{rel}","templated":true}]}}