{"id":1133,"date":"2023-09-06T14:32:25","date_gmt":"2023-09-06T12:32:25","guid":{"rendered":"https:\/\/campersim.com\/?page_id=1133"},"modified":"2024-12-18T15:36:30","modified_gmt":"2024-12-18T14:36:30","slug":"datenvolumen-aufladen","status":"publish","type":"page","link":"https:\/\/campersim.com\/es\/datenvolumen-aufladen\/","title":{"rendered":"Recarga tu volumen de datos"},"content":{"rendered":"<div data-elementor-type=\"wp-page\" data-elementor-id=\"1133\" class=\"elementor elementor-1133\" data-elementor-post-type=\"page\">\n\t\t\t\t\t\t<section class=\"elementor-section elementor-top-section elementor-element elementor-element-51a2131 elementor-section-boxed elementor-section-height-default elementor-section-height-default\" data-id=\"51a2131\" data-element_type=\"section\">\n\t\t\t\t\t\t<div class=\"elementor-container elementor-column-gap-default\">\n\t\t\t\t\t<div class=\"elementor-column elementor-col-100 elementor-top-column elementor-element elementor-element-ece867b\" data-id=\"ece867b\" data-element_type=\"column\">\n\t\t\t<div class=\"elementor-widget-wrap elementor-element-populated\">\n\t\t\t\t\t\t<div class=\"elementor-element elementor-element-df5cf78 elementor-widget elementor-widget-block heading\" data-id=\"df5cf78\" data-element_type=\"widget\" data-widget_type=\"block heading.default\">\n\t\t\t\t<div class=\"elementor-widget-container\">\n\t\t\t\t\t\r\n     <!-- Heading section -->\r\n     <div class=\"section-heading\">\r\n          <h2 class=\"section-title\">\r\n               C\u00f3mo funciona               <span class=\"title-bg\"> Campersim <\/span>\r\n          <\/h2>\r\n     <\/div>\r\n     <!-- End Heading section -->\r\n\r\n     \t\t\t\t<\/div>\n\t\t\t\t<\/div>\n\t\t\t\t<div class=\"elementor-element elementor-element-9bb42bc elementor-widget elementor-widget-heading\" data-id=\"9bb42bc\" data-element_type=\"widget\" data-widget_type=\"heading.default\">\n\t\t\t\t<div class=\"elementor-widget-container\">\n\t\t\t\t\t<h2 class=\"elementor-heading-title elementor-size-default\">Recarga tu volumen de datos<\/h2>\t\t\t\t<\/div>\n\t\t\t\t<\/div>\n\t\t\t\t\t<\/div>\n\t\t<\/div>\n\t\t\t\t\t<\/div>\n\t\t<\/section>\n\t\t\t\t<section class=\"elementor-section elementor-top-section elementor-element elementor-element-bb0006d elementor-section-boxed elementor-section-height-default elementor-section-height-default\" data-id=\"bb0006d\" data-element_type=\"section\">\n\t\t\t\t\t\t<div class=\"elementor-container elementor-column-gap-default\">\n\t\t\t\t\t<div class=\"elementor-column elementor-col-66 elementor-top-column elementor-element elementor-element-f9689d1\" data-id=\"f9689d1\" data-element_type=\"column\">\n\t\t\t<div class=\"elementor-widget-wrap elementor-element-populated\">\n\t\t\t\t\t\t<div class=\"elementor-element elementor-element-fca922e elementor-widget elementor-widget-text-editor\" data-id=\"fca922e\" data-element_type=\"widget\" data-widget_type=\"text-editor.default\">\n\t\t\t\t<div class=\"elementor-widget-container\">\n\t\t\t\t\t\t\t\t\t<p>\u00bfQuieres ampliar tu volumen de datos?<\/p><p>No hay problema: siga el enlace del bot\u00f3n y tenga a mano el n\u00famero de su tarjeta SIM.<\/p><p>Se encuentra directamente en su tarjeta SIM y consta de 20 caracteres. Ejemplo: 8932027220021656XXXX<\/p>\t\t\t\t\t\t\t\t<\/div>\n\t\t\t\t<\/div>\n\t\t\t\t<div class=\"elementor-element elementor-element-fc7d27f elementor-align-left elementor-widget elementor-widget-button\" data-id=\"fc7d27f\" data-element_type=\"widget\" data-widget_type=\"button.default\">\n\t\t\t\t<div class=\"elementor-widget-container\">\n\t\t\t\t\t\t\t\t\t<div class=\"elementor-button-wrapper\">\n\t\t\t\t\t<a class=\"elementor-button elementor-button-link elementor-size-lg\" href=\"https:\/\/portal.campersim.com\/widget\/proverda\/sim\/login\/hash\" target=\"_blank\">\n\t\t\t\t\t\t<span class=\"elementor-button-content-wrapper\">\n\t\t\t\t\t\t\t\t\t<span class=\"elementor-button-text\">Reservar volumen de datos ahora<\/span>\n\t\t\t\t\t<\/span>\n\t\t\t\t\t<\/a>\n\t\t\t\t<\/div>\n\t\t\t\t\t\t\t\t<\/div>\n\t\t\t\t<\/div>\n\t\t\t\t\t<\/div>\n\t\t<\/div>\n\t\t\t\t<div class=\"elementor-column elementor-col-33 elementor-top-column elementor-element elementor-element-f0ad722\" data-id=\"f0ad722\" data-element_type=\"column\">\n\t\t\t<div class=\"elementor-widget-wrap elementor-element-populated\">\n\t\t\t\t\t\t<div class=\"elementor-element elementor-element-859ca68 elementor-widget elementor-widget-image\" data-id=\"859ca68\" data-element_type=\"widget\" data-widget_type=\"image.default\">\n\t\t\t\t<div class=\"elementor-widget-container\">\n\t\t\t\t\t\t\t\t\t\t\t\t\t\t\t<img loading=\"lazy\" decoding=\"async\" width=\"800\" height=\"523\" src=\"https:\/\/campersim.com\/wp-content\/uploads\/2023\/09\/campersim-karten-nummer-1.jpg\" class=\"attachment-large size-large wp-image-1122\" alt=\"\" srcset=\"https:\/\/campersim.com\/wp-content\/uploads\/2023\/09\/campersim-karten-nummer-1.jpg 800w, https:\/\/campersim.com\/wp-content\/uploads\/2023\/09\/campersim-karten-nummer-1-300x196.jpg 300w, https:\/\/campersim.com\/wp-content\/uploads\/2023\/09\/campersim-karten-nummer-1-768x502.jpg 768w, https:\/\/campersim.com\/wp-content\/uploads\/2023\/09\/campersim-karten-nummer-1-600x392.jpg 600w, https:\/\/campersim.com\/wp-content\/uploads\/2023\/09\/elementor\/thumbs\/campersim-karten-nummer-1-qtbs1hw8rat4k0pksd8q8w4c5z0agbs1tx206t6tvq.jpg 500w\" sizes=\"auto, (max-width: 800px) 100vw, 800px\" \/>\t\t\t\t\t\t\t\t\t\t\t\t\t\t\t<\/div>\n\t\t\t\t<\/div>\n\t\t\t\t\t<\/div>\n\t\t<\/div>\n\t\t\t\t\t<\/div>\n\t\t<\/section>\n\t\t\t\t<section class=\"elementor-section elementor-top-section elementor-element elementor-element-381110f elementor-section-boxed elementor-section-height-default elementor-section-height-default\" data-id=\"381110f\" data-element_type=\"section\">\n\t\t\t\t\t\t<div class=\"elementor-container elementor-column-gap-default\">\n\t\t\t\t\t<div class=\"elementor-column elementor-col-100 elementor-top-column elementor-element elementor-element-d79e2d7\" data-id=\"d79e2d7\" data-element_type=\"column\">\n\t\t\t<div class=\"elementor-widget-wrap elementor-element-populated\">\n\t\t\t\t\t\t<div class=\"elementor-element elementor-element-2c30ab8 elementor-widget elementor-widget-block heading\" data-id=\"2c30ab8\" data-element_type=\"widget\" data-widget_type=\"block heading.default\">\n\t\t\t\t<div class=\"elementor-widget-container\">\n\t\t\t\t\t\r\n     <!-- Heading section -->\r\n     <div class=\"section-heading\">\r\n          <h2 class=\"section-title\">\r\n               Ya est\u00e1 aqu\u00ed la aplicaci\u00f3n CAMPERSIM               <span class=\"title-bg\"> CAMPERSIM <\/span>\r\n          <\/h2>\r\n     <\/div>\r\n     <!-- End Heading section -->\r\n\r\n     \t\t\t\t<\/div>\n\t\t\t\t<\/div>\n\t\t\t\t<section class=\"elementor-section elementor-inner-section elementor-element elementor-element-281769a elementor-section-boxed elementor-section-height-default elementor-section-height-default\" data-id=\"281769a\" data-element_type=\"section\">\n\t\t\t\t\t\t<div class=\"elementor-container elementor-column-gap-default\">\n\t\t\t\t\t<div class=\"elementor-column elementor-col-50 elementor-inner-column elementor-element elementor-element-0244500\" data-id=\"0244500\" data-element_type=\"column\">\n\t\t\t<div class=\"elementor-widget-wrap elementor-element-populated\">\n\t\t\t\t\t\t<div class=\"elementor-element elementor-element-66c1449 elementor-widget elementor-widget-text-editor\" data-id=\"66c1449\" data-element_type=\"widget\" data-widget_type=\"text-editor.default\">\n\t\t\t\t<div class=\"elementor-widget-container\">\n\t\t\t\t\t\t\t\t\t<p>\u00bfQuiere estar siempre al d\u00eda de su volumen de datos? \u00bfTener una visi\u00f3n general de su volumen de datos en cualquier momento y lugar y reservar su volumen siempre que lo desee? Entonces adquiera el nuevo <strong>Aplicaci\u00f3n CAMPERSIM<\/strong>. Disponible para iPhone y Android.<\/p>\t\t\t\t\t\t\t\t<\/div>\n\t\t\t\t<\/div>\n\t\t\t\t<div class=\"elementor-element elementor-element-853305c elementor-widget elementor-widget-image\" data-id=\"853305c\" data-element_type=\"widget\" data-widget_type=\"image.default\">\n\t\t\t\t<div class=\"elementor-widget-container\">\n\t\t\t\t\t\t\t\t\t\t\t\t\t\t\t\t<a href=\"https:\/\/apps.apple.com\/app\/campersim\/id6502960538\" target=\"_blank\">\n\t\t\t\t\t\t\t<img loading=\"lazy\" decoding=\"async\" width=\"1024\" height=\"568\" src=\"https:\/\/campersim.com\/wp-content\/uploads\/2024\/08\/campersim-app-applestore-1024x568.webp\" class=\"attachment-large size-large wp-image-4225\" alt=\"\" srcset=\"https:\/\/campersim.com\/wp-content\/uploads\/2024\/08\/campersim-app-applestore-1024x568.webp 1024w, https:\/\/campersim.com\/wp-content\/uploads\/2024\/08\/campersim-app-applestore-300x167.webp 300w, https:\/\/campersim.com\/wp-content\/uploads\/2024\/08\/campersim-app-applestore-768x426.webp 768w, https:\/\/campersim.com\/wp-content\/uploads\/2024\/08\/campersim-app-applestore-18x10.webp 18w, https:\/\/campersim.com\/wp-content\/uploads\/2024\/08\/campersim-app-applestore-600x333.webp 600w, https:\/\/campersim.com\/wp-content\/uploads\/2024\/08\/campersim-app-applestore.webp 1200w\" sizes=\"auto, (max-width: 1024px) 100vw, 1024px\" \/>\t\t\t\t\t\t\t\t<\/a>\n\t\t\t\t\t\t\t\t\t\t\t\t\t\t\t<\/div>\n\t\t\t\t<\/div>\n\t\t\t\t<div class=\"elementor-element elementor-element-3655bba elementor-widget elementor-widget-image\" data-id=\"3655bba\" data-element_type=\"widget\" data-widget_type=\"image.default\">\n\t\t\t\t<div class=\"elementor-widget-container\">\n\t\t\t\t\t\t\t\t\t\t\t\t\t\t\t\t<a href=\"https:\/\/play.google.com\/store\/apps\/details?id=com.proverda.campersim&#038;pcampaignid=web_share\" target=\"_blank\">\n\t\t\t\t\t\t\t<img loading=\"lazy\" decoding=\"async\" width=\"1024\" height=\"568\" src=\"https:\/\/campersim.com\/wp-content\/uploads\/2024\/08\/campersim-app-google-play-store-1024x568.webp\" class=\"attachment-large size-large wp-image-4226\" alt=\"\" srcset=\"https:\/\/campersim.com\/wp-content\/uploads\/2024\/08\/campersim-app-google-play-store-1024x568.webp 1024w, https:\/\/campersim.com\/wp-content\/uploads\/2024\/08\/campersim-app-google-play-store-300x167.webp 300w, https:\/\/campersim.com\/wp-content\/uploads\/2024\/08\/campersim-app-google-play-store-768x426.webp 768w, https:\/\/campersim.com\/wp-content\/uploads\/2024\/08\/campersim-app-google-play-store-18x10.webp 18w, https:\/\/campersim.com\/wp-content\/uploads\/2024\/08\/campersim-app-google-play-store-600x333.webp 600w, https:\/\/campersim.com\/wp-content\/uploads\/2024\/08\/campersim-app-google-play-store.webp 1200w\" sizes=\"auto, (max-width: 1024px) 100vw, 1024px\" \/>\t\t\t\t\t\t\t\t<\/a>\n\t\t\t\t\t\t\t\t\t\t\t\t\t\t\t<\/div>\n\t\t\t\t<\/div>\n\t\t\t\t\t<\/div>\n\t\t<\/div>\n\t\t\t\t<div class=\"elementor-column elementor-col-50 elementor-inner-column elementor-element elementor-element-28758d3\" data-id=\"28758d3\" data-element_type=\"column\">\n\t\t\t<div class=\"elementor-widget-wrap elementor-element-populated\">\n\t\t\t\t\t\t<div class=\"elementor-element elementor-element-0722083 elementor-widget elementor-widget-image\" data-id=\"0722083\" data-element_type=\"widget\" data-widget_type=\"image.default\">\n\t\t\t\t<div class=\"elementor-widget-container\">\n\t\t\t\t\t\t\t\t\t\t\t\t\t\t\t\t<a href=\"https:\/\/apps.apple.com\/app\/campersim\/id6502960538\">\n\t\t\t\t\t\t\t<img loading=\"lazy\" decoding=\"async\" width=\"1000\" height=\"698\" src=\"https:\/\/campersim.com\/wp-content\/uploads\/2024\/08\/campersim-app-webseite-3-1.png\" class=\"attachment-large size-large wp-image-4232\" alt=\"\" srcset=\"https:\/\/campersim.com\/wp-content\/uploads\/2024\/08\/campersim-app-webseite-3-1.png 1000w, https:\/\/campersim.com\/wp-content\/uploads\/2024\/08\/campersim-app-webseite-3-1-300x209.png 300w, https:\/\/campersim.com\/wp-content\/uploads\/2024\/08\/campersim-app-webseite-3-1-768x536.png 768w, https:\/\/campersim.com\/wp-content\/uploads\/2024\/08\/campersim-app-webseite-3-1-18x12.png 18w, https:\/\/campersim.com\/wp-content\/uploads\/2024\/08\/campersim-app-webseite-3-1-600x419.png 600w\" sizes=\"auto, (max-width: 1000px) 100vw, 1000px\" \/>\t\t\t\t\t\t\t\t<\/a>\n\t\t\t\t\t\t\t\t\t\t\t\t\t\t\t<\/div>\n\t\t\t\t<\/div>\n\t\t\t\t\t<\/div>\n\t\t<\/div>\n\t\t\t\t\t<\/div>\n\t\t<\/section>\n\t\t\t\t<section class=\"elementor-section elementor-inner-section elementor-element elementor-element-95cda37 elementor-section-boxed elementor-section-height-default elementor-section-height-default\" data-id=\"95cda37\" data-element_type=\"section\">\n\t\t\t\t\t\t<div class=\"elementor-container elementor-column-gap-default\">\n\t\t\t\t\t<div class=\"elementor-column elementor-col-50 elementor-inner-column elementor-element elementor-element-2e14537\" data-id=\"2e14537\" data-element_type=\"column\">\n\t\t\t<div class=\"elementor-widget-wrap\">\n\t\t\t\t\t\t\t<\/div>\n\t\t<\/div>\n\t\t\t\t<div class=\"elementor-column elementor-col-50 elementor-inner-column elementor-element elementor-element-503b9dd\" data-id=\"503b9dd\" data-element_type=\"column\">\n\t\t\t<div class=\"elementor-widget-wrap\">\n\t\t\t\t\t\t\t<\/div>\n\t\t<\/div>\n\t\t\t\t\t<\/div>\n\t\t<\/section>\n\t\t\t\t\t<\/div>\n\t\t<\/div>\n\t\t\t\t\t<\/div>\n\t\t<\/section>\n\t\t\t\t<section class=\"elementor-section elementor-top-section elementor-element elementor-element-63b4cb50 elementor-section-boxed elementor-section-height-default elementor-section-height-default\" data-id=\"63b4cb50\" data-element_type=\"section\">\n\t\t\t\t\t\t<div class=\"elementor-container elementor-column-gap-default\">\n\t\t\t\t\t<div class=\"elementor-column elementor-col-100 elementor-top-column elementor-element elementor-element-738d214b\" data-id=\"738d214b\" data-element_type=\"column\">\n\t\t\t<div class=\"elementor-widget-wrap\">\n\t\t\t\t\t\t\t<\/div>\n\t\t<\/div>\n\t\t\t\t\t<\/div>\n\t\t<\/section>\n\t\t\t\t<\/div>","protected":false},"excerpt":{"rendered":"<p>C\u00f3mo funciona Recargue su volumen de datos Campersim \u00bfQuiere recargar su volumen de datos? No hay problema, siga el enlace...<\/p>","protected":false},"author":1,"featured_media":0,"parent":0,"menu_order":0,"comment_status":"closed","ping_status":"open","template":"","meta":{"_acf_changed":false,"footnotes":""},"class_list":["post-1133","page","type-page","status-publish","hentry"],"acf":[],"yoast_head":"<!-- This site is optimized with the Yoast SEO plugin v26.3 - https:\/\/yoast.com\/wordpress\/plugins\/seo\/ -->\n<title>Datenvolumen aufladen - CAMPERSIM - SIM Karte f\u00fcr Freizeitmobile<\/title>\n<meta name=\"robots\" content=\"index, follow, max-snippet:-1, max-image-preview:large, max-video-preview:-1\" \/>\n<link rel=\"canonical\" href=\"https:\/\/campersim.com\/es\/datenvolumen-aufladen\/\" \/>\n<meta property=\"og:locale\" content=\"es_ES\" \/>\n<meta property=\"og:type\" content=\"article\" \/>\n<meta property=\"og:title\" content=\"Datenvolumen aufladen - CAMPERSIM - SIM Karte f\u00fcr Freizeitmobile\" \/>\n<meta property=\"og:description\" content=\"So funktioniert&#039;s Campersim Datenvolumen aufladen Du m\u00f6chtest dein Datenvolumen aufladen? Kein Problem &#8211; folge einfach dem Link...\" \/>\n<meta property=\"og:url\" content=\"https:\/\/campersim.com\/es\/datenvolumen-aufladen\/\" \/>\n<meta property=\"og:site_name\" content=\"CAMPERSIM - SIM Karte f\u00fcr Freizeitmobile\" \/>\n<meta property=\"article:modified_time\" content=\"2024-12-18T14:36:30+00:00\" \/>\n<meta property=\"og:image\" content=\"https:\/\/campersim.com\/wp-content\/uploads\/2023\/09\/campersim-karten-nummer-1.jpg\" \/>\n\t<meta property=\"og:image:width\" content=\"800\" \/>\n\t<meta property=\"og:image:height\" content=\"523\" \/>\n\t<meta property=\"og:image:type\" content=\"image\/jpeg\" \/>\n<meta name=\"twitter:card\" content=\"summary_large_image\" \/>\n<script type=\"application\/ld+json\" class=\"yoast-schema-graph\">{\"@context\":\"https:\/\/schema.org\",\"@graph\":[{\"@type\":\"WebPage\",\"@id\":\"https:\/\/campersim.com\/datenvolumen-aufladen\/\",\"url\":\"https:\/\/campersim.com\/datenvolumen-aufladen\/\",\"name\":\"Datenvolumen aufladen - CAMPERSIM - SIM Karte f\u00fcr Freizeitmobile\",\"isPartOf\":{\"@id\":\"https:\/\/campersim.com\/#website\"},\"primaryImageOfPage\":{\"@id\":\"https:\/\/campersim.com\/datenvolumen-aufladen\/#primaryimage\"},\"image\":{\"@id\":\"https:\/\/campersim.com\/datenvolumen-aufladen\/#primaryimage\"},\"thumbnailUrl\":\"https:\/\/campersim.com\/wp-content\/uploads\/2023\/09\/campersim-karten-nummer-1.jpg\",\"datePublished\":\"2023-09-06T12:32:25+00:00\",\"dateModified\":\"2024-12-18T14:36:30+00:00\",\"breadcrumb\":{\"@id\":\"https:\/\/campersim.com\/datenvolumen-aufladen\/#breadcrumb\"},\"inLanguage\":\"es\",\"potentialAction\":[{\"@type\":\"ReadAction\",\"target\":[\"https:\/\/campersim.com\/datenvolumen-aufladen\/\"]}]},{\"@type\":\"ImageObject\",\"inLanguage\":\"es\",\"@id\":\"https:\/\/campersim.com\/datenvolumen-aufladen\/#primaryimage\",\"url\":\"https:\/\/campersim.com\/wp-content\/uploads\/2023\/09\/campersim-karten-nummer-1.jpg\",\"contentUrl\":\"https:\/\/campersim.com\/wp-content\/uploads\/2023\/09\/campersim-karten-nummer-1.jpg\"},{\"@type\":\"BreadcrumbList\",\"@id\":\"https:\/\/campersim.com\/datenvolumen-aufladen\/#breadcrumb\",\"itemListElement\":[{\"@type\":\"ListItem\",\"position\":1,\"name\":\"Startseite\",\"item\":\"https:\/\/campersim.com\/\"},{\"@type\":\"ListItem\",\"position\":2,\"name\":\"Datenvolumen aufladen\"}]},{\"@type\":\"WebSite\",\"@id\":\"https:\/\/campersim.com\/#website\",\"url\":\"https:\/\/campersim.com\/\",\"name\":\"CAMPERSIM - SIM Karte f\u00fcr Freizeitmobile\",\"description\":\"\",\"publisher\":{\"@id\":\"https:\/\/campersim.com\/#organization\"},\"potentialAction\":[{\"@type\":\"SearchAction\",\"target\":{\"@type\":\"EntryPoint\",\"urlTemplate\":\"https:\/\/campersim.com\/?s={search_term_string}\"},\"query-input\":{\"@type\":\"PropertyValueSpecification\",\"valueRequired\":true,\"valueName\":\"search_term_string\"}}],\"inLanguage\":\"es\"},{\"@type\":\"Organization\",\"@id\":\"https:\/\/campersim.com\/#organization\",\"name\":\"CAMPERSIM\",\"url\":\"https:\/\/campersim.com\/\",\"logo\":{\"@type\":\"ImageObject\",\"inLanguage\":\"es\",\"@id\":\"https:\/\/campersim.com\/#\/schema\/logo\/image\/\",\"url\":\"https:\/\/campersim.com\/wp-content\/uploads\/2023\/07\/cropped-favicon.jpg\",\"contentUrl\":\"https:\/\/campersim.com\/wp-content\/uploads\/2023\/07\/cropped-favicon.jpg\",\"width\":512,\"height\":512,\"caption\":\"CAMPERSIM\"},\"image\":{\"@id\":\"https:\/\/campersim.com\/#\/schema\/logo\/image\/\"}}]}<\/script>\n<!-- \/ Yoast SEO plugin. -->","yoast_head_json":{"title":"Recarga tu volumen de datos - CAMPERSIM - Tarjeta SIM para tel\u00e9fonos m\u00f3viles","robots":{"index":"index","follow":"follow","max-snippet":"max-snippet:-1","max-image-preview":"max-image-preview:large","max-video-preview":"max-video-preview:-1"},"canonical":"https:\/\/campersim.com\/es\/datenvolumen-aufladen\/","og_locale":"es_ES","og_type":"article","og_title":"Datenvolumen aufladen - CAMPERSIM - SIM Karte f\u00fcr Freizeitmobile","og_description":"So funktioniert&#039;s Campersim Datenvolumen aufladen Du m\u00f6chtest dein Datenvolumen aufladen? Kein Problem &#8211; folge einfach dem Link...","og_url":"https:\/\/campersim.com\/es\/datenvolumen-aufladen\/","og_site_name":"CAMPERSIM - SIM Karte f\u00fcr Freizeitmobile","article_modified_time":"2024-12-18T14:36:30+00:00","og_image":[{"width":800,"height":523,"url":"https:\/\/campersim.com\/wp-content\/uploads\/2023\/09\/campersim-karten-nummer-1.jpg","type":"image\/jpeg"}],"twitter_card":"summary_large_image","schema":{"@context":"https:\/\/schema.org","@graph":[{"@type":"WebPage","@id":"https:\/\/campersim.com\/datenvolumen-aufladen\/","url":"https:\/\/campersim.com\/datenvolumen-aufladen\/","name":"Recarga tu volumen de datos - CAMPERSIM - Tarjeta SIM para tel\u00e9fonos m\u00f3viles","isPartOf":{"@id":"https:\/\/campersim.com\/#website"},"primaryImageOfPage":{"@id":"https:\/\/campersim.com\/datenvolumen-aufladen\/#primaryimage"},"image":{"@id":"https:\/\/campersim.com\/datenvolumen-aufladen\/#primaryimage"},"thumbnailUrl":"https:\/\/campersim.com\/wp-content\/uploads\/2023\/09\/campersim-karten-nummer-1.jpg","datePublished":"2023-09-06T12:32:25+00:00","dateModified":"2024-12-18T14:36:30+00:00","breadcrumb":{"@id":"https:\/\/campersim.com\/datenvolumen-aufladen\/#breadcrumb"},"inLanguage":"es","potentialAction":[{"@type":"ReadAction","target":["https:\/\/campersim.com\/datenvolumen-aufladen\/"]}]},{"@type":"ImageObject","inLanguage":"es","@id":"https:\/\/campersim.com\/datenvolumen-aufladen\/#primaryimage","url":"https:\/\/campersim.com\/wp-content\/uploads\/2023\/09\/campersim-karten-nummer-1.jpg","contentUrl":"https:\/\/campersim.com\/wp-content\/uploads\/2023\/09\/campersim-karten-nummer-1.jpg"},{"@type":"BreadcrumbList","@id":"https:\/\/campersim.com\/datenvolumen-aufladen\/#breadcrumb","itemListElement":[{"@type":"ListItem","position":1,"name":"Startseite","item":"https:\/\/campersim.com\/"},{"@type":"ListItem","position":2,"name":"Datenvolumen aufladen"}]},{"@type":"WebSite","@id":"https:\/\/campersim.com\/#website","url":"https:\/\/campersim.com\/","name":"CAMPERSIM - Tarjeta SIM para m\u00f3viles de ocio","description":"","publisher":{"@id":"https:\/\/campersim.com\/#organization"},"potentialAction":[{"@type":"SearchAction","target":{"@type":"EntryPoint","urlTemplate":"https:\/\/campersim.com\/?s={search_term_string}"},"query-input":{"@type":"PropertyValueSpecification","valueRequired":true,"valueName":"search_term_string"}}],"inLanguage":"es"},{"@type":"Organization","@id":"https:\/\/campersim.com\/#organization","name":"CAMPERSIM","url":"https:\/\/campersim.com\/","logo":{"@type":"ImageObject","inLanguage":"es","@id":"https:\/\/campersim.com\/#\/schema\/logo\/image\/","url":"https:\/\/campersim.com\/wp-content\/uploads\/2023\/07\/cropped-favicon.jpg","contentUrl":"https:\/\/campersim.com\/wp-content\/uploads\/2023\/07\/cropped-favicon.jpg","width":512,"height":512,"caption":"CAMPERSIM"},"image":{"@id":"https:\/\/campersim.com\/#\/schema\/logo\/image\/"}}]}},"_links":{"self":[{"href":"https:\/\/campersim.com\/es\/wp-json\/wp\/v2\/pages\/1133","targetHints":{"allow":["GET"]}}],"collection":[{"href":"https:\/\/campersim.com\/es\/wp-json\/wp\/v2\/pages"}],"about":[{"href":"https:\/\/campersim.com\/es\/wp-json\/wp\/v2\/types\/page"}],"author":[{"embeddable":true,"href":"https:\/\/campersim.com\/es\/wp-json\/wp\/v2\/users\/1"}],"replies":[{"embeddable":true,"href":"https:\/\/campersim.com\/es\/wp-json\/wp\/v2\/comments?post=1133"}],"version-history":[{"count":10,"href":"https:\/\/campersim.com\/es\/wp-json\/wp\/v2\/pages\/1133\/revisions"}],"predecessor-version":[{"id":5442,"href":"https:\/\/campersim.com\/es\/wp-json\/wp\/v2\/pages\/1133\/revisions\/5442"}],"wp:attachment":[{"href":"https:\/\/campersim.com\/es\/wp-json\/wp\/v2\/media?parent=1133"}],"curies":[{"name":"wp","href":"https:\/\/api.w.org\/{rel}","templated":true}]}}