{"id":1215,"date":"2023-09-12T15:13:25","date_gmt":"2023-09-12T13:13:25","guid":{"rendered":"https:\/\/campersim.com\/?page_id=1215"},"modified":"2025-10-22T11:13:10","modified_gmt":"2025-10-22T09:13:10","slug":"faq-2","status":"publish","type":"page","link":"https:\/\/campersim.com\/es\/faq-2\/","title":{"rendered":"PREGUNTAS FRECUENTES"},"content":{"rendered":"<div data-elementor-type=\"wp-page\" data-elementor-id=\"1215\" class=\"elementor elementor-1215\" data-elementor-post-type=\"page\">\n\t\t\t\t\t\t<section class=\"elementor-section elementor-top-section elementor-element elementor-element-51a2131 elementor-section-boxed elementor-section-height-default elementor-section-height-default\" data-id=\"51a2131\" data-element_type=\"section\">\n\t\t\t\t\t\t<div class=\"elementor-container elementor-column-gap-default\">\n\t\t\t\t\t<div class=\"elementor-column elementor-col-100 elementor-top-column elementor-element elementor-element-ece867b\" data-id=\"ece867b\" data-element_type=\"column\">\n\t\t\t<div class=\"elementor-widget-wrap elementor-element-populated\">\n\t\t\t\t\t\t<div class=\"elementor-element elementor-element-9bb42bc elementor-widget elementor-widget-heading\" data-id=\"9bb42bc\" data-element_type=\"widget\" data-widget_type=\"heading.default\">\n\t\t\t\t<div class=\"elementor-widget-container\">\n\t\t\t\t\t<h2 class=\"elementor-heading-title elementor-size-default\">Podemos ayudarle<\/h2>\t\t\t\t<\/div>\n\t\t\t\t<\/div>\n\t\t\t\t\t<\/div>\n\t\t<\/div>\n\t\t\t\t\t<\/div>\n\t\t<\/section>\n\t\t\t\t<section class=\"elementor-section elementor-top-section elementor-element elementor-element-63b4cb50 elementor-section-boxed elementor-section-height-default elementor-section-height-default\" data-id=\"63b4cb50\" data-element_type=\"section\">\n\t\t\t\t\t\t<div class=\"elementor-container elementor-column-gap-default\">\n\t\t\t\t\t<div class=\"elementor-column elementor-col-100 elementor-top-column elementor-element elementor-element-738d214b\" data-id=\"738d214b\" data-element_type=\"column\">\n\t\t\t<div class=\"elementor-widget-wrap elementor-element-populated\">\n\t\t\t\t\t\t<div class=\"elementor-element elementor-element-bc7daf4 elementor-widget elementor-widget-toggle\" data-id=\"bc7daf4\" data-element_type=\"widget\" id=\"APN\" data-widget_type=\"toggle.default\">\n\t\t\t\t<div class=\"elementor-widget-container\">\n\t\t\t\t\t\t\t<div class=\"elementor-toggle\">\n\t\t\t\t\t\t\t<div class=\"elementor-toggle-item\">\n\t\t\t\t\t<div id=\"elementor-tab-title-1971\" class=\"elementor-tab-title\" data-tab=\"1\" role=\"button\" aria-controls=\"elementor-tab-content-1971\" aria-expanded=\"false\">\n\t\t\t\t\t\t\t\t\t\t\t\t<span class=\"elementor-toggle-icon elementor-toggle-icon-left\" aria-hidden=\"true\">\n\t\t\t\t\t\t\t\t\t\t\t\t\t\t\t<span class=\"elementor-toggle-icon-closed\"><i class=\"fas fa-caret-right\"><\/i><\/span>\n\t\t\t\t\t\t\t\t<span class=\"elementor-toggle-icon-opened\"><i class=\"elementor-toggle-icon-opened fas fa-caret-up\"><\/i><\/span>\n\t\t\t\t\t\t\t\t\t\t\t\t\t<\/span>\n\t\t\t\t\t\t\t\t\t\t\t\t<a class=\"elementor-toggle-title\" tabindex=\"0\">\u00bfC\u00f3mo activo mi CamperSIM?<\/a>\n\t\t\t\t\t<\/div>\n\n\t\t\t\t\t<div id=\"elementor-tab-content-1971\" class=\"elementor-tab-content elementor-clearfix\" data-tab=\"1\" role=\"region\" aria-labelledby=\"elementor-tab-title-1971\"><p>Me alegro de que te hayas decidido por nuestra CamperSIM. \ud83d\udc4d\ud83c\udffc<br \/>Haz clic en el siguiente enlace y activa tu CamperSIM hoy mismo: <a href=\"https:\/\/campersim.com\/es\/campersim-activate\/\">Activar CamperSIM<\/a><\/p><\/div>\n\t\t\t\t<\/div>\n\t\t\t\t\t\t\t<div class=\"elementor-toggle-item\">\n\t\t\t\t\t<div id=\"elementor-tab-title-1972\" class=\"elementor-tab-title\" data-tab=\"2\" role=\"button\" aria-controls=\"elementor-tab-content-1972\" aria-expanded=\"false\">\n\t\t\t\t\t\t\t\t\t\t\t\t<span class=\"elementor-toggle-icon elementor-toggle-icon-left\" aria-hidden=\"true\">\n\t\t\t\t\t\t\t\t\t\t\t\t\t\t\t<span class=\"elementor-toggle-icon-closed\"><i class=\"fas fa-caret-right\"><\/i><\/span>\n\t\t\t\t\t\t\t\t<span class=\"elementor-toggle-icon-opened\"><i class=\"elementor-toggle-icon-opened fas fa-caret-up\"><\/i><\/span>\n\t\t\t\t\t\t\t\t\t\t\t\t\t<\/span>\n\t\t\t\t\t\t\t\t\t\t\t\t<a class=\"elementor-toggle-title\" tabindex=\"0\">\u00bfQu\u00e9 APN necesita la tarjeta CAMPERSIM?<\/a>\n\t\t\t\t\t<\/div>\n\n\t\t\t\t\t<div id=\"elementor-tab-content-1972\" class=\"elementor-tab-content elementor-clearfix\" data-tab=\"2\" role=\"region\" aria-labelledby=\"elementor-tab-title-1972\"><p>El dep\u00f3sito ser\u00e1 <strong>APN es: m2m.fusion-iot.de<\/strong>.<br \/>Adem\u00e1s, la opci\u00f3n: itinerancia internacional debe estar activada. Si la configuraci\u00f3n del router no funciona, ponte en contacto directamente con el fabricante del dispositivo.<\/p><\/div>\n\t\t\t\t<\/div>\n\t\t\t\t\t\t\t<div class=\"elementor-toggle-item\">\n\t\t\t\t\t<div id=\"elementor-tab-title-1973\" class=\"elementor-tab-title\" data-tab=\"3\" role=\"button\" aria-controls=\"elementor-tab-content-1973\" aria-expanded=\"false\">\n\t\t\t\t\t\t\t\t\t\t\t\t<span class=\"elementor-toggle-icon elementor-toggle-icon-left\" aria-hidden=\"true\">\n\t\t\t\t\t\t\t\t\t\t\t\t\t\t\t<span class=\"elementor-toggle-icon-closed\"><i class=\"fas fa-caret-right\"><\/i><\/span>\n\t\t\t\t\t\t\t\t<span class=\"elementor-toggle-icon-opened\"><i class=\"elementor-toggle-icon-opened fas fa-caret-up\"><\/i><\/span>\n\t\t\t\t\t\t\t\t\t\t\t\t\t<\/span>\n\t\t\t\t\t\t\t\t\t\t\t\t<a class=\"elementor-toggle-title\" tabindex=\"0\">\u00bfC\u00f3mo se distribuyen los paquetes mensuales y durante cu\u00e1nto tiempo son v\u00e1lidos los paquetes reservados para 30 d\u00edas?<\/a>\n\t\t\t\t\t<\/div>\n\n\t\t\t\t\t<div id=\"elementor-tab-content-1973\" class=\"elementor-tab-content elementor-clearfix\" data-tab=\"3\" role=\"region\" aria-labelledby=\"elementor-tab-title-1973\"><p>El paquete de datos reservado est\u00e1 activo durante 30 d\u00edas a partir del d\u00eda de la compra. No importa si el paquete se reserv\u00f3 al principio o al final del mes. Si ya hay volumen de datos en la tarjeta, el nuevo volumen de datos se activa autom\u00e1ticamente una vez agotado el paquete reservado anteriormente. No es posible repartir los 30 d\u00edas a lo largo de todo el a\u00f1o.<\/p><\/div>\n\t\t\t\t<\/div>\n\t\t\t\t\t\t\t<div class=\"elementor-toggle-item\">\n\t\t\t\t\t<div id=\"elementor-tab-title-1974\" class=\"elementor-tab-title\" data-tab=\"4\" role=\"button\" aria-controls=\"elementor-tab-content-1974\" aria-expanded=\"false\">\n\t\t\t\t\t\t\t\t\t\t\t\t<span class=\"elementor-toggle-icon elementor-toggle-icon-left\" aria-hidden=\"true\">\n\t\t\t\t\t\t\t\t\t\t\t\t\t\t\t<span class=\"elementor-toggle-icon-closed\"><i class=\"fas fa-caret-right\"><\/i><\/span>\n\t\t\t\t\t\t\t\t<span class=\"elementor-toggle-icon-opened\"><i class=\"elementor-toggle-icon-opened fas fa-caret-up\"><\/i><\/span>\n\t\t\t\t\t\t\t\t\t\t\t\t\t<\/span>\n\t\t\t\t\t\t\t\t\t\t\t\t<a class=\"elementor-toggle-title\" tabindex=\"0\">\u00bfQu\u00e9 pasa si no consumo mi volumen de datos en los 30 d\u00edas \/ 365 d\u00edas?<\/a>\n\t\t\t\t\t<\/div>\n\n\t\t\t\t\t<div id=\"elementor-tab-content-1974\" class=\"elementor-tab-content elementor-clearfix\" data-tab=\"4\" role=\"region\" aria-labelledby=\"elementor-tab-title-1974\"><p>Si un paquete de datos reservado no se utiliza dentro del plazo establecido, el cr\u00e9dito restante caduca. La fecha exacta de finalizaci\u00f3n puede consultarse en cualquier momento tras introducir el n\u00famero de la tarjeta SIM en: <a href=\"https:\/\/campersim.com\/es\/datenvolumen\/\">https:\/\/campersim.com\/datenvolumen\/<\/a> visible.<\/p><\/div>\n\t\t\t\t<\/div>\n\t\t\t\t\t\t\t<div class=\"elementor-toggle-item\">\n\t\t\t\t\t<div id=\"elementor-tab-title-1975\" class=\"elementor-tab-title\" data-tab=\"5\" role=\"button\" aria-controls=\"elementor-tab-content-1975\" aria-expanded=\"false\">\n\t\t\t\t\t\t\t\t\t\t\t\t<span class=\"elementor-toggle-icon elementor-toggle-icon-left\" aria-hidden=\"true\">\n\t\t\t\t\t\t\t\t\t\t\t\t\t\t\t<span class=\"elementor-toggle-icon-closed\"><i class=\"fas fa-caret-right\"><\/i><\/span>\n\t\t\t\t\t\t\t\t<span class=\"elementor-toggle-icon-opened\"><i class=\"elementor-toggle-icon-opened fas fa-caret-up\"><\/i><\/span>\n\t\t\t\t\t\t\t\t\t\t\t\t\t<\/span>\n\t\t\t\t\t\t\t\t\t\t\t\t<a class=\"elementor-toggle-title\" tabindex=\"0\">\u00bfD\u00f3nde puedo volver a reservar paquetes de datos?<\/a>\n\t\t\t\t\t<\/div>\n\n\t\t\t\t\t<div id=\"elementor-tab-content-1975\" class=\"elementor-tab-content elementor-clearfix\" data-tab=\"5\" role=\"region\" aria-labelledby=\"elementor-tab-title-1975\"><p>Se puede acceder a cada tarjeta SIM activada tras introducir el n\u00famero de la tarjeta SIM en el enlace: <a href=\"https:\/\/campersim.com\/es\/datenvolumen\/\">https:\/\/campersim.com\/datenvolumen\/<\/a> un paquete de datos puede volver a reservarse c\u00f3modamente en l\u00ednea.<\/p><\/div>\n\t\t\t\t<\/div>\n\t\t\t\t\t\t\t<div class=\"elementor-toggle-item\">\n\t\t\t\t\t<div id=\"elementor-tab-title-1976\" class=\"elementor-tab-title\" data-tab=\"6\" role=\"button\" aria-controls=\"elementor-tab-content-1976\" aria-expanded=\"false\">\n\t\t\t\t\t\t\t\t\t\t\t\t<span class=\"elementor-toggle-icon elementor-toggle-icon-left\" aria-hidden=\"true\">\n\t\t\t\t\t\t\t\t\t\t\t\t\t\t\t<span class=\"elementor-toggle-icon-closed\"><i class=\"fas fa-caret-right\"><\/i><\/span>\n\t\t\t\t\t\t\t\t<span class=\"elementor-toggle-icon-opened\"><i class=\"elementor-toggle-icon-opened fas fa-caret-up\"><\/i><\/span>\n\t\t\t\t\t\t\t\t\t\t\t\t\t<\/span>\n\t\t\t\t\t\t\t\t\t\t\t\t<a class=\"elementor-toggle-title\" tabindex=\"0\">\u00bfPor qu\u00e9 no tengo Internet? He activado correctamente mi tarjeta de datos a trav\u00e9s de Nect y he insertado la tarjeta de datos en mi router.<\/a>\n\t\t\t\t\t<\/div>\n\n\t\t\t\t\t<div id=\"elementor-tab-content-1976\" class=\"elementor-tab-content elementor-clearfix\" data-tab=\"6\" role=\"region\" aria-labelledby=\"elementor-tab-title-1976\"><p>Para poder utilizar la tarjeta SIM correctamente, primero debe almacenarse el APN en el dispositivo correspondiente. La ubicaci\u00f3n de la configuraci\u00f3n manual difiere de un dispositivo a otro. El APN que debe almacenarse <strong>APN es:<\/strong> <strong>m2m.fusion-iot.de<\/strong>. Adem\u00e1s, la opci\u00f3n: itinerancia internacional debe estar activada. Si la configuraci\u00f3n del router no funciona, p\u00f3ngase en contacto directamente con el fabricante del dispositivo.<\/p><\/div>\n\t\t\t\t<\/div>\n\t\t\t\t\t\t\t<div class=\"elementor-toggle-item\">\n\t\t\t\t\t<div id=\"elementor-tab-title-1977\" class=\"elementor-tab-title\" data-tab=\"7\" role=\"button\" aria-controls=\"elementor-tab-content-1977\" aria-expanded=\"false\">\n\t\t\t\t\t\t\t\t\t\t\t\t<span class=\"elementor-toggle-icon elementor-toggle-icon-left\" aria-hidden=\"true\">\n\t\t\t\t\t\t\t\t\t\t\t\t\t\t\t<span class=\"elementor-toggle-icon-closed\"><i class=\"fas fa-caret-right\"><\/i><\/span>\n\t\t\t\t\t\t\t\t<span class=\"elementor-toggle-icon-opened\"><i class=\"elementor-toggle-icon-opened fas fa-caret-up\"><\/i><\/span>\n\t\t\t\t\t\t\t\t\t\t\t\t\t<\/span>\n\t\t\t\t\t\t\t\t\t\t\t\t<a class=\"elementor-toggle-title\" tabindex=\"0\">\u00bfCon qu\u00e9 router funciona el CamperSim?<\/a>\n\t\t\t\t\t<\/div>\n\n\t\t\t\t\t<div id=\"elementor-tab-content-1977\" class=\"elementor-tab-content elementor-clearfix\" data-tab=\"7\" role=\"region\" aria-labelledby=\"elementor-tab-title-1977\"><p>La CamperSim se puede utilizar en cualquier router de Internet en el que se pueda insertar una tarjeta SIM. Tambi\u00e9n se puede utilizar un tel\u00e9fono o una tableta.<\/p><\/div>\n\t\t\t\t<\/div>\n\t\t\t\t\t\t\t<div class=\"elementor-toggle-item\">\n\t\t\t\t\t<div id=\"elementor-tab-title-1978\" class=\"elementor-tab-title\" data-tab=\"8\" role=\"button\" aria-controls=\"elementor-tab-content-1978\" aria-expanded=\"false\">\n\t\t\t\t\t\t\t\t\t\t\t\t<span class=\"elementor-toggle-icon elementor-toggle-icon-left\" aria-hidden=\"true\">\n\t\t\t\t\t\t\t\t\t\t\t\t\t\t\t<span class=\"elementor-toggle-icon-closed\"><i class=\"fas fa-caret-right\"><\/i><\/span>\n\t\t\t\t\t\t\t\t<span class=\"elementor-toggle-icon-opened\"><i class=\"elementor-toggle-icon-opened fas fa-caret-up\"><\/i><\/span>\n\t\t\t\t\t\t\t\t\t\t\t\t\t<\/span>\n\t\t\t\t\t\t\t\t\t\t\t\t<a class=\"elementor-toggle-title\" tabindex=\"0\">\u00bfEn qu\u00e9 pa\u00edses funciona CamperSim?<\/a>\n\t\t\t\t\t<\/div>\n\n\t\t\t\t\t<div id=\"elementor-tab-content-1978\" class=\"elementor-tab-content elementor-clearfix\" data-tab=\"8\" role=\"region\" aria-labelledby=\"elementor-tab-title-1978\"><p>La amplia selecci\u00f3n de pa\u00edses de CamperSim puede consultarse en el siguiente enlace: <a href=\"https:\/\/campersim.com\/es\/netz-informationen\/\">https:\/\/campersim.com\/netz-informationen\/<\/a><\/p><\/div>\n\t\t\t\t<\/div>\n\t\t\t\t\t\t\t\t<\/div>\n\t\t\t\t\t\t<\/div>\n\t\t\t\t<\/div>\n\t\t\t\t\t<\/div>\n\t\t<\/div>\n\t\t\t\t\t<\/div>\n\t\t<\/section>\n\t\t\t\t<section class=\"elementor-section elementor-top-section elementor-element elementor-element-3a112f8 elementor-section-boxed elementor-section-height-default elementor-section-height-default\" data-id=\"3a112f8\" data-element_type=\"section\">\n\t\t\t\t\t\t<div class=\"elementor-container elementor-column-gap-default\">\n\t\t\t\t\t<div class=\"elementor-column elementor-col-100 elementor-top-column elementor-element elementor-element-3accdc0\" data-id=\"3accdc0\" data-element_type=\"column\">\n\t\t\t<div class=\"elementor-widget-wrap elementor-element-populated\">\n\t\t\t\t\t\t<div class=\"elementor-element elementor-element-7f8ff2f elementor-widget elementor-widget-heading\" data-id=\"7f8ff2f\" data-element_type=\"widget\" data-widget_type=\"heading.default\">\n\t\t\t\t<div class=\"elementor-widget-container\">\n\t\t\t\t\t<h2 class=\"elementor-heading-title elementor-size-default\">M\u00e1s informaci\u00f3n sobre la activaci\u00f3n de la tarjeta CAMPERSIM<\/h2>\t\t\t\t<\/div>\n\t\t\t\t<\/div>\n\t\t\t\t\t<\/div>\n\t\t<\/div>\n\t\t\t\t\t<\/div>\n\t\t<\/section>\n\t\t\t\t<section class=\"elementor-section elementor-top-section elementor-element elementor-element-5e8696d elementor-section-boxed elementor-section-height-default elementor-section-height-default\" data-id=\"5e8696d\" data-element_type=\"section\">\n\t\t\t\t\t\t<div class=\"elementor-container elementor-column-gap-default\">\n\t\t\t\t\t<div class=\"elementor-column elementor-col-50 elementor-top-column elementor-element elementor-element-ad4c8b8\" data-id=\"ad4c8b8\" data-element_type=\"column\">\n\t\t\t<div class=\"elementor-widget-wrap elementor-element-populated\">\n\t\t\t\t\t\t<div class=\"elementor-element elementor-element-098d495 elementor-widget elementor-widget-video\" data-id=\"098d495\" data-element_type=\"widget\" data-settings=\"{&quot;youtube_url&quot;:&quot;https:\\\/\\\/www.youtube.com\\\/watch?v=r2Qc4reOxP4&amp;t=1s&quot;,&quot;video_type&quot;:&quot;youtube&quot;,&quot;controls&quot;:&quot;yes&quot;}\" data-widget_type=\"video.default\">\n\t\t\t\t<div class=\"elementor-widget-container\">\n\t\t\t\t\t\t\t<div class=\"elementor-wrapper elementor-open-inline\">\n\t\t\t<div class=\"elementor-video\"><\/div>\t\t<\/div>\n\t\t\t\t\t\t<\/div>\n\t\t\t\t<\/div>\n\t\t\t\t\t<\/div>\n\t\t<\/div>\n\t\t\t\t<div class=\"elementor-column elementor-col-50 elementor-top-column elementor-element elementor-element-be65aed\" data-id=\"be65aed\" data-element_type=\"column\">\n\t\t\t<div class=\"elementor-widget-wrap elementor-element-populated\">\n\t\t\t\t\t\t<div class=\"elementor-element elementor-element-bb38a32 elementor-widget elementor-widget-video\" data-id=\"bb38a32\" data-element_type=\"widget\" data-settings=\"{&quot;youtube_url&quot;:&quot;https:\\\/\\\/www.youtube.com\\\/watch?v=fjyGfLQXuWs&quot;,&quot;video_type&quot;:&quot;youtube&quot;,&quot;controls&quot;:&quot;yes&quot;}\" data-widget_type=\"video.default\">\n\t\t\t\t<div class=\"elementor-widget-container\">\n\t\t\t\t\t\t\t<div class=\"elementor-wrapper elementor-open-inline\">\n\t\t\t<div class=\"elementor-video\"><\/div>\t\t<\/div>\n\t\t\t\t\t\t<\/div>\n\t\t\t\t<\/div>\n\t\t\t\t\t<\/div>\n\t\t<\/div>\n\t\t\t\t\t<\/div>\n\t\t<\/section>\n\t\t\t\t<\/div>","protected":false},"excerpt":{"rendered":"<p>Podemos ayudarle \u00bfC\u00f3mo activo mi CamperSIM? Nos alegramos de que se haya decidido por nuestra CamperSIM.<\/p>","protected":false},"author":1,"featured_media":1218,"parent":0,"menu_order":0,"comment_status":"closed","ping_status":"open","template":"","meta":{"_acf_changed":false,"footnotes":""},"class_list":["post-1215","page","type-page","status-publish","has-post-thumbnail","hentry"],"acf":[],"yoast_head":"<!-- This site is optimized with the Yoast SEO plugin v26.3 - https:\/\/yoast.com\/wordpress\/plugins\/seo\/ -->\n<title>FAQ - CAMPERSIM - SIM Karte f\u00fcr Freizeitmobile<\/title>\n<meta name=\"description\" content=\"Wir beantworten dir in unserem FAQ die wichtigsten Fragen zu deiner SIM-Karte. Und wenn du mal nicht f\u00fcndig wirst, dann ruf uns an: 0361 7800 7801\" \/>\n<meta name=\"robots\" content=\"index, follow, max-snippet:-1, max-image-preview:large, max-video-preview:-1\" \/>\n<link rel=\"canonical\" href=\"https:\/\/campersim.com\/es\/faq-2\/\" \/>\n<meta property=\"og:locale\" content=\"es_ES\" \/>\n<meta property=\"og:type\" content=\"article\" \/>\n<meta property=\"og:title\" content=\"FAQ - CAMPERSIM - SIM Karte f\u00fcr Freizeitmobile\" \/>\n<meta property=\"og:description\" content=\"Wir beantworten dir in unserem FAQ die wichtigsten Fragen zu deiner SIM-Karte. Und wenn du mal nicht f\u00fcndig wirst, dann ruf uns an: 0361 7800 7801\" \/>\n<meta property=\"og:url\" content=\"https:\/\/campersim.com\/es\/faq-2\/\" \/>\n<meta property=\"og:site_name\" content=\"CAMPERSIM - SIM Karte f\u00fcr Freizeitmobile\" \/>\n<meta property=\"article:modified_time\" content=\"2025-10-22T09:13:10+00:00\" \/>\n<meta property=\"og:image\" content=\"https:\/\/campersim.com\/wp-content\/uploads\/2023\/09\/campersim-faq-1.jpg\" \/>\n\t<meta property=\"og:image:width\" content=\"1000\" \/>\n\t<meta property=\"og:image:height\" content=\"1000\" \/>\n\t<meta property=\"og:image:type\" content=\"image\/jpeg\" \/>\n<meta name=\"twitter:card\" content=\"summary_large_image\" \/>\n<script type=\"application\/ld+json\" class=\"yoast-schema-graph\">{\"@context\":\"https:\/\/schema.org\",\"@graph\":[{\"@type\":\"WebPage\",\"@id\":\"https:\/\/campersim.com\/faq-2\/\",\"url\":\"https:\/\/campersim.com\/faq-2\/\",\"name\":\"FAQ - CAMPERSIM - SIM Karte f\u00fcr Freizeitmobile\",\"isPartOf\":{\"@id\":\"https:\/\/campersim.com\/#website\"},\"primaryImageOfPage\":{\"@id\":\"https:\/\/campersim.com\/faq-2\/#primaryimage\"},\"image\":{\"@id\":\"https:\/\/campersim.com\/faq-2\/#primaryimage\"},\"thumbnailUrl\":\"https:\/\/campersim.com\/wp-content\/uploads\/2023\/09\/campersim-faq-1.jpg\",\"datePublished\":\"2023-09-12T13:13:25+00:00\",\"dateModified\":\"2025-10-22T09:13:10+00:00\",\"description\":\"Wir beantworten dir in unserem FAQ die wichtigsten Fragen zu deiner SIM-Karte. Und wenn du mal nicht f\u00fcndig wirst, dann ruf uns an: 0361 7800 7801\",\"breadcrumb\":{\"@id\":\"https:\/\/campersim.com\/faq-2\/#breadcrumb\"},\"inLanguage\":\"es\",\"potentialAction\":[{\"@type\":\"ReadAction\",\"target\":[\"https:\/\/campersim.com\/faq-2\/\"]}]},{\"@type\":\"ImageObject\",\"inLanguage\":\"es\",\"@id\":\"https:\/\/campersim.com\/faq-2\/#primaryimage\",\"url\":\"https:\/\/campersim.com\/wp-content\/uploads\/2023\/09\/campersim-faq-1.jpg\",\"contentUrl\":\"https:\/\/campersim.com\/wp-content\/uploads\/2023\/09\/campersim-faq-1.jpg\",\"width\":1000,\"height\":1000},{\"@type\":\"BreadcrumbList\",\"@id\":\"https:\/\/campersim.com\/faq-2\/#breadcrumb\",\"itemListElement\":[{\"@type\":\"ListItem\",\"position\":1,\"name\":\"Startseite\",\"item\":\"https:\/\/campersim.com\/\"},{\"@type\":\"ListItem\",\"position\":2,\"name\":\"FAQ\"}]},{\"@type\":\"WebSite\",\"@id\":\"https:\/\/campersim.com\/#website\",\"url\":\"https:\/\/campersim.com\/\",\"name\":\"CAMPERSIM - SIM Karte f\u00fcr Freizeitmobile\",\"description\":\"\",\"publisher\":{\"@id\":\"https:\/\/campersim.com\/#organization\"},\"potentialAction\":[{\"@type\":\"SearchAction\",\"target\":{\"@type\":\"EntryPoint\",\"urlTemplate\":\"https:\/\/campersim.com\/?s={search_term_string}\"},\"query-input\":{\"@type\":\"PropertyValueSpecification\",\"valueRequired\":true,\"valueName\":\"search_term_string\"}}],\"inLanguage\":\"es\"},{\"@type\":\"Organization\",\"@id\":\"https:\/\/campersim.com\/#organization\",\"name\":\"CAMPERSIM\",\"url\":\"https:\/\/campersim.com\/\",\"logo\":{\"@type\":\"ImageObject\",\"inLanguage\":\"es\",\"@id\":\"https:\/\/campersim.com\/#\/schema\/logo\/image\/\",\"url\":\"https:\/\/campersim.com\/wp-content\/uploads\/2023\/07\/cropped-favicon.jpg\",\"contentUrl\":\"https:\/\/campersim.com\/wp-content\/uploads\/2023\/07\/cropped-favicon.jpg\",\"width\":512,\"height\":512,\"caption\":\"CAMPERSIM\"},\"image\":{\"@id\":\"https:\/\/campersim.com\/#\/schema\/logo\/image\/\"}}]}<\/script>\n<!-- \/ Yoast SEO plugin. -->","yoast_head_json":{"title":"FAQ - CAMPERSIM - Tarjeta SIM para veh\u00edculos recreativos","description":"Respondemos a las preguntas m\u00e1s importantes sobre su tarjeta SIM en nuestras FAQ. Y si no encuentra lo que busca, ll\u00e1menos: 0361 7800 7801","robots":{"index":"index","follow":"follow","max-snippet":"max-snippet:-1","max-image-preview":"max-image-preview:large","max-video-preview":"max-video-preview:-1"},"canonical":"https:\/\/campersim.com\/es\/faq-2\/","og_locale":"es_ES","og_type":"article","og_title":"FAQ - CAMPERSIM - SIM Karte f\u00fcr Freizeitmobile","og_description":"Wir beantworten dir in unserem FAQ die wichtigsten Fragen zu deiner SIM-Karte. Und wenn du mal nicht f\u00fcndig wirst, dann ruf uns an: 0361 7800 7801","og_url":"https:\/\/campersim.com\/es\/faq-2\/","og_site_name":"CAMPERSIM - SIM Karte f\u00fcr Freizeitmobile","article_modified_time":"2025-10-22T09:13:10+00:00","og_image":[{"width":1000,"height":1000,"url":"https:\/\/campersim.com\/wp-content\/uploads\/2023\/09\/campersim-faq-1.jpg","type":"image\/jpeg"}],"twitter_card":"summary_large_image","schema":{"@context":"https:\/\/schema.org","@graph":[{"@type":"WebPage","@id":"https:\/\/campersim.com\/faq-2\/","url":"https:\/\/campersim.com\/faq-2\/","name":"FAQ - CAMPERSIM - Tarjeta SIM para veh\u00edculos recreativos","isPartOf":{"@id":"https:\/\/campersim.com\/#website"},"primaryImageOfPage":{"@id":"https:\/\/campersim.com\/faq-2\/#primaryimage"},"image":{"@id":"https:\/\/campersim.com\/faq-2\/#primaryimage"},"thumbnailUrl":"https:\/\/campersim.com\/wp-content\/uploads\/2023\/09\/campersim-faq-1.jpg","datePublished":"2023-09-12T13:13:25+00:00","dateModified":"2025-10-22T09:13:10+00:00","description":"Respondemos a las preguntas m\u00e1s importantes sobre su tarjeta SIM en nuestras FAQ. Y si no encuentra lo que busca, ll\u00e1menos: 0361 7800 7801","breadcrumb":{"@id":"https:\/\/campersim.com\/faq-2\/#breadcrumb"},"inLanguage":"es","potentialAction":[{"@type":"ReadAction","target":["https:\/\/campersim.com\/faq-2\/"]}]},{"@type":"ImageObject","inLanguage":"es","@id":"https:\/\/campersim.com\/faq-2\/#primaryimage","url":"https:\/\/campersim.com\/wp-content\/uploads\/2023\/09\/campersim-faq-1.jpg","contentUrl":"https:\/\/campersim.com\/wp-content\/uploads\/2023\/09\/campersim-faq-1.jpg","width":1000,"height":1000},{"@type":"BreadcrumbList","@id":"https:\/\/campersim.com\/faq-2\/#breadcrumb","itemListElement":[{"@type":"ListItem","position":1,"name":"Startseite","item":"https:\/\/campersim.com\/"},{"@type":"ListItem","position":2,"name":"FAQ"}]},{"@type":"WebSite","@id":"https:\/\/campersim.com\/#website","url":"https:\/\/campersim.com\/","name":"CAMPERSIM - Tarjeta SIM para m\u00f3viles de ocio","description":"","publisher":{"@id":"https:\/\/campersim.com\/#organization"},"potentialAction":[{"@type":"SearchAction","target":{"@type":"EntryPoint","urlTemplate":"https:\/\/campersim.com\/?s={search_term_string}"},"query-input":{"@type":"PropertyValueSpecification","valueRequired":true,"valueName":"search_term_string"}}],"inLanguage":"es"},{"@type":"Organization","@id":"https:\/\/campersim.com\/#organization","name":"CAMPERSIM","url":"https:\/\/campersim.com\/","logo":{"@type":"ImageObject","inLanguage":"es","@id":"https:\/\/campersim.com\/#\/schema\/logo\/image\/","url":"https:\/\/campersim.com\/wp-content\/uploads\/2023\/07\/cropped-favicon.jpg","contentUrl":"https:\/\/campersim.com\/wp-content\/uploads\/2023\/07\/cropped-favicon.jpg","width":512,"height":512,"caption":"CAMPERSIM"},"image":{"@id":"https:\/\/campersim.com\/#\/schema\/logo\/image\/"}}]}},"_links":{"self":[{"href":"https:\/\/campersim.com\/es\/wp-json\/wp\/v2\/pages\/1215","targetHints":{"allow":["GET"]}}],"collection":[{"href":"https:\/\/campersim.com\/es\/wp-json\/wp\/v2\/pages"}],"about":[{"href":"https:\/\/campersim.com\/es\/wp-json\/wp\/v2\/types\/page"}],"author":[{"embeddable":true,"href":"https:\/\/campersim.com\/es\/wp-json\/wp\/v2\/users\/1"}],"replies":[{"embeddable":true,"href":"https:\/\/campersim.com\/es\/wp-json\/wp\/v2\/comments?post=1215"}],"version-history":[{"count":37,"href":"https:\/\/campersim.com\/es\/wp-json\/wp\/v2\/pages\/1215\/revisions"}],"predecessor-version":[{"id":7039,"href":"https:\/\/campersim.com\/es\/wp-json\/wp\/v2\/pages\/1215\/revisions\/7039"}],"wp:featuredmedia":[{"embeddable":true,"href":"https:\/\/campersim.com\/es\/wp-json\/wp\/v2\/media\/1218"}],"wp:attachment":[{"href":"https:\/\/campersim.com\/es\/wp-json\/wp\/v2\/media?parent=1215"}],"curies":[{"name":"wp","href":"https:\/\/api.w.org\/{rel}","templated":true}]}}