{"id":1830,"date":"2024-01-31T11:09:47","date_gmt":"2024-01-31T10:09:47","guid":{"rendered":"https:\/\/campersim.com\/?page_id=1830"},"modified":"2025-06-05T12:10:30","modified_gmt":"2025-06-05T10:10:30","slug":"campersim-activate-2","status":"publish","type":"page","link":"https:\/\/campersim.com\/es\/campersim-activate-2\/","title":{"rendered":"Activar CAMPERSIM"},"content":{"rendered":"<div data-elementor-type=\"wp-page\" data-elementor-id=\"1830\" class=\"elementor elementor-1830\" data-elementor-post-type=\"page\">\n\t\t\t\t\t\t<section class=\"elementor-section elementor-top-section elementor-element elementor-element-f230b32 elementor-section-boxed elementor-section-height-default elementor-section-height-default\" data-id=\"f230b32\" data-element_type=\"section\">\n\t\t\t\t\t\t<div class=\"elementor-container elementor-column-gap-default\">\n\t\t\t\t\t<div class=\"elementor-column elementor-col-100 elementor-top-column elementor-element elementor-element-a526bab\" data-id=\"a526bab\" data-element_type=\"column\">\n\t\t\t<div class=\"elementor-widget-wrap elementor-element-populated\">\n\t\t\t\t\t\t<section class=\"elementor-section elementor-inner-section elementor-element elementor-element-f8d20b2 elementor-section-boxed elementor-section-height-default elementor-section-height-default\" data-id=\"f8d20b2\" data-element_type=\"section\">\n\t\t\t\t\t\t<div class=\"elementor-container elementor-column-gap-default\">\n\t\t\t\t\t<div class=\"elementor-column elementor-col-100 elementor-inner-column elementor-element elementor-element-08eb9e9\" data-id=\"08eb9e9\" data-element_type=\"column\">\n\t\t\t<div class=\"elementor-widget-wrap elementor-element-populated\">\n\t\t\t\t\t\t<div class=\"elementor-element elementor-element-9bb42bc elementor-widget elementor-widget-heading\" data-id=\"9bb42bc\" data-element_type=\"widget\" data-widget_type=\"heading.default\">\n\t\t\t\t<div class=\"elementor-widget-container\">\n\t\t\t\t\t<h1 class=\"elementor-heading-title elementor-size-default\">\ud83d\udea8 Te explicamos c\u00f3mo activar tu tarjeta SIM<\/h1>\t\t\t\t<\/div>\n\t\t\t\t<\/div>\n\t\t\t\t<div class=\"elementor-element elementor-element-96a6832 elementor-widget elementor-widget-text-editor\" data-id=\"96a6832\" data-element_type=\"widget\" data-widget_type=\"text-editor.default\">\n\t\t\t\t<div class=\"elementor-widget-container\">\n\t\t\t\t\t\t\t\t\t<p>Vea primero este v\u00eddeo. <br \/>Roberto explica de forma breve y concisa lo que es importante para tu nuevo CAMPERSIM.<\/p>\t\t\t\t\t\t\t\t<\/div>\n\t\t\t\t<\/div>\n\t\t\t\t\t<\/div>\n\t\t<\/div>\n\t\t\t\t\t<\/div>\n\t\t<\/section>\n\t\t\t\t<div class=\"elementor-element elementor-element-c4b9723 elementor-widget elementor-widget-video\" data-id=\"c4b9723\" data-element_type=\"widget\" data-settings=\"{&quot;youtube_url&quot;:&quot;https:\\\/\\\/www.youtube.com\\\/watch?v=r2Qc4reOxP4&amp;ab_channel=CAMPERSIM&quot;,&quot;show_image_overlay&quot;:&quot;yes&quot;,&quot;image_overlay&quot;:{&quot;url&quot;:&quot;https:\\\/\\\/campersim.com\\\/wp-content\\\/uploads\\\/2024\\\/05\\\/willkommen-campersim.jpg&quot;,&quot;id&quot;:2994,&quot;size&quot;:&quot;&quot;,&quot;alt&quot;:&quot;&quot;,&quot;source&quot;:&quot;library&quot;},&quot;video_type&quot;:&quot;youtube&quot;,&quot;controls&quot;:&quot;yes&quot;}\" data-widget_type=\"video.default\">\n\t\t\t\t<div class=\"elementor-widget-container\">\n\t\t\t\t\t\t\t<div class=\"elementor-wrapper elementor-open-inline\">\n\t\t\t<div class=\"elementor-video\"><\/div>\t\t\t\t<div class=\"elementor-custom-embed-image-overlay\" style=\"background-image: url(https:\/\/campersim.com\/wp-content\/uploads\/2024\/05\/willkommen-campersim.jpg);\">\n\t\t\t\t\t\t\t\t\t\t\t\t\t\t\t\t<div class=\"elementor-custom-embed-play\" role=\"button\" aria-label=\"Reproducir v\u00eddeo\" tabindex=\"0\" data-no-translation-aria-label=\"\">\n\t\t\t\t\t\t\t<i aria-hidden=\"true\" class=\"eicon-play\"><\/i>\t\t\t\t\t\t<\/div>\n\t\t\t\t\t\t\t\t\t<\/div>\n\t\t\t\t\t<\/div>\n\t\t\t\t\t\t<\/div>\n\t\t\t\t<\/div>\n\t\t\t\t<section class=\"elementor-section elementor-inner-section elementor-element elementor-element-66e1313 elementor-section-boxed elementor-section-height-default elementor-section-height-default\" data-id=\"66e1313\" data-element_type=\"section\">\n\t\t\t\t\t\t<div class=\"elementor-container elementor-column-gap-default\">\n\t\t\t\t\t<div class=\"elementor-column elementor-col-100 elementor-inner-column elementor-element elementor-element-c0bc187\" data-id=\"c0bc187\" data-element_type=\"column\">\n\t\t\t<div class=\"elementor-widget-wrap elementor-element-populated\">\n\t\t\t\t\t\t<div class=\"elementor-element elementor-element-ee6ef33 elementor-widget elementor-widget-heading\" data-id=\"ee6ef33\" data-element_type=\"widget\" data-widget_type=\"heading.default\">\n\t\t\t\t<div class=\"elementor-widget-container\">\n\t\t\t\t\t<h1 class=\"elementor-heading-title elementor-size-default\">\u00bfQu\u00e9 necesita para los pr\u00f3ximos pasos?<\/h1>\t\t\t\t<\/div>\n\t\t\t\t<\/div>\n\t\t\t\t\t<\/div>\n\t\t<\/div>\n\t\t\t\t\t<\/div>\n\t\t<\/section>\n\t\t\t\t<section class=\"elementor-section elementor-inner-section elementor-element elementor-element-62d8ad2 elementor-section-boxed elementor-section-height-default elementor-section-height-default\" data-id=\"62d8ad2\" data-element_type=\"section\">\n\t\t\t\t\t\t<div class=\"elementor-container elementor-column-gap-default\">\n\t\t\t\t\t<div class=\"elementor-column elementor-col-33 elementor-inner-column elementor-element elementor-element-882fee0\" data-id=\"882fee0\" data-element_type=\"column\">\n\t\t\t<div class=\"elementor-widget-wrap elementor-element-populated\">\n\t\t\t\t\t\t<div class=\"elementor-element elementor-element-a1531c9 elementor-widget elementor-widget-image\" data-id=\"a1531c9\" data-element_type=\"widget\" data-widget_type=\"image.default\">\n\t\t\t\t<div class=\"elementor-widget-container\">\n\t\t\t\t\t\t\t\t\t\t\t\t\t\t\t<img loading=\"lazy\" decoding=\"async\" width=\"1000\" height=\"1017\" src=\"https:\/\/campersim.com\/wp-content\/uploads\/2025\/06\/passport-campersim-1.jpg\" class=\"attachment-large size-large wp-image-6503\" alt=\"\" srcset=\"https:\/\/campersim.com\/wp-content\/uploads\/2025\/06\/passport-campersim-1.jpg 1000w, https:\/\/campersim.com\/wp-content\/uploads\/2025\/06\/passport-campersim-1-295x300.jpg 295w, https:\/\/campersim.com\/wp-content\/uploads\/2025\/06\/passport-campersim-1-768x781.jpg 768w, https:\/\/campersim.com\/wp-content\/uploads\/2025\/06\/passport-campersim-1-12x12.jpg 12w, https:\/\/campersim.com\/wp-content\/uploads\/2025\/06\/passport-campersim-1-300x305.jpg 300w, https:\/\/campersim.com\/wp-content\/uploads\/2025\/06\/passport-campersim-1-600x610.jpg 600w\" sizes=\"auto, (max-width: 1000px) 100vw, 1000px\" \/>\t\t\t\t\t\t\t\t\t\t\t\t\t\t\t<\/div>\n\t\t\t\t<\/div>\n\t\t\t\t<div class=\"elementor-element elementor-element-ac358d0 elementor-widget elementor-widget-text-editor\" data-id=\"ac358d0\" data-element_type=\"widget\" data-widget_type=\"text-editor.default\">\n\t\t\t\t<div class=\"elementor-widget-container\">\n\t\t\t\t\t\t\t\t\t<h3><span style=\"background-color: var(--thepro-primary-color); text-align: var(--bs-body-text-align);\">Su pasaporte<\/span><\/h3><p>Tenga a mano su pasaporte internacional: de este modo nos aseguramos de poder verificarle de forma fiable en todo momento.<\/p>\t\t\t\t\t\t\t\t<\/div>\n\t\t\t\t<\/div>\n\t\t\t\t\t<\/div>\n\t\t<\/div>\n\t\t\t\t<div class=\"elementor-column elementor-col-33 elementor-inner-column elementor-element elementor-element-1ee9e62\" data-id=\"1ee9e62\" data-element_type=\"column\">\n\t\t\t<div class=\"elementor-widget-wrap elementor-element-populated\">\n\t\t\t\t\t\t<div class=\"elementor-element elementor-element-66ee45a elementor-widget elementor-widget-image\" data-id=\"66ee45a\" data-element_type=\"widget\" data-widget_type=\"image.default\">\n\t\t\t\t<div class=\"elementor-widget-container\">\n\t\t\t\t\t\t\t\t\t\t\t\t\t\t\t<img loading=\"lazy\" decoding=\"async\" width=\"1000\" height=\"1017\" src=\"https:\/\/campersim.com\/wp-content\/uploads\/2025\/06\/campersim-karte.jpg\" class=\"attachment-large size-large wp-image-6504\" alt=\"\" srcset=\"https:\/\/campersim.com\/wp-content\/uploads\/2025\/06\/campersim-karte.jpg 1000w, https:\/\/campersim.com\/wp-content\/uploads\/2025\/06\/campersim-karte-295x300.jpg 295w, https:\/\/campersim.com\/wp-content\/uploads\/2025\/06\/campersim-karte-768x781.jpg 768w, https:\/\/campersim.com\/wp-content\/uploads\/2025\/06\/campersim-karte-12x12.jpg 12w, https:\/\/campersim.com\/wp-content\/uploads\/2025\/06\/campersim-karte-300x305.jpg 300w, https:\/\/campersim.com\/wp-content\/uploads\/2025\/06\/campersim-karte-600x610.jpg 600w\" sizes=\"auto, (max-width: 1000px) 100vw, 1000px\" \/>\t\t\t\t\t\t\t\t\t\t\t\t\t\t\t<\/div>\n\t\t\t\t<\/div>\n\t\t\t\t<div class=\"elementor-element elementor-element-2ea8b4a elementor-widget elementor-widget-text-editor\" data-id=\"2ea8b4a\" data-element_type=\"widget\" data-widget_type=\"text-editor.default\">\n\t\t\t\t<div class=\"elementor-widget-container\">\n\t\t\t\t\t\t\t\t\t<h3><span style=\"background-color: var(--thepro-primary-color); text-align: var(--bs-body-text-align);\">Tu CamperSIM<\/span><\/h3><p>Encontrar\u00e1 su CamperSIM en el sobre de la izquierda. Tambi\u00e9n necesitar\u00e1s el n\u00famero de tu tarjeta SIM.<\/p>\t\t\t\t\t\t\t\t<\/div>\n\t\t\t\t<\/div>\n\t\t\t\t\t<\/div>\n\t\t<\/div>\n\t\t\t\t<div class=\"elementor-column elementor-col-33 elementor-inner-column elementor-element elementor-element-4123941\" data-id=\"4123941\" data-element_type=\"column\">\n\t\t\t<div class=\"elementor-widget-wrap elementor-element-populated\">\n\t\t\t\t\t\t<div class=\"elementor-element elementor-element-d2cc957 elementor-widget elementor-widget-image\" data-id=\"d2cc957\" data-element_type=\"widget\" data-widget_type=\"image.default\">\n\t\t\t\t<div class=\"elementor-widget-container\">\n\t\t\t\t\t\t\t\t\t\t\t\t\t\t\t<img loading=\"lazy\" decoding=\"async\" width=\"1000\" height=\"1017\" src=\"https:\/\/campersim.com\/wp-content\/uploads\/2025\/06\/internet.jpg\" class=\"attachment-large size-large wp-image-6505\" alt=\"\" srcset=\"https:\/\/campersim.com\/wp-content\/uploads\/2025\/06\/internet.jpg 1000w, https:\/\/campersim.com\/wp-content\/uploads\/2025\/06\/internet-295x300.jpg 295w, https:\/\/campersim.com\/wp-content\/uploads\/2025\/06\/internet-768x781.jpg 768w, https:\/\/campersim.com\/wp-content\/uploads\/2025\/06\/internet-12x12.jpg 12w, https:\/\/campersim.com\/wp-content\/uploads\/2025\/06\/internet-300x305.jpg 300w, https:\/\/campersim.com\/wp-content\/uploads\/2025\/06\/internet-600x610.jpg 600w\" sizes=\"auto, (max-width: 1000px) 100vw, 1000px\" \/>\t\t\t\t\t\t\t\t\t\t\t\t\t\t\t<\/div>\n\t\t\t\t<\/div>\n\t\t\t\t<div class=\"elementor-element elementor-element-6c4433f elementor-widget elementor-widget-text-editor\" data-id=\"6c4433f\" data-element_type=\"widget\" data-widget_type=\"text-editor.default\">\n\t\t\t\t<div class=\"elementor-widget-container\">\n\t\t\t\t\t\t\t\t\t<h3><span style=\"background-color: var(--thepro-primary-color); text-align: var(--bs-body-text-align);\">Internet<\/span><\/h3><p>Para garantizar un proceso de verificaci\u00f3n sin problemas, necesita una conexi\u00f3n a Internet estable.<\/p>\t\t\t\t\t\t\t\t<\/div>\n\t\t\t\t<\/div>\n\t\t\t\t\t<\/div>\n\t\t<\/div>\n\t\t\t\t\t<\/div>\n\t\t<\/section>\n\t\t\t\t\t<\/div>\n\t\t<\/div>\n\t\t\t\t\t<\/div>\n\t\t<\/section>\n\t\t\t\t<section class=\"elementor-section elementor-top-section elementor-element elementor-element-63b4cb50 elementor-section-boxed elementor-section-height-default elementor-section-height-default\" data-id=\"63b4cb50\" data-element_type=\"section\">\n\t\t\t\t\t\t<div class=\"elementor-container elementor-column-gap-default\">\n\t\t\t\t\t<div class=\"elementor-column elementor-col-100 elementor-top-column elementor-element elementor-element-738d214b\" data-id=\"738d214b\" data-element_type=\"column\">\n\t\t\t<div class=\"elementor-widget-wrap elementor-element-populated\">\n\t\t\t\t\t\t<div class=\"elementor-element elementor-element-88d6f59 elementor-widget elementor-widget-heading\" data-id=\"88d6f59\" data-element_type=\"widget\" data-widget_type=\"heading.default\">\n\t\t\t\t<div class=\"elementor-widget-container\">\n\t\t\t\t\t<h1 class=\"elementor-heading-title elementor-size-default\">Ya est\u00e1: empiece a activar su tarjeta SIM.<\/h1>\t\t\t\t<\/div>\n\t\t\t\t<\/div>\n\t\t\t\t<div class=\"elementor-element elementor-element-2fd6dd9 elementor-widget elementor-widget-text-editor\" data-id=\"2fd6dd9\" data-element_type=\"widget\" data-widget_type=\"text-editor.default\">\n\t\t\t\t<div class=\"elementor-widget-container\">\n\t\t\t\t\t\t\t\t\t<p>El n\u00famero de tu tarjeta SIM existe <strong><span style=\"text-decoration: underline;\">siempre a partir de 20 d\u00edgitos<\/span><\/strong>. Si se equivoca al introducir sus datos, s\u00f3lo podremos activar su tarjeta SIM manualmente; todo lo dem\u00e1s es totalmente autom\u00e1tico.<\/p><p>He aqu\u00ed un ejemplo de c\u00f3mo introducir correctamente el n\u00famero de la tarjeta SIM: <strong>89123456789123456789<\/strong><\/p>\t\t\t\t\t\t\t\t<\/div>\n\t\t\t\t<\/div>\n\t\t\t\t<div class=\"elementor-element elementor-element-fca922e elementor-widget elementor-widget-text-editor\" data-id=\"fca922e\" data-element_type=\"widget\" data-widget_type=\"text-editor.default\">\n\t\t\t\t<div class=\"elementor-widget-container\">\n\t\t\t\t\t\t\t\t\t<p>\u00bfHa pedido m\u00e1s de una tarjeta? Entonces introduzca todos los n\u00fameros de tarjeta uno tras otro, separados por una coma.<\/p>\t\t\t\t\t\t\t\t<\/div>\n\t\t\t\t<\/div>\n\t\t\t\t<section class=\"elementor-section elementor-inner-section elementor-element elementor-element-9cb7548 elementor-section-boxed elementor-section-height-default elementor-section-height-default\" data-id=\"9cb7548\" data-element_type=\"section\">\n\t\t\t\t\t\t<div class=\"elementor-container elementor-column-gap-default\">\n\t\t\t\t\t<div class=\"elementor-column elementor-col-50 elementor-inner-column elementor-element elementor-element-d071e09\" data-id=\"d071e09\" data-element_type=\"column\">\n\t\t\t<div class=\"elementor-widget-wrap elementor-element-populated\">\n\t\t\t\t\t\t<div class=\"elementor-element elementor-element-141278b elementor-widget elementor-widget-heading\" data-id=\"141278b\" data-element_type=\"widget\" data-widget_type=\"heading.default\">\n\t\t\t\t<div class=\"elementor-widget-container\">\n\t\t\t\t\t<h2 class=\"elementor-heading-title elementor-size-default\">Aqu\u00ed encontrar\u00e1 el n\u00famero de su tarjeta SIM<\/h2>\t\t\t\t<\/div>\n\t\t\t\t<\/div>\n\t\t\t\t<div class=\"elementor-element elementor-element-8fc9bc9 elementor-widget elementor-widget-text-editor\" data-id=\"8fc9bc9\" data-element_type=\"widget\" data-widget_type=\"text-editor.default\">\n\t\t\t\t<div class=\"elementor-widget-container\">\n\t\t\t\t\t\t\t\t\t<p><b>Por favor, introduzca su <u>N\u00famero de 20 cifras<\/u> que encontrar\u00e1 directamente en la tarjeta SIM.<br \/><\/b><em>\u00bfHa pedido m\u00e1s de una tarjeta? Entonces introduzca todos los n\u00fameros de tarjeta en el campo (\"Su n\u00famero de tarjeta sim\") separados por una coma.<\/em><\/p>\t\t\t\t\t\t\t\t<\/div>\n\t\t\t\t<\/div>\n\t\t\t\t\t<\/div>\n\t\t<\/div>\n\t\t\t\t<div class=\"elementor-column elementor-col-50 elementor-inner-column elementor-element elementor-element-8468683\" data-id=\"8468683\" data-element_type=\"column\">\n\t\t\t<div class=\"elementor-widget-wrap elementor-element-populated\">\n\t\t\t\t\t\t<div class=\"elementor-element elementor-element-b05cad7 elementor-widget elementor-widget-image\" data-id=\"b05cad7\" data-element_type=\"widget\" data-widget_type=\"image.default\">\n\t\t\t\t<div class=\"elementor-widget-container\">\n\t\t\t\t\t\t\t\t\t\t\t\t\t\t\t<img decoding=\"async\" src=\"https:\/\/campersim.com\/wp-content\/uploads\/elementor\/thumbs\/campersim-karten-nummer-1-qtbs1hw8rat4k0pksd8q8w4c5z0agbs1tx206t6tvq.jpg\" title=\"campersim-tarjeta-n\u00famero-1\" alt=\"campersim-karten-nummer-1\" loading=\"lazy\" \/>\t\t\t\t\t\t\t\t\t\t\t\t\t\t\t<\/div>\n\t\t\t\t<\/div>\n\t\t\t\t\t<\/div>\n\t\t<\/div>\n\t\t\t\t\t<\/div>\n\t\t<\/section>\n\t\t\t\t<div class=\"elementor-element elementor-element-16fdc4b elementor-widget elementor-widget-shortcode\" data-id=\"16fdc4b\" data-element_type=\"widget\" data-widget_type=\"shortcode.default\">\n\t\t\t\t<div class=\"elementor-widget-container\">\n\t\t\t\t\t\t\t<div class=\"elementor-shortcode\">\t\t\t<div class=\"nect_form\">\r\n\t\t\t\t<input type=\"text\" placeholder=\"Su n\u00famero de pedido\" id=\"nect_order_number\">\r\n\t\t\t\t<input type=\"text\" placeholder=\"El n\u00famero de tu tarjeta SIM\" id=\"nect_sim_number\" value=\"\">\r\n\r\n\t\t\t\t<button class=\"button alt\" id=\"nect_start\">Iniciar verificaci\u00f3n + activaci\u00f3n<\/button>\r\n                <!--<a href=\"#\" id=\"create_new_case\">Neue Verifizierung anfordern<\/a>-->\r\n\t\t\t<\/div>\r\n\t\t\t<div class=\"nect_loading\" id=\"nect_loading\">\r\n\t\t\t\t<img decoding=\"async\" src=\"https:\/\/campersim.com\/wp-content\/plugins\/nect-ident\/assets\/images\/circles.svg\" alt=\"Loading\">\r\n\t\t\t\tUn momento, por favor.\r\n\t\t\t<\/div>\r\n\t\t\t<div class=\"nect_errors\" id=\"nect_errors\"><\/div>\r\n\r\n\t\t<\/div>\n\t\t\t\t\t\t<\/div>\n\t\t\t\t<\/div>\n\t\t\t\t<div class=\"elementor-element elementor-element-1609f4c elementor-widget elementor-widget-heading\" data-id=\"1609f4c\" data-element_type=\"widget\" data-widget_type=\"heading.default\">\n\t\t\t\t<div class=\"elementor-widget-container\">\n\t\t\t\t\t<h4 class=\"elementor-heading-title elementor-size-default\">\u00bfNo tiene n\u00famero de pedido?<\/h4>\t\t\t\t<\/div>\n\t\t\t\t<\/div>\n\t\t\t\t<div class=\"elementor-element elementor-element-3aacc6e elementor-widget elementor-widget-text-editor\" data-id=\"3aacc6e\" data-element_type=\"widget\" data-widget_type=\"text-editor.default\">\n\t\t\t\t<div class=\"elementor-widget-container\">\n\t\t\t\t\t\t\t\t\t<p><a href=\"https:\/\/campersim.com\/es\/campersim-aktivieren-haendler\/\">Siga este enlace.<\/a><\/p>\t\t\t\t\t\t\t\t<\/div>\n\t\t\t\t<\/div>\n\t\t\t\t\t<\/div>\n\t\t<\/div>\n\t\t\t\t\t<\/div>\n\t\t<\/section>\n\t\t\t\t<section class=\"elementor-section elementor-top-section elementor-element elementor-element-c79013c elementor-section-boxed elementor-section-height-default elementor-section-height-default\" data-id=\"c79013c\" data-element_type=\"section\">\n\t\t\t\t\t\t<div class=\"elementor-container elementor-column-gap-default\">\n\t\t\t\t\t<div class=\"elementor-column elementor-col-100 elementor-top-column elementor-element elementor-element-dfd645e\" data-id=\"dfd645e\" data-element_type=\"column\">\n\t\t\t<div class=\"elementor-widget-wrap\">\n\t\t\t\t\t\t\t<\/div>\n\t\t<\/div>\n\t\t\t\t\t<\/div>\n\t\t<\/section>\n\t\t\t\t<\/div>","protected":false},"excerpt":{"rendered":"<p>\ud83d\udea8 Te explicamos c\u00f3mo activar tu tarjeta SIM Por favor, mira antes este v\u00eddeo. Roberto...<\/p>","protected":false},"author":1,"featured_media":0,"parent":0,"menu_order":0,"comment_status":"closed","ping_status":"open","template":"","meta":{"_acf_changed":false,"footnotes":""},"class_list":["post-1830","page","type-page","status-publish","hentry"],"acf":[],"yoast_head":"<!-- This site is optimized with the Yoast SEO plugin v26.3 - https:\/\/yoast.com\/wordpress\/plugins\/seo\/ -->\n<title>CAMPERSIM aktivieren - CAMPERSIM - SIM Karte f\u00fcr Freizeitmobile<\/title>\n<meta name=\"robots\" content=\"noindex, follow\" \/>\n<meta property=\"og:locale\" content=\"es_ES\" \/>\n<meta property=\"og:type\" content=\"article\" \/>\n<meta property=\"og:title\" content=\"CAMPERSIM aktivieren - CAMPERSIM - SIM Karte f\u00fcr Freizeitmobile\" \/>\n<meta property=\"og:description\" content=\"\ud83d\udea8 Wir erkl\u00e4ren dir, wie du deine SIM-Karte aktivierst Sieh dir bitte zuerst dieses Video an. Roberto...\" \/>\n<meta property=\"og:url\" content=\"https:\/\/campersim.com\/es\/campersim-activate-2\/\" \/>\n<meta property=\"og:site_name\" content=\"CAMPERSIM - SIM Karte f\u00fcr Freizeitmobile\" \/>\n<meta property=\"article:modified_time\" content=\"2025-06-05T10:10:30+00:00\" \/>\n<meta property=\"og:image\" content=\"https:\/\/campersim.com\/wp-content\/uploads\/2025\/06\/passport-campersim-1.jpg\" \/>\n\t<meta property=\"og:image:width\" content=\"1000\" \/>\n\t<meta property=\"og:image:height\" content=\"1017\" \/>\n\t<meta property=\"og:image:type\" content=\"image\/jpeg\" \/>\n<meta name=\"twitter:card\" content=\"summary_large_image\" \/>\n<script type=\"application\/ld+json\" class=\"yoast-schema-graph\">{\"@context\":\"https:\/\/schema.org\",\"@graph\":[{\"@type\":\"WebPage\",\"@id\":\"https:\/\/campersim.com\/campersim-activate-2\/\",\"url\":\"https:\/\/campersim.com\/campersim-activate-2\/\",\"name\":\"CAMPERSIM aktivieren - CAMPERSIM - SIM Karte f\u00fcr Freizeitmobile\",\"isPartOf\":{\"@id\":\"https:\/\/campersim.com\/#website\"},\"primaryImageOfPage\":{\"@id\":\"https:\/\/campersim.com\/campersim-activate-2\/#primaryimage\"},\"image\":{\"@id\":\"https:\/\/campersim.com\/campersim-activate-2\/#primaryimage\"},\"thumbnailUrl\":\"https:\/\/campersim.com\/wp-content\/uploads\/2025\/06\/passport-campersim-1.jpg\",\"datePublished\":\"2024-01-31T10:09:47+00:00\",\"dateModified\":\"2025-06-05T10:10:30+00:00\",\"breadcrumb\":{\"@id\":\"https:\/\/campersim.com\/campersim-activate-2\/#breadcrumb\"},\"inLanguage\":\"es\",\"potentialAction\":[{\"@type\":\"ReadAction\",\"target\":[\"https:\/\/campersim.com\/campersim-activate-2\/\"]}]},{\"@type\":\"ImageObject\",\"inLanguage\":\"es\",\"@id\":\"https:\/\/campersim.com\/campersim-activate-2\/#primaryimage\",\"url\":\"https:\/\/campersim.com\/wp-content\/uploads\/2025\/06\/passport-campersim-1.jpg\",\"contentUrl\":\"https:\/\/campersim.com\/wp-content\/uploads\/2025\/06\/passport-campersim-1.jpg\"},{\"@type\":\"BreadcrumbList\",\"@id\":\"https:\/\/campersim.com\/campersim-activate-2\/#breadcrumb\",\"itemListElement\":[{\"@type\":\"ListItem\",\"position\":1,\"name\":\"Startseite\",\"item\":\"https:\/\/campersim.com\/\"},{\"@type\":\"ListItem\",\"position\":2,\"name\":\"CAMPERSIM aktivieren\"}]},{\"@type\":\"WebSite\",\"@id\":\"https:\/\/campersim.com\/#website\",\"url\":\"https:\/\/campersim.com\/\",\"name\":\"CAMPERSIM - SIM Karte f\u00fcr Freizeitmobile\",\"description\":\"\",\"publisher\":{\"@id\":\"https:\/\/campersim.com\/#organization\"},\"potentialAction\":[{\"@type\":\"SearchAction\",\"target\":{\"@type\":\"EntryPoint\",\"urlTemplate\":\"https:\/\/campersim.com\/?s={search_term_string}\"},\"query-input\":{\"@type\":\"PropertyValueSpecification\",\"valueRequired\":true,\"valueName\":\"search_term_string\"}}],\"inLanguage\":\"es\"},{\"@type\":\"Organization\",\"@id\":\"https:\/\/campersim.com\/#organization\",\"name\":\"CAMPERSIM\",\"url\":\"https:\/\/campersim.com\/\",\"logo\":{\"@type\":\"ImageObject\",\"inLanguage\":\"es\",\"@id\":\"https:\/\/campersim.com\/#\/schema\/logo\/image\/\",\"url\":\"https:\/\/campersim.com\/wp-content\/uploads\/2023\/07\/cropped-favicon.jpg\",\"contentUrl\":\"https:\/\/campersim.com\/wp-content\/uploads\/2023\/07\/cropped-favicon.jpg\",\"width\":512,\"height\":512,\"caption\":\"CAMPERSIM\"},\"image\":{\"@id\":\"https:\/\/campersim.com\/#\/schema\/logo\/image\/\"}}]}<\/script>\n<!-- \/ Yoast SEO plugin. -->","yoast_head_json":{"title":"Activar CAMPERSIM - CAMPERSIM - Tarjeta SIM para veh\u00edculos recreativos","robots":{"index":"noindex","follow":"follow"},"og_locale":"es_ES","og_type":"article","og_title":"CAMPERSIM aktivieren - CAMPERSIM - SIM Karte f\u00fcr Freizeitmobile","og_description":"\ud83d\udea8 Wir erkl\u00e4ren dir, wie du deine SIM-Karte aktivierst Sieh dir bitte zuerst dieses Video an. Roberto...","og_url":"https:\/\/campersim.com\/es\/campersim-activate-2\/","og_site_name":"CAMPERSIM - SIM Karte f\u00fcr Freizeitmobile","article_modified_time":"2025-06-05T10:10:30+00:00","og_image":[{"width":1000,"height":1017,"url":"https:\/\/campersim.com\/wp-content\/uploads\/2025\/06\/passport-campersim-1.jpg","type":"image\/jpeg"}],"twitter_card":"summary_large_image","schema":{"@context":"https:\/\/schema.org","@graph":[{"@type":"WebPage","@id":"https:\/\/campersim.com\/campersim-activate-2\/","url":"https:\/\/campersim.com\/campersim-activate-2\/","name":"Activar CAMPERSIM - CAMPERSIM - Tarjeta SIM para veh\u00edculos recreativos","isPartOf":{"@id":"https:\/\/campersim.com\/#website"},"primaryImageOfPage":{"@id":"https:\/\/campersim.com\/campersim-activate-2\/#primaryimage"},"image":{"@id":"https:\/\/campersim.com\/campersim-activate-2\/#primaryimage"},"thumbnailUrl":"https:\/\/campersim.com\/wp-content\/uploads\/2025\/06\/passport-campersim-1.jpg","datePublished":"2024-01-31T10:09:47+00:00","dateModified":"2025-06-05T10:10:30+00:00","breadcrumb":{"@id":"https:\/\/campersim.com\/campersim-activate-2\/#breadcrumb"},"inLanguage":"es","potentialAction":[{"@type":"ReadAction","target":["https:\/\/campersim.com\/campersim-activate-2\/"]}]},{"@type":"ImageObject","inLanguage":"es","@id":"https:\/\/campersim.com\/campersim-activate-2\/#primaryimage","url":"https:\/\/campersim.com\/wp-content\/uploads\/2025\/06\/passport-campersim-1.jpg","contentUrl":"https:\/\/campersim.com\/wp-content\/uploads\/2025\/06\/passport-campersim-1.jpg"},{"@type":"BreadcrumbList","@id":"https:\/\/campersim.com\/campersim-activate-2\/#breadcrumb","itemListElement":[{"@type":"ListItem","position":1,"name":"Startseite","item":"https:\/\/campersim.com\/"},{"@type":"ListItem","position":2,"name":"CAMPERSIM aktivieren"}]},{"@type":"WebSite","@id":"https:\/\/campersim.com\/#website","url":"https:\/\/campersim.com\/","name":"CAMPERSIM - Tarjeta SIM para m\u00f3viles de ocio","description":"","publisher":{"@id":"https:\/\/campersim.com\/#organization"},"potentialAction":[{"@type":"SearchAction","target":{"@type":"EntryPoint","urlTemplate":"https:\/\/campersim.com\/?s={search_term_string}"},"query-input":{"@type":"PropertyValueSpecification","valueRequired":true,"valueName":"search_term_string"}}],"inLanguage":"es"},{"@type":"Organization","@id":"https:\/\/campersim.com\/#organization","name":"CAMPERSIM","url":"https:\/\/campersim.com\/","logo":{"@type":"ImageObject","inLanguage":"es","@id":"https:\/\/campersim.com\/#\/schema\/logo\/image\/","url":"https:\/\/campersim.com\/wp-content\/uploads\/2023\/07\/cropped-favicon.jpg","contentUrl":"https:\/\/campersim.com\/wp-content\/uploads\/2023\/07\/cropped-favicon.jpg","width":512,"height":512,"caption":"CAMPERSIM"},"image":{"@id":"https:\/\/campersim.com\/#\/schema\/logo\/image\/"}}]}},"_links":{"self":[{"href":"https:\/\/campersim.com\/es\/wp-json\/wp\/v2\/pages\/1830","targetHints":{"allow":["GET"]}}],"collection":[{"href":"https:\/\/campersim.com\/es\/wp-json\/wp\/v2\/pages"}],"about":[{"href":"https:\/\/campersim.com\/es\/wp-json\/wp\/v2\/types\/page"}],"author":[{"embeddable":true,"href":"https:\/\/campersim.com\/es\/wp-json\/wp\/v2\/users\/1"}],"replies":[{"embeddable":true,"href":"https:\/\/campersim.com\/es\/wp-json\/wp\/v2\/comments?post=1830"}],"version-history":[{"count":35,"href":"https:\/\/campersim.com\/es\/wp-json\/wp\/v2\/pages\/1830\/revisions"}],"predecessor-version":[{"id":6511,"href":"https:\/\/campersim.com\/es\/wp-json\/wp\/v2\/pages\/1830\/revisions\/6511"}],"wp:attachment":[{"href":"https:\/\/campersim.com\/es\/wp-json\/wp\/v2\/media?parent=1830"}],"curies":[{"name":"wp","href":"https:\/\/api.w.org\/{rel}","templated":true}]}}