{"id":441,"date":"2023-07-13T10:07:34","date_gmt":"2023-07-13T08:07:34","guid":{"rendered":"https:\/\/campersim.com\/?page_id=441"},"modified":"2024-12-18T15:36:12","modified_gmt":"2024-12-18T14:36:12","slug":"cookie-richtlinie-eu","status":"publish","type":"page","link":"https:\/\/campersim.com\/es\/cookie-richtlinie-eu\/","title":{"rendered":"Directiva sobre cookies (UE)"},"content":{"rendered":"<div data-elementor-type=\"wp-post\" data-elementor-id=\"441\" class=\"elementor elementor-441\" data-elementor-post-type=\"page\">\n\t\t\t\t\t\t<section class=\"elementor-section elementor-top-section elementor-element elementor-element-ef59c61 elementor-section-boxed elementor-section-height-default elementor-section-height-default\" data-id=\"ef59c61\" data-element_type=\"section\">\n\t\t\t\t\t\t<div class=\"elementor-container elementor-column-gap-default\">\n\t\t\t\t\t<div class=\"elementor-column elementor-col-100 elementor-top-column elementor-element elementor-element-c35720a\" data-id=\"c35720a\" data-element_type=\"column\">\n\t\t\t<div class=\"elementor-widget-wrap elementor-element-populated\">\n\t\t\t\t\t\t<div class=\"elementor-element elementor-element-61f0a31 elementor-widget elementor-widget-text-editor\" data-id=\"61f0a31\" data-element_type=\"widget\" data-widget_type=\"text-editor.default\">\n\t\t\t\t<div class=\"elementor-widget-container\">\n\t\t\t\t\t\t\t\t\t<p><i>Esta Pol\u00edtica de Cookies se actualiz\u00f3 por \u00faltima vez el 12 de julio de 2022 y se aplica a los ciudadanos y residentes del Espacio Econ\u00f3mico Europeo y Suiza.<\/i><\/p>\t\t\t\t\t\t\t\t<\/div>\n\t\t\t\t<\/div>\n\t\t\t\t<div class=\"elementor-element elementor-element-a9a94c3 elementor-widget elementor-widget-text-editor\" data-id=\"a9a94c3\" data-element_type=\"widget\" data-widget_type=\"text-editor.default\">\n\t\t\t\t<div class=\"elementor-widget-container\">\n\t\t\t\t\t\t\t\t\t<h2>1. introducci\u00f3n<\/h2>\n<p>Nuestra p\u00e1gina web,&nbsp;<a href=\"https:\/\/campersim.com\/es\/\">https:\/\/campersim.com<\/a>&nbsp;(en adelante: \"El Sitio Web\") utiliza cookies y tecnolog\u00edas similares (en aras de la simplicidad, todas ellas se resumen en \"Cookies\"). Las cookies tambi\u00e9n son colocadas por terceros por encargo nuestro. En el documento que figura a continuaci\u00f3n le informamos sobre el uso de cookies en nuestro sitio web.<\/p>\n<h2>2 \u00bfQu\u00e9 son las cookies?<\/h2>\n<p>Una cookie es un simple archivo peque\u00f1o que se env\u00eda junto con las p\u00e1ginas de una direcci\u00f3n de Internet y que el navegador web puede almacenar en el PC o en otro dispositivo. La informaci\u00f3n almacenada en ella puede enviarse a nuestros servidores o a los servidores de terceros proveedores pertinentes durante visitas posteriores.<\/p>\n<h2>3. \u00bfqu\u00e9 son los guiones?<\/h2>\n<p>Un script es un fragmento de c\u00f3digo de programa que se utiliza para que nuestro sitio web sea funcional e interactivo. Este c\u00f3digo se ejecuta en nuestros servidores o en su dispositivo.<\/p>\n<h2>4 \u00bfQu\u00e9 es una baliza web?<\/h2>\n<p>Una baliza web (tambi\u00e9n conocida como etiqueta de p\u00edxel) es un peque\u00f1o fragmento invisible de texto o imagen en un sitio web que se utiliza para controlar el tr\u00e1fico en el sitio web. Para que esto sea posible, se almacenan diversos datos sobre usted mediante balizas web.<\/p>\n<h2>5. galletas<\/h2>\n<p><b>5.1 Cookies t\u00e9cnicas o funcionales<\/b><\/p>\n<p>Algunas cookies garantizan que partes de nuestro sitio web funcionen correctamente y que se conozcan sus preferencias de usuario. Al colocar cookies funcionales, facilitamos su visita a nuestro sitio web. As\u00ed, por ejemplo, no tiene que introducir repetidamente la misma informaci\u00f3n cuando visita nuestro sitio web, o sus art\u00edculos permanecen en la cesta de la compra hasta que los paga. Podemos colocar estas cookies sin su consentimiento.<\/p>\n<p><b>5.2 Marketing \/ cookies de seguimiento<\/b><\/p>\n<p>Las cookies de marketing\/seguimiento son cookies u otra forma de almacenamiento local utilizadas para crear perfiles de usuario con el fin de mostrar anuncios o seguir al usuario en este sitio web o en varios sitios web con fines de marketing similares.<\/p>\n<p><b>5.3 Redes sociales<\/b><\/p>\n<p>Hemos incrustado contenido de Facebook e Instagram en nuestro sitio web para promocionar p\u00e1ginas web (por ejemplo, \"Me gusta\", \"Pin\") o compartir (por ejemplo, \"Tweet\") en redes sociales como Facebook e Instagram. Este contenido est\u00e1 incrustado con c\u00f3digo que proviene de Facebook e Instagram y coloca cookies. Este contenido puede almacenar y procesar cierta informaci\u00f3n para publicidad personalizada.<\/p>\n<p>Por favor, lea la pol\u00edtica de privacidad de estas redes sociales (que puede cambiar regularmente) para saber c\u00f3mo tratan sus datos (personales) que procesan utilizando estas cookies. Los datos recuperados se anonimizan en la medida de lo posible. Facebook e Instagram tienen su sede en Estados Unidos.<\/p>\n<h2>&nbsp;<\/h2>\n<h2>8. activaci\u00f3n\/desactivaci\u00f3n y eliminaci\u00f3n de cookies<\/h2>\n<p>Puede utilizar su navegador de Internet para eliminar cookies autom\u00e1tica o manualmente. Tambi\u00e9n puede especificar que no se coloquen determinadas cookies. Otra opci\u00f3n es configurar su navegador de Internet para que se le notifique cada vez que se instale una cookie. Para m\u00e1s informaci\u00f3n sobre estas opciones, consulte las instrucciones de la secci\u00f3n de ayuda de su navegador.<\/p>\n<p>Tenga en cuenta que nuestro sitio web puede no funcionar correctamente si se desactivan todas las cookies. Si elimina las cookies de su navegador, volver\u00e1n a colocarse cuando visite de nuevo nuestro sitio web.<\/p>\n<h2>9. sus derechos en relaci\u00f3n con los datos personales<\/h2>\n<p>Usted tiene los siguientes derechos en relaci\u00f3n con sus datos personales:<\/p>\n<ul>\n<li>Tiene derecho a saber por qu\u00e9 se utilizan sus datos personales, qu\u00e9 ocurre con ellos y durante cu\u00e1nto tiempo se almacenan.<\/li>\n<li>Derecho de acceso: Tiene derecho a consultar los datos personales que conozca.<\/li>\n<li>Derecho de rectificaci\u00f3n: Tiene derecho a que se modifiquen, rectifiquen, supriman o bloqueen sus datos personales en cualquier momento.<\/li>\n<li>Si nos ha dado su consentimiento para procesar sus datos, tiene derecho a retirarlo y a que se supriman sus datos personales.<\/li>\n<li>Derecho a transferir sus datos: Tienes derecho a solicitar todos tus datos personales a un responsable del tratamiento y transferirlos en su totalidad a otro responsable.<\/li>\n<li>Derecho de oposici\u00f3n: puede oponerse al tratamiento de sus datos. Nos atendremos a ello salvo que existan motivos leg\u00edtimos para el tratamiento.<\/li>\n<\/ul>\n<p>Para ejercer estos derechos, p\u00f3ngase en contacto con nosotros. Consulte los datos de contacto al final de esta declaraci\u00f3n sobre cookies. Si tiene alguna queja sobre c\u00f3mo tratamos sus datos, nos gustar\u00eda escucharla, pero tambi\u00e9n tiene derecho a dirigirla a la autoridad supervisora (la Autoridad de Protecci\u00f3n de Datos).<\/p>\n<h2>10. datos de contacto<\/h2>\n<p>Si tiene preguntas o comentarios sobre nuestra pol\u00edtica de cookies y esta declaraci\u00f3n, p\u00f3ngase en contacto con nosotros a trav\u00e9s de los datos que figuran a continuaci\u00f3n:<\/p>\n<p><span><b>ProVerDa GmbH<\/b><br><\/span><span style=\"color: var( --e-global-color-text ); font-family: var( --e-global-typography-text-font-family ), Sans-serif; font-weight: var( --e-global-typography-text-font-weight ); background-color: var(--thepro-primary-color); text-align: var(--bs-body-text-align);\">An der Lache 40-42<br><\/span><span style=\"background-color: var(--thepro-primary-color); color: var( --e-global-color-text ); font-family: var( --e-global-typography-text-font-family ), Sans-serif; font-weight: var( --e-global-typography-text-font-weight ); text-align: var(--bs-body-text-align);\">99086 Erfurt<\/span><\/p>\n<p><span>Alemania<\/span><br>P\u00e1gina web:&nbsp;<span><a href=\"https:\/\/campersim.com\/es\/\">https:\/\/campersim.com<\/a><\/span><br>correo electr\u00f3nico:&nbsp;<span><span>info@campersim.com<\/span><\/span><br><span>Tel\u00e9fono: 0361 - 34 94 84 20<\/span><\/p>\n<p>Esta pol\u00edtica de cookies se ha creado con&nbsp;<a href=\"https:\/\/cookiedatabase.org\/\" target=\"_blank\" rel=\"noopener\">cookiedatabase.org<\/a>&nbsp;sincronizado el 12 de julio de 2022.<\/p>\t\t\t\t\t\t\t\t<\/div>\n\t\t\t\t<\/div>\n\t\t\t\t\t<\/div>\n\t\t<\/div>\n\t\t\t\t\t<\/div>\n\t\t<\/section>\n\t\t\t\t<\/div>","protected":false},"excerpt":{"rendered":"<p>Esta pol\u00edtica de cookies se actualiz\u00f3 por \u00faltima vez el 12 de julio de 2022 y se aplica a los ciudadanos...<\/p>","protected":false},"author":1,"featured_media":0,"parent":0,"menu_order":0,"comment_status":"closed","ping_status":"closed","template":"","meta":{"_acf_changed":false,"footnotes":""},"class_list":["post-441","page","type-page","status-publish","hentry"],"acf":[],"yoast_head":"<!-- This site is optimized with the Yoast SEO plugin v26.3 - https:\/\/yoast.com\/wordpress\/plugins\/seo\/ -->\n<title>Cookie-Richtlinie (EU) - CAMPERSIM - SIM Karte f\u00fcr Freizeitmobile<\/title>\n<meta name=\"robots\" content=\"noindex, follow\" \/>\n<meta property=\"og:locale\" content=\"es_ES\" \/>\n<meta property=\"og:type\" content=\"article\" \/>\n<meta property=\"og:title\" content=\"Cookie-Richtlinie (EU) - CAMPERSIM - SIM Karte f\u00fcr Freizeitmobile\" \/>\n<meta property=\"og:description\" content=\"Diese Cookie-Richtlinie wurde zuletzt am 12. Juli 2022 aktualisiert und gilt f\u00fcr B\u00fcrger und Einwohner mit st\u00e4ndigem...\" \/>\n<meta property=\"og:url\" content=\"https:\/\/campersim.com\/es\/cookie-richtlinie-eu\/\" \/>\n<meta property=\"og:site_name\" content=\"CAMPERSIM - SIM Karte f\u00fcr Freizeitmobile\" \/>\n<meta property=\"article:modified_time\" content=\"2024-12-18T14:36:12+00:00\" \/>\n<meta property=\"og:image\" content=\"https:\/\/campersim.com\/wp-content\/uploads\/2023\/08\/campersim.png\" \/>\n\t<meta property=\"og:image:width\" content=\"1545\" \/>\n\t<meta property=\"og:image:height\" content=\"1013\" \/>\n\t<meta property=\"og:image:type\" content=\"image\/png\" \/>\n<meta name=\"twitter:card\" content=\"summary_large_image\" \/>\n<script type=\"application\/ld+json\" class=\"yoast-schema-graph\">{\"@context\":\"https:\/\/schema.org\",\"@graph\":[{\"@type\":\"WebPage\",\"@id\":\"https:\/\/campersim.com\/cookie-richtlinie-eu\/\",\"url\":\"https:\/\/campersim.com\/cookie-richtlinie-eu\/\",\"name\":\"Cookie-Richtlinie (EU) - CAMPERSIM - SIM Karte f\u00fcr Freizeitmobile\",\"isPartOf\":{\"@id\":\"https:\/\/campersim.com\/#website\"},\"datePublished\":\"2023-07-13T08:07:34+00:00\",\"dateModified\":\"2024-12-18T14:36:12+00:00\",\"breadcrumb\":{\"@id\":\"https:\/\/campersim.com\/cookie-richtlinie-eu\/#breadcrumb\"},\"inLanguage\":\"es\",\"potentialAction\":[{\"@type\":\"ReadAction\",\"target\":[\"https:\/\/campersim.com\/cookie-richtlinie-eu\/\"]}]},{\"@type\":\"BreadcrumbList\",\"@id\":\"https:\/\/campersim.com\/cookie-richtlinie-eu\/#breadcrumb\",\"itemListElement\":[{\"@type\":\"ListItem\",\"position\":1,\"name\":\"Startseite\",\"item\":\"https:\/\/campersim.com\/\"},{\"@type\":\"ListItem\",\"position\":2,\"name\":\"Cookie-Richtlinie (EU)\"}]},{\"@type\":\"WebSite\",\"@id\":\"https:\/\/campersim.com\/#website\",\"url\":\"https:\/\/campersim.com\/\",\"name\":\"CAMPERSIM - SIM Karte f\u00fcr Freizeitmobile\",\"description\":\"\",\"publisher\":{\"@id\":\"https:\/\/campersim.com\/#organization\"},\"potentialAction\":[{\"@type\":\"SearchAction\",\"target\":{\"@type\":\"EntryPoint\",\"urlTemplate\":\"https:\/\/campersim.com\/?s={search_term_string}\"},\"query-input\":{\"@type\":\"PropertyValueSpecification\",\"valueRequired\":true,\"valueName\":\"search_term_string\"}}],\"inLanguage\":\"es\"},{\"@type\":\"Organization\",\"@id\":\"https:\/\/campersim.com\/#organization\",\"name\":\"CAMPERSIM\",\"url\":\"https:\/\/campersim.com\/\",\"logo\":{\"@type\":\"ImageObject\",\"inLanguage\":\"es\",\"@id\":\"https:\/\/campersim.com\/#\/schema\/logo\/image\/\",\"url\":\"https:\/\/campersim.com\/wp-content\/uploads\/2023\/07\/cropped-favicon.jpg\",\"contentUrl\":\"https:\/\/campersim.com\/wp-content\/uploads\/2023\/07\/cropped-favicon.jpg\",\"width\":512,\"height\":512,\"caption\":\"CAMPERSIM\"},\"image\":{\"@id\":\"https:\/\/campersim.com\/#\/schema\/logo\/image\/\"}}]}<\/script>\n<!-- \/ Yoast SEO plugin. -->","yoast_head_json":{"title":"Cookie-Richtlinie (EU) - CAMPERSIM - SIM Karte f\u00fcr Freizeitmobile","robots":{"index":"noindex","follow":"follow"},"og_locale":"es_ES","og_type":"article","og_title":"Cookie-Richtlinie (EU) - CAMPERSIM - SIM Karte f\u00fcr Freizeitmobile","og_description":"Diese Cookie-Richtlinie wurde zuletzt am 12. Juli 2022 aktualisiert und gilt f\u00fcr B\u00fcrger und Einwohner mit st\u00e4ndigem...","og_url":"https:\/\/campersim.com\/es\/cookie-richtlinie-eu\/","og_site_name":"CAMPERSIM - SIM Karte f\u00fcr Freizeitmobile","article_modified_time":"2024-12-18T14:36:12+00:00","og_image":[{"width":1545,"height":1013,"url":"https:\/\/campersim.com\/wp-content\/uploads\/2023\/08\/campersim.png","type":"image\/png"}],"twitter_card":"summary_large_image","schema":{"@context":"https:\/\/schema.org","@graph":[{"@type":"WebPage","@id":"https:\/\/campersim.com\/cookie-richtlinie-eu\/","url":"https:\/\/campersim.com\/cookie-richtlinie-eu\/","name":"Cookie-Richtlinie (EU) - CAMPERSIM - SIM Karte f\u00fcr Freizeitmobile","isPartOf":{"@id":"https:\/\/campersim.com\/#website"},"datePublished":"2023-07-13T08:07:34+00:00","dateModified":"2024-12-18T14:36:12+00:00","breadcrumb":{"@id":"https:\/\/campersim.com\/cookie-richtlinie-eu\/#breadcrumb"},"inLanguage":"es","potentialAction":[{"@type":"ReadAction","target":["https:\/\/campersim.com\/cookie-richtlinie-eu\/"]}]},{"@type":"BreadcrumbList","@id":"https:\/\/campersim.com\/cookie-richtlinie-eu\/#breadcrumb","itemListElement":[{"@type":"ListItem","position":1,"name":"Startseite","item":"https:\/\/campersim.com\/"},{"@type":"ListItem","position":2,"name":"Cookie-Richtlinie (EU)"}]},{"@type":"WebSite","@id":"https:\/\/campersim.com\/#website","url":"https:\/\/campersim.com\/","name":"CAMPERSIM - Tarjeta SIM para m\u00f3viles de ocio","description":"","publisher":{"@id":"https:\/\/campersim.com\/#organization"},"potentialAction":[{"@type":"SearchAction","target":{"@type":"EntryPoint","urlTemplate":"https:\/\/campersim.com\/?s={search_term_string}"},"query-input":{"@type":"PropertyValueSpecification","valueRequired":true,"valueName":"search_term_string"}}],"inLanguage":"es"},{"@type":"Organization","@id":"https:\/\/campersim.com\/#organization","name":"CAMPERSIM","url":"https:\/\/campersim.com\/","logo":{"@type":"ImageObject","inLanguage":"es","@id":"https:\/\/campersim.com\/#\/schema\/logo\/image\/","url":"https:\/\/campersim.com\/wp-content\/uploads\/2023\/07\/cropped-favicon.jpg","contentUrl":"https:\/\/campersim.com\/wp-content\/uploads\/2023\/07\/cropped-favicon.jpg","width":512,"height":512,"caption":"CAMPERSIM"},"image":{"@id":"https:\/\/campersim.com\/#\/schema\/logo\/image\/"}}]}},"_links":{"self":[{"href":"https:\/\/campersim.com\/es\/wp-json\/wp\/v2\/pages\/441","targetHints":{"allow":["GET"]}}],"collection":[{"href":"https:\/\/campersim.com\/es\/wp-json\/wp\/v2\/pages"}],"about":[{"href":"https:\/\/campersim.com\/es\/wp-json\/wp\/v2\/types\/page"}],"author":[{"embeddable":true,"href":"https:\/\/campersim.com\/es\/wp-json\/wp\/v2\/users\/1"}],"replies":[{"embeddable":true,"href":"https:\/\/campersim.com\/es\/wp-json\/wp\/v2\/comments?post=441"}],"version-history":[{"count":17,"href":"https:\/\/campersim.com\/es\/wp-json\/wp\/v2\/pages\/441\/revisions"}],"predecessor-version":[{"id":3658,"href":"https:\/\/campersim.com\/es\/wp-json\/wp\/v2\/pages\/441\/revisions\/3658"}],"wp:attachment":[{"href":"https:\/\/campersim.com\/es\/wp-json\/wp\/v2\/media?parent=441"}],"curies":[{"name":"wp","href":"https:\/\/api.w.org\/{rel}","templated":true}]}}