{"id":566,"date":"2023-08-18T20:23:22","date_gmt":"2023-08-18T18:23:22","guid":{"rendered":"https:\/\/campersim.com\/?page_id=566"},"modified":"2024-12-18T15:36:12","modified_gmt":"2024-12-18T14:36:12","slug":"agb","status":"publish","type":"page","link":"https:\/\/campersim.com\/es\/agb\/","title":{"rendered":"GTC"},"content":{"rendered":"<div data-elementor-type=\"wp-post\" data-elementor-id=\"566\" class=\"elementor elementor-566\" data-elementor-post-type=\"page\">\n\t\t\t\t\t\t<section class=\"elementor-section elementor-top-section elementor-element elementor-element-ef59c61 elementor-section-boxed elementor-section-height-default elementor-section-height-default\" data-id=\"ef59c61\" data-element_type=\"section\">\n\t\t\t\t\t\t<div class=\"elementor-container elementor-column-gap-default\">\n\t\t\t\t\t<div class=\"elementor-column elementor-col-100 elementor-top-column elementor-element elementor-element-c35720a\" data-id=\"c35720a\" data-element_type=\"column\">\n\t\t\t<div class=\"elementor-widget-wrap elementor-element-populated\">\n\t\t\t\t\t\t<div class=\"elementor-element elementor-element-030d213 elementor-widget elementor-widget-heading\" data-id=\"030d213\" data-element_type=\"widget\" data-widget_type=\"heading.default\">\n\t\t\t\t<div class=\"elementor-widget-container\">\n\t\t\t\t\t<h2 class=\"elementor-heading-title elementor-size-default\">GTC<\/h2>\t\t\t\t<\/div>\n\t\t\t\t<\/div>\n\t\t\t\t<div class=\"elementor-element elementor-element-a9a94c3 elementor-widget elementor-widget-text-editor\" data-id=\"a9a94c3\" data-element_type=\"widget\" data-widget_type=\"text-editor.default\">\n\t\t\t\t<div class=\"elementor-widget-container\">\n\t\t\t\t\t\t\t\t\t<div class=\"column mcb-column mcb-item-8f328f69a one tablet-one mobile-one column_column animate fadeInLeftLarge\" data-anim-type=\"fadeInLeftLarge\">\n<div class=\"mcb-column-inner mcb-column-inner-8f328f69a mcb-item-column-inner\">\n<div class=\"column_attr mfn-inline-editor clearfix\">\n<p><strong>Condiciones generales con informaci\u00f3n al cliente<\/strong><\/p>\n<p>1. \u00e1mbito de aplicaci\u00f3n<br>2. ofertas y descripciones de servicios<br>3. proceso de pedido y celebraci\u00f3n del contrato<br>4. precios y gastos de env\u00edo<br>5. entrega, disponibilidad de mercanc\u00edas<br>6. modalidades de pago<br>7. reserva de dominio<br>8 Garant\u00eda por defectos materiales y garant\u00eda<br>9. responsabilidad<br>10. almacenamiento del texto del contrato<br>11. disposiciones finales<\/p>\n<p><em>1. \u00e1mbito de aplicaci\u00f3n<\/em><br>1.1 La relaci\u00f3n comercial entre campersim.com, propietaria: Proverda GmbH, An der Lache 40-42, 99086 Erfurt (en adelante, el \"Vendedor\") y el cliente (en adelante, el \"Cliente\") se regir\u00e1 exclusivamente por las siguientes Condiciones Generales en la versi\u00f3n vigente en el momento del pedido.<\/p>\n<p>1.2 Puede ponerse en contacto con nuestro servicio de atenci\u00f3n al cliente para preguntas, quejas y objeciones los d\u00edas laborables de [9:00 AM] a [6:00 PM] llamando al 0361 - 7800 7801 o por correo electr\u00f3nico a info@campersim.com.<\/p>\n<p>1.3 Un consumidor en el sentido de estas CGC es cualquier persona f\u00edsica que celebre un negocio jur\u00eddico con una finalidad que no pueda atribuirse principalmente a su actividad comercial o profesional independiente (art\u00edculo 13 del BGB).<\/p>\n<p>1.4 No se reconocer\u00e1n las condiciones divergentes del cliente a menos que el vendedor acepte expresamente su validez.<\/p>\n<p><em>2. ofertas y descripciones de servicios<\/em><br>La presentaci\u00f3n de los productos en la tienda online no constituye una oferta jur\u00eddicamente vinculante, sino una invitaci\u00f3n a realizar un pedido. Las descripciones de servicios que figuran en los cat\u00e1logos y en los sitios web del vendedor no tienen car\u00e1cter de seguro o garant\u00eda.<br>Todas las ofertas son v\u00e1lidas \"hasta fin de existencias\", salvo que se indique lo contrario con los productos. Salvo error.<\/p>\n<p><strong>3. proceso de pedido y celebraci\u00f3n del contrato<\/strong><br>3.1 El cliente puede seleccionar productos del surtido del vendedor sin compromiso y reunirlos en una denominada cesta de la compra mediante el bot\u00f3n [a\u00f1adir a la cesta]. Dentro de la cesta de la compra, la selecci\u00f3n de productos puede modificarse, por ejemplo, eliminarse. A continuaci\u00f3n, el cliente puede proceder a completar el proceso de pedido dentro de la cesta de la compra haciendo clic en el bot\u00f3n [Continuar con la compra].<\/p>\n<p>3.2 Al hacer clic en el bot\u00f3n [pedido con obligaci\u00f3n de pago], el cliente presenta una solicitud vinculante de compra de los productos de la cesta de la compra. Antes de enviar el pedido, el cliente puede modificar y consultar los datos en cualquier momento y utilizar la funci\u00f3n \"atr\u00e1s\" del navegador para volver a la cesta de la compra o cancelar el proceso de pedido. La informaci\u00f3n obligatoria est\u00e1 marcada con un asterisco (*).<\/p>\n<p>3.3 A continuaci\u00f3n, el vendedor env\u00eda al cliente un acuse de recibo autom\u00e1tico por correo electr\u00f3nico, en el que se enumera de nuevo el pedido del cliente y que \u00e9ste puede imprimir mediante la funci\u00f3n \"Imprimir\" (confirmaci\u00f3n de pedido). La confirmaci\u00f3n autom\u00e1tica de recepci\u00f3n simplemente documenta que el pedido del cliente ha sido recibido por el vendedor y no constituye una aceptaci\u00f3n del pedido. El contrato de compraventa s\u00f3lo se perfeccionar\u00e1 cuando el vendedor haya enviado o entregado al cliente el producto solicitado en el plazo de 2 d\u00edas o haya confirmado el env\u00edo al cliente en el plazo de 2 d\u00edas mediante un segundo correo electr\u00f3nico, la confirmaci\u00f3n expresa del pedido o el env\u00edo de la factura.<\/p>\n<p>3.4 Si el vendedor permite el pago por adelantado, el contrato se perfeccionar\u00e1 cuando se faciliten los datos bancarios y la solicitud de pago. Si el pago no ha sido recibido por el vendedor dentro de los 10 d\u00edas naturales siguientes al env\u00edo de la confirmaci\u00f3n del pedido, a pesar de la fecha de vencimiento, incluso despu\u00e9s de una nueva solicitud, el vendedor rescindir\u00e1 el contrato con el resultado de que el pedido caducar\u00e1 y el vendedor no tendr\u00e1 ninguna obligaci\u00f3n de entrega. En este caso, el pedido queda anulado sin m\u00e1s consecuencias para el comprador y el vendedor. Por lo tanto, la reserva del art\u00edculo para pagos anticipados se realiza por un m\u00e1ximo de 10 d\u00edas naturales.<\/p>\n<p><strong>4. precios y gastos de env\u00edo<\/strong><br>4.1 Todos los precios indicados en el sitio web del Vendedor incluyen el impuesto sobre el valor a\u00f1adido legal aplicable.<\/p>\n<p>4.2 Adem\u00e1s de los precios indicados, el vendedor cobra gastos de env\u00edo por la entrega. Los gastos de env\u00edo se comunican claramente al comprador en una p\u00e1gina de informaci\u00f3n aparte y durante el proceso de pedido.<\/p>\n<p><strong>5. entrega, disponibilidad de mercanc\u00edas<\/strong><br>5.1 Si se ha acordado el pago por adelantado, la entrega se realizar\u00e1 una vez recibido el importe de la factura.<\/p>\n<p>5.2 En caso de que la entrega de la mercanc\u00eda fracase por culpa del comprador a pesar de tres intentos de entrega, el vendedor podr\u00e1 rescindir el contrato. Los pagos efectuados se reembolsar\u00e1n inmediatamente al cliente.<\/p>\n<p>5.3 Si el producto solicitado no est\u00e1 disponible porque su proveedor no le suministra dicho producto por causas ajenas a su voluntad, el vendedor podr\u00e1 rescindir el contrato. En este caso, el vendedor informar\u00e1 inmediatamente al cliente y, si fuera necesario, le propondr\u00e1 la entrega de un producto comparable. Si no se dispone de un producto comparable o el cliente no desea que se le entregue un producto comparable, el vendedor reembolsar\u00e1 inmediatamente al cliente los pagos ya efectuados.<\/p>\n<p>5.4 Se informar\u00e1 a los clientes sobre los plazos de entrega y las restricciones de entrega (por ejemplo, restricci\u00f3n de entregas a determinados pa\u00edses) en una p\u00e1gina de informaci\u00f3n aparte o dentro de la descripci\u00f3n del producto correspondiente.<\/p>\n<p><strong>6. modalidades de pago<\/strong><br>6.1 El cliente puede elegir entre los medios de pago disponibles durante y antes de completar el proceso de pedido. Se informa a los clientes sobre los medios de pago disponibles en una p\u00e1gina de informaci\u00f3n independiente.<\/p>\n<p>6.2 Si es posible el pago mediante factura, el pago deber\u00e1 efectuarse en un plazo de 30 d\u00edas a partir de la recepci\u00f3n de la mercanc\u00eda y de la factura. Para todas las dem\u00e1s formas de pago, el pago deber\u00e1 efectuarse por adelantado sin deducci\u00f3n alguna.<\/p>\n<p>6.3 Si se encarga a terceros la tramitaci\u00f3n del pago, por ejemplo a Paypal, se aplicar\u00e1n sus condiciones generales.<\/p>\n<p>6.4 Si la fecha de vencimiento del pago viene determinada por el calendario, el cliente incurre en mora al incumplir el plazo. En este caso, el cliente deber\u00e1 abonar los intereses de demora legales.<\/p>\n<p>6.5 La obligaci\u00f3n del cliente de pagar intereses de demora no excluye al vendedor de reclamar otros da\u00f1os causados por la demora.<\/p>\n<p>6.6 El cliente s\u00f3lo tendr\u00e1 derecho de compensaci\u00f3n si sus contrademandas han sido legalmente establecidas o reconocidas por el vendedor. El cliente s\u00f3lo podr\u00e1 ejercer un derecho de retenci\u00f3n si las reclamaciones se derivan de la misma relaci\u00f3n contractual.<\/p>\n<p><strong>7. reserva de dominio<\/strong><br>La mercanc\u00eda entregada seguir\u00e1 siendo propiedad del vendedor hasta que se haya efectuado el pago completo.<\/p>\n<p><strong>8 Garant\u00eda por defectos materiales y garant\u00eda<\/strong><br>8.1 La garant\u00eda se rige por las disposiciones legales.<\/p>\n<p>8.2 Los bienes entregados por el vendedor s\u00f3lo est\u00e1n cubiertos por una garant\u00eda si \u00e9sta se ha otorgado expresamente. Los clientes ser\u00e1n informados de las condiciones de garant\u00eda antes de iniciar el proceso de pedido.<\/p>\n<p><strong>9. responsabilidad<\/strong><br>9.1 Las siguientes exclusiones y limitaciones de responsabilidad se aplicar\u00e1n a la responsabilidad del Vendedor por da\u00f1os y perjuicios, sin perjuicio de los dem\u00e1s requisitos legales para reclamaciones.<\/p>\n<p>9.2 El Vendedor ser\u00e1 responsable sin limitaci\u00f3n en la medida en que la causa del da\u00f1o se base en dolo o negligencia grave.<\/p>\n<p>9.3 Adem\u00e1s, el vendedor responder\u00e1 por el incumplimiento por negligencia leve de obligaciones materiales cuyo incumplimiento ponga en peligro la consecuci\u00f3n de la finalidad del contrato, o por el incumplimiento de obligaciones cuyo cumplimiento sea esencial para la correcta ejecuci\u00f3n del contrato y en cuya observancia conf\u00ede regularmente el cliente. En este caso, sin embargo, el vendedor s\u00f3lo ser\u00e1 responsable de los da\u00f1os previsibles t\u00edpicos del contrato. El vendedor no ser\u00e1 responsable del incumplimiento por negligencia leve de obligaciones distintas de las mencionadas en las frases anteriores.<\/p>\n<p>9.4 Las anteriores limitaciones de responsabilidad no se aplicar\u00e1n en caso de lesiones a la vida, la integridad f\u00edsica o la salud, por un defecto tras la asunci\u00f3n de una garant\u00eda por la calidad del producto y en caso de defectos ocultados fraudulentamente. La responsabilidad en virtud de la Ley de Responsabilidad por Productos Defectuosos no se ver\u00e1 afectada.<\/p>\n<p>9.5 En la medida en que se excluya o limite la responsabilidad del Vendedor, esto tambi\u00e9n se aplicar\u00e1 a la responsabilidad personal de los empleados, representantes y auxiliares ejecutivos.<\/p>\n<p><strong>10. almacenamiento del texto del contrato<\/strong><br>10.1 El cliente puede imprimir el texto del contrato antes de enviar el pedido al vendedor utilizando la funci\u00f3n de impresi\u00f3n de su navegador en el \u00faltimo paso del pedido.<\/p>\n<p>10.2 El vendedor tambi\u00e9n enviar\u00e1 al cliente una confirmaci\u00f3n de pedido con todos los datos del pedido a la direcci\u00f3n de correo electr\u00f3nico facilitada por el cliente. Junto con la confirmaci\u00f3n del pedido, pero a m\u00e1s tardar en el momento de la entrega de la mercanc\u00eda, el cliente recibir\u00e1 tambi\u00e9n una copia de las Condiciones Generales junto con la pol\u00edtica de cancelaci\u00f3n y la informaci\u00f3n sobre los gastos de env\u00edo y las condiciones de entrega y pago. Si se ha registrado en nuestra tienda, puede ver los pedidos que ha realizado en su \u00e1rea de perfil. Tambi\u00e9n guardamos el texto del contrato, pero no lo hacemos accesible en Internet.<\/p>\n<p><strong>Nota: Tenga en cuenta que el enlace&nbsp;<a href=\"http:\/\/ec.europa.eu\/consumers\/odr\/\" aria-describedby=\"a11y-external-message\">http:\/\/ec.europa.eu\/consumers\/odr\/<\/a>&nbsp;debe ser clicable<\/strong><br><strong>11. disposiciones finales<\/strong><br>11.1 El fuero competente y el lugar de cumplimiento es el domicilio social del vendedor si el cliente es un comerciante, una persona jur\u00eddica de derecho p\u00fablico o un patrimonio especial de derecho p\u00fablico.<\/p>\n<p>11.2 El idioma contractual es el alem\u00e1n.<\/p>\n<p>11.3 Plataforma de la Comisi\u00f3n Europea para la resoluci\u00f3n de litigios en l\u00ednea (OS) para los consumidores:&nbsp;<a href=\"http:\/\/ec.europa.eu\/consumers\/odr\/\" aria-describedby=\"a11y-external-message\">http:\/\/ec.europa.eu\/consumers\/odr\/<\/a>. No estamos dispuestos ni obligados a participar en un procedimiento de resoluci\u00f3n de litigios ante una junta arbitral de consumo.<\/p>\n<\/div>\n<\/div>\n<\/div>\t\t\t\t\t\t\t\t<\/div>\n\t\t\t\t<\/div>\n\t\t\t\t\t<\/div>\n\t\t<\/div>\n\t\t\t\t\t<\/div>\n\t\t<\/section>\n\t\t\t\t<\/div>","protected":false},"excerpt":{"rendered":"<p>Condiciones generales con informaci\u00f3n al cliente 1. \u00c1mbito de aplicaci\u00f3n2. Ofertas y descripciones de servicios3. Proceso de pedido y celebraci\u00f3n del contrato4. Precios y gastos de env\u00edo5. Entrega,...<\/p>","protected":false},"author":1,"featured_media":0,"parent":0,"menu_order":0,"comment_status":"closed","ping_status":"closed","template":"","meta":{"_acf_changed":false,"footnotes":""},"class_list":["post-566","page","type-page","status-publish","hentry"],"acf":[],"yoast_head":"<!-- This site is optimized with the Yoast SEO plugin v26.3 - https:\/\/yoast.com\/wordpress\/plugins\/seo\/ -->\n<title>AGB - CAMPERSIM - SIM Karte f\u00fcr Freizeitmobile<\/title>\n<meta name=\"robots\" content=\"noindex, follow\" \/>\n<meta property=\"og:locale\" content=\"es_ES\" \/>\n<meta property=\"og:type\" content=\"article\" \/>\n<meta property=\"og:title\" content=\"AGB - CAMPERSIM - SIM Karte f\u00fcr Freizeitmobile\" \/>\n<meta property=\"og:description\" content=\"AGB Allgemeine Gesch\u00e4ftsbedingungen mit Kundeninformationen 1. Geltungsbereich2. Angebote und Leistungsbeschreibungen3. Bestellvorgang und Vertragsabschluss4. Preise und Versandkosten5. Lieferung,...\" \/>\n<meta property=\"og:url\" content=\"https:\/\/campersim.com\/es\/agb\/\" \/>\n<meta property=\"og:site_name\" content=\"CAMPERSIM - SIM Karte f\u00fcr Freizeitmobile\" \/>\n<meta property=\"article:modified_time\" content=\"2024-12-18T14:36:12+00:00\" \/>\n<meta property=\"og:image\" content=\"https:\/\/campersim.com\/wp-content\/uploads\/2023\/08\/campersim.png\" \/>\n\t<meta property=\"og:image:width\" content=\"1545\" \/>\n\t<meta property=\"og:image:height\" content=\"1013\" \/>\n\t<meta property=\"og:image:type\" content=\"image\/png\" \/>\n<meta name=\"twitter:card\" content=\"summary_large_image\" \/>\n<script type=\"application\/ld+json\" class=\"yoast-schema-graph\">{\"@context\":\"https:\/\/schema.org\",\"@graph\":[{\"@type\":\"WebPage\",\"@id\":\"https:\/\/campersim.com\/agb\/\",\"url\":\"https:\/\/campersim.com\/agb\/\",\"name\":\"AGB - CAMPERSIM - SIM Karte f\u00fcr Freizeitmobile\",\"isPartOf\":{\"@id\":\"https:\/\/campersim.com\/#website\"},\"datePublished\":\"2023-08-18T18:23:22+00:00\",\"dateModified\":\"2024-12-18T14:36:12+00:00\",\"breadcrumb\":{\"@id\":\"https:\/\/campersim.com\/agb\/#breadcrumb\"},\"inLanguage\":\"es\",\"potentialAction\":[{\"@type\":\"ReadAction\",\"target\":[\"https:\/\/campersim.com\/agb\/\"]}]},{\"@type\":\"BreadcrumbList\",\"@id\":\"https:\/\/campersim.com\/agb\/#breadcrumb\",\"itemListElement\":[{\"@type\":\"ListItem\",\"position\":1,\"name\":\"Startseite\",\"item\":\"https:\/\/campersim.com\/\"},{\"@type\":\"ListItem\",\"position\":2,\"name\":\"AGB\"}]},{\"@type\":\"WebSite\",\"@id\":\"https:\/\/campersim.com\/#website\",\"url\":\"https:\/\/campersim.com\/\",\"name\":\"CAMPERSIM - SIM Karte f\u00fcr Freizeitmobile\",\"description\":\"\",\"publisher\":{\"@id\":\"https:\/\/campersim.com\/#organization\"},\"potentialAction\":[{\"@type\":\"SearchAction\",\"target\":{\"@type\":\"EntryPoint\",\"urlTemplate\":\"https:\/\/campersim.com\/?s={search_term_string}\"},\"query-input\":{\"@type\":\"PropertyValueSpecification\",\"valueRequired\":true,\"valueName\":\"search_term_string\"}}],\"inLanguage\":\"es\"},{\"@type\":\"Organization\",\"@id\":\"https:\/\/campersim.com\/#organization\",\"name\":\"CAMPERSIM\",\"url\":\"https:\/\/campersim.com\/\",\"logo\":{\"@type\":\"ImageObject\",\"inLanguage\":\"es\",\"@id\":\"https:\/\/campersim.com\/#\/schema\/logo\/image\/\",\"url\":\"https:\/\/campersim.com\/wp-content\/uploads\/2023\/07\/cropped-favicon.jpg\",\"contentUrl\":\"https:\/\/campersim.com\/wp-content\/uploads\/2023\/07\/cropped-favicon.jpg\",\"width\":512,\"height\":512,\"caption\":\"CAMPERSIM\"},\"image\":{\"@id\":\"https:\/\/campersim.com\/#\/schema\/logo\/image\/\"}}]}<\/script>\n<!-- \/ Yoast SEO plugin. -->","yoast_head_json":{"title":"AGB - CAMPERSIM - SIM Karte f\u00fcr Freizeitmobile","robots":{"index":"noindex","follow":"follow"},"og_locale":"es_ES","og_type":"article","og_title":"AGB - CAMPERSIM - SIM Karte f\u00fcr Freizeitmobile","og_description":"AGB Allgemeine Gesch\u00e4ftsbedingungen mit Kundeninformationen 1. Geltungsbereich2. Angebote und Leistungsbeschreibungen3. Bestellvorgang und Vertragsabschluss4. Preise und Versandkosten5. Lieferung,...","og_url":"https:\/\/campersim.com\/es\/agb\/","og_site_name":"CAMPERSIM - SIM Karte f\u00fcr Freizeitmobile","article_modified_time":"2024-12-18T14:36:12+00:00","og_image":[{"width":1545,"height":1013,"url":"https:\/\/campersim.com\/wp-content\/uploads\/2023\/08\/campersim.png","type":"image\/png"}],"twitter_card":"summary_large_image","schema":{"@context":"https:\/\/schema.org","@graph":[{"@type":"WebPage","@id":"https:\/\/campersim.com\/agb\/","url":"https:\/\/campersim.com\/agb\/","name":"AGB - CAMPERSIM - SIM Karte f\u00fcr Freizeitmobile","isPartOf":{"@id":"https:\/\/campersim.com\/#website"},"datePublished":"2023-08-18T18:23:22+00:00","dateModified":"2024-12-18T14:36:12+00:00","breadcrumb":{"@id":"https:\/\/campersim.com\/agb\/#breadcrumb"},"inLanguage":"es","potentialAction":[{"@type":"ReadAction","target":["https:\/\/campersim.com\/agb\/"]}]},{"@type":"BreadcrumbList","@id":"https:\/\/campersim.com\/agb\/#breadcrumb","itemListElement":[{"@type":"ListItem","position":1,"name":"Startseite","item":"https:\/\/campersim.com\/"},{"@type":"ListItem","position":2,"name":"AGB"}]},{"@type":"WebSite","@id":"https:\/\/campersim.com\/#website","url":"https:\/\/campersim.com\/","name":"CAMPERSIM - Tarjeta SIM para m\u00f3viles de ocio","description":"","publisher":{"@id":"https:\/\/campersim.com\/#organization"},"potentialAction":[{"@type":"SearchAction","target":{"@type":"EntryPoint","urlTemplate":"https:\/\/campersim.com\/?s={search_term_string}"},"query-input":{"@type":"PropertyValueSpecification","valueRequired":true,"valueName":"search_term_string"}}],"inLanguage":"es"},{"@type":"Organization","@id":"https:\/\/campersim.com\/#organization","name":"CAMPERSIM","url":"https:\/\/campersim.com\/","logo":{"@type":"ImageObject","inLanguage":"es","@id":"https:\/\/campersim.com\/#\/schema\/logo\/image\/","url":"https:\/\/campersim.com\/wp-content\/uploads\/2023\/07\/cropped-favicon.jpg","contentUrl":"https:\/\/campersim.com\/wp-content\/uploads\/2023\/07\/cropped-favicon.jpg","width":512,"height":512,"caption":"CAMPERSIM"},"image":{"@id":"https:\/\/campersim.com\/#\/schema\/logo\/image\/"}}]}},"_links":{"self":[{"href":"https:\/\/campersim.com\/es\/wp-json\/wp\/v2\/pages\/566","targetHints":{"allow":["GET"]}}],"collection":[{"href":"https:\/\/campersim.com\/es\/wp-json\/wp\/v2\/pages"}],"about":[{"href":"https:\/\/campersim.com\/es\/wp-json\/wp\/v2\/types\/page"}],"author":[{"embeddable":true,"href":"https:\/\/campersim.com\/es\/wp-json\/wp\/v2\/users\/1"}],"replies":[{"embeddable":true,"href":"https:\/\/campersim.com\/es\/wp-json\/wp\/v2\/comments?post=566"}],"version-history":[{"count":17,"href":"https:\/\/campersim.com\/es\/wp-json\/wp\/v2\/pages\/566\/revisions"}],"predecessor-version":[{"id":3661,"href":"https:\/\/campersim.com\/es\/wp-json\/wp\/v2\/pages\/566\/revisions\/3661"}],"wp:attachment":[{"href":"https:\/\/campersim.com\/es\/wp-json\/wp\/v2\/media?parent=566"}],"curies":[{"name":"wp","href":"https:\/\/api.w.org\/{rel}","templated":true}]}}