{"id":607,"date":"2023-08-18T20:53:11","date_gmt":"2023-08-18T18:53:11","guid":{"rendered":"https:\/\/campersim.com\/versandarten\/"},"modified":"2024-12-18T15:36:20","modified_gmt":"2024-12-18T14:36:20","slug":"versandarten","status":"publish","type":"page","link":"https:\/\/campersim.com\/es\/versandarten\/","title":{"rendered":"M\u00e9todos de env\u00edo"},"content":{"rendered":"<div data-elementor-type=\"wp-page\" data-elementor-id=\"607\" class=\"elementor elementor-607\" data-elementor-post-type=\"page\">\n\t\t\t\t\t\t<section class=\"elementor-section elementor-top-section elementor-element elementor-element-cf04dcd elementor-section-boxed elementor-section-height-default elementor-section-height-default\" data-id=\"cf04dcd\" data-element_type=\"section\">\n\t\t\t\t\t\t<div class=\"elementor-container elementor-column-gap-default\">\n\t\t\t\t\t<div class=\"elementor-column elementor-col-100 elementor-top-column elementor-element elementor-element-1186027\" data-id=\"1186027\" data-element_type=\"column\">\n\t\t\t<div class=\"elementor-widget-wrap elementor-element-populated\">\n\t\t\t\t\t\t<div class=\"elementor-element elementor-element-13afc69 elementor-widget elementor-widget-text-editor\" data-id=\"13afc69\" data-element_type=\"widget\" data-widget_type=\"text-editor.default\">\n\t\t\t\t<div class=\"elementor-widget-container\">\n\t\t\t\t\t\t\t\t\t<p>Se aplican las siguientes condiciones:<\/p>\n<p>Los env\u00edos se realizan dentro de Alemania y a los siguientes pa\u00edses: Austria y Suiza.<br><span style=\"color: var( --e-global-color-text ); font-family: var( --e-global-typography-text-font-family ), Sans-serif; font-weight: var( --e-global-typography-text-font-weight ); background-color: var(--thepro-primary-color); text-align: var(--bs-body-text-align);\">Gastos de env\u00edo (incluido el impuesto sobre el valor a\u00f1adido legal)<\/span><\/p>\n<p>Entregas nacionales (Alemania):<br><span style=\"color: var( --e-global-color-text ); font-family: var( --e-global-typography-text-font-family ), Sans-serif; font-weight: var( --e-global-typography-text-font-weight ); background-color: var(--thepro-primary-color); text-align: var(--bs-body-text-align);\">Cobramos una tarifa plana de 4,90 euros por pedido en concepto de gastos de env\u00edo.<\/span><\/p>\n<p>Entregas en el extranjero:<br><span style=\"color: var( --e-global-color-text ); font-family: var( --e-global-typography-text-font-family ), Sans-serif; font-weight: var( --e-global-typography-text-font-weight ); background-color: var(--thepro-primary-color); text-align: var(--bs-body-text-align);\">Calculamos los gastos de env\u00edo al extranjero de la siguiente manera:&nbsp;<\/span><span style=\"color: var( --e-global-color-text ); font-family: var( --e-global-typography-text-font-family ), Sans-serif; font-weight: var( --e-global-typography-text-font-weight ); background-color: var(--thepro-primary-color); text-align: var(--bs-body-text-align);\">desde 4,90<\/span><\/p><p><span style=\"color: var( --e-global-color-text ); font-family: var( --e-global-typography-text-font-family ), Sans-serif; font-weight: var( --e-global-typography-text-font-weight ); background-color: var(--thepro-primary-color); text-align: var(--bs-body-text-align);\"><br><\/span><\/p>\n<p><\/p>\n<p><b>Plazos de entrega<\/b><\/p>\n<p>Si no se especifica otro plazo en la oferta correspondiente, la mercanc\u00eda se entregar\u00e1 en Alemania en un plazo de 2-4 d\u00edas, para entregas en el extranjero en un plazo de 3-5 d\u00edas tras la celebraci\u00f3n del contrato (en caso de pago por adelantado acordado tras el momento de su instrucci\u00f3n de pago).<br>Tenga en cuenta que los domingos y festivos no se realizan entregas.<br>Si ha pedido art\u00edculos con plazos de entrega diferentes, enviaremos la mercanc\u00eda en un solo env\u00edo, a menos que hayamos acordado otra cosa con usted. En este caso, el plazo de entrega vendr\u00e1 determinado por el art\u00edculo con el plazo de entrega m\u00e1s largo que haya pedido.<\/p>\n<p><b>Formas de pago aceptadas<\/b><\/p>\n<p>- Pago por adelantado mediante transferencia bancaria<\/p>\n<p>A trav\u00e9s de PayPal\/PayPal Plus:<br>- Pago mediante PayPal<br>- Pago mediante PayPal expr\u00e9s<\/p>\n<p>M\u00e1s detalles sobre el pago<br><span style=\"color: var( --e-global-color-text ); font-family: var( --e-global-typography-text-font-family ), Sans-serif; font-weight: var( --e-global-typography-text-font-weight ); background-color: var(--thepro-primary-color); text-align: var(--bs-body-text-align);\">Si paga con tarjeta de cr\u00e9dito, el importe se cargar\u00e1 en la cuenta de su tarjeta de cr\u00e9dito cuando se formalice el contrato.<\/span><\/p>\n<p>Si tiene alguna pregunta, encontrar\u00e1 nuestros datos de contacto en el <a href=\"https:\/\/campersim.com\/es\/impressum\/\">Pie de imprenta<\/a>.<\/p>\t\t\t\t\t\t\t\t<\/div>\n\t\t\t\t<\/div>\n\t\t\t\t\t<\/div>\n\t\t<\/div>\n\t\t\t\t\t<\/div>\n\t\t<\/section>\n\t\t\t\t<\/div>","protected":false},"excerpt":{"rendered":"<p>Se aplican las siguientes condiciones: La entrega se realiza dentro de Alemania y a los siguientes pa\u00edses: Austria y...<\/p>","protected":false},"author":1,"featured_media":0,"parent":0,"menu_order":0,"comment_status":"closed","ping_status":"closed","template":"","meta":{"_acf_changed":false,"footnotes":""},"class_list":["post-607","page","type-page","status-publish","hentry"],"acf":[],"yoast_head":"<!-- This site is optimized with the Yoast SEO plugin v26.3 - https:\/\/yoast.com\/wordpress\/plugins\/seo\/ -->\n<title>Versandarten - CAMPERSIM - SIM Karte f\u00fcr Freizeitmobile<\/title>\n<meta name=\"robots\" content=\"noindex, follow\" \/>\n<meta property=\"og:locale\" content=\"es_ES\" \/>\n<meta property=\"og:type\" content=\"article\" \/>\n<meta property=\"og:title\" content=\"Versandarten - CAMPERSIM - SIM Karte f\u00fcr Freizeitmobile\" \/>\n<meta property=\"og:description\" content=\"Es gelten folgende Bedingungen: Die Lieferung erfolgt im Inland (Deutschland) und in die nachstehenden L\u00e4nder:&nbsp; \u00d6sterreich und...\" \/>\n<meta property=\"og:url\" content=\"https:\/\/campersim.com\/es\/versandarten\/\" \/>\n<meta property=\"og:site_name\" content=\"CAMPERSIM - SIM Karte f\u00fcr Freizeitmobile\" \/>\n<meta property=\"article:modified_time\" content=\"2024-12-18T14:36:20+00:00\" \/>\n<meta property=\"og:image\" content=\"https:\/\/campersim.com\/wp-content\/uploads\/2023\/08\/campersim.png\" \/>\n\t<meta property=\"og:image:width\" content=\"1545\" \/>\n\t<meta property=\"og:image:height\" content=\"1013\" \/>\n\t<meta property=\"og:image:type\" content=\"image\/png\" \/>\n<meta name=\"twitter:card\" content=\"summary_large_image\" \/>\n<script type=\"application\/ld+json\" class=\"yoast-schema-graph\">{\"@context\":\"https:\/\/schema.org\",\"@graph\":[{\"@type\":\"WebPage\",\"@id\":\"https:\/\/campersim.com\/versandarten\/\",\"url\":\"https:\/\/campersim.com\/versandarten\/\",\"name\":\"Versandarten - CAMPERSIM - SIM Karte f\u00fcr Freizeitmobile\",\"isPartOf\":{\"@id\":\"https:\/\/campersim.com\/#website\"},\"datePublished\":\"2023-08-18T18:53:11+00:00\",\"dateModified\":\"2024-12-18T14:36:20+00:00\",\"breadcrumb\":{\"@id\":\"https:\/\/campersim.com\/versandarten\/#breadcrumb\"},\"inLanguage\":\"es\",\"potentialAction\":[{\"@type\":\"ReadAction\",\"target\":[\"https:\/\/campersim.com\/versandarten\/\"]}]},{\"@type\":\"BreadcrumbList\",\"@id\":\"https:\/\/campersim.com\/versandarten\/#breadcrumb\",\"itemListElement\":[{\"@type\":\"ListItem\",\"position\":1,\"name\":\"Startseite\",\"item\":\"https:\/\/campersim.com\/\"},{\"@type\":\"ListItem\",\"position\":2,\"name\":\"Versandarten\"}]},{\"@type\":\"WebSite\",\"@id\":\"https:\/\/campersim.com\/#website\",\"url\":\"https:\/\/campersim.com\/\",\"name\":\"CAMPERSIM - SIM Karte f\u00fcr Freizeitmobile\",\"description\":\"\",\"publisher\":{\"@id\":\"https:\/\/campersim.com\/#organization\"},\"potentialAction\":[{\"@type\":\"SearchAction\",\"target\":{\"@type\":\"EntryPoint\",\"urlTemplate\":\"https:\/\/campersim.com\/?s={search_term_string}\"},\"query-input\":{\"@type\":\"PropertyValueSpecification\",\"valueRequired\":true,\"valueName\":\"search_term_string\"}}],\"inLanguage\":\"es\"},{\"@type\":\"Organization\",\"@id\":\"https:\/\/campersim.com\/#organization\",\"name\":\"CAMPERSIM\",\"url\":\"https:\/\/campersim.com\/\",\"logo\":{\"@type\":\"ImageObject\",\"inLanguage\":\"es\",\"@id\":\"https:\/\/campersim.com\/#\/schema\/logo\/image\/\",\"url\":\"https:\/\/campersim.com\/wp-content\/uploads\/2023\/07\/cropped-favicon.jpg\",\"contentUrl\":\"https:\/\/campersim.com\/wp-content\/uploads\/2023\/07\/cropped-favicon.jpg\",\"width\":512,\"height\":512,\"caption\":\"CAMPERSIM\"},\"image\":{\"@id\":\"https:\/\/campersim.com\/#\/schema\/logo\/image\/\"}}]}<\/script>\n<!-- \/ Yoast SEO plugin. -->","yoast_head_json":{"title":"M\u00e9todos de env\u00edo - CAMPERSIM - Tarjeta SIM para autocaravanas","robots":{"index":"noindex","follow":"follow"},"og_locale":"es_ES","og_type":"article","og_title":"Versandarten - CAMPERSIM - SIM Karte f\u00fcr Freizeitmobile","og_description":"Es gelten folgende Bedingungen: Die Lieferung erfolgt im Inland (Deutschland) und in die nachstehenden L\u00e4nder:&nbsp; \u00d6sterreich und...","og_url":"https:\/\/campersim.com\/es\/versandarten\/","og_site_name":"CAMPERSIM - SIM Karte f\u00fcr Freizeitmobile","article_modified_time":"2024-12-18T14:36:20+00:00","og_image":[{"width":1545,"height":1013,"url":"https:\/\/campersim.com\/wp-content\/uploads\/2023\/08\/campersim.png","type":"image\/png"}],"twitter_card":"summary_large_image","schema":{"@context":"https:\/\/schema.org","@graph":[{"@type":"WebPage","@id":"https:\/\/campersim.com\/versandarten\/","url":"https:\/\/campersim.com\/versandarten\/","name":"M\u00e9todos de env\u00edo - CAMPERSIM - Tarjeta SIM para autocaravanas","isPartOf":{"@id":"https:\/\/campersim.com\/#website"},"datePublished":"2023-08-18T18:53:11+00:00","dateModified":"2024-12-18T14:36:20+00:00","breadcrumb":{"@id":"https:\/\/campersim.com\/versandarten\/#breadcrumb"},"inLanguage":"es","potentialAction":[{"@type":"ReadAction","target":["https:\/\/campersim.com\/versandarten\/"]}]},{"@type":"BreadcrumbList","@id":"https:\/\/campersim.com\/versandarten\/#breadcrumb","itemListElement":[{"@type":"ListItem","position":1,"name":"Startseite","item":"https:\/\/campersim.com\/"},{"@type":"ListItem","position":2,"name":"Versandarten"}]},{"@type":"WebSite","@id":"https:\/\/campersim.com\/#website","url":"https:\/\/campersim.com\/","name":"CAMPERSIM - Tarjeta SIM para m\u00f3viles de ocio","description":"","publisher":{"@id":"https:\/\/campersim.com\/#organization"},"potentialAction":[{"@type":"SearchAction","target":{"@type":"EntryPoint","urlTemplate":"https:\/\/campersim.com\/?s={search_term_string}"},"query-input":{"@type":"PropertyValueSpecification","valueRequired":true,"valueName":"search_term_string"}}],"inLanguage":"es"},{"@type":"Organization","@id":"https:\/\/campersim.com\/#organization","name":"CAMPERSIM","url":"https:\/\/campersim.com\/","logo":{"@type":"ImageObject","inLanguage":"es","@id":"https:\/\/campersim.com\/#\/schema\/logo\/image\/","url":"https:\/\/campersim.com\/wp-content\/uploads\/2023\/07\/cropped-favicon.jpg","contentUrl":"https:\/\/campersim.com\/wp-content\/uploads\/2023\/07\/cropped-favicon.jpg","width":512,"height":512,"caption":"CAMPERSIM"},"image":{"@id":"https:\/\/campersim.com\/#\/schema\/logo\/image\/"}}]}},"_links":{"self":[{"href":"https:\/\/campersim.com\/es\/wp-json\/wp\/v2\/pages\/607","targetHints":{"allow":["GET"]}}],"collection":[{"href":"https:\/\/campersim.com\/es\/wp-json\/wp\/v2\/pages"}],"about":[{"href":"https:\/\/campersim.com\/es\/wp-json\/wp\/v2\/types\/page"}],"author":[{"embeddable":true,"href":"https:\/\/campersim.com\/es\/wp-json\/wp\/v2\/users\/1"}],"replies":[{"embeddable":true,"href":"https:\/\/campersim.com\/es\/wp-json\/wp\/v2\/comments?post=607"}],"version-history":[{"count":4,"href":"https:\/\/campersim.com\/es\/wp-json\/wp\/v2\/pages\/607\/revisions"}],"predecessor-version":[{"id":2291,"href":"https:\/\/campersim.com\/es\/wp-json\/wp\/v2\/pages\/607\/revisions\/2291"}],"wp:attachment":[{"href":"https:\/\/campersim.com\/es\/wp-json\/wp\/v2\/media?parent=607"}],"curies":[{"name":"wp","href":"https:\/\/api.w.org\/{rel}","templated":true}]}}