{"id":882,"date":"2023-08-29T16:58:21","date_gmt":"2023-08-29T14:58:21","guid":{"rendered":"https:\/\/campersim.com\/?page_id=882"},"modified":"2024-12-18T15:36:20","modified_gmt":"2024-12-18T14:36:20","slug":"campersim-aktivieren-haendler","status":"publish","type":"page","link":"https:\/\/campersim.com\/es\/campersim-aktivieren-haendler\/","title":{"rendered":"Activar CAMPERSIM"},"content":{"rendered":"<div data-elementor-type=\"wp-page\" data-elementor-id=\"882\" class=\"elementor elementor-882\" data-elementor-post-type=\"page\">\n\t\t\t\t\t\t<section class=\"elementor-section elementor-top-section elementor-element elementor-element-f230b32 elementor-section-boxed elementor-section-height-default elementor-section-height-default\" data-id=\"f230b32\" data-element_type=\"section\">\n\t\t\t\t\t\t<div class=\"elementor-container elementor-column-gap-default\">\n\t\t\t\t\t<div class=\"elementor-column elementor-col-100 elementor-top-column elementor-element elementor-element-a526bab\" data-id=\"a526bab\" data-element_type=\"column\">\n\t\t\t<div class=\"elementor-widget-wrap elementor-element-populated\">\n\t\t\t\t\t\t<div class=\"elementor-element elementor-element-9bb42bc elementor-widget elementor-widget-heading\" data-id=\"9bb42bc\" data-element_type=\"widget\" data-widget_type=\"heading.default\">\n\t\t\t\t<div class=\"elementor-widget-container\">\n\t\t\t\t\t<h2 class=\"elementor-heading-title elementor-size-default\">\u00bfHas comprado tu CamperSIM a uno de nuestros socios? No hay problema<\/h2>\t\t\t\t<\/div>\n\t\t\t\t<\/div>\n\t\t\t\t\t<\/div>\n\t\t<\/div>\n\t\t\t\t\t<\/div>\n\t\t<\/section>\n\t\t\t\t<section class=\"elementor-section elementor-top-section elementor-element elementor-element-63b4cb50 elementor-section-boxed elementor-section-height-default elementor-section-height-default\" data-id=\"63b4cb50\" data-element_type=\"section\">\n\t\t\t\t\t\t<div class=\"elementor-container elementor-column-gap-default\">\n\t\t\t\t\t<div class=\"elementor-column elementor-col-100 elementor-top-column elementor-element elementor-element-738d214b\" data-id=\"738d214b\" data-element_type=\"column\">\n\t\t\t<div class=\"elementor-widget-wrap elementor-element-populated\">\n\t\t\t\t\t\t<div class=\"elementor-element elementor-element-fca922e elementor-widget elementor-widget-text-editor\" data-id=\"fca922e\" data-element_type=\"widget\" data-widget_type=\"text-editor.default\">\n\t\t\t\t<div class=\"elementor-widget-container\">\n\t\t\t\t\t\t\t\t\t<p>Tenga a mano su direcci\u00f3n de correo electr\u00f3nico y el n\u00famero de 20 d\u00edgitos de su tarjeta SIM. Lo encontrar\u00e1 directamente en su tarjeta SIM<\/p>\t\t\t\t\t\t\t\t<\/div>\n\t\t\t\t<\/div>\n\t\t\t\t<div class=\"elementor-element elementor-element-6b0970c elementor-widget elementor-widget-image\" data-id=\"6b0970c\" data-element_type=\"widget\" data-widget_type=\"image.default\">\n\t\t\t\t<div class=\"elementor-widget-container\">\n\t\t\t\t\t\t\t\t\t\t\t\t\t\t\t<img loading=\"lazy\" decoding=\"async\" width=\"800\" height=\"523\" src=\"https:\/\/campersim.com\/wp-content\/uploads\/2023\/09\/campersim-karten-nummer-1.jpg\" class=\"attachment-large size-large wp-image-1122\" alt=\"\" srcset=\"https:\/\/campersim.com\/wp-content\/uploads\/2023\/09\/campersim-karten-nummer-1.jpg 800w, https:\/\/campersim.com\/wp-content\/uploads\/2023\/09\/campersim-karten-nummer-1-300x196.jpg 300w, https:\/\/campersim.com\/wp-content\/uploads\/2023\/09\/campersim-karten-nummer-1-768x502.jpg 768w, https:\/\/campersim.com\/wp-content\/uploads\/2023\/09\/campersim-karten-nummer-1-600x392.jpg 600w, https:\/\/campersim.com\/wp-content\/uploads\/2023\/09\/elementor\/thumbs\/campersim-karten-nummer-1-qtbs1hw8rat4k0pksd8q8w4c5z0agbs1tx206t6tvq.jpg 500w\" sizes=\"auto, (max-width: 800px) 100vw, 800px\" \/>\t\t\t\t\t\t\t\t\t\t\t\t\t\t\t<\/div>\n\t\t\t\t<\/div>\n\t\t\t\t<div class=\"elementor-element elementor-element-84b51a1 elementor-widget elementor-widget-text-editor\" data-id=\"84b51a1\" data-element_type=\"widget\" data-widget_type=\"text-editor.default\">\n\t\t\t\t<div class=\"elementor-widget-container\">\n\t\t\t\t\t\t\t\t\t<p>\u00bfHa pedido m\u00e1s de una tarjeta? Entonces introduzca todos los n\u00fameros de tarjeta separados por comas.<\/p>\t\t\t\t\t\t\t\t<\/div>\n\t\t\t\t<\/div>\n\t\t\t\t<div class=\"elementor-element elementor-element-16fdc4b elementor-widget elementor-widget-shortcode\" data-id=\"16fdc4b\" data-element_type=\"widget\" data-widget_type=\"shortcode.default\">\n\t\t\t\t<div class=\"elementor-widget-container\">\n\t\t\t\t\t\t\t<div class=\"elementor-shortcode\">        <div class=\"nect_form dealer\">\r\n            <input type=\"email\" placeholder=\"Su direcci\u00f3n de correo electr\u00f3nico\" id=\"nect_email\">\r\n\r\n            <input type=\"text\" placeholder=\"El n\u00famero de tu tarjeta SIM\" id=\"nect_sim_number\">\r\n\r\n            <button class=\"button alt\" id=\"nect_start\">Iniciar verificaci\u00f3n + activaci\u00f3n<\/button>\r\n        <\/div>\r\n        <div class=\"nect_loading\" id=\"nect_loading\">\r\n            <img decoding=\"async\" src=\"https:\/\/campersim.com\/wp-content\/plugins\/nect-ident\/assets\/images\/circles.svg\" alt=\"Loading\">\r\n            Un momento, por favor.\r\n        <\/div>\r\n        <div class=\"nect_errors\" id=\"nect_errors\"><\/div>\r\n\r\n\t    <\/div>\n\t\t\t\t\t\t<\/div>\n\t\t\t\t<\/div>\n\t\t\t\t\t<\/div>\n\t\t<\/div>\n\t\t\t\t\t<\/div>\n\t\t<\/section>\n\t\t\t\t<\/div>","protected":false},"excerpt":{"rendered":"<p>Du hast deine CamperSIM bei einem Partner von uns gekauft? Kein Problem Halte deine E-Mailadresse bereit und&#8230;<\/p>","protected":false},"author":1,"featured_media":0,"parent":0,"menu_order":0,"comment_status":"closed","ping_status":"open","template":"","meta":{"_acf_changed":false,"footnotes":""},"class_list":["post-882","page","type-page","status-publish","hentry"],"acf":[],"yoast_head":"<!-- This site is optimized with the Yoast SEO plugin v26.3 - https:\/\/yoast.com\/wordpress\/plugins\/seo\/ -->\n<title>CAMPERSIM aktivieren - CAMPERSIM - SIM Karte f\u00fcr Freizeitmobile<\/title>\n<meta name=\"robots\" content=\"index, follow, max-snippet:-1, max-image-preview:large, max-video-preview:-1\" \/>\n<link rel=\"canonical\" href=\"https:\/\/campersim.com\/es\/campersim-aktivieren-haendler\/\" \/>\n<meta property=\"og:locale\" content=\"es_ES\" \/>\n<meta property=\"og:type\" content=\"article\" \/>\n<meta property=\"og:title\" content=\"CAMPERSIM aktivieren - CAMPERSIM - SIM Karte f\u00fcr Freizeitmobile\" \/>\n<meta property=\"og:description\" content=\"Du hast deine CamperSIM bei einem Partner von uns gekauft? Kein Problem Halte deine E-Mailadresse bereit und...\" \/>\n<meta property=\"og:url\" content=\"https:\/\/campersim.com\/es\/campersim-aktivieren-haendler\/\" \/>\n<meta property=\"og:site_name\" content=\"CAMPERSIM - SIM Karte f\u00fcr Freizeitmobile\" \/>\n<meta property=\"article:modified_time\" content=\"2024-12-18T14:36:20+00:00\" \/>\n<meta property=\"og:image\" content=\"https:\/\/campersim.com\/wp-content\/uploads\/2023\/09\/campersim-karten-nummer-1.jpg\" \/>\n<meta name=\"twitter:card\" content=\"summary_large_image\" \/>\n<script type=\"application\/ld+json\" class=\"yoast-schema-graph\">{\"@context\":\"https:\/\/schema.org\",\"@graph\":[{\"@type\":\"WebPage\",\"@id\":\"https:\/\/campersim.com\/campersim-aktivieren-haendler\/\",\"url\":\"https:\/\/campersim.com\/campersim-aktivieren-haendler\/\",\"name\":\"CAMPERSIM aktivieren - CAMPERSIM - SIM Karte f\u00fcr Freizeitmobile\",\"isPartOf\":{\"@id\":\"https:\/\/campersim.com\/#website\"},\"primaryImageOfPage\":{\"@id\":\"https:\/\/campersim.com\/campersim-aktivieren-haendler\/#primaryimage\"},\"image\":{\"@id\":\"https:\/\/campersim.com\/campersim-aktivieren-haendler\/#primaryimage\"},\"thumbnailUrl\":\"https:\/\/campersim.com\/wp-content\/uploads\/2023\/09\/campersim-karten-nummer-1.jpg\",\"datePublished\":\"2023-08-29T14:58:21+00:00\",\"dateModified\":\"2024-12-18T14:36:20+00:00\",\"breadcrumb\":{\"@id\":\"https:\/\/campersim.com\/campersim-aktivieren-haendler\/#breadcrumb\"},\"inLanguage\":\"es\",\"potentialAction\":[{\"@type\":\"ReadAction\",\"target\":[\"https:\/\/campersim.com\/campersim-aktivieren-haendler\/\"]}]},{\"@type\":\"ImageObject\",\"inLanguage\":\"es\",\"@id\":\"https:\/\/campersim.com\/campersim-aktivieren-haendler\/#primaryimage\",\"url\":\"https:\/\/campersim.com\/wp-content\/uploads\/2023\/09\/campersim-karten-nummer-1.jpg\",\"contentUrl\":\"https:\/\/campersim.com\/wp-content\/uploads\/2023\/09\/campersim-karten-nummer-1.jpg\"},{\"@type\":\"BreadcrumbList\",\"@id\":\"https:\/\/campersim.com\/campersim-aktivieren-haendler\/#breadcrumb\",\"itemListElement\":[{\"@type\":\"ListItem\",\"position\":1,\"name\":\"Startseite\",\"item\":\"https:\/\/campersim.com\/\"},{\"@type\":\"ListItem\",\"position\":2,\"name\":\"CAMPERSIM aktivieren\"}]},{\"@type\":\"WebSite\",\"@id\":\"https:\/\/campersim.com\/#website\",\"url\":\"https:\/\/campersim.com\/\",\"name\":\"CAMPERSIM - SIM Karte f\u00fcr Freizeitmobile\",\"description\":\"\",\"publisher\":{\"@id\":\"https:\/\/campersim.com\/#organization\"},\"potentialAction\":[{\"@type\":\"SearchAction\",\"target\":{\"@type\":\"EntryPoint\",\"urlTemplate\":\"https:\/\/campersim.com\/?s={search_term_string}\"},\"query-input\":{\"@type\":\"PropertyValueSpecification\",\"valueRequired\":true,\"valueName\":\"search_term_string\"}}],\"inLanguage\":\"es\"},{\"@type\":\"Organization\",\"@id\":\"https:\/\/campersim.com\/#organization\",\"name\":\"CAMPERSIM\",\"url\":\"https:\/\/campersim.com\/\",\"logo\":{\"@type\":\"ImageObject\",\"inLanguage\":\"es\",\"@id\":\"https:\/\/campersim.com\/#\/schema\/logo\/image\/\",\"url\":\"https:\/\/campersim.com\/wp-content\/uploads\/2023\/07\/cropped-favicon.jpg\",\"contentUrl\":\"https:\/\/campersim.com\/wp-content\/uploads\/2023\/07\/cropped-favicon.jpg\",\"width\":512,\"height\":512,\"caption\":\"CAMPERSIM\"},\"image\":{\"@id\":\"https:\/\/campersim.com\/#\/schema\/logo\/image\/\"}}]}<\/script>\n<!-- \/ Yoast SEO plugin. -->","yoast_head_json":{"title":"Activar CAMPERSIM - CAMPERSIM - Tarjeta SIM para veh\u00edculos recreativos","robots":{"index":"index","follow":"follow","max-snippet":"max-snippet:-1","max-image-preview":"max-image-preview:large","max-video-preview":"max-video-preview:-1"},"canonical":"https:\/\/campersim.com\/es\/campersim-aktivieren-haendler\/","og_locale":"es_ES","og_type":"article","og_title":"CAMPERSIM aktivieren - CAMPERSIM - SIM Karte f\u00fcr Freizeitmobile","og_description":"Du hast deine CamperSIM bei einem Partner von uns gekauft? Kein Problem Halte deine E-Mailadresse bereit und...","og_url":"https:\/\/campersim.com\/es\/campersim-aktivieren-haendler\/","og_site_name":"CAMPERSIM - SIM Karte f\u00fcr Freizeitmobile","article_modified_time":"2024-12-18T14:36:20+00:00","og_image":[{"url":"https:\/\/campersim.com\/wp-content\/uploads\/2023\/09\/campersim-karten-nummer-1.jpg","type":"","width":"","height":""}],"twitter_card":"summary_large_image","schema":{"@context":"https:\/\/schema.org","@graph":[{"@type":"WebPage","@id":"https:\/\/campersim.com\/campersim-aktivieren-haendler\/","url":"https:\/\/campersim.com\/campersim-aktivieren-haendler\/","name":"Activar CAMPERSIM - CAMPERSIM - Tarjeta SIM para veh\u00edculos recreativos","isPartOf":{"@id":"https:\/\/campersim.com\/#website"},"primaryImageOfPage":{"@id":"https:\/\/campersim.com\/campersim-aktivieren-haendler\/#primaryimage"},"image":{"@id":"https:\/\/campersim.com\/campersim-aktivieren-haendler\/#primaryimage"},"thumbnailUrl":"https:\/\/campersim.com\/wp-content\/uploads\/2023\/09\/campersim-karten-nummer-1.jpg","datePublished":"2023-08-29T14:58:21+00:00","dateModified":"2024-12-18T14:36:20+00:00","breadcrumb":{"@id":"https:\/\/campersim.com\/campersim-aktivieren-haendler\/#breadcrumb"},"inLanguage":"es","potentialAction":[{"@type":"ReadAction","target":["https:\/\/campersim.com\/campersim-aktivieren-haendler\/"]}]},{"@type":"ImageObject","inLanguage":"es","@id":"https:\/\/campersim.com\/campersim-aktivieren-haendler\/#primaryimage","url":"https:\/\/campersim.com\/wp-content\/uploads\/2023\/09\/campersim-karten-nummer-1.jpg","contentUrl":"https:\/\/campersim.com\/wp-content\/uploads\/2023\/09\/campersim-karten-nummer-1.jpg"},{"@type":"BreadcrumbList","@id":"https:\/\/campersim.com\/campersim-aktivieren-haendler\/#breadcrumb","itemListElement":[{"@type":"ListItem","position":1,"name":"Startseite","item":"https:\/\/campersim.com\/"},{"@type":"ListItem","position":2,"name":"CAMPERSIM aktivieren"}]},{"@type":"WebSite","@id":"https:\/\/campersim.com\/#website","url":"https:\/\/campersim.com\/","name":"CAMPERSIM - Tarjeta SIM para m\u00f3viles de ocio","description":"","publisher":{"@id":"https:\/\/campersim.com\/#organization"},"potentialAction":[{"@type":"SearchAction","target":{"@type":"EntryPoint","urlTemplate":"https:\/\/campersim.com\/?s={search_term_string}"},"query-input":{"@type":"PropertyValueSpecification","valueRequired":true,"valueName":"search_term_string"}}],"inLanguage":"es"},{"@type":"Organization","@id":"https:\/\/campersim.com\/#organization","name":"CAMPERSIM","url":"https:\/\/campersim.com\/","logo":{"@type":"ImageObject","inLanguage":"es","@id":"https:\/\/campersim.com\/#\/schema\/logo\/image\/","url":"https:\/\/campersim.com\/wp-content\/uploads\/2023\/07\/cropped-favicon.jpg","contentUrl":"https:\/\/campersim.com\/wp-content\/uploads\/2023\/07\/cropped-favicon.jpg","width":512,"height":512,"caption":"CAMPERSIM"},"image":{"@id":"https:\/\/campersim.com\/#\/schema\/logo\/image\/"}}]}},"_links":{"self":[{"href":"https:\/\/campersim.com\/es\/wp-json\/wp\/v2\/pages\/882","targetHints":{"allow":["GET"]}}],"collection":[{"href":"https:\/\/campersim.com\/es\/wp-json\/wp\/v2\/pages"}],"about":[{"href":"https:\/\/campersim.com\/es\/wp-json\/wp\/v2\/types\/page"}],"author":[{"embeddable":true,"href":"https:\/\/campersim.com\/es\/wp-json\/wp\/v2\/users\/1"}],"replies":[{"embeddable":true,"href":"https:\/\/campersim.com\/es\/wp-json\/wp\/v2\/comments?post=882"}],"version-history":[{"count":8,"href":"https:\/\/campersim.com\/es\/wp-json\/wp\/v2\/pages\/882\/revisions"}],"predecessor-version":[{"id":5169,"href":"https:\/\/campersim.com\/es\/wp-json\/wp\/v2\/pages\/882\/revisions\/5169"}],"wp:attachment":[{"href":"https:\/\/campersim.com\/es\/wp-json\/wp\/v2\/media?parent=882"}],"curies":[{"name":"wp","href":"https:\/\/api.w.org\/{rel}","templated":true}]}}