{"id":2051,"date":"2024-02-27T16:23:56","date_gmt":"2024-02-27T15:23:56","guid":{"rendered":"https:\/\/campersim.com\/?post_type=product&#038;p=2051"},"modified":"2025-02-24T22:08:17","modified_gmt":"2025-02-24T21:08:17","slug":"pioneer-router-dct-wr204-sh","status":"publish","type":"product","link":"https:\/\/campersim.com\/es\/producto\/pioneer-router-dct-wr204-sh\/","title":{"rendered":"Pioneer router DCT-WR204-SH incl. CAMPERSIM"},"content":{"rendered":"<h2>El nuevo router Pioneer DCT-WR204-SH con antena<\/h2>\n<p>Pioneer ha lanzado un nuevo y potente router especial para el sector del camping. Con un dise\u00f1o muy fino, el router cabe incluso en los espacios m\u00e1s peque\u00f1os para su instalaci\u00f3n posterior. El DCT-WR204 viene de serie con 2G, 3G y 4G. Otro aspecto destacado es la antena Wi-Fi integrada en la carcasa.<\/p>\n<p>Una red 4G es completamente suficiente para el streaming en movimiento - el router tiene un <strong>Carga de 50 Mbit\/s<\/strong> y un <strong>Descarga de 150 Mbit\/s<\/strong>. Nada debe interponerse en su camino hacia el streaming mientras viaja.<\/p>\n<p>El router tambi\u00e9n est\u00e1 equipado con 2 puertos WLAN y 2 ranuras para tarjetas SIM. Esto pone fin a la molestia de cambiar diferentes tarjetas SIM y significa que el <a href=\"https:\/\/campersim.com\/es\/producto\/campersim\/\" target=\"_blank\" rel=\"noopener\">CAMPERSIM<\/a> para Europa permanecen siempre en la ranura. Para todos los viajeros de larga distancia, el router ofrece entonces la opci\u00f3n de a\u00f1adir una segunda tarjeta individualmente para cada pa\u00eds fuera de la UE.<\/p>\n<p>Si dispone de Wi-Fi en las instalaciones, puede utilizar el router como punto de acceso, ya que puede integrarse c\u00f3modamente en el Wi-Fi existente.<\/p>\n<h3>Otras caracter\u00edsticas del router Pioneer DCT-WR204-SH<\/h3>\n<p>Adem\u00e1s de un <strong>Interruptor de encendido\/apagado<\/strong> el router tambi\u00e9n dispone de un bot\u00f3n de reinicio de f\u00e1cil acceso: se encuentra en el panel frontal del router y facilita a\u00fan m\u00e1s la condici\u00f3n que muchos otros routers del mercado. La interfaz de usuario basada en web tambi\u00e9n es f\u00e1cil de usar y ofrece una amplia gama de opciones de configuraci\u00f3n.\u00a0<em>simple<\/em> y <em>Modo experto<\/em> est\u00e1 disponible. Por ejemplo, puedes utilizar la aplicaci\u00f3n para definir cu\u00e1ndo y c\u00f3mo debe apagarse y encenderse el router.<\/p>\n<p>La antena \"tibur\u00f3n\" suministrada es ultracompacta y puede utilizarse incluso en techos curvos (por ejemplo, Fiat Ducato) sin problemas.<\/p>\n<p>&nbsp;<\/p>\n<h3>Caracter\u00edsticas del router DCT-WR204-SH<\/h3>\n<ul>\n<li>2G, 3G, 4G LTE<\/li>\n<li>WLAN de 2,4 GHz y 5 GHz<\/li>\n<li>Antena WLAN integrada en la carcasa<\/li>\n<li>WLAN adicional mediante antena exterior<\/li>\n<li>2 puertos LAN<\/li>\n<li>2 ranuras SIM<\/li>\n<li>Funci\u00f3n repetidor<\/li>\n<li>Interfaz de usuario basada en web, modo sencillo o experto<\/li>\n<li>Funcionamiento a trav\u00e9s de smartphone, tableta o PC\/Mac<\/li>\n<li>Interruptor de encendido\/apagado y reinicio del dispositivo<\/li>\n<li>Dise\u00f1o f\u00e1cil de instalar:<br \/>\nInterruptor frontal y LED de estado, conexiones traseras<\/li>\n<li>Probado de -20 a +80C, 8-18V<\/li>\n<li>Consumo 0,5A\/12V<\/li>\n<li>Compatibilidad con hotspot cautivo:\n<ul>\n<li>Buscar WWAN SSID<\/li>\n<li>Desplazamiento e introducci\u00f3n de contrase\u00f1a<\/li>\n<li>Enlace autom\u00e1tico a la p\u00e1gina de aterrizaje del hotspot<\/li>\n<\/ul>\n<\/li>\n<li>Acceso de invitados configurable\n<ul>\n<li>Posible limitaci\u00f3n de la velocidad de transmisi\u00f3n de datos<\/li>\n<li>Funci\u00f3n de temporizador, por ejemplo, para desconexi\u00f3n nocturna<\/li>\n<\/ul>\n<\/li>\n<\/ul>\n<p>&nbsp;<\/p>\n<div id='gallery-1' class='gallery galleryid-2051 gallery-columns-3 gallery-size-large'><figure class='gallery-item'>\n\t\t\t<div class='gallery-icon landscape'>\n\t\t\t\t<img loading=\"lazy\" decoding=\"async\" width=\"1024\" height=\"1024\" src=\"https:\/\/campersim.com\/wp-content\/uploads\/2024\/02\/Pioneer-Router-DCT-WR204-SH-1024x1024.jpg\" class=\"attachment-large size-large\" alt=\"\" aria-describedby=\"gallery-1-2054\" srcset=\"https:\/\/campersim.com\/wp-content\/uploads\/2024\/02\/Pioneer-Router-DCT-WR204-SH-1024x1024.jpg 1024w, https:\/\/campersim.com\/wp-content\/uploads\/2024\/02\/Pioneer-Router-DCT-WR204-SH-300x300.jpg 300w, https:\/\/campersim.com\/wp-content\/uploads\/2024\/02\/Pioneer-Router-DCT-WR204-SH-150x150.jpg 150w, https:\/\/campersim.com\/wp-content\/uploads\/2024\/02\/Pioneer-Router-DCT-WR204-SH-768x768.jpg 768w, https:\/\/campersim.com\/wp-content\/uploads\/2024\/02\/Pioneer-Router-DCT-WR204-SH-1536x1536.jpg 1536w, https:\/\/campersim.com\/wp-content\/uploads\/2024\/02\/Pioneer-Router-DCT-WR204-SH-600x600.jpg 600w, https:\/\/campersim.com\/wp-content\/uploads\/2024\/02\/Pioneer-Router-DCT-WR204-SH-100x100.jpg 100w, https:\/\/campersim.com\/wp-content\/uploads\/2024\/02\/Pioneer-Router-DCT-WR204-SH.jpg 2048w\" sizes=\"auto, (max-width: 1024px) 100vw, 1024px\" \/>\n\t\t\t<\/div>\n\t\t\t\t<figcaption class='wp-caption-text gallery-caption' id='gallery-1-2054'>\n\t\t\t\tCara frontal DCT-WR204-SH\n\t\t\t\t<\/figcaption><\/figure><figure class='gallery-item'>\n\t\t\t<div class='gallery-icon landscape'>\n\t\t\t\t<img loading=\"lazy\" decoding=\"async\" width=\"1024\" height=\"1024\" src=\"https:\/\/campersim.com\/wp-content\/uploads\/2024\/02\/Pioneer-Router-DCT-WR204-SH-1-1024x1024.jpg\" class=\"attachment-large size-large\" alt=\"\" aria-describedby=\"gallery-1-2052\" srcset=\"https:\/\/campersim.com\/wp-content\/uploads\/2024\/02\/Pioneer-Router-DCT-WR204-SH-1-1024x1024.jpg 1024w, https:\/\/campersim.com\/wp-content\/uploads\/2024\/02\/Pioneer-Router-DCT-WR204-SH-1-300x300.jpg 300w, https:\/\/campersim.com\/wp-content\/uploads\/2024\/02\/Pioneer-Router-DCT-WR204-SH-1-150x150.jpg 150w, https:\/\/campersim.com\/wp-content\/uploads\/2024\/02\/Pioneer-Router-DCT-WR204-SH-1-768x768.jpg 768w, https:\/\/campersim.com\/wp-content\/uploads\/2024\/02\/Pioneer-Router-DCT-WR204-SH-1-1536x1536.jpg 1536w, https:\/\/campersim.com\/wp-content\/uploads\/2024\/02\/Pioneer-Router-DCT-WR204-SH-1-600x600.jpg 600w, https:\/\/campersim.com\/wp-content\/uploads\/2024\/02\/Pioneer-Router-DCT-WR204-SH-1-100x100.jpg 100w, https:\/\/campersim.com\/wp-content\/uploads\/2024\/02\/Pioneer-Router-DCT-WR204-SH-1.jpg 2048w\" sizes=\"auto, (max-width: 1024px) 100vw, 1024px\" \/>\n\t\t\t<\/div>\n\t\t\t\t<figcaption class='wp-caption-text gallery-caption' id='gallery-1-2052'>\n\t\t\t\tVista trasera DCT-WR204-SH\n\t\t\t\t<\/figcaption><\/figure>\n\t\t<\/div>","protected":false},"excerpt":{"rendered":"<p>El nuevo router Pioneer DCT-WR204-SH incluye antena de techo.<br \/>\nA continuaci\u00f3n encontrar\u00e1 m\u00e1s informaci\u00f3n sobre el producto. \ud83d\udc47\ud83c\udffc<\/p>","protected":false},"featured_media":6069,"template":"","meta":{"_acf_changed":false},"product_brand":[],"product_cat":[68],"product_tag":[],"class_list":{"0":"post-2051","1":"product","2":"type-product","3":"status-publish","4":"has-post-thumbnail","6":"product_cat-router","8":"first","9":"instock","10":"taxable","11":"shipping-taxable","12":"purchasable","13":"product-type-simple"},"acf":[],"yoast_head":"<!-- This site is optimized with the Yoast SEO plugin v26.3 - https:\/\/yoast.com\/wordpress\/plugins\/seo\/ -->\n<title>Pioneer Router DCT-WR204-SH inkl. CAMPERSIM - CAMPERSIM<\/title>\n<meta name=\"description\" content=\"Der neue Pioneer Router DCT-WR204-SH mit Antenne, 2G, 3G und 4G. Der perfekte Router f\u00fcr Reisemobile zum nachr\u00fcsten. Einfach Handhabung inkl. 2-SIM-Slots.\" \/>\n<meta name=\"robots\" content=\"index, follow, max-snippet:-1, max-image-preview:large, max-video-preview:-1\" \/>\n<link rel=\"canonical\" href=\"https:\/\/campersim.com\/es\/producto\/pioneer-router-dct-wr204-sh\/\" \/>\n<meta property=\"og:locale\" content=\"es_ES\" \/>\n<meta property=\"og:type\" content=\"article\" \/>\n<meta property=\"og:title\" content=\"Pioneer Router DCT-WR204-SH inkl. CAMPERSIM - CAMPERSIM\" \/>\n<meta property=\"og:description\" content=\"Der neue Pioneer Router DCT-WR204-SH mit Antenne, 2G, 3G und 4G. Der perfekte Router f\u00fcr Reisemobile zum nachr\u00fcsten. Einfach Handhabung inkl. 2-SIM-Slots.\" \/>\n<meta property=\"og:url\" content=\"https:\/\/campersim.com\/es\/producto\/pioneer-router-dct-wr204-sh\/\" \/>\n<meta property=\"og:site_name\" content=\"CAMPERSIM - SIM Karte f\u00fcr Freizeitmobile\" \/>\n<meta property=\"article:modified_time\" content=\"2025-02-24T21:08:17+00:00\" \/>\n<meta property=\"og:image\" content=\"https:\/\/campersim.com\/wp-content\/uploads\/2024\/02\/Pioneer-Router-DCT-WR204-AD.png\" \/>\n\t<meta property=\"og:image:width\" content=\"2048\" \/>\n\t<meta property=\"og:image:height\" content=\"2048\" \/>\n\t<meta property=\"og:image:type\" content=\"image\/png\" \/>\n<meta name=\"twitter:card\" content=\"summary_large_image\" \/>\n<script type=\"application\/ld+json\" class=\"yoast-schema-graph\">{\"@context\":\"https:\/\/schema.org\",\"@graph\":[{\"@type\":\"WebPage\",\"@id\":\"https:\/\/campersim.com\/produkt\/pioneer-router-dct-wr204-sh\/\",\"url\":\"https:\/\/campersim.com\/produkt\/pioneer-router-dct-wr204-sh\/\",\"name\":\"Pioneer Router DCT-WR204-SH inkl. CAMPERSIM - CAMPERSIM\",\"isPartOf\":{\"@id\":\"https:\/\/campersim.com\/#website\"},\"primaryImageOfPage\":{\"@id\":\"https:\/\/campersim.com\/produkt\/pioneer-router-dct-wr204-sh\/#primaryimage\"},\"image\":{\"@id\":\"https:\/\/campersim.com\/produkt\/pioneer-router-dct-wr204-sh\/#primaryimage\"},\"thumbnailUrl\":\"https:\/\/campersim.com\/wp-content\/uploads\/2024\/02\/Pioneer-Router-DCT-WR204-SH-01.jpg\",\"datePublished\":\"2024-02-27T15:23:56+00:00\",\"dateModified\":\"2025-02-24T21:08:17+00:00\",\"description\":\"Der neue Pioneer Router DCT-WR204-SH mit Antenne, 2G, 3G und 4G. Der perfekte Router f\u00fcr Reisemobile zum nachr\u00fcsten. Einfach Handhabung inkl. 2-SIM-Slots.\",\"breadcrumb\":{\"@id\":\"https:\/\/campersim.com\/produkt\/pioneer-router-dct-wr204-sh\/#breadcrumb\"},\"inLanguage\":\"es\",\"potentialAction\":[{\"@type\":\"ReadAction\",\"target\":[\"https:\/\/campersim.com\/produkt\/pioneer-router-dct-wr204-sh\/\"]}]},{\"@type\":\"ImageObject\",\"inLanguage\":\"es\",\"@id\":\"https:\/\/campersim.com\/produkt\/pioneer-router-dct-wr204-sh\/#primaryimage\",\"url\":\"https:\/\/campersim.com\/wp-content\/uploads\/2024\/02\/Pioneer-Router-DCT-WR204-SH-01.jpg\",\"contentUrl\":\"https:\/\/campersim.com\/wp-content\/uploads\/2024\/02\/Pioneer-Router-DCT-WR204-SH-01.jpg\",\"width\":2048,\"height\":2048,\"caption\":\"Pioneer Router DCT WR204 SH;Pioneer Router\"},{\"@type\":\"BreadcrumbList\",\"@id\":\"https:\/\/campersim.com\/produkt\/pioneer-router-dct-wr204-sh\/#breadcrumb\",\"itemListElement\":[{\"@type\":\"ListItem\",\"position\":1,\"name\":\"Startseite\",\"item\":\"https:\/\/campersim.com\/\"},{\"@type\":\"ListItem\",\"position\":2,\"name\":\"Pioneer Router DCT-WR204-SH inkl. CAMPERSIM\"}]},{\"@type\":\"WebSite\",\"@id\":\"https:\/\/campersim.com\/#website\",\"url\":\"https:\/\/campersim.com\/\",\"name\":\"CAMPERSIM - SIM Karte f\u00fcr Freizeitmobile\",\"description\":\"\",\"publisher\":{\"@id\":\"https:\/\/campersim.com\/#organization\"},\"potentialAction\":[{\"@type\":\"SearchAction\",\"target\":{\"@type\":\"EntryPoint\",\"urlTemplate\":\"https:\/\/campersim.com\/?s={search_term_string}\"},\"query-input\":{\"@type\":\"PropertyValueSpecification\",\"valueRequired\":true,\"valueName\":\"search_term_string\"}}],\"inLanguage\":\"es\"},{\"@type\":\"Organization\",\"@id\":\"https:\/\/campersim.com\/#organization\",\"name\":\"CAMPERSIM\",\"url\":\"https:\/\/campersim.com\/\",\"logo\":{\"@type\":\"ImageObject\",\"inLanguage\":\"es\",\"@id\":\"https:\/\/campersim.com\/#\/schema\/logo\/image\/\",\"url\":\"https:\/\/campersim.com\/wp-content\/uploads\/2023\/07\/cropped-favicon.jpg\",\"contentUrl\":\"https:\/\/campersim.com\/wp-content\/uploads\/2023\/07\/cropped-favicon.jpg\",\"width\":512,\"height\":512,\"caption\":\"CAMPERSIM\"},\"image\":{\"@id\":\"https:\/\/campersim.com\/#\/schema\/logo\/image\/\"}}]}<\/script>\n<!-- \/ Yoast SEO plugin. -->","yoast_head_json":{"title":"Pioneer Router DCT-WR204-SH incl. CAMPERSIM - CAMPERSIM","description":"El nuevo router Pioneer DCT-WR204-SH con antena, 2G, 3G y 4G. El router perfecto para el reequipamiento de autocaravanas. F\u00e1cil manejo incl. 2 ranuras SIM.","robots":{"index":"index","follow":"follow","max-snippet":"max-snippet:-1","max-image-preview":"max-image-preview:large","max-video-preview":"max-video-preview:-1"},"canonical":"https:\/\/campersim.com\/es\/producto\/pioneer-router-dct-wr204-sh\/","og_locale":"es_ES","og_type":"article","og_title":"Pioneer Router DCT-WR204-SH inkl. CAMPERSIM - CAMPERSIM","og_description":"Der neue Pioneer Router DCT-WR204-SH mit Antenne, 2G, 3G und 4G. Der perfekte Router f\u00fcr Reisemobile zum nachr\u00fcsten. Einfach Handhabung inkl. 2-SIM-Slots.","og_url":"https:\/\/campersim.com\/es\/producto\/pioneer-router-dct-wr204-sh\/","og_site_name":"CAMPERSIM - SIM Karte f\u00fcr Freizeitmobile","article_modified_time":"2025-02-24T21:08:17+00:00","og_image":[{"width":2048,"height":2048,"url":"https:\/\/campersim.com\/wp-content\/uploads\/2024\/02\/Pioneer-Router-DCT-WR204-AD.png","type":"image\/png"}],"twitter_card":"summary_large_image","schema":{"@context":"https:\/\/schema.org","@graph":[{"@type":"WebPage","@id":"https:\/\/campersim.com\/produkt\/pioneer-router-dct-wr204-sh\/","url":"https:\/\/campersim.com\/produkt\/pioneer-router-dct-wr204-sh\/","name":"Pioneer Router DCT-WR204-SH incl. CAMPERSIM - CAMPERSIM","isPartOf":{"@id":"https:\/\/campersim.com\/#website"},"primaryImageOfPage":{"@id":"https:\/\/campersim.com\/produkt\/pioneer-router-dct-wr204-sh\/#primaryimage"},"image":{"@id":"https:\/\/campersim.com\/produkt\/pioneer-router-dct-wr204-sh\/#primaryimage"},"thumbnailUrl":"https:\/\/campersim.com\/wp-content\/uploads\/2024\/02\/Pioneer-Router-DCT-WR204-SH-01.jpg","datePublished":"2024-02-27T15:23:56+00:00","dateModified":"2025-02-24T21:08:17+00:00","description":"El nuevo router Pioneer DCT-WR204-SH con antena, 2G, 3G y 4G. El router perfecto para el reequipamiento de autocaravanas. F\u00e1cil manejo incl. 2 ranuras SIM.","breadcrumb":{"@id":"https:\/\/campersim.com\/produkt\/pioneer-router-dct-wr204-sh\/#breadcrumb"},"inLanguage":"es","potentialAction":[{"@type":"ReadAction","target":["https:\/\/campersim.com\/produkt\/pioneer-router-dct-wr204-sh\/"]}]},{"@type":"ImageObject","inLanguage":"es","@id":"https:\/\/campersim.com\/produkt\/pioneer-router-dct-wr204-sh\/#primaryimage","url":"https:\/\/campersim.com\/wp-content\/uploads\/2024\/02\/Pioneer-Router-DCT-WR204-SH-01.jpg","contentUrl":"https:\/\/campersim.com\/wp-content\/uploads\/2024\/02\/Pioneer-Router-DCT-WR204-SH-01.jpg","width":2048,"height":2048,"caption":"Pioneer Router DCT WR204 SH;Pioneer Router"},{"@type":"BreadcrumbList","@id":"https:\/\/campersim.com\/produkt\/pioneer-router-dct-wr204-sh\/#breadcrumb","itemListElement":[{"@type":"ListItem","position":1,"name":"Startseite","item":"https:\/\/campersim.com\/"},{"@type":"ListItem","position":2,"name":"Pioneer Router DCT-WR204-SH inkl. CAMPERSIM"}]},{"@type":"WebSite","@id":"https:\/\/campersim.com\/#website","url":"https:\/\/campersim.com\/","name":"CAMPERSIM - Tarjeta SIM para m\u00f3viles de ocio","description":"","publisher":{"@id":"https:\/\/campersim.com\/#organization"},"potentialAction":[{"@type":"SearchAction","target":{"@type":"EntryPoint","urlTemplate":"https:\/\/campersim.com\/?s={search_term_string}"},"query-input":{"@type":"PropertyValueSpecification","valueRequired":true,"valueName":"search_term_string"}}],"inLanguage":"es"},{"@type":"Organization","@id":"https:\/\/campersim.com\/#organization","name":"CAMPERSIM","url":"https:\/\/campersim.com\/","logo":{"@type":"ImageObject","inLanguage":"es","@id":"https:\/\/campersim.com\/#\/schema\/logo\/image\/","url":"https:\/\/campersim.com\/wp-content\/uploads\/2023\/07\/cropped-favicon.jpg","contentUrl":"https:\/\/campersim.com\/wp-content\/uploads\/2023\/07\/cropped-favicon.jpg","width":512,"height":512,"caption":"CAMPERSIM"},"image":{"@id":"https:\/\/campersim.com\/#\/schema\/logo\/image\/"}}]}},"_links":{"self":[{"href":"https:\/\/campersim.com\/es\/wp-json\/wp\/v2\/product\/2051","targetHints":{"allow":["GET"]}}],"collection":[{"href":"https:\/\/campersim.com\/es\/wp-json\/wp\/v2\/product"}],"about":[{"href":"https:\/\/campersim.com\/es\/wp-json\/wp\/v2\/types\/product"}],"wp:featuredmedia":[{"embeddable":true,"href":"https:\/\/campersim.com\/es\/wp-json\/wp\/v2\/media\/6069"}],"wp:attachment":[{"href":"https:\/\/campersim.com\/es\/wp-json\/wp\/v2\/media?parent=2051"}],"wp:term":[{"taxonomy":"product_brand","embeddable":true,"href":"https:\/\/campersim.com\/es\/wp-json\/wp\/v2\/product_brand?post=2051"},{"taxonomy":"product_cat","embeddable":true,"href":"https:\/\/campersim.com\/es\/wp-json\/wp\/v2\/product_cat?post=2051"},{"taxonomy":"product_tag","embeddable":true,"href":"https:\/\/campersim.com\/es\/wp-json\/wp\/v2\/product_tag?post=2051"}],"curies":[{"name":"wp","href":"https:\/\/api.w.org\/{rel}","templated":true}]}}