{"id":5397,"date":"2024-10-29T09:51:00","date_gmt":"2024-10-29T08:51:00","guid":{"rendered":"https:\/\/campersim.com\/?post_type=product&#038;p=5397"},"modified":"2024-10-29T09:54:01","modified_gmt":"2024-10-29T08:54:01","slug":"antennenset-fuer-rutx50-und-perfekten-radioempfang-m-15903","status":"publish","type":"product","link":"https:\/\/campersim.com\/es\/producto\/antennenset-fuer-rutx50-und-perfekten-radioempfang-m-15903\/","title":{"rendered":"Juego de antena para RUTX50 y perfecta recepci\u00f3n de radio m. 15903"},"content":{"rendered":"<h2>Antena para RUTX 50<\/h2>\n<h3>1 antena para todas las funciones<\/h3>\n<p>Perfecta recepci\u00f3n FM y DAB+ con radiador de 41 cm, as\u00ed como Internet a trav\u00e9s de UMTS, LTE y 5G o WLAN. Funci\u00f3n GPS\/GNSS para navegaci\u00f3n o router. \u00a1La antena ya es capaz de recibir 5G! Incluso si todav\u00eda utiliza un router LTE, la antena est\u00e1 preparada para ello cuando adquiera un nuevo router 5G.<\/p>\n<h4>Antena panor\u00e1mica apta para todos los routers LTE y 5G.<\/h4>\n<p>La particularidad de esta antena es que dispone de una 6\u00aa conexi\u00f3n para combinaciones de FM; DAB+. El kit de radiador\/amplificador\/cable suministrado permite utilizar esta conexi\u00f3n para las funciones mencionadas. En este caso, la antena debe estar provista de un contraposte, es decir, montada sobre metal. Para ello, suministramos una placa de acero inoxidable con recubrimiento de polvo blanco de 40\u00d740 cm.<\/p>\n<p>Especialmente para <a href=\"https:\/\/campersim.com\/es\/producto\/teltonika-5g-wlan-router-rutx50\/\">RUTX50<\/a>RUTX14, RUTX12, pero tambi\u00e9n es compatible con RutX11, Rut956, Rut955, Rut951, Rut950, Rut 360, CamperNet y todos los dem\u00e1s routers 4G y 5G.<\/p>\n<p>La antena se caracteriza por 4 elementos receptores para LTE\/5G y WLAN, as\u00ed como un elemento para GPS\/Glonass y un elemento para la mencionada aplicaci\u00f3n Radio UWK\/DAB+.<\/p>\n<h3>Datos t\u00e9cnicos de la antena RUTX 50:<\/h3>\n<ul>\n<li>Color: negro<\/li>\n<li>Frecuencia: Elemento 1: 1562-1612MHz<\/li>\n<li>Elementos 2 y 3: 698-960MHz, 1710-2170MHz, 2500-3800MHz<\/li>\n<li>Elemento 4 - 7: 2 x 2,4\/5,0\/7,1 GHz<\/li>\n<li>Elemento 1: 26 dB<\/li>\n<li>Elementos 2 y 3: 5dBi (617-960MHz), 8dBi (1710-3800MHz), 9dBi (4900-6000MHz)<\/li>\n<li>Elemento 4 - 7: 5dBi (2396-2485MHz), 11dBi (4900-7200MHz)<\/li>\n<li>Polarizaci\u00f3n: Vertical<\/li>\n<li>Patr\u00f3n de radiaci\u00f3n: Omnidireccional<\/li>\n<li>Resistencia: 50 OHM<\/li>\n<li>Max. Potencia de entrada: 10W\/ foco principal 60W<\/li>\n<li>Montaje: 1 orificio de 18 mm<\/li>\n<li>Dimensiones: Altura sin foco 90mm\/ Longitud 243mm\/ Anchura 63mm Material: ASA negro<\/li>\n<li>Longitud del cable 300 mm<\/li>\n<\/ul>\n<p>&nbsp;<\/p>\n<h4>Enchufe:<\/h4>\n<ul>\n<li>4 conectores SMA (m) [4G\/5G]<\/li>\n<li>2 x conector SMA (f) [WIFI]<\/li>\n<li>Toma FME (f) [GPS\/GNSS].<\/li>\n<li>Foco: FME (m)<\/li>\n<\/ul>\n<h4>Juego de cables:<\/h4>\n<p>La antena se suministra con un juego de cables compuesto por 7 cables, cada uno de 1,5 metros de longitud, para los routers mencionados:<\/p>\n<ul>\n<li>4 x LTE con conector SMA<\/li>\n<li>2 x WLAN con conector SMA RP<\/li>\n<li>1 x GPS con conector SMA<\/li>\n<\/ul>\n<h4>Volumen de suministro:<\/h4>\n<ul>\n<li>Antena panor\u00e1mica PAN-ANT615B con juego de cables de 1,5 m<\/li>\n<li>Kit adicional PAN-ANT287 FM\/DAB+ con cable de 7,5 m<\/li>\n<li>UNI-3L750, juego de cables GPS para navegaci\u00f3n<\/li>\n<li>Adaptador 8441 para GPS Utilizaci\u00f3n de la antena para la navegaci\u00f3n<\/li>\n<li>15903w, placa de acero inoxidable, con recubrimiento en polvo blanco, 40\u00d740 cm<\/li>\n<li>Junta articulada 4615_01<\/li>\n<\/ul>\n<p><span style=\"text-decoration: underline;\"><strong>Nota:<\/strong><\/span> La conexi\u00f3n GPS de la antena puede utilizarse entonces para 1 navegaci\u00f3n o para la funci\u00f3n GPS de un router.<\/p>","protected":false},"excerpt":{"rendered":"<p>El juego de antenas perfecto para su RUTX50. Recepci\u00f3n FM y DAB+ con radiador de 41 cm, as\u00ed como Internet a trav\u00e9s de UMTS, LTE y 5G o WLAN. Funci\u00f3n GPS\/GNSS para navegaci\u00f3n o router.<\/p>","protected":false},"featured_media":5411,"template":"","meta":{"_acf_changed":false},"product_brand":[],"product_cat":[67],"product_tag":[],"class_list":{"0":"post-5397","1":"product","2":"type-product","3":"status-publish","4":"has-post-thumbnail","6":"product_cat-antennen","8":"first","9":"instock","10":"taxable","11":"shipping-taxable","12":"purchasable","13":"product-type-simple"},"acf":[],"yoast_head":"<!-- This site is optimized with the Yoast SEO plugin v26.3 - https:\/\/yoast.com\/wordpress\/plugins\/seo\/ -->\n<title>Antennenset f\u00fcr RUTX50 und perfekten Radioempfang m. 15903 - CAMPERSIM - SIM Karte f\u00fcr Freizeitmobile<\/title>\n<meta name=\"robots\" content=\"index, follow, max-snippet:-1, max-image-preview:large, max-video-preview:-1\" \/>\n<link rel=\"canonical\" href=\"https:\/\/campersim.com\/es\/producto\/antennenset-fuer-rutx50-und-perfekten-radioempfang-m-15903\/\" \/>\n<meta property=\"og:locale\" content=\"es_ES\" \/>\n<meta property=\"og:type\" content=\"article\" \/>\n<meta property=\"og:title\" content=\"Antennenset f\u00fcr RUTX50 und perfekten Radioempfang m. 15903 - CAMPERSIM - SIM Karte f\u00fcr Freizeitmobile\" \/>\n<meta property=\"og:description\" content=\"Das perfekte Antennen-Set f\u00fcr deinen RUTX50.\u00a0UKW und DAB+ Empfang mit 41 cm Strahler, sowie Internet \u00fcber UMTS, LTE und 5G oder WLAN. GPS\/GNSS Funktion f\u00fcr Navigation oder Router\" \/>\n<meta property=\"og:url\" content=\"https:\/\/campersim.com\/es\/producto\/antennenset-fuer-rutx50-und-perfekten-radioempfang-m-15903\/\" \/>\n<meta property=\"og:site_name\" content=\"CAMPERSIM - SIM Karte f\u00fcr Freizeitmobile\" \/>\n<meta property=\"article:modified_time\" content=\"2024-10-29T08:54:01+00:00\" \/>\n<meta property=\"og:image\" content=\"https:\/\/campersim.com\/wp-content\/uploads\/2024\/10\/Antenne-RUTX-50-2.jpg\" \/>\n\t<meta property=\"og:image:width\" content=\"1000\" \/>\n\t<meta property=\"og:image:height\" content=\"1000\" \/>\n\t<meta property=\"og:image:type\" content=\"image\/jpeg\" \/>\n<meta name=\"twitter:card\" content=\"summary_large_image\" \/>\n<script type=\"application\/ld+json\" class=\"yoast-schema-graph\">{\"@context\":\"https:\/\/schema.org\",\"@graph\":[{\"@type\":\"WebPage\",\"@id\":\"https:\/\/campersim.com\/produkt\/antennenset-fuer-rutx50-und-perfekten-radioempfang-m-15903\/\",\"url\":\"https:\/\/campersim.com\/produkt\/antennenset-fuer-rutx50-und-perfekten-radioempfang-m-15903\/\",\"name\":\"Antennenset f\u00fcr RUTX50 und perfekten Radioempfang m. 15903 - CAMPERSIM - SIM Karte f\u00fcr Freizeitmobile\",\"isPartOf\":{\"@id\":\"https:\/\/campersim.com\/#website\"},\"primaryImageOfPage\":{\"@id\":\"https:\/\/campersim.com\/produkt\/antennenset-fuer-rutx50-und-perfekten-radioempfang-m-15903\/#primaryimage\"},\"image\":{\"@id\":\"https:\/\/campersim.com\/produkt\/antennenset-fuer-rutx50-und-perfekten-radioempfang-m-15903\/#primaryimage\"},\"thumbnailUrl\":\"https:\/\/campersim.com\/wp-content\/uploads\/2024\/10\/Antenne-RUTX-50-2.jpg\",\"datePublished\":\"2024-10-29T08:51:00+00:00\",\"dateModified\":\"2024-10-29T08:54:01+00:00\",\"breadcrumb\":{\"@id\":\"https:\/\/campersim.com\/produkt\/antennenset-fuer-rutx50-und-perfekten-radioempfang-m-15903\/#breadcrumb\"},\"inLanguage\":\"es\",\"potentialAction\":[{\"@type\":\"ReadAction\",\"target\":[\"https:\/\/campersim.com\/produkt\/antennenset-fuer-rutx50-und-perfekten-radioempfang-m-15903\/\"]}]},{\"@type\":\"ImageObject\",\"inLanguage\":\"es\",\"@id\":\"https:\/\/campersim.com\/produkt\/antennenset-fuer-rutx50-und-perfekten-radioempfang-m-15903\/#primaryimage\",\"url\":\"https:\/\/campersim.com\/wp-content\/uploads\/2024\/10\/Antenne-RUTX-50-2.jpg\",\"contentUrl\":\"https:\/\/campersim.com\/wp-content\/uploads\/2024\/10\/Antenne-RUTX-50-2.jpg\",\"width\":1000,\"height\":1000,\"caption\":\"MAXVIEW ROAM 5G mit Appsteuerung\"},{\"@type\":\"BreadcrumbList\",\"@id\":\"https:\/\/campersim.com\/produkt\/antennenset-fuer-rutx50-und-perfekten-radioempfang-m-15903\/#breadcrumb\",\"itemListElement\":[{\"@type\":\"ListItem\",\"position\":1,\"name\":\"Startseite\",\"item\":\"https:\/\/campersim.com\/\"},{\"@type\":\"ListItem\",\"position\":2,\"name\":\"Antennenset f\u00fcr RUTX50 und perfekten Radioempfang m. 15903\"}]},{\"@type\":\"WebSite\",\"@id\":\"https:\/\/campersim.com\/#website\",\"url\":\"https:\/\/campersim.com\/\",\"name\":\"CAMPERSIM - SIM Karte f\u00fcr Freizeitmobile\",\"description\":\"\",\"publisher\":{\"@id\":\"https:\/\/campersim.com\/#organization\"},\"potentialAction\":[{\"@type\":\"SearchAction\",\"target\":{\"@type\":\"EntryPoint\",\"urlTemplate\":\"https:\/\/campersim.com\/?s={search_term_string}\"},\"query-input\":{\"@type\":\"PropertyValueSpecification\",\"valueRequired\":true,\"valueName\":\"search_term_string\"}}],\"inLanguage\":\"es\"},{\"@type\":\"Organization\",\"@id\":\"https:\/\/campersim.com\/#organization\",\"name\":\"CAMPERSIM\",\"url\":\"https:\/\/campersim.com\/\",\"logo\":{\"@type\":\"ImageObject\",\"inLanguage\":\"es\",\"@id\":\"https:\/\/campersim.com\/#\/schema\/logo\/image\/\",\"url\":\"https:\/\/campersim.com\/wp-content\/uploads\/2023\/07\/cropped-favicon.jpg\",\"contentUrl\":\"https:\/\/campersim.com\/wp-content\/uploads\/2023\/07\/cropped-favicon.jpg\",\"width\":512,\"height\":512,\"caption\":\"CAMPERSIM\"},\"image\":{\"@id\":\"https:\/\/campersim.com\/#\/schema\/logo\/image\/\"}}]}<\/script>\n<!-- \/ Yoast SEO plugin. -->","yoast_head_json":{"title":"Set de antena para RUTX50 y perfecta recepci\u00f3n de radio m. 15903 - CAMPERSIM - Tarjeta SIM para veh\u00edculos recreativos","robots":{"index":"index","follow":"follow","max-snippet":"max-snippet:-1","max-image-preview":"max-image-preview:large","max-video-preview":"max-video-preview:-1"},"canonical":"https:\/\/campersim.com\/es\/producto\/antennenset-fuer-rutx50-und-perfekten-radioempfang-m-15903\/","og_locale":"es_ES","og_type":"article","og_title":"Antennenset f\u00fcr RUTX50 und perfekten Radioempfang m. 15903 - CAMPERSIM - SIM Karte f\u00fcr Freizeitmobile","og_description":"Das perfekte Antennen-Set f\u00fcr deinen RUTX50.\u00a0UKW und DAB+ Empfang mit 41 cm Strahler, sowie Internet \u00fcber UMTS, LTE und 5G oder WLAN. GPS\/GNSS Funktion f\u00fcr Navigation oder Router","og_url":"https:\/\/campersim.com\/es\/producto\/antennenset-fuer-rutx50-und-perfekten-radioempfang-m-15903\/","og_site_name":"CAMPERSIM - SIM Karte f\u00fcr Freizeitmobile","article_modified_time":"2024-10-29T08:54:01+00:00","og_image":[{"width":1000,"height":1000,"url":"https:\/\/campersim.com\/wp-content\/uploads\/2024\/10\/Antenne-RUTX-50-2.jpg","type":"image\/jpeg"}],"twitter_card":"summary_large_image","schema":{"@context":"https:\/\/schema.org","@graph":[{"@type":"WebPage","@id":"https:\/\/campersim.com\/produkt\/antennenset-fuer-rutx50-und-perfekten-radioempfang-m-15903\/","url":"https:\/\/campersim.com\/produkt\/antennenset-fuer-rutx50-und-perfekten-radioempfang-m-15903\/","name":"Set de antena para RUTX50 y perfecta recepci\u00f3n de radio m. 15903 - CAMPERSIM - Tarjeta SIM para veh\u00edculos recreativos","isPartOf":{"@id":"https:\/\/campersim.com\/#website"},"primaryImageOfPage":{"@id":"https:\/\/campersim.com\/produkt\/antennenset-fuer-rutx50-und-perfekten-radioempfang-m-15903\/#primaryimage"},"image":{"@id":"https:\/\/campersim.com\/produkt\/antennenset-fuer-rutx50-und-perfekten-radioempfang-m-15903\/#primaryimage"},"thumbnailUrl":"https:\/\/campersim.com\/wp-content\/uploads\/2024\/10\/Antenne-RUTX-50-2.jpg","datePublished":"2024-10-29T08:51:00+00:00","dateModified":"2024-10-29T08:54:01+00:00","breadcrumb":{"@id":"https:\/\/campersim.com\/produkt\/antennenset-fuer-rutx50-und-perfekten-radioempfang-m-15903\/#breadcrumb"},"inLanguage":"es","potentialAction":[{"@type":"ReadAction","target":["https:\/\/campersim.com\/produkt\/antennenset-fuer-rutx50-und-perfekten-radioempfang-m-15903\/"]}]},{"@type":"ImageObject","inLanguage":"es","@id":"https:\/\/campersim.com\/produkt\/antennenset-fuer-rutx50-und-perfekten-radioempfang-m-15903\/#primaryimage","url":"https:\/\/campersim.com\/wp-content\/uploads\/2024\/10\/Antenne-RUTX-50-2.jpg","contentUrl":"https:\/\/campersim.com\/wp-content\/uploads\/2024\/10\/Antenne-RUTX-50-2.jpg","width":1000,"height":1000,"caption":"MAXVIEW ROAM 5G mit Appsteuerung"},{"@type":"BreadcrumbList","@id":"https:\/\/campersim.com\/produkt\/antennenset-fuer-rutx50-und-perfekten-radioempfang-m-15903\/#breadcrumb","itemListElement":[{"@type":"ListItem","position":1,"name":"Startseite","item":"https:\/\/campersim.com\/"},{"@type":"ListItem","position":2,"name":"Antennenset f\u00fcr RUTX50 und perfekten Radioempfang m. 15903"}]},{"@type":"WebSite","@id":"https:\/\/campersim.com\/#website","url":"https:\/\/campersim.com\/","name":"CAMPERSIM - Tarjeta SIM para m\u00f3viles de ocio","description":"","publisher":{"@id":"https:\/\/campersim.com\/#organization"},"potentialAction":[{"@type":"SearchAction","target":{"@type":"EntryPoint","urlTemplate":"https:\/\/campersim.com\/?s={search_term_string}"},"query-input":{"@type":"PropertyValueSpecification","valueRequired":true,"valueName":"search_term_string"}}],"inLanguage":"es"},{"@type":"Organization","@id":"https:\/\/campersim.com\/#organization","name":"CAMPERSIM","url":"https:\/\/campersim.com\/","logo":{"@type":"ImageObject","inLanguage":"es","@id":"https:\/\/campersim.com\/#\/schema\/logo\/image\/","url":"https:\/\/campersim.com\/wp-content\/uploads\/2023\/07\/cropped-favicon.jpg","contentUrl":"https:\/\/campersim.com\/wp-content\/uploads\/2023\/07\/cropped-favicon.jpg","width":512,"height":512,"caption":"CAMPERSIM"},"image":{"@id":"https:\/\/campersim.com\/#\/schema\/logo\/image\/"}}]}},"_links":{"self":[{"href":"https:\/\/campersim.com\/es\/wp-json\/wp\/v2\/product\/5397","targetHints":{"allow":["GET"]}}],"collection":[{"href":"https:\/\/campersim.com\/es\/wp-json\/wp\/v2\/product"}],"about":[{"href":"https:\/\/campersim.com\/es\/wp-json\/wp\/v2\/types\/product"}],"wp:featuredmedia":[{"embeddable":true,"href":"https:\/\/campersim.com\/es\/wp-json\/wp\/v2\/media\/5411"}],"wp:attachment":[{"href":"https:\/\/campersim.com\/es\/wp-json\/wp\/v2\/media?parent=5397"}],"wp:term":[{"taxonomy":"product_brand","embeddable":true,"href":"https:\/\/campersim.com\/es\/wp-json\/wp\/v2\/product_brand?post=5397"},{"taxonomy":"product_cat","embeddable":true,"href":"https:\/\/campersim.com\/es\/wp-json\/wp\/v2\/product_cat?post=5397"},{"taxonomy":"product_tag","embeddable":true,"href":"https:\/\/campersim.com\/es\/wp-json\/wp\/v2\/product_tag?post=5397"}],"curies":[{"name":"wp","href":"https:\/\/api.w.org\/{rel}","templated":true}]}}