{"id":5952,"date":"2025-01-15T16:34:21","date_gmt":"2025-01-15T15:34:21","guid":{"rendered":"https:\/\/campersim.com\/?post_type=product&#038;p=5952"},"modified":"2025-01-15T17:06:44","modified_gmt":"2025-01-15T16:06:44","slug":"selfsat-mwr-5550-4g-lte-5g-wlan-internet-router-bis-33-gbps-inkl-5g-dachantenne-starlink-kompatibel","status":"publish","type":"product","link":"https:\/\/campersim.com\/es\/producto\/selfsat-mwr-5550-4g-lte-5g-wlan-internet-router-bis-33-gbps-inkl-5g-dachantenne-starlink-kompatibel\/","title":{"rendered":"SELFSAT MWR 5550 (router de Internet 4G \/ LTE \/ 5G &amp; WLAN hasta 3,3 Gbps incl. antena de techo 5G) - Compatible con Starlink"},"content":{"rendered":"<h2>Descripci\u00f3n del producto SELFSAT MWR 5550<\/h2>\n<p>Una conexi\u00f3n estable a Internet suele ser un reto en una autocaravana o caravana. <strong>SELFSAT<\/strong> ofrece varias soluciones para la cobertura WLAN durante los viajes. Estos routers pueden funcionar a trav\u00e9s de la fuente de alimentaci\u00f3n de a bordo de 12 voltios y reciben se\u00f1ales Wi-Fi o de redes m\u00f3viles del exterior para emitirlas en el veh\u00edculo como Wi-Fi privada. Una antena externa garantiza una buena recepci\u00f3n y puede captar tanto se\u00f1ales Wi-Fi como de redes de telefon\u00eda m\u00f3vil. La instalaci\u00f3n es sencilla y la antena es resistente al polvo y al agua. La conexi\u00f3n con el <strong>Enrutador SELFSAT MWR 5550<\/strong> mediante c\u00f3digos QR o nombre y contrase\u00f1a de WLAN. El manejo es sencillo y no requiere una aplicaci\u00f3n aparte. El router admite el inicio de sesi\u00f3n en la Wi-Fi del camping con una p\u00e1gina de inicio de sesi\u00f3n (portal cautivo), el seguimiento GPS de la autocaravana, la instalaci\u00f3n de VPN para streaming en el extranjero y es <span style=\"color: #f16f32;\"><strong>Compatible con Starlink<\/strong><\/span>.<\/p>\n<p>&nbsp;<\/p>\n<h3>SELFSAT MWR 5550 de un vistazo<\/h3>\n<ul>\n<li>Internet m\u00f3vil para smartphone, tableta, port\u00e1til, Smart TV o consola de juegos<\/li>\n<li>Recepci\u00f3n de 5G \/ 4G LTE o WLAN<\/li>\n<li>2 ranuras para tarjetas SIM<\/li>\n<li>Montaje sencillo<\/li>\n<li>Salida de una red WLAN privada y protegida de 2,4 GHz o 5 GHz<\/li>\n<li>Velocidad de descarga de hasta 3,3 Gbps<\/li>\n<\/ul>\n<p>&nbsp;<\/p>\n<h3>Datos t\u00e9cnicos del router SELFSAT MWR 5550<\/h3>\n<ul>\n<li>Generaciones de redes m\u00f3viles compatibles: 5G (hasta 3,3 Gbps), 4G LTE (Cat 20 hasta 2,0 Gbps), 3G (hasta 42 Mbps)<\/li>\n<li>Frecuencias WiFi soportadas (entrada): 2,4 GHz, 5 GHz<\/li>\n<li>Frecuencias WiFi soportadas (salida): 2,4 GHz, 5 GHz<\/li>\n<li>Admite GPS para posicionamiento y sincronizaci\u00f3n horaria<\/li>\n<li>2 ranuras para tarjetas SIM: Mini SIM (2FF)<\/li>\n<li>Interfaces Ethernet: 1 x WAN, 4 x LAN RJ45<\/li>\n<li>Alimentaci\u00f3n: 9 - 50 voltios CC<\/li>\n<li>Dimensiones: 132 x 45 x 96 mm<\/li>\n<li>Peso: 533 g<\/li>\n<li>Temperatura de funcionamiento: -40\u00b0C - 75\u00b0C<\/li>\n<li>Grado de protecci\u00f3n: IP30<\/li>\n<li>EAN: 3700433800693<\/li>\n<li><span style=\"color: #f16f32;\"><strong>Compatible con Starlink<\/strong><\/span><\/li>\n<\/ul>\n<p>&nbsp;<\/p>\n<h3>Datos t\u00e9cnicos antena para router SELFSAT MWR 5550<\/h3>\n<ul>\n<li>4G \/ LTE \/ 5G<\/li>\n<li>Gama de frecuencias MIMO: 698 - 960 MHz, 1710 - 2690 MHz, 2900 - 3600 MHz<\/li>\n<li>Ganancia de se\u00f1al: 4 dBi<\/li>\n<li>Cable: 4 x LMR100 (p\u00e9rdida de se\u00f1al especialmente baja), longitud 1 m (extensi\u00f3n de cable de 1 m o 2 m disponible opcionalmente)<\/li>\n<li>Conectores: SMA macho \/ macho<\/li>\n<li>WLAN 2,4 GHz \/ 5 GHz<\/li>\n<li>Gama de frecuencias: 2400 - 2483,5 MHz, 4900 - 5825 MHz<\/li>\n<li>Ganancia de se\u00f1al: 4 dBi<\/li>\n<li>Cable: 1 x LMR100 (p\u00e9rdida de se\u00f1al especialmente baja), longitud 1 m (extensi\u00f3n de cable de 1 m o 2 m disponible opcionalmente)<\/li>\n<li>Conexi\u00f3n: RP-SMA macho \/ macho<\/li>\n<li>GPS<\/li>\n<li>Gama de frecuencias: 1,562 - 1612 MHz<\/li>\n<li>Ganancia de la se\u00f1al: 26 dB<\/li>\n<li>Cable: 1 x LMR100 (p\u00e9rdida de se\u00f1al especialmente baja), longitud 1 m (extensi\u00f3n de cable de 1 m o 2 m disponible opcionalmente)<\/li>\n<li>Conexi\u00f3n: SMA macho \/ macho<\/li>\n<li>Temperatura de funcionamiento: -40\u00b0C - 85\u00b0C<\/li>\n<li>Grado de protecci\u00f3n: IP67 (excepto salida de cable)<\/li>\n<li>Dimensiones: 189 x 182 x 85 mm<\/li>\n<\/ul>\n<p>&nbsp;<\/p>\n<h4>Volumen de suministro al adquirir un router SELFSAT MWR 5550<\/h4>\n<ul>\n<li>Enrutador MWR 5550<\/li>\n<li>Cable de conexi\u00f3n de alimentaci\u00f3n de 4 clavijas (fuente de alimentaci\u00f3n de 230 voltios o cable de mechero de 12 voltios disponible opcionalmente)<\/li>\n<li>Kit de montaje<\/li>\n<li>2 adaptadores de tarjeta SIM para Micro SIM o Nano SIM a Mini SIM<\/li>\n<li>Antena de techo SELFSAT<\/li>\n<li>Antena de techo extensible roscada<\/li>\n<li>Antena interior WiFi<\/li>\n<li>Puntos adhesivos de velcro para antena interior WiFi<\/li>\n<li>Instrucciones de montaje y funcionamiento<\/li>\n<\/ul>","protected":false},"excerpt":{"rendered":"<p>Una conexi\u00f3n a Internet estable suele ser un reto en una autocaravana o caravana. SELFSAT MWR 5550 ofrece varias soluciones para la cobertura WLAN durante los viajes<\/p>","protected":false},"featured_media":5968,"template":"","meta":{"_acf_changed":false},"product_brand":[],"product_cat":[68],"product_tag":[],"class_list":{"0":"post-5952","1":"product","2":"type-product","3":"status-publish","4":"has-post-thumbnail","6":"product_cat-router","8":"first","9":"instock","10":"taxable","11":"shipping-taxable","12":"purchasable","13":"product-type-variable"},"acf":[],"yoast_head":"<!-- This site is optimized with the Yoast SEO plugin v26.3 - https:\/\/yoast.com\/wordpress\/plugins\/seo\/ -->\n<title>SELFSAT MWR 5550 (4G \/ LTE \/ 5G &amp; WLAN Internet Router bis 3,3 Gbps inkl. 5G Dachantenne) - Starlink kompatibel - CAMPERSIM - SIM Karte f\u00fcr Freizeitmobile<\/title>\n<meta name=\"description\" content=\"Im Wohnmobil oder Wohnwagen ist eine stabile Internetverbindung oft eine Herausforderung. SELFSAT MWR 5550 bietet verschiedene L\u00f6sungen f\u00fcr eine WLAN-Versorgung unterwegs.\" \/>\n<meta name=\"robots\" content=\"index, follow, max-snippet:-1, max-image-preview:large, max-video-preview:-1\" \/>\n<link rel=\"canonical\" href=\"https:\/\/campersim.com\/es\/producto\/selfsat-mwr-5550-4g-lte-5g-wlan-internet-router-bis-33-gbps-inkl-5g-dachantenne-starlink-kompatibel\/\" \/>\n<meta property=\"og:locale\" content=\"es_ES\" \/>\n<meta property=\"og:type\" content=\"article\" \/>\n<meta property=\"og:title\" content=\"SELFSAT MWR 5550 (4G \/ LTE \/ 5G &amp; WLAN Internet Router bis 3,3 Gbps inkl. 5G Dachantenne) - Starlink kompatibel - CAMPERSIM - SIM Karte f\u00fcr Freizeitmobile\" \/>\n<meta property=\"og:description\" content=\"Im Wohnmobil oder Wohnwagen ist eine stabile Internetverbindung oft eine Herausforderung. SELFSAT MWR 5550 bietet verschiedene L\u00f6sungen f\u00fcr eine WLAN-Versorgung unterwegs.\" \/>\n<meta property=\"og:url\" content=\"https:\/\/campersim.com\/es\/producto\/selfsat-mwr-5550-4g-lte-5g-wlan-internet-router-bis-33-gbps-inkl-5g-dachantenne-starlink-kompatibel\/\" \/>\n<meta property=\"og:site_name\" content=\"CAMPERSIM - SIM Karte f\u00fcr Freizeitmobile\" \/>\n<meta property=\"article:modified_time\" content=\"2025-01-15T16:06:44+00:00\" \/>\n<meta property=\"og:image\" content=\"https:\/\/campersim.com\/wp-content\/uploads\/2025\/01\/SELFSAT-MWR-5550-Router-schwarz.jpg\" \/>\n\t<meta property=\"og:image:width\" content=\"1000\" \/>\n\t<meta property=\"og:image:height\" content=\"1000\" \/>\n\t<meta property=\"og:image:type\" content=\"image\/jpeg\" \/>\n<meta name=\"twitter:card\" content=\"summary_large_image\" \/>\n<script type=\"application\/ld+json\" class=\"yoast-schema-graph\">{\"@context\":\"https:\/\/schema.org\",\"@graph\":[{\"@type\":\"WebPage\",\"@id\":\"https:\/\/campersim.com\/produkt\/selfsat-mwr-5550-4g-lte-5g-wlan-internet-router-bis-33-gbps-inkl-5g-dachantenne-starlink-kompatibel\/\",\"url\":\"https:\/\/campersim.com\/produkt\/selfsat-mwr-5550-4g-lte-5g-wlan-internet-router-bis-33-gbps-inkl-5g-dachantenne-starlink-kompatibel\/\",\"name\":\"SELFSAT MWR 5550 (4G \/ LTE \/ 5G & WLAN Internet Router bis 3,3 Gbps inkl. 5G Dachantenne) - Starlink kompatibel - CAMPERSIM - SIM Karte f\u00fcr Freizeitmobile\",\"isPartOf\":{\"@id\":\"https:\/\/campersim.com\/#website\"},\"primaryImageOfPage\":{\"@id\":\"https:\/\/campersim.com\/produkt\/selfsat-mwr-5550-4g-lte-5g-wlan-internet-router-bis-33-gbps-inkl-5g-dachantenne-starlink-kompatibel\/#primaryimage\"},\"image\":{\"@id\":\"https:\/\/campersim.com\/produkt\/selfsat-mwr-5550-4g-lte-5g-wlan-internet-router-bis-33-gbps-inkl-5g-dachantenne-starlink-kompatibel\/#primaryimage\"},\"thumbnailUrl\":\"https:\/\/campersim.com\/wp-content\/uploads\/2025\/01\/SELFSAT-MWR-5550-Router-schwarz.jpg\",\"datePublished\":\"2025-01-15T15:34:21+00:00\",\"dateModified\":\"2025-01-15T16:06:44+00:00\",\"description\":\"Im Wohnmobil oder Wohnwagen ist eine stabile Internetverbindung oft eine Herausforderung. SELFSAT MWR 5550 bietet verschiedene L\u00f6sungen f\u00fcr eine WLAN-Versorgung unterwegs.\",\"breadcrumb\":{\"@id\":\"https:\/\/campersim.com\/produkt\/selfsat-mwr-5550-4g-lte-5g-wlan-internet-router-bis-33-gbps-inkl-5g-dachantenne-starlink-kompatibel\/#breadcrumb\"},\"inLanguage\":\"es\",\"potentialAction\":[{\"@type\":\"ReadAction\",\"target\":[\"https:\/\/campersim.com\/produkt\/selfsat-mwr-5550-4g-lte-5g-wlan-internet-router-bis-33-gbps-inkl-5g-dachantenne-starlink-kompatibel\/\"]}]},{\"@type\":\"ImageObject\",\"inLanguage\":\"es\",\"@id\":\"https:\/\/campersim.com\/produkt\/selfsat-mwr-5550-4g-lte-5g-wlan-internet-router-bis-33-gbps-inkl-5g-dachantenne-starlink-kompatibel\/#primaryimage\",\"url\":\"https:\/\/campersim.com\/wp-content\/uploads\/2025\/01\/SELFSAT-MWR-5550-Router-schwarz.jpg\",\"contentUrl\":\"https:\/\/campersim.com\/wp-content\/uploads\/2025\/01\/SELFSAT-MWR-5550-Router-schwarz.jpg\",\"width\":1000,\"height\":1000,\"caption\":\"SELFSAT MWR 5550 Router\"},{\"@type\":\"BreadcrumbList\",\"@id\":\"https:\/\/campersim.com\/produkt\/selfsat-mwr-5550-4g-lte-5g-wlan-internet-router-bis-33-gbps-inkl-5g-dachantenne-starlink-kompatibel\/#breadcrumb\",\"itemListElement\":[{\"@type\":\"ListItem\",\"position\":1,\"name\":\"Startseite\",\"item\":\"https:\/\/campersim.com\/\"},{\"@type\":\"ListItem\",\"position\":2,\"name\":\"SELFSAT MWR 5550 (4G \/ LTE \/ 5G &#038; WLAN Internet Router bis 3,3 Gbps inkl. 5G Dachantenne) &#8211; Starlink kompatibel\"}]},{\"@type\":\"WebSite\",\"@id\":\"https:\/\/campersim.com\/#website\",\"url\":\"https:\/\/campersim.com\/\",\"name\":\"CAMPERSIM - SIM Karte f\u00fcr Freizeitmobile\",\"description\":\"\",\"publisher\":{\"@id\":\"https:\/\/campersim.com\/#organization\"},\"potentialAction\":[{\"@type\":\"SearchAction\",\"target\":{\"@type\":\"EntryPoint\",\"urlTemplate\":\"https:\/\/campersim.com\/?s={search_term_string}\"},\"query-input\":{\"@type\":\"PropertyValueSpecification\",\"valueRequired\":true,\"valueName\":\"search_term_string\"}}],\"inLanguage\":\"es\"},{\"@type\":\"Organization\",\"@id\":\"https:\/\/campersim.com\/#organization\",\"name\":\"CAMPERSIM\",\"url\":\"https:\/\/campersim.com\/\",\"logo\":{\"@type\":\"ImageObject\",\"inLanguage\":\"es\",\"@id\":\"https:\/\/campersim.com\/#\/schema\/logo\/image\/\",\"url\":\"https:\/\/campersim.com\/wp-content\/uploads\/2023\/07\/cropped-favicon.jpg\",\"contentUrl\":\"https:\/\/campersim.com\/wp-content\/uploads\/2023\/07\/cropped-favicon.jpg\",\"width\":512,\"height\":512,\"caption\":\"CAMPERSIM\"},\"image\":{\"@id\":\"https:\/\/campersim.com\/#\/schema\/logo\/image\/\"}}]}<\/script>\n<!-- \/ Yoast SEO plugin. -->","yoast_head_json":{"title":"SELFSAT MWR 5550 (router de Internet 4G \/ LTE \/ 5G &amp; WLAN hasta 3,3 Gbps incl. antena de techo 5G) - Compatible con Starlink - CAMPERSIM - Tarjeta SIM para veh\u00edculos de recreo","description":"Una conexi\u00f3n a Internet estable suele ser un reto en una autocaravana o caravana. SELFSAT MWR 5550 ofrece varias soluciones para la cobertura WLAN durante los viajes.","robots":{"index":"index","follow":"follow","max-snippet":"max-snippet:-1","max-image-preview":"max-image-preview:large","max-video-preview":"max-video-preview:-1"},"canonical":"https:\/\/campersim.com\/es\/producto\/selfsat-mwr-5550-4g-lte-5g-wlan-internet-router-bis-33-gbps-inkl-5g-dachantenne-starlink-kompatibel\/","og_locale":"es_ES","og_type":"article","og_title":"SELFSAT MWR 5550 (4G \/ LTE \/ 5G & WLAN Internet Router bis 3,3 Gbps inkl. 5G Dachantenne) - Starlink kompatibel - CAMPERSIM - SIM Karte f\u00fcr Freizeitmobile","og_description":"Im Wohnmobil oder Wohnwagen ist eine stabile Internetverbindung oft eine Herausforderung. SELFSAT MWR 5550 bietet verschiedene L\u00f6sungen f\u00fcr eine WLAN-Versorgung unterwegs.","og_url":"https:\/\/campersim.com\/es\/producto\/selfsat-mwr-5550-4g-lte-5g-wlan-internet-router-bis-33-gbps-inkl-5g-dachantenne-starlink-kompatibel\/","og_site_name":"CAMPERSIM - SIM Karte f\u00fcr Freizeitmobile","article_modified_time":"2025-01-15T16:06:44+00:00","og_image":[{"width":1000,"height":1000,"url":"https:\/\/campersim.com\/wp-content\/uploads\/2025\/01\/SELFSAT-MWR-5550-Router-schwarz.jpg","type":"image\/jpeg"}],"twitter_card":"summary_large_image","schema":{"@context":"https:\/\/schema.org","@graph":[{"@type":"WebPage","@id":"https:\/\/campersim.com\/produkt\/selfsat-mwr-5550-4g-lte-5g-wlan-internet-router-bis-33-gbps-inkl-5g-dachantenne-starlink-kompatibel\/","url":"https:\/\/campersim.com\/produkt\/selfsat-mwr-5550-4g-lte-5g-wlan-internet-router-bis-33-gbps-inkl-5g-dachantenne-starlink-kompatibel\/","name":"SELFSAT MWR 5550 (router de Internet 4G \/ LTE \/ 5G &amp; WLAN hasta 3,3 Gbps incl. antena de techo 5G) - Compatible con Starlink - CAMPERSIM - Tarjeta SIM para veh\u00edculos de recreo","isPartOf":{"@id":"https:\/\/campersim.com\/#website"},"primaryImageOfPage":{"@id":"https:\/\/campersim.com\/produkt\/selfsat-mwr-5550-4g-lte-5g-wlan-internet-router-bis-33-gbps-inkl-5g-dachantenne-starlink-kompatibel\/#primaryimage"},"image":{"@id":"https:\/\/campersim.com\/produkt\/selfsat-mwr-5550-4g-lte-5g-wlan-internet-router-bis-33-gbps-inkl-5g-dachantenne-starlink-kompatibel\/#primaryimage"},"thumbnailUrl":"https:\/\/campersim.com\/wp-content\/uploads\/2025\/01\/SELFSAT-MWR-5550-Router-schwarz.jpg","datePublished":"2025-01-15T15:34:21+00:00","dateModified":"2025-01-15T16:06:44+00:00","description":"Una conexi\u00f3n a Internet estable suele ser un reto en una autocaravana o caravana. SELFSAT MWR 5550 ofrece varias soluciones para la cobertura WLAN durante los viajes.","breadcrumb":{"@id":"https:\/\/campersim.com\/produkt\/selfsat-mwr-5550-4g-lte-5g-wlan-internet-router-bis-33-gbps-inkl-5g-dachantenne-starlink-kompatibel\/#breadcrumb"},"inLanguage":"es","potentialAction":[{"@type":"ReadAction","target":["https:\/\/campersim.com\/produkt\/selfsat-mwr-5550-4g-lte-5g-wlan-internet-router-bis-33-gbps-inkl-5g-dachantenne-starlink-kompatibel\/"]}]},{"@type":"ImageObject","inLanguage":"es","@id":"https:\/\/campersim.com\/produkt\/selfsat-mwr-5550-4g-lte-5g-wlan-internet-router-bis-33-gbps-inkl-5g-dachantenne-starlink-kompatibel\/#primaryimage","url":"https:\/\/campersim.com\/wp-content\/uploads\/2025\/01\/SELFSAT-MWR-5550-Router-schwarz.jpg","contentUrl":"https:\/\/campersim.com\/wp-content\/uploads\/2025\/01\/SELFSAT-MWR-5550-Router-schwarz.jpg","width":1000,"height":1000,"caption":"SELFSAT MWR 5550 Router"},{"@type":"BreadcrumbList","@id":"https:\/\/campersim.com\/produkt\/selfsat-mwr-5550-4g-lte-5g-wlan-internet-router-bis-33-gbps-inkl-5g-dachantenne-starlink-kompatibel\/#breadcrumb","itemListElement":[{"@type":"ListItem","position":1,"name":"Startseite","item":"https:\/\/campersim.com\/"},{"@type":"ListItem","position":2,"name":"SELFSAT MWR 5550 (4G \/ LTE \/ 5G &#038; WLAN Internet Router bis 3,3 Gbps inkl. 5G Dachantenne) &#8211; Starlink kompatibel"}]},{"@type":"WebSite","@id":"https:\/\/campersim.com\/#website","url":"https:\/\/campersim.com\/","name":"CAMPERSIM - Tarjeta SIM para m\u00f3viles de ocio","description":"","publisher":{"@id":"https:\/\/campersim.com\/#organization"},"potentialAction":[{"@type":"SearchAction","target":{"@type":"EntryPoint","urlTemplate":"https:\/\/campersim.com\/?s={search_term_string}"},"query-input":{"@type":"PropertyValueSpecification","valueRequired":true,"valueName":"search_term_string"}}],"inLanguage":"es"},{"@type":"Organization","@id":"https:\/\/campersim.com\/#organization","name":"CAMPERSIM","url":"https:\/\/campersim.com\/","logo":{"@type":"ImageObject","inLanguage":"es","@id":"https:\/\/campersim.com\/#\/schema\/logo\/image\/","url":"https:\/\/campersim.com\/wp-content\/uploads\/2023\/07\/cropped-favicon.jpg","contentUrl":"https:\/\/campersim.com\/wp-content\/uploads\/2023\/07\/cropped-favicon.jpg","width":512,"height":512,"caption":"CAMPERSIM"},"image":{"@id":"https:\/\/campersim.com\/#\/schema\/logo\/image\/"}}]}},"_links":{"self":[{"href":"https:\/\/campersim.com\/es\/wp-json\/wp\/v2\/product\/5952","targetHints":{"allow":["GET"]}}],"collection":[{"href":"https:\/\/campersim.com\/es\/wp-json\/wp\/v2\/product"}],"about":[{"href":"https:\/\/campersim.com\/es\/wp-json\/wp\/v2\/types\/product"}],"wp:featuredmedia":[{"embeddable":true,"href":"https:\/\/campersim.com\/es\/wp-json\/wp\/v2\/media\/5968"}],"wp:attachment":[{"href":"https:\/\/campersim.com\/es\/wp-json\/wp\/v2\/media?parent=5952"}],"wp:term":[{"taxonomy":"product_brand","embeddable":true,"href":"https:\/\/campersim.com\/es\/wp-json\/wp\/v2\/product_brand?post=5952"},{"taxonomy":"product_cat","embeddable":true,"href":"https:\/\/campersim.com\/es\/wp-json\/wp\/v2\/product_cat?post=5952"},{"taxonomy":"product_tag","embeddable":true,"href":"https:\/\/campersim.com\/es\/wp-json\/wp\/v2\/product_tag?post=5952"}],"curies":[{"name":"wp","href":"https:\/\/api.w.org\/{rel}","templated":true}]}}