{"id":5985,"date":"2025-01-20T08:08:45","date_gmt":"2025-01-20T07:08:45","guid":{"rendered":"https:\/\/campersim.com\/?post_type=product&#038;p=5985"},"modified":"2025-01-20T14:47:00","modified_gmt":"2025-01-20T13:47:00","slug":"selfsat-mwr-4540-4g-cat-6-wlan-router-bis-300-mbps-inkl-5g-antenne","status":"publish","type":"product","link":"https:\/\/campersim.com\/es\/producto\/selfsat-mwr-4540-4g-cat-6-wlan-router-bis-300-mbps-inkl-5g-antenne\/","title":{"rendered":"Enrutador WLAN SELFSAT MWR 4540 4G Cat 6, hasta 300 Mbps, incl. antena 5G"},"content":{"rendered":"<p>En una autocaravana o caravana, disponer de una conexi\u00f3n a Internet estable para smartphones, tabletas, port\u00e1tiles, smart TV o videoconsolas suele ser todo un reto. SELFSAT ofrece varias soluciones para la cobertura WLAN durante los viajes. Los routers SELFSAT pueden funcionar a trav\u00e9s de la fuente de alimentaci\u00f3n de a bordo de 12\/24 voltios y reciben se\u00f1ales Wi-Fi o de redes m\u00f3viles del exterior para emitirlas en el veh\u00edculo como Wi-Fi privada y protegida. Una antena exterior garantiza una buena recepci\u00f3n y salva el apantallamiento del revestimiento exterior del veh\u00edculo. La instalaci\u00f3n es sencilla y la antena es resistente al polvo y al agua. La conexi\u00f3n con el router se establece mediante c\u00f3digos QR o nombre y contrase\u00f1a WLAN. El manejo es sencillo, se realiza a trav\u00e9s del navegador de Internet y, por tanto, no requiere una aplicaci\u00f3n aparte. El router permite conectarse a la Wi-Fi del camping con una p\u00e1gina de inicio de sesi\u00f3n (portal cautivo), el seguimiento GPS de la autocaravana, la instalaci\u00f3n de VPN para streaming en el extranjero y es compatible con Starlink.<\/p>\n<ul>\n<li>Conexi\u00f3n a la red m\u00f3vil 4G LTE (Cat 6, hasta 300 Mbps)<\/li>\n<li>Conexi\u00f3n a las redes WLAN del camping con y sin p\u00e1gina de inicio de sesi\u00f3n (portal cautivo)<\/li>\n<li>Conexi\u00f3n a Starlink al conectar una antena Starlink<\/li>\n<li>2 ranuras para tarjetas SIM<\/li>\n<li>Especialmente f\u00e1cil de instalar y manejar<\/li>\n<li>Posibilidad de localizaci\u00f3n GPS de la autocaravana o caravana<\/li>\n<li>Capacidad VPN, por ejemplo para streaming en el extranjero<\/li>\n<\/ul>\n<p><strong>Datos t\u00e9cnicos del router<\/strong>:<\/p>\n<ul>\n<li>Generaciones de redes m\u00f3viles compatibles: 4G LTE (hasta 300 Mbps), 3G (hasta 42 Mbps)<\/li>\n<li>Frecuencias WiFi soportadas (entrada): 2,4 GHz, 5 GHz<\/li>\n<li>Frecuencias WiFi soportadas (salida): 2,4 GHz, 5 GHz<\/li>\n<li>Admite GPS para posicionamiento y sincronizaci\u00f3n horaria<\/li>\n<li>2 ranuras para tarjetas SIM: Mini SIM (2FF)<\/li>\n<li>Interfaces Ethernet: 1 x WAN, 3 x LAN RJ45<\/li>\n<li>Alimentaci\u00f3n: 9 - 50 voltios CC<\/li>\n<li>Dimensiones: 115 x 44,2 x 95,1 mm<\/li>\n<li>Peso: 460 g<\/li>\n<li>Temperatura de funcionamiento: -40\u00b0C - 75\u00b0C<\/li>\n<li>Grado de protecci\u00f3n: IP30<\/li>\n<\/ul>\n<p><strong>Datos t\u00e9cnicos de la antena de techo SELFSAT:<\/strong><\/p>\n<ul>\n<li>4G \/ LTE \/ 5G<\/li>\n<li>Gama de frecuencias MIMO: 698 - 960 MHz, 1710 - 3690 MHz, 2900 - 3600 MHz<\/li>\n<li>Ganancia de se\u00f1al: 698 - 960 MHz +4 dBi; 1710 - 2690 MHz +4 dBi, 2900 - 3600 MHz +4 dBi<\/li>\n<li>Cable: 4 x LMR100, longitud 1 m (extensi\u00f3n de cable de 1 m o 2 m disponible opcionalmente)<\/li>\n<li>Conectores: SMA macho \/ macho<\/li>\n<li>WLAN 2,4 GHz \/ 5 GHz<\/li>\n<li>Ganancia de se\u00f1al: +4 dBi<\/li>\n<li>Cable: 1 x LMR100, longitud 1 m (extensi\u00f3n de cable de 1 m o 2 m disponible opcionalmente)<\/li>\n<li>Conexi\u00f3n: RP-SMA macho \/ macho<\/li>\n<li>GPS<\/li>\n<li>Gama de frecuencias: 1,562 - 1612 MHz<\/li>\n<li>Ganancia de se\u00f1al: +26 dBi<\/li>\n<li>Cable: 1 x LMR100, longitud 1 m (extensi\u00f3n de cable de 1 m o 2 m disponible opcionalmente)<\/li>\n<li>Conexi\u00f3n: SMA macho \/ macho<\/li>\n<li>Temperatura de funcionamiento: -40\u00b0C - 85\u00b0C<\/li>\n<li>Grado de protecci\u00f3n: IP67 (excepto salida de cable)<\/li>\n<li>Dimensiones: 189 x 182 x 85 mm<\/li>\n<\/ul>\n<p><strong>Datos t\u00e9cnicos Antena de techo Panorama:<\/strong><\/p>\n<ul>\n<li>4G \/ LTE \/ 5G<\/li>\n<li>Gama de frecuencias MIMO: 617 - 960 MHz, 1710 - 3800 MHz, 4900 - 6000 MHz<\/li>\n<li>Ganancia de se\u00f1al: 617 - 960 MHz +4 dBi; 1710 - 3800 MHz +8 dBi, 4900 - 6000 MHz +9 dBi<\/li>\n<li>Cable: 4 x RG174, longitud 1 m (1 m o 2 m de extensi\u00f3n de cable disponible opcionalmente)<\/li>\n<li>Conectores: SMA macho \/ macho<\/li>\n<li>WLAN 2,4 GHz \/ 5 GHz<\/li>\n<li>Ganancia de se\u00f1al: +9 dBi<\/li>\n<li>Cable: 2 x RG174, longitud 1 m (1 m o 2 m de extensi\u00f3n de cable disponible opcionalmente)<\/li>\n<li>Conexi\u00f3n: RP-SMA macho \/ macho<\/li>\n<li>GPS<\/li>\n<li>Gama de frecuencias: 1,562 - 1612 MHz<\/li>\n<li>Ganancia de se\u00f1al: +26 dBi<\/li>\n<li>Cable: 1 x RG174, longitud 1 m (1 m o 2 m de extensi\u00f3n de cable disponible opcionalmente)<\/li>\n<li>Conexi\u00f3n: SMA macho \/ macho<\/li>\n<li>Temperatura de funcionamiento: -40\u00b0C - 80\u00b0C<\/li>\n<li>Grado de protecci\u00f3n: IP69K (excepto salida de cable)<\/li>\n<li>Dimensiones: 180 x 80 mm<\/li>\n<\/ul>\n<p><strong>Volumen de suministro:<\/strong><\/p>\n<ul>\n<li>Enrutador MWR 4540<\/li>\n<li>Cable de conexi\u00f3n de alimentaci\u00f3n de 4 clavijas (fuente de alimentaci\u00f3n de 230 voltios o cable de mechero de 12 voltios disponible opcionalmente)<\/li>\n<li>Kit de montaje<\/li>\n<li>2 adaptadores de tarjeta SIM para Micro SIM o Nano SIM a Mini SIM<\/li>\n<li>Antena de tejado<\/li>\n<li>Extensi\u00f3n del hilo<\/li>\n<li>Antena interior WiFi<\/li>\n<li>Puntos adhesivos de velcro para antena interior WiFi<\/li>\n<li>Instrucciones de montaje y funcionamiento<\/li>\n<\/ul>\n<p><strong>Antena disponible en los colores:<\/strong><\/p>\n<ul>\n<li>negro<\/li>\n<li>blanco<\/li>\n<\/ul>","protected":false},"excerpt":{"rendered":"<p>En una autocaravana o caravana, una conexi\u00f3n estable a Internet para un smartphone, tableta, port\u00e1til, smart TV o consola de juegos suele ser...<\/p>","protected":false},"featured_media":5997,"template":"","meta":{"_acf_changed":false},"product_brand":[],"product_cat":[68],"product_tag":[],"class_list":{"0":"post-5985","1":"product","2":"type-product","3":"status-publish","4":"has-post-thumbnail","6":"product_cat-router","8":"first","9":"instock","10":"taxable","11":"shipping-taxable","12":"purchasable","13":"product-type-variable"},"acf":[],"yoast_head":"<!-- This site is optimized with the Yoast SEO plugin v26.3 - https:\/\/yoast.com\/wordpress\/plugins\/seo\/ -->\n<title>SELFSAT MWR 4540 4G Cat 6 WLAN Router, bis 300 Mbps, inkl. 5G Antenne - CAMPERSIM - SIM Karte f\u00fcr Freizeitmobile<\/title>\n<meta name=\"robots\" content=\"index, follow, max-snippet:-1, max-image-preview:large, max-video-preview:-1\" \/>\n<link rel=\"canonical\" href=\"https:\/\/campersim.com\/es\/producto\/selfsat-mwr-4540-4g-cat-6-wlan-router-bis-300-mbps-inkl-5g-antenne\/\" \/>\n<meta property=\"og:locale\" content=\"es_ES\" \/>\n<meta property=\"og:type\" content=\"article\" \/>\n<meta property=\"og:title\" content=\"SELFSAT MWR 4540 4G Cat 6 WLAN Router, bis 300 Mbps, inkl. 5G Antenne - CAMPERSIM - SIM Karte f\u00fcr Freizeitmobile\" \/>\n<meta property=\"og:description\" content=\"Im Wohnmobil oder Wohnwagen ist eine stabile Internetverbindung f\u00fcr Smartphone, Tablet, Laptop, Smart TV oder Spielekonsole oft...\" \/>\n<meta property=\"og:url\" content=\"https:\/\/campersim.com\/es\/producto\/selfsat-mwr-4540-4g-cat-6-wlan-router-bis-300-mbps-inkl-5g-antenne\/\" \/>\n<meta property=\"og:site_name\" content=\"CAMPERSIM - SIM Karte f\u00fcr Freizeitmobile\" \/>\n<meta property=\"article:modified_time\" content=\"2025-01-20T13:47:00+00:00\" \/>\n<meta property=\"og:image\" content=\"https:\/\/campersim.com\/wp-content\/uploads\/2025\/01\/SELFSAT-Router-schwarz-600x600-1.jpg\" \/>\n\t<meta property=\"og:image:width\" content=\"600\" \/>\n\t<meta property=\"og:image:height\" content=\"600\" \/>\n\t<meta property=\"og:image:type\" content=\"image\/jpeg\" \/>\n<meta name=\"twitter:card\" content=\"summary_large_image\" \/>\n<script type=\"application\/ld+json\" class=\"yoast-schema-graph\">{\"@context\":\"https:\/\/schema.org\",\"@graph\":[{\"@type\":\"WebPage\",\"@id\":\"https:\/\/campersim.com\/produkt\/selfsat-mwr-4540-4g-cat-6-wlan-router-bis-300-mbps-inkl-5g-antenne\/\",\"url\":\"https:\/\/campersim.com\/produkt\/selfsat-mwr-4540-4g-cat-6-wlan-router-bis-300-mbps-inkl-5g-antenne\/\",\"name\":\"SELFSAT MWR 4540 4G Cat 6 WLAN Router, bis 300 Mbps, inkl. 5G Antenne - CAMPERSIM - SIM Karte f\u00fcr Freizeitmobile\",\"isPartOf\":{\"@id\":\"https:\/\/campersim.com\/#website\"},\"primaryImageOfPage\":{\"@id\":\"https:\/\/campersim.com\/produkt\/selfsat-mwr-4540-4g-cat-6-wlan-router-bis-300-mbps-inkl-5g-antenne\/#primaryimage\"},\"image\":{\"@id\":\"https:\/\/campersim.com\/produkt\/selfsat-mwr-4540-4g-cat-6-wlan-router-bis-300-mbps-inkl-5g-antenne\/#primaryimage\"},\"thumbnailUrl\":\"https:\/\/campersim.com\/wp-content\/uploads\/2025\/01\/SELFSAT-Router-schwarz-600x600-1.jpg\",\"datePublished\":\"2025-01-20T07:08:45+00:00\",\"dateModified\":\"2025-01-20T13:47:00+00:00\",\"breadcrumb\":{\"@id\":\"https:\/\/campersim.com\/produkt\/selfsat-mwr-4540-4g-cat-6-wlan-router-bis-300-mbps-inkl-5g-antenne\/#breadcrumb\"},\"inLanguage\":\"es\",\"potentialAction\":[{\"@type\":\"ReadAction\",\"target\":[\"https:\/\/campersim.com\/produkt\/selfsat-mwr-4540-4g-cat-6-wlan-router-bis-300-mbps-inkl-5g-antenne\/\"]}]},{\"@type\":\"ImageObject\",\"inLanguage\":\"es\",\"@id\":\"https:\/\/campersim.com\/produkt\/selfsat-mwr-4540-4g-cat-6-wlan-router-bis-300-mbps-inkl-5g-antenne\/#primaryimage\",\"url\":\"https:\/\/campersim.com\/wp-content\/uploads\/2025\/01\/SELFSAT-Router-schwarz-600x600-1.jpg\",\"contentUrl\":\"https:\/\/campersim.com\/wp-content\/uploads\/2025\/01\/SELFSAT-Router-schwarz-600x600-1.jpg\",\"width\":600,\"height\":600},{\"@type\":\"BreadcrumbList\",\"@id\":\"https:\/\/campersim.com\/produkt\/selfsat-mwr-4540-4g-cat-6-wlan-router-bis-300-mbps-inkl-5g-antenne\/#breadcrumb\",\"itemListElement\":[{\"@type\":\"ListItem\",\"position\":1,\"name\":\"Startseite\",\"item\":\"https:\/\/campersim.com\/\"},{\"@type\":\"ListItem\",\"position\":2,\"name\":\"SELFSAT MWR 4540 4G Cat 6 WLAN Router, bis 300 Mbps, inkl. 5G Antenne\"}]},{\"@type\":\"WebSite\",\"@id\":\"https:\/\/campersim.com\/#website\",\"url\":\"https:\/\/campersim.com\/\",\"name\":\"CAMPERSIM - SIM Karte f\u00fcr Freizeitmobile\",\"description\":\"\",\"publisher\":{\"@id\":\"https:\/\/campersim.com\/#organization\"},\"potentialAction\":[{\"@type\":\"SearchAction\",\"target\":{\"@type\":\"EntryPoint\",\"urlTemplate\":\"https:\/\/campersim.com\/?s={search_term_string}\"},\"query-input\":{\"@type\":\"PropertyValueSpecification\",\"valueRequired\":true,\"valueName\":\"search_term_string\"}}],\"inLanguage\":\"es\"},{\"@type\":\"Organization\",\"@id\":\"https:\/\/campersim.com\/#organization\",\"name\":\"CAMPERSIM\",\"url\":\"https:\/\/campersim.com\/\",\"logo\":{\"@type\":\"ImageObject\",\"inLanguage\":\"es\",\"@id\":\"https:\/\/campersim.com\/#\/schema\/logo\/image\/\",\"url\":\"https:\/\/campersim.com\/wp-content\/uploads\/2023\/07\/cropped-favicon.jpg\",\"contentUrl\":\"https:\/\/campersim.com\/wp-content\/uploads\/2023\/07\/cropped-favicon.jpg\",\"width\":512,\"height\":512,\"caption\":\"CAMPERSIM\"},\"image\":{\"@id\":\"https:\/\/campersim.com\/#\/schema\/logo\/image\/\"}}]}<\/script>\n<!-- \/ Yoast SEO plugin. -->","yoast_head_json":{"title":"SELFSAT MWR 4540 4G Cat 6 WLAN router, hasta 300 Mbps, incl. antena 5G - CAMPERSIM - Tarjeta SIM para veh\u00edculos de recreo","robots":{"index":"index","follow":"follow","max-snippet":"max-snippet:-1","max-image-preview":"max-image-preview:large","max-video-preview":"max-video-preview:-1"},"canonical":"https:\/\/campersim.com\/es\/producto\/selfsat-mwr-4540-4g-cat-6-wlan-router-bis-300-mbps-inkl-5g-antenne\/","og_locale":"es_ES","og_type":"article","og_title":"SELFSAT MWR 4540 4G Cat 6 WLAN Router, bis 300 Mbps, inkl. 5G Antenne - CAMPERSIM - SIM Karte f\u00fcr Freizeitmobile","og_description":"Im Wohnmobil oder Wohnwagen ist eine stabile Internetverbindung f\u00fcr Smartphone, Tablet, Laptop, Smart TV oder Spielekonsole oft...","og_url":"https:\/\/campersim.com\/es\/producto\/selfsat-mwr-4540-4g-cat-6-wlan-router-bis-300-mbps-inkl-5g-antenne\/","og_site_name":"CAMPERSIM - SIM Karte f\u00fcr Freizeitmobile","article_modified_time":"2025-01-20T13:47:00+00:00","og_image":[{"width":600,"height":600,"url":"https:\/\/campersim.com\/wp-content\/uploads\/2025\/01\/SELFSAT-Router-schwarz-600x600-1.jpg","type":"image\/jpeg"}],"twitter_card":"summary_large_image","schema":{"@context":"https:\/\/schema.org","@graph":[{"@type":"WebPage","@id":"https:\/\/campersim.com\/produkt\/selfsat-mwr-4540-4g-cat-6-wlan-router-bis-300-mbps-inkl-5g-antenne\/","url":"https:\/\/campersim.com\/produkt\/selfsat-mwr-4540-4g-cat-6-wlan-router-bis-300-mbps-inkl-5g-antenne\/","name":"SELFSAT MWR 4540 4G Cat 6 WLAN router, hasta 300 Mbps, incl. antena 5G - CAMPERSIM - Tarjeta SIM para veh\u00edculos de recreo","isPartOf":{"@id":"https:\/\/campersim.com\/#website"},"primaryImageOfPage":{"@id":"https:\/\/campersim.com\/produkt\/selfsat-mwr-4540-4g-cat-6-wlan-router-bis-300-mbps-inkl-5g-antenne\/#primaryimage"},"image":{"@id":"https:\/\/campersim.com\/produkt\/selfsat-mwr-4540-4g-cat-6-wlan-router-bis-300-mbps-inkl-5g-antenne\/#primaryimage"},"thumbnailUrl":"https:\/\/campersim.com\/wp-content\/uploads\/2025\/01\/SELFSAT-Router-schwarz-600x600-1.jpg","datePublished":"2025-01-20T07:08:45+00:00","dateModified":"2025-01-20T13:47:00+00:00","breadcrumb":{"@id":"https:\/\/campersim.com\/produkt\/selfsat-mwr-4540-4g-cat-6-wlan-router-bis-300-mbps-inkl-5g-antenne\/#breadcrumb"},"inLanguage":"es","potentialAction":[{"@type":"ReadAction","target":["https:\/\/campersim.com\/produkt\/selfsat-mwr-4540-4g-cat-6-wlan-router-bis-300-mbps-inkl-5g-antenne\/"]}]},{"@type":"ImageObject","inLanguage":"es","@id":"https:\/\/campersim.com\/produkt\/selfsat-mwr-4540-4g-cat-6-wlan-router-bis-300-mbps-inkl-5g-antenne\/#primaryimage","url":"https:\/\/campersim.com\/wp-content\/uploads\/2025\/01\/SELFSAT-Router-schwarz-600x600-1.jpg","contentUrl":"https:\/\/campersim.com\/wp-content\/uploads\/2025\/01\/SELFSAT-Router-schwarz-600x600-1.jpg","width":600,"height":600},{"@type":"BreadcrumbList","@id":"https:\/\/campersim.com\/produkt\/selfsat-mwr-4540-4g-cat-6-wlan-router-bis-300-mbps-inkl-5g-antenne\/#breadcrumb","itemListElement":[{"@type":"ListItem","position":1,"name":"Startseite","item":"https:\/\/campersim.com\/"},{"@type":"ListItem","position":2,"name":"SELFSAT MWR 4540 4G Cat 6 WLAN Router, bis 300 Mbps, inkl. 5G Antenne"}]},{"@type":"WebSite","@id":"https:\/\/campersim.com\/#website","url":"https:\/\/campersim.com\/","name":"CAMPERSIM - Tarjeta SIM para m\u00f3viles de ocio","description":"","publisher":{"@id":"https:\/\/campersim.com\/#organization"},"potentialAction":[{"@type":"SearchAction","target":{"@type":"EntryPoint","urlTemplate":"https:\/\/campersim.com\/?s={search_term_string}"},"query-input":{"@type":"PropertyValueSpecification","valueRequired":true,"valueName":"search_term_string"}}],"inLanguage":"es"},{"@type":"Organization","@id":"https:\/\/campersim.com\/#organization","name":"CAMPERSIM","url":"https:\/\/campersim.com\/","logo":{"@type":"ImageObject","inLanguage":"es","@id":"https:\/\/campersim.com\/#\/schema\/logo\/image\/","url":"https:\/\/campersim.com\/wp-content\/uploads\/2023\/07\/cropped-favicon.jpg","contentUrl":"https:\/\/campersim.com\/wp-content\/uploads\/2023\/07\/cropped-favicon.jpg","width":512,"height":512,"caption":"CAMPERSIM"},"image":{"@id":"https:\/\/campersim.com\/#\/schema\/logo\/image\/"}}]}},"_links":{"self":[{"href":"https:\/\/campersim.com\/es\/wp-json\/wp\/v2\/product\/5985","targetHints":{"allow":["GET"]}}],"collection":[{"href":"https:\/\/campersim.com\/es\/wp-json\/wp\/v2\/product"}],"about":[{"href":"https:\/\/campersim.com\/es\/wp-json\/wp\/v2\/types\/product"}],"wp:featuredmedia":[{"embeddable":true,"href":"https:\/\/campersim.com\/es\/wp-json\/wp\/v2\/media\/5997"}],"wp:attachment":[{"href":"https:\/\/campersim.com\/es\/wp-json\/wp\/v2\/media?parent=5985"}],"wp:term":[{"taxonomy":"product_brand","embeddable":true,"href":"https:\/\/campersim.com\/es\/wp-json\/wp\/v2\/product_brand?post=5985"},{"taxonomy":"product_cat","embeddable":true,"href":"https:\/\/campersim.com\/es\/wp-json\/wp\/v2\/product_cat?post=5985"},{"taxonomy":"product_tag","embeddable":true,"href":"https:\/\/campersim.com\/es\/wp-json\/wp\/v2\/product_tag?post=5985"}],"curies":[{"name":"wp","href":"https:\/\/api.w.org\/{rel}","templated":true}]}}