{"id":675,"date":"2023-09-20T22:00:34","date_gmt":"2023-09-20T20:00:34","guid":{"rendered":"https:\/\/campersim.com\/?post_type=product&#038;p=675"},"modified":"2024-05-02T17:37:37","modified_gmt":"2024-05-02T15:37:37","slug":"dachantenne-kabelfuehrung-seitlich-von-antretter-huber","status":"publish","type":"product","link":"https:\/\/campersim.com\/es\/producto\/dachantenne-kabelfuehrung-seitlich-von-antretter-huber\/","title":{"rendered":"Antena de techo con cableado lateral 2\u00d72 de Antretter &amp; Huber"},"content":{"rendered":"<div id=\"dachantenne-kabelf\u00fchrung-seitlich-wei\u00dfModal\" class=\"modal fade show\" tabindex=\"-1\" role=\"dialog\" aria-labelledby=\"dachantenne-kabelf\u00fchrung-seitlich-wei\u00dfModalLabel\" aria-modal=\"true\">\n<div class=\"modal-dialog modal-dialog-centered modal-xl\">\n<div class=\"modal-content p-16\">\n<div class=\"modal-body p-32\">\n<div class=\"row\">\n<div class=\"\">\n<p>La DACHANTENNE es una antena MIMO multibanda 2\u00d72 LTE y WLan. La exclusiva estructura de la antena, junto con componentes de filtro especiales, ofrece el m\u00e1ximo alcance, altas velocidades de datos y la mejor recepci\u00f3n.<\/p>\n<p>Si ya existe un pasamuros central en el tejado, la ANTENA DE TECHO con salida de cable lateral herm\u00e9ticamente cerrada reduce considerablemente el esfuerzo de instalaci\u00f3n.<br \/>\nEl conducto de protecci\u00f3n premontado, de 1,5 metros de longitud, se extiende hasta el conducto del techo existente; puede acortarse en caso necesario. El conducto de protecci\u00f3n se conecta al prensaestopas de forma estanca mediante el racor PG13.5 suministrado.<\/p>\n<p>&nbsp;<\/p>\n<h3 class=\"fs-6 mt-16\"><b>Datos t\u00e9cnicos<\/b><\/h3>\n<ul>\n<li>Enrutador WLAN LTE<\/li>\n<li>M\u00f3dulo LTE CAT4<br \/>\n150 Mbit\/s de bajada, 50 Mbit\/s de subida*.<\/li>\n<li>2,4 GHz, 300 Mbit\/s<\/li>\n<li>Hasta 100 abonados WLan<br \/>\n4 conmutadores Ethernet de 1 GBit\/s<br \/>\nDoble sim<br \/>\nWifi Repetici\u00f3n<br \/>\nWiFi para invitados<\/li>\n<li>700 - 2600 MHz MIMO<\/li>\n<li>2,4 GHz MIMO<\/li>\n<li>Cable trenzado 26AWG<\/li>\n<li>9 - 30 V CC<\/li>\n<li>aprox. 180 mA (m\u00e1x. 500 mA)<\/li>\n<li>-40\u00b0C a +85\u00b0C<\/li>\n<\/ul>\n<h3 class=\"fs-6 mt-16\"><b>Dimensiones y peso<\/b><\/h3>\n<ul>\n<li><b>Dimensiones:\u00a0<\/b>110 x 50 x 110 mm\u00b3<\/li>\n<li><b>Peso:\u00a0<\/b>450g<\/li>\n<\/ul>\n<\/div>\n<\/div>\n<\/div>\n<\/div>\n<\/div>\n<\/div>","protected":false},"excerpt":{"rendered":"<p>La DACHANTENNE es una antena MIMO multibanda 2\u00d72 LTE y WLan. La exclusiva estructura de la antena, junto con componentes de filtro especiales, ofrece el m\u00e1ximo alcance, altas velocidades de datos y la mejor recepci\u00f3n.<\/p>","protected":false},"featured_media":1334,"template":"","meta":{"_acf_changed":false},"product_brand":[],"product_cat":[67],"product_tag":[],"class_list":{"0":"post-675","1":"product","2":"type-product","3":"status-publish","4":"has-post-thumbnail","6":"product_cat-antennen","8":"first","9":"instock","10":"taxable","11":"shipping-taxable","12":"purchasable","13":"product-type-variable"},"acf":[],"yoast_head":"<!-- This site is optimized with the Yoast SEO plugin v26.3 - https:\/\/yoast.com\/wordpress\/plugins\/seo\/ -->\n<title>Dachantenne mit Kabelf\u00fchrung seitlich 2x2 von Antretter &amp; Huber - CAMPERSIM - SIM Karte f\u00fcr Freizeitmobile<\/title>\n<meta name=\"robots\" content=\"index, follow, max-snippet:-1, max-image-preview:large, max-video-preview:-1\" \/>\n<link rel=\"canonical\" href=\"https:\/\/campersim.com\/es\/producto\/dachantenne-kabelfuehrung-seitlich-von-antretter-huber\/\" \/>\n<meta property=\"og:locale\" content=\"es_ES\" \/>\n<meta property=\"og:type\" content=\"article\" \/>\n<meta property=\"og:title\" content=\"Dachantenne mit Kabelf\u00fchrung seitlich 2x2 von Antretter &amp; Huber - CAMPERSIM - SIM Karte f\u00fcr Freizeitmobile\" \/>\n<meta property=\"og:description\" content=\"Die DACHANTENNE ist eine 2x2 LTE &amp; WLan Multiband-MIMO-Antenne. H\u00f6chste Reichweite, hohe Datenrate und besten Empfang bietet die einzigartige\u00a0Antennenstruktur zusammen mit speziellen Filterbausteinen.\" \/>\n<meta property=\"og:url\" content=\"https:\/\/campersim.com\/es\/producto\/dachantenne-kabelfuehrung-seitlich-von-antretter-huber\/\" \/>\n<meta property=\"og:site_name\" content=\"CAMPERSIM - SIM Karte f\u00fcr Freizeitmobile\" \/>\n<meta property=\"article:modified_time\" content=\"2024-05-02T15:37:37+00:00\" \/>\n<meta property=\"og:image\" content=\"https:\/\/campersim.com\/wp-content\/uploads\/2023\/09\/antretter-huber-campernet-dachantenne-weiss.jpg\" \/>\n\t<meta property=\"og:image:width\" content=\"840\" \/>\n\t<meta property=\"og:image:height\" content=\"840\" \/>\n\t<meta property=\"og:image:type\" content=\"image\/jpeg\" \/>\n<meta name=\"twitter:card\" content=\"summary_large_image\" \/>\n<script type=\"application\/ld+json\" class=\"yoast-schema-graph\">{\"@context\":\"https:\/\/schema.org\",\"@graph\":[{\"@type\":\"WebPage\",\"@id\":\"https:\/\/campersim.com\/produkt\/dachantenne-kabelfuehrung-seitlich-von-antretter-huber\/\",\"url\":\"https:\/\/campersim.com\/produkt\/dachantenne-kabelfuehrung-seitlich-von-antretter-huber\/\",\"name\":\"Dachantenne mit Kabelf\u00fchrung seitlich 2x2 von Antretter & Huber - CAMPERSIM - SIM Karte f\u00fcr Freizeitmobile\",\"isPartOf\":{\"@id\":\"https:\/\/campersim.com\/#website\"},\"primaryImageOfPage\":{\"@id\":\"https:\/\/campersim.com\/produkt\/dachantenne-kabelfuehrung-seitlich-von-antretter-huber\/#primaryimage\"},\"image\":{\"@id\":\"https:\/\/campersim.com\/produkt\/dachantenne-kabelfuehrung-seitlich-von-antretter-huber\/#primaryimage\"},\"thumbnailUrl\":\"https:\/\/campersim.com\/wp-content\/uploads\/2023\/09\/antretter-huber-campernet-dachantenne-weiss.jpg\",\"datePublished\":\"2023-09-20T20:00:34+00:00\",\"dateModified\":\"2024-05-02T15:37:37+00:00\",\"breadcrumb\":{\"@id\":\"https:\/\/campersim.com\/produkt\/dachantenne-kabelfuehrung-seitlich-von-antretter-huber\/#breadcrumb\"},\"inLanguage\":\"es\",\"potentialAction\":[{\"@type\":\"ReadAction\",\"target\":[\"https:\/\/campersim.com\/produkt\/dachantenne-kabelfuehrung-seitlich-von-antretter-huber\/\"]}]},{\"@type\":\"ImageObject\",\"inLanguage\":\"es\",\"@id\":\"https:\/\/campersim.com\/produkt\/dachantenne-kabelfuehrung-seitlich-von-antretter-huber\/#primaryimage\",\"url\":\"https:\/\/campersim.com\/wp-content\/uploads\/2023\/09\/antretter-huber-campernet-dachantenne-weiss.jpg\",\"contentUrl\":\"https:\/\/campersim.com\/wp-content\/uploads\/2023\/09\/antretter-huber-campernet-dachantenne-weiss.jpg\",\"width\":840,\"height\":840},{\"@type\":\"BreadcrumbList\",\"@id\":\"https:\/\/campersim.com\/produkt\/dachantenne-kabelfuehrung-seitlich-von-antretter-huber\/#breadcrumb\",\"itemListElement\":[{\"@type\":\"ListItem\",\"position\":1,\"name\":\"Startseite\",\"item\":\"https:\/\/campersim.com\/\"},{\"@type\":\"ListItem\",\"position\":2,\"name\":\"Dachantenne mit Kabelf\u00fchrung seitlich 2&#215;2 von Antretter &#038; Huber\"}]},{\"@type\":\"WebSite\",\"@id\":\"https:\/\/campersim.com\/#website\",\"url\":\"https:\/\/campersim.com\/\",\"name\":\"CAMPERSIM - SIM Karte f\u00fcr Freizeitmobile\",\"description\":\"\",\"publisher\":{\"@id\":\"https:\/\/campersim.com\/#organization\"},\"potentialAction\":[{\"@type\":\"SearchAction\",\"target\":{\"@type\":\"EntryPoint\",\"urlTemplate\":\"https:\/\/campersim.com\/?s={search_term_string}\"},\"query-input\":{\"@type\":\"PropertyValueSpecification\",\"valueRequired\":true,\"valueName\":\"search_term_string\"}}],\"inLanguage\":\"es\"},{\"@type\":\"Organization\",\"@id\":\"https:\/\/campersim.com\/#organization\",\"name\":\"CAMPERSIM\",\"url\":\"https:\/\/campersim.com\/\",\"logo\":{\"@type\":\"ImageObject\",\"inLanguage\":\"es\",\"@id\":\"https:\/\/campersim.com\/#\/schema\/logo\/image\/\",\"url\":\"https:\/\/campersim.com\/wp-content\/uploads\/2023\/07\/cropped-favicon.jpg\",\"contentUrl\":\"https:\/\/campersim.com\/wp-content\/uploads\/2023\/07\/cropped-favicon.jpg\",\"width\":512,\"height\":512,\"caption\":\"CAMPERSIM\"},\"image\":{\"@id\":\"https:\/\/campersim.com\/#\/schema\/logo\/image\/\"}}]}<\/script>\n<!-- \/ Yoast SEO plugin. -->","yoast_head_json":{"title":"Dachantenne mit Kabelf\u00fchrung seitlich 2x2 von Antretter & Huber - CAMPERSIM - SIM Karte f\u00fcr Freizeitmobile","robots":{"index":"index","follow":"follow","max-snippet":"max-snippet:-1","max-image-preview":"max-image-preview:large","max-video-preview":"max-video-preview:-1"},"canonical":"https:\/\/campersim.com\/es\/producto\/dachantenne-kabelfuehrung-seitlich-von-antretter-huber\/","og_locale":"es_ES","og_type":"article","og_title":"Dachantenne mit Kabelf\u00fchrung seitlich 2x2 von Antretter & Huber - CAMPERSIM - SIM Karte f\u00fcr Freizeitmobile","og_description":"Die DACHANTENNE ist eine 2x2 LTE &amp; WLan Multiband-MIMO-Antenne. H\u00f6chste Reichweite, hohe Datenrate und besten Empfang bietet die einzigartige\u00a0Antennenstruktur zusammen mit speziellen Filterbausteinen.","og_url":"https:\/\/campersim.com\/es\/producto\/dachantenne-kabelfuehrung-seitlich-von-antretter-huber\/","og_site_name":"CAMPERSIM - SIM Karte f\u00fcr Freizeitmobile","article_modified_time":"2024-05-02T15:37:37+00:00","og_image":[{"width":840,"height":840,"url":"https:\/\/campersim.com\/wp-content\/uploads\/2023\/09\/antretter-huber-campernet-dachantenne-weiss.jpg","type":"image\/jpeg"}],"twitter_card":"summary_large_image","schema":{"@context":"https:\/\/schema.org","@graph":[{"@type":"WebPage","@id":"https:\/\/campersim.com\/produkt\/dachantenne-kabelfuehrung-seitlich-von-antretter-huber\/","url":"https:\/\/campersim.com\/produkt\/dachantenne-kabelfuehrung-seitlich-von-antretter-huber\/","name":"Dachantenne mit Kabelf\u00fchrung seitlich 2x2 von Antretter & Huber - CAMPERSIM - SIM Karte f\u00fcr Freizeitmobile","isPartOf":{"@id":"https:\/\/campersim.com\/#website"},"primaryImageOfPage":{"@id":"https:\/\/campersim.com\/produkt\/dachantenne-kabelfuehrung-seitlich-von-antretter-huber\/#primaryimage"},"image":{"@id":"https:\/\/campersim.com\/produkt\/dachantenne-kabelfuehrung-seitlich-von-antretter-huber\/#primaryimage"},"thumbnailUrl":"https:\/\/campersim.com\/wp-content\/uploads\/2023\/09\/antretter-huber-campernet-dachantenne-weiss.jpg","datePublished":"2023-09-20T20:00:34+00:00","dateModified":"2024-05-02T15:37:37+00:00","breadcrumb":{"@id":"https:\/\/campersim.com\/produkt\/dachantenne-kabelfuehrung-seitlich-von-antretter-huber\/#breadcrumb"},"inLanguage":"es","potentialAction":[{"@type":"ReadAction","target":["https:\/\/campersim.com\/produkt\/dachantenne-kabelfuehrung-seitlich-von-antretter-huber\/"]}]},{"@type":"ImageObject","inLanguage":"es","@id":"https:\/\/campersim.com\/produkt\/dachantenne-kabelfuehrung-seitlich-von-antretter-huber\/#primaryimage","url":"https:\/\/campersim.com\/wp-content\/uploads\/2023\/09\/antretter-huber-campernet-dachantenne-weiss.jpg","contentUrl":"https:\/\/campersim.com\/wp-content\/uploads\/2023\/09\/antretter-huber-campernet-dachantenne-weiss.jpg","width":840,"height":840},{"@type":"BreadcrumbList","@id":"https:\/\/campersim.com\/produkt\/dachantenne-kabelfuehrung-seitlich-von-antretter-huber\/#breadcrumb","itemListElement":[{"@type":"ListItem","position":1,"name":"Startseite","item":"https:\/\/campersim.com\/"},{"@type":"ListItem","position":2,"name":"Dachantenne mit Kabelf\u00fchrung seitlich 2&#215;2 von Antretter &#038; Huber"}]},{"@type":"WebSite","@id":"https:\/\/campersim.com\/#website","url":"https:\/\/campersim.com\/","name":"CAMPERSIM - Tarjeta SIM para m\u00f3viles de ocio","description":"","publisher":{"@id":"https:\/\/campersim.com\/#organization"},"potentialAction":[{"@type":"SearchAction","target":{"@type":"EntryPoint","urlTemplate":"https:\/\/campersim.com\/?s={search_term_string}"},"query-input":{"@type":"PropertyValueSpecification","valueRequired":true,"valueName":"search_term_string"}}],"inLanguage":"es"},{"@type":"Organization","@id":"https:\/\/campersim.com\/#organization","name":"CAMPERSIM","url":"https:\/\/campersim.com\/","logo":{"@type":"ImageObject","inLanguage":"es","@id":"https:\/\/campersim.com\/#\/schema\/logo\/image\/","url":"https:\/\/campersim.com\/wp-content\/uploads\/2023\/07\/cropped-favicon.jpg","contentUrl":"https:\/\/campersim.com\/wp-content\/uploads\/2023\/07\/cropped-favicon.jpg","width":512,"height":512,"caption":"CAMPERSIM"},"image":{"@id":"https:\/\/campersim.com\/#\/schema\/logo\/image\/"}}]}},"_links":{"self":[{"href":"https:\/\/campersim.com\/es\/wp-json\/wp\/v2\/product\/675","targetHints":{"allow":["GET"]}}],"collection":[{"href":"https:\/\/campersim.com\/es\/wp-json\/wp\/v2\/product"}],"about":[{"href":"https:\/\/campersim.com\/es\/wp-json\/wp\/v2\/types\/product"}],"wp:featuredmedia":[{"embeddable":true,"href":"https:\/\/campersim.com\/es\/wp-json\/wp\/v2\/media\/1334"}],"wp:attachment":[{"href":"https:\/\/campersim.com\/es\/wp-json\/wp\/v2\/media?parent=675"}],"wp:term":[{"taxonomy":"product_brand","embeddable":true,"href":"https:\/\/campersim.com\/es\/wp-json\/wp\/v2\/product_brand?post=675"},{"taxonomy":"product_cat","embeddable":true,"href":"https:\/\/campersim.com\/es\/wp-json\/wp\/v2\/product_cat?post=675"},{"taxonomy":"product_tag","embeddable":true,"href":"https:\/\/campersim.com\/es\/wp-json\/wp\/v2\/product_tag?post=675"}],"curies":[{"name":"wp","href":"https:\/\/api.w.org\/{rel}","templated":true}]}}