{"id":441,"date":"2023-07-13T10:07:34","date_gmt":"2023-07-13T08:07:34","guid":{"rendered":"https:\/\/campersim.com\/?page_id=441"},"modified":"2024-12-18T15:36:12","modified_gmt":"2024-12-18T14:36:12","slug":"cookie-richtlinie-eu","status":"publish","type":"page","link":"https:\/\/campersim.com\/nl\/cookie-richtlinie-eu\/","title":{"rendered":"Cookierichtlijn (EU)"},"content":{"rendered":"<div data-elementor-type=\"wp-post\" data-elementor-id=\"441\" class=\"elementor elementor-441\" data-elementor-post-type=\"page\">\n\t\t\t\t\t\t<section class=\"elementor-section elementor-top-section elementor-element elementor-element-ef59c61 elementor-section-boxed elementor-section-height-default elementor-section-height-default\" data-id=\"ef59c61\" data-element_type=\"section\">\n\t\t\t\t\t\t<div class=\"elementor-container elementor-column-gap-default\">\n\t\t\t\t\t<div class=\"elementor-column elementor-col-100 elementor-top-column elementor-element elementor-element-c35720a\" data-id=\"c35720a\" data-element_type=\"column\">\n\t\t\t<div class=\"elementor-widget-wrap elementor-element-populated\">\n\t\t\t\t\t\t<div class=\"elementor-element elementor-element-61f0a31 elementor-widget elementor-widget-text-editor\" data-id=\"61f0a31\" data-element_type=\"widget\" data-widget_type=\"text-editor.default\">\n\t\t\t\t<div class=\"elementor-widget-container\">\n\t\t\t\t\t\t\t\t\t<p><i>Dit Cookiebeleid is voor het laatst bijgewerkt op 12 juli 2022 en is van toepassing op burgers en inwoners van de Europese Economische Ruimte en Zwitserland.<\/i><\/p>\t\t\t\t\t\t\t\t<\/div>\n\t\t\t\t<\/div>\n\t\t\t\t<div class=\"elementor-element elementor-element-a9a94c3 elementor-widget elementor-widget-text-editor\" data-id=\"a9a94c3\" data-element_type=\"widget\" data-widget_type=\"text-editor.default\">\n\t\t\t\t<div class=\"elementor-widget-container\">\n\t\t\t\t\t\t\t\t\t<h2>1. inleiding<\/h2>\n<p>Onze website,&nbsp;<a href=\"https:\/\/campersim.com\/nl\/\">https:\/\/campersim.com<\/a>&nbsp;(hierna: \"De Website\") maakt gebruik van cookies en soortgelijke technologie\u00ebn (voor het gemak worden deze allemaal samengevat onder \"Cookies\"). Cookies worden ook geplaatst door derden in opdracht van ons. In het onderstaande document informeren wij u over het gebruik van cookies op onze website.<\/p>\n<h2>2 Wat zijn cookies?<\/h2>\n<p>Een cookie is een eenvoudig klein bestand dat samen met de pagina's van een internetadres wordt verzonden en door de webbrowser op de pc of een ander apparaat kan worden opgeslagen. De daarin opgeslagen informatie kan bij volgende bezoeken naar onze servers of de servers van relevante externe providers worden gestuurd.<\/p>\n<h2>3. wat zijn scripts?<\/h2>\n<p>Een script is een stukje programmacode dat wordt gebruikt om onze website functioneel en interactief te maken. Deze code wordt uitgevoerd op onze servers of op uw apparaat.<\/p>\n<h2>4 Wat is een webbaken?<\/h2>\n<p>Een web beacon (ook wel pixel tag genoemd) is een klein onzichtbaar stukje tekst of afbeelding op een website dat wordt gebruikt om het verkeer op de website te monitoren. Om dit mogelijk te maken, worden verschillende gegevens over u opgeslagen met behulp van webbakens.<\/p>\n<h2>5. koekjes<\/h2>\n<p><b>5.1 Technische of functionele cookies<\/b><\/p>\n<p>Sommige cookies zorgen ervoor dat onderdelen van onze website naar behoren functioneren en dat uw gebruikersvoorkeuren bekend blijven. Door functionele cookies te plaatsen, maken we het bezoek aan onze website voor u gemakkelijker. Zo hoef je bijvoorbeeld niet steeds dezelfde informatie in te voeren wanneer je onze website bezoekt of blijven je artikelen in je winkelmandje zitten totdat je betaalt. We kunnen deze cookies zonder uw toestemming plaatsen.<\/p>\n<p><b>5.2 Marketing \/ tracking cookies<\/b><\/p>\n<p>Marketing\/tracking cookies zijn cookies of een andere vorm van lokale opslag die worden gebruikt om gebruikersprofielen aan te maken om advertenties weer te geven of de gebruiker te volgen op deze website of op meerdere websites voor soortgelijke marketingdoeleinden.<\/p>\n<p><b>5.3 Sociale media<\/b><\/p>\n<p>We hebben inhoud van Facebook en Instagram op onze website ingesloten om webpagina's te promoten (bijv. \"Vind ik leuk\", \"Pin\") of te delen (bijv. \"Tweet\") op sociale netwerken zoals Facebook en Instagram. Deze inhoud is ingesloten met code die afkomstig is van Facebook en Instagram en plaatst cookies. Deze inhoud kan bepaalde informatie opslaan en verwerken voor gepersonaliseerde reclame.<\/p>\n<p>Lees het privacybeleid van deze sociale netwerken (dat regelmatig kan wijzigen) om te zien hoe zij omgaan met jouw (persoons)gegevens die zij verwerken met behulp van deze cookies. De opgehaalde gegevens worden zoveel mogelijk geanonimiseerd. Facebook en Instagram zijn gevestigd in de Verenigde Staten.<\/p>\n<h2>&nbsp;<\/h2>\n<h2>8. Activeren\/deactiveren en verwijderen van cookies<\/h2>\n<p>U kunt uw internetbrowser gebruiken om cookies automatisch of handmatig te verwijderen. U kunt ook aangeven of bepaalde cookies niet geplaatst mogen worden. Een andere optie is om uw internetbrowser zo in te stellen dat u een melding krijgt telkens wanneer er een cookie wordt geplaatst. Raadpleeg voor meer informatie over deze opties de instructies in de helpsectie van uw browser.<\/p>\n<p>Houd er rekening mee dat onze website mogelijk niet goed functioneert als alle cookies zijn uitgeschakeld. Als u de cookies in uw browser verwijdert, worden ze opnieuw geplaatst wanneer u onze website opnieuw bezoekt.<\/p>\n<h2>9. uw rechten met betrekking tot persoonsgegevens<\/h2>\n<p>U hebt de volgende rechten met betrekking tot uw persoonlijke gegevens:<\/p>\n<ul>\n<li>U hebt het recht om te weten waarom uw persoonlijke gegevens worden gebruikt, wat ermee gebeurt en hoe lang ze worden bewaard.<\/li>\n<li>Recht op toegang: U hebt het recht om uw persoonlijke gegevens in te zien die bij ons bekend zijn.<\/li>\n<li>Recht op rectificatie: U hebt te allen tijde het recht om uw persoonlijke gegevens te laten wijzigen, corrigeren, verwijderen of blokkeren.<\/li>\n<li>Als u ons toestemming hebt gegeven om uw gegevens te verwerken, hebt u het recht om deze toestemming in te trekken en uw persoonlijke gegevens te laten verwijderen.<\/li>\n<li>Recht op overdracht van uw gegevens: U hebt het recht om al uw persoonsgegevens op te vragen bij een verwerkingsverantwoordelijke en deze in zijn geheel over te dragen aan een andere verwerkingsverantwoordelijke.<\/li>\n<li>Recht op bezwaar: U kunt bezwaar maken tegen de verwerking van uw gegevens. Wij zullen hier gehoor aan geven, tenzij er legitieme redenen zijn voor de verwerking.<\/li>\n<\/ul>\n<p>Neem contact met ons op als u gebruik wilt maken van deze rechten. Zie de contactgegevens aan het einde van deze cookieverklaring. Als je een klacht hebt over de manier waarop wij met je gegevens omgaan, dan horen we dat graag, maar je hebt ook het recht om je te wenden tot de toezichthoudende autoriteit (de Autoriteit Persoonsgegevens).<\/p>\n<h2>10. contactgegevens<\/h2>\n<p>Voor vragen en\/of opmerkingen over ons cookiebeleid en deze verklaring kunt u contact met ons opnemen via onderstaande contactgegevens:<\/p>\n<p><span><b>ProVerDa GmbH<\/b><br><\/span><span style=\"color: var( --e-global-color-text ); font-family: var( --e-global-typography-text-font-family ), Sans-serif; font-weight: var( --e-global-typography-text-font-weight ); background-color: var(--thepro-primary-color); text-align: var(--bs-body-text-align);\">An der Lache 40-42<br><\/span><span style=\"background-color: var(--thepro-primary-color); color: var( --e-global-color-text ); font-family: var( --e-global-typography-text-font-family ), Sans-serif; font-weight: var( --e-global-typography-text-font-weight ); text-align: var(--bs-body-text-align);\">99086 Erfurt<\/span><\/p>\n<p><span>Duitsland<\/span><br>Website:&nbsp;<span><a href=\"https:\/\/campersim.com\/nl\/\">https:\/\/campersim.com<\/a><\/span><br>e-mail:&nbsp;<span><span>info@campersim.com<\/span><\/span><br><span>Telefoonnummer: 0361 - 34 94 84 20<\/span><\/p>\n<p>Dit cookiebeleid is gemaakt met&nbsp;<a href=\"https:\/\/cookiedatabase.org\/\" target=\"_blank\" rel=\"noopener\">cookiedatabase.org<\/a>&nbsp;gesynchroniseerd op 12 juli 2022.<\/p>\t\t\t\t\t\t\t\t<\/div>\n\t\t\t\t<\/div>\n\t\t\t\t\t<\/div>\n\t\t<\/div>\n\t\t\t\t\t<\/div>\n\t\t<\/section>\n\t\t\t\t<\/div>","protected":false},"excerpt":{"rendered":"<p>Dit cookiebeleid is voor het laatst bijgewerkt op 12 juli 2022 en is van toepassing op burgers en...<\/p>","protected":false},"author":1,"featured_media":0,"parent":0,"menu_order":0,"comment_status":"closed","ping_status":"closed","template":"","meta":{"_acf_changed":false,"footnotes":""},"class_list":["post-441","page","type-page","status-publish","hentry"],"acf":[],"yoast_head":"<!-- This site is optimized with the Yoast SEO plugin v26.3 - https:\/\/yoast.com\/wordpress\/plugins\/seo\/ -->\n<title>Cookie-Richtlinie (EU) - CAMPERSIM - SIM Karte f\u00fcr Freizeitmobile<\/title>\n<meta name=\"robots\" content=\"noindex, follow\" \/>\n<meta property=\"og:locale\" content=\"nl_NL\" \/>\n<meta property=\"og:type\" content=\"article\" \/>\n<meta property=\"og:title\" content=\"Cookie-Richtlinie (EU) - CAMPERSIM - SIM Karte f\u00fcr Freizeitmobile\" \/>\n<meta property=\"og:description\" content=\"Diese Cookie-Richtlinie wurde zuletzt am 12. Juli 2022 aktualisiert und gilt f\u00fcr B\u00fcrger und Einwohner mit st\u00e4ndigem...\" \/>\n<meta property=\"og:url\" content=\"https:\/\/campersim.com\/nl\/cookie-richtlinie-eu\/\" \/>\n<meta property=\"og:site_name\" content=\"CAMPERSIM - SIM Karte f\u00fcr Freizeitmobile\" \/>\n<meta property=\"article:modified_time\" content=\"2024-12-18T14:36:12+00:00\" \/>\n<meta property=\"og:image\" content=\"https:\/\/campersim.com\/wp-content\/uploads\/2023\/08\/campersim.png\" \/>\n\t<meta property=\"og:image:width\" content=\"1545\" \/>\n\t<meta property=\"og:image:height\" content=\"1013\" \/>\n\t<meta property=\"og:image:type\" content=\"image\/png\" \/>\n<meta name=\"twitter:card\" content=\"summary_large_image\" \/>\n<script type=\"application\/ld+json\" class=\"yoast-schema-graph\">{\"@context\":\"https:\/\/schema.org\",\"@graph\":[{\"@type\":\"WebPage\",\"@id\":\"https:\/\/campersim.com\/cookie-richtlinie-eu\/\",\"url\":\"https:\/\/campersim.com\/cookie-richtlinie-eu\/\",\"name\":\"Cookie-Richtlinie (EU) - CAMPERSIM - SIM Karte f\u00fcr Freizeitmobile\",\"isPartOf\":{\"@id\":\"https:\/\/campersim.com\/#website\"},\"datePublished\":\"2023-07-13T08:07:34+00:00\",\"dateModified\":\"2024-12-18T14:36:12+00:00\",\"breadcrumb\":{\"@id\":\"https:\/\/campersim.com\/cookie-richtlinie-eu\/#breadcrumb\"},\"inLanguage\":\"nl-NL\",\"potentialAction\":[{\"@type\":\"ReadAction\",\"target\":[\"https:\/\/campersim.com\/cookie-richtlinie-eu\/\"]}]},{\"@type\":\"BreadcrumbList\",\"@id\":\"https:\/\/campersim.com\/cookie-richtlinie-eu\/#breadcrumb\",\"itemListElement\":[{\"@type\":\"ListItem\",\"position\":1,\"name\":\"Startseite\",\"item\":\"https:\/\/campersim.com\/\"},{\"@type\":\"ListItem\",\"position\":2,\"name\":\"Cookie-Richtlinie (EU)\"}]},{\"@type\":\"WebSite\",\"@id\":\"https:\/\/campersim.com\/#website\",\"url\":\"https:\/\/campersim.com\/\",\"name\":\"CAMPERSIM - SIM Karte f\u00fcr Freizeitmobile\",\"description\":\"\",\"publisher\":{\"@id\":\"https:\/\/campersim.com\/#organization\"},\"potentialAction\":[{\"@type\":\"SearchAction\",\"target\":{\"@type\":\"EntryPoint\",\"urlTemplate\":\"https:\/\/campersim.com\/?s={search_term_string}\"},\"query-input\":{\"@type\":\"PropertyValueSpecification\",\"valueRequired\":true,\"valueName\":\"search_term_string\"}}],\"inLanguage\":\"nl-NL\"},{\"@type\":\"Organization\",\"@id\":\"https:\/\/campersim.com\/#organization\",\"name\":\"CAMPERSIM\",\"url\":\"https:\/\/campersim.com\/\",\"logo\":{\"@type\":\"ImageObject\",\"inLanguage\":\"nl-NL\",\"@id\":\"https:\/\/campersim.com\/#\/schema\/logo\/image\/\",\"url\":\"https:\/\/campersim.com\/wp-content\/uploads\/2023\/07\/cropped-favicon.jpg\",\"contentUrl\":\"https:\/\/campersim.com\/wp-content\/uploads\/2023\/07\/cropped-favicon.jpg\",\"width\":512,\"height\":512,\"caption\":\"CAMPERSIM\"},\"image\":{\"@id\":\"https:\/\/campersim.com\/#\/schema\/logo\/image\/\"}}]}<\/script>\n<!-- \/ Yoast SEO plugin. -->","yoast_head_json":{"title":"Cookie-Richtlinie (EU) - CAMPERSIM - SIM Karte f\u00fcr Freizeitmobile","robots":{"index":"noindex","follow":"follow"},"og_locale":"nl_NL","og_type":"article","og_title":"Cookie-Richtlinie (EU) - CAMPERSIM - SIM Karte f\u00fcr Freizeitmobile","og_description":"Diese Cookie-Richtlinie wurde zuletzt am 12. Juli 2022 aktualisiert und gilt f\u00fcr B\u00fcrger und Einwohner mit st\u00e4ndigem...","og_url":"https:\/\/campersim.com\/nl\/cookie-richtlinie-eu\/","og_site_name":"CAMPERSIM - SIM Karte f\u00fcr Freizeitmobile","article_modified_time":"2024-12-18T14:36:12+00:00","og_image":[{"width":1545,"height":1013,"url":"https:\/\/campersim.com\/wp-content\/uploads\/2023\/08\/campersim.png","type":"image\/png"}],"twitter_card":"summary_large_image","schema":{"@context":"https:\/\/schema.org","@graph":[{"@type":"WebPage","@id":"https:\/\/campersim.com\/cookie-richtlinie-eu\/","url":"https:\/\/campersim.com\/cookie-richtlinie-eu\/","name":"Cookie-Richtlinie (EU) - CAMPERSIM - SIM Karte f\u00fcr Freizeitmobile","isPartOf":{"@id":"https:\/\/campersim.com\/#website"},"datePublished":"2023-07-13T08:07:34+00:00","dateModified":"2024-12-18T14:36:12+00:00","breadcrumb":{"@id":"https:\/\/campersim.com\/cookie-richtlinie-eu\/#breadcrumb"},"inLanguage":"nl-NL","potentialAction":[{"@type":"ReadAction","target":["https:\/\/campersim.com\/cookie-richtlinie-eu\/"]}]},{"@type":"BreadcrumbList","@id":"https:\/\/campersim.com\/cookie-richtlinie-eu\/#breadcrumb","itemListElement":[{"@type":"ListItem","position":1,"name":"Startseite","item":"https:\/\/campersim.com\/"},{"@type":"ListItem","position":2,"name":"Cookie-Richtlinie (EU)"}]},{"@type":"WebSite","@id":"https:\/\/campersim.com\/#website","url":"https:\/\/campersim.com\/","name":"CAMPERSIM - SIM kaart voor vrijetijds mobiele telefoons","description":"","publisher":{"@id":"https:\/\/campersim.com\/#organization"},"potentialAction":[{"@type":"SearchAction","target":{"@type":"EntryPoint","urlTemplate":"https:\/\/campersim.com\/?s={search_term_string}"},"query-input":{"@type":"PropertyValueSpecification","valueRequired":true,"valueName":"search_term_string"}}],"inLanguage":"nl-NL"},{"@type":"Organization","@id":"https:\/\/campersim.com\/#organization","name":"CAMPERSIM","url":"https:\/\/campersim.com\/","logo":{"@type":"ImageObject","inLanguage":"nl-NL","@id":"https:\/\/campersim.com\/#\/schema\/logo\/image\/","url":"https:\/\/campersim.com\/wp-content\/uploads\/2023\/07\/cropped-favicon.jpg","contentUrl":"https:\/\/campersim.com\/wp-content\/uploads\/2023\/07\/cropped-favicon.jpg","width":512,"height":512,"caption":"CAMPERSIM"},"image":{"@id":"https:\/\/campersim.com\/#\/schema\/logo\/image\/"}}]}},"_links":{"self":[{"href":"https:\/\/campersim.com\/nl\/wp-json\/wp\/v2\/pages\/441","targetHints":{"allow":["GET"]}}],"collection":[{"href":"https:\/\/campersim.com\/nl\/wp-json\/wp\/v2\/pages"}],"about":[{"href":"https:\/\/campersim.com\/nl\/wp-json\/wp\/v2\/types\/page"}],"author":[{"embeddable":true,"href":"https:\/\/campersim.com\/nl\/wp-json\/wp\/v2\/users\/1"}],"replies":[{"embeddable":true,"href":"https:\/\/campersim.com\/nl\/wp-json\/wp\/v2\/comments?post=441"}],"version-history":[{"count":17,"href":"https:\/\/campersim.com\/nl\/wp-json\/wp\/v2\/pages\/441\/revisions"}],"predecessor-version":[{"id":3658,"href":"https:\/\/campersim.com\/nl\/wp-json\/wp\/v2\/pages\/441\/revisions\/3658"}],"wp:attachment":[{"href":"https:\/\/campersim.com\/nl\/wp-json\/wp\/v2\/media?parent=441"}],"curies":[{"name":"wp","href":"https:\/\/api.w.org\/{rel}","templated":true}]}}