{"id":5397,"date":"2024-10-29T09:51:00","date_gmt":"2024-10-29T08:51:00","guid":{"rendered":"https:\/\/campersim.com\/?post_type=product&#038;p=5397"},"modified":"2024-10-29T09:54:01","modified_gmt":"2024-10-29T08:54:01","slug":"antennenset-fuer-rutx50-und-perfekten-radioempfang-m-15903","status":"publish","type":"product","link":"https:\/\/campersim.com\/nl\/product\/antennenset-fuer-rutx50-und-perfekten-radioempfang-m-15903\/","title":{"rendered":"Antenneset voor RUTX50 en perfecte radio-ontvangst m. 15903"},"content":{"rendered":"<h2>Antenne voor RUTX 50<\/h2>\n<h3>1 antenne voor alle functies!<\/h3>\n<p>Perfecte FM- en DAB+-ontvangst met 41 cm radiator, maar ook internet via UMTS, LTE en 5G of WLAN. GPS\/GNSS-functie voor navigatie of router. De antenne is al geschikt voor 5G-ontvangst! Zelfs als je nog een LTE-router gebruikt, is de antenne hierop voorbereid als je een nieuwe 5G-router aanschaft.<\/p>\n<h4>Panorama-antenne geschikt voor alle LTE- en 5G-routers.<\/h4>\n<p>Het bijzondere aan deze antenne is dat hij een 6e aansluiting heeft voor combinaties van FM; DAB+. Met de meegeleverde radiator\/versterker\/kabelset kan deze aansluiting worden gebruikt voor de genoemde functies. In dit geval moet de antenne worden voorzien van een tegenmast, dus gemonteerd op metaal. Hiervoor leveren we een wit gepoedercoate roestvrijstalen plaat van 40\u00d740 cm.<\/p>\n<p>Speciaal voor <a href=\"https:\/\/campersim.com\/nl\/product\/teltonika-5g-wlan-router-rutx50\/\">RUTX50<\/a>RUTX14, RUTX12, maar ook achterwaarts compatibel met RutX11, Rut956, Rut955, Rut951, Rut950, Rut 360, CamperNet en alle andere 4G- en 5G-routers.<\/p>\n<p>De antenne wordt gekenmerkt door 4 ontvangstelementen voor LTE\/5G en WLAN, evenals een element voor GPS\/Glonass en een element voor de bovengenoemde Radio UWK\/DAB+ toepassing.<\/p>\n<h3>Technische gegevens antenne RUTX 50:<\/h3>\n<ul>\n<li>Kleur: zwart<\/li>\n<li>Frequentie: Element 1: 1562-1612MHz<\/li>\n<li>Element 2 &amp; 3: 698-960MHz, 1710-2170MHz, 2500-3800MHz<\/li>\n<li>Element 4 - 7: 2 x 2,4\/5,0\/7,1 GHz<\/li>\n<li>Element 1: 26dB<\/li>\n<li>Element 2 &amp; 3: 5dBi (617-960MHz), 8dBi (1710-3800MHz), 9dBi (4900-6000MHz)<\/li>\n<li>Element 4 - 7: 5dBi (2396-2485MHz), 11dBi (4900-7200MHz)<\/li>\n<li>Polarisatie: verticaal<\/li>\n<li>Stralingspatroon: Omni-directioneel<\/li>\n<li>Weerstand: 50 OHM<\/li>\n<li>Max. Ingangsvermogen: 10W\/ hoofdspot 60W<\/li>\n<li>Montage: 1-gats montage 18mm<\/li>\n<li>Afmetingen: Hoogte zonder spot 90mm\/ Lengte 243mm\/ Breedte 63mm Materiaal: ASA zwart<\/li>\n<li>Kabellengte 300 mm<\/li>\n<\/ul>\n<p>&nbsp;<\/p>\n<h4>Stekker:<\/h4>\n<ul>\n<li>4 x SMA-aansluiting (m) [4G\/5G]<\/li>\n<li>2 x SMA-aansluiting (f) [WIFI].<\/li>\n<li>FME-aansluiting (f) [GPS\/GNSS].<\/li>\n<li>Spotlight: FME (m)<\/li>\n<\/ul>\n<h4>Kabelset:<\/h4>\n<p>De antenne wordt geleverd met een kabelset bestaande uit 7 kabels van elk 1,5 meter lang voor de bovengenoemde routers:<\/p>\n<ul>\n<li>4 x LTE met SMA-aansluiting<\/li>\n<li>2 x WLAN met SMA RP-connector<\/li>\n<li>1 x GPS met SMA-aansluiting<\/li>\n<\/ul>\n<h4>Omvang van de levering:<\/h4>\n<ul>\n<li>Panoramische antenne PAN-ANT615B met kabelset 1,5 m<\/li>\n<li>PAN-ANT287 uitbreidingsset FM\/DAB+ met 7,5 m kabel<\/li>\n<li>UNI-3L750, GPS-kabelset voor navigatie<\/li>\n<li>Adapter 8441 voor GPS Gebruik van de antenne voor navigatie<\/li>\n<li>15903w, roestvrijstalen plaat, wit gepoedercoat, 40\u00d740 cm<\/li>\n<li>Scharniergewricht 4615_01<\/li>\n<\/ul>\n<p><span style=\"text-decoration: underline;\"><strong>Opmerking:<\/strong><\/span> De GPS-verbinding van de antenne kan dan worden gebruikt voor 1 navigatie of voor de GPS-functie van een router.<\/p>","protected":false},"excerpt":{"rendered":"<p>De perfecte antenneset voor je RUTX50. FM- en DAB+-ontvangst met 41 cm straler, maar ook internet via UMTS, LTE en 5G of WLAN. GPS\/GNSS-functie voor navigatie of router<\/p>","protected":false},"featured_media":5411,"template":"","meta":{"_acf_changed":false},"product_brand":[],"product_cat":[67],"product_tag":[],"class_list":{"0":"post-5397","1":"product","2":"type-product","3":"status-publish","4":"has-post-thumbnail","6":"product_cat-antennen","8":"first","9":"instock","10":"taxable","11":"shipping-taxable","12":"purchasable","13":"product-type-simple"},"acf":[],"yoast_head":"<!-- This site is optimized with the Yoast SEO plugin v26.3 - https:\/\/yoast.com\/wordpress\/plugins\/seo\/ -->\n<title>Antennenset f\u00fcr RUTX50 und perfekten Radioempfang m. 15903 - CAMPERSIM - SIM Karte f\u00fcr Freizeitmobile<\/title>\n<meta name=\"robots\" content=\"index, follow, max-snippet:-1, max-image-preview:large, max-video-preview:-1\" \/>\n<link rel=\"canonical\" href=\"https:\/\/campersim.com\/nl\/product\/antennenset-fuer-rutx50-und-perfekten-radioempfang-m-15903\/\" \/>\n<meta property=\"og:locale\" content=\"nl_NL\" \/>\n<meta property=\"og:type\" content=\"article\" \/>\n<meta property=\"og:title\" content=\"Antennenset f\u00fcr RUTX50 und perfekten Radioempfang m. 15903 - CAMPERSIM - SIM Karte f\u00fcr Freizeitmobile\" \/>\n<meta property=\"og:description\" content=\"Das perfekte Antennen-Set f\u00fcr deinen RUTX50.\u00a0UKW und DAB+ Empfang mit 41 cm Strahler, sowie Internet \u00fcber UMTS, LTE und 5G oder WLAN. GPS\/GNSS Funktion f\u00fcr Navigation oder Router\" \/>\n<meta property=\"og:url\" content=\"https:\/\/campersim.com\/nl\/product\/antennenset-fuer-rutx50-und-perfekten-radioempfang-m-15903\/\" \/>\n<meta property=\"og:site_name\" content=\"CAMPERSIM - SIM Karte f\u00fcr Freizeitmobile\" \/>\n<meta property=\"article:modified_time\" content=\"2024-10-29T08:54:01+00:00\" \/>\n<meta property=\"og:image\" content=\"https:\/\/campersim.com\/wp-content\/uploads\/2024\/10\/Antenne-RUTX-50-2.jpg\" \/>\n\t<meta property=\"og:image:width\" content=\"1000\" \/>\n\t<meta property=\"og:image:height\" content=\"1000\" \/>\n\t<meta property=\"og:image:type\" content=\"image\/jpeg\" \/>\n<meta name=\"twitter:card\" content=\"summary_large_image\" \/>\n<script type=\"application\/ld+json\" class=\"yoast-schema-graph\">{\"@context\":\"https:\/\/schema.org\",\"@graph\":[{\"@type\":\"WebPage\",\"@id\":\"https:\/\/campersim.com\/produkt\/antennenset-fuer-rutx50-und-perfekten-radioempfang-m-15903\/\",\"url\":\"https:\/\/campersim.com\/produkt\/antennenset-fuer-rutx50-und-perfekten-radioempfang-m-15903\/\",\"name\":\"Antennenset f\u00fcr RUTX50 und perfekten Radioempfang m. 15903 - CAMPERSIM - SIM Karte f\u00fcr Freizeitmobile\",\"isPartOf\":{\"@id\":\"https:\/\/campersim.com\/#website\"},\"primaryImageOfPage\":{\"@id\":\"https:\/\/campersim.com\/produkt\/antennenset-fuer-rutx50-und-perfekten-radioempfang-m-15903\/#primaryimage\"},\"image\":{\"@id\":\"https:\/\/campersim.com\/produkt\/antennenset-fuer-rutx50-und-perfekten-radioempfang-m-15903\/#primaryimage\"},\"thumbnailUrl\":\"https:\/\/campersim.com\/wp-content\/uploads\/2024\/10\/Antenne-RUTX-50-2.jpg\",\"datePublished\":\"2024-10-29T08:51:00+00:00\",\"dateModified\":\"2024-10-29T08:54:01+00:00\",\"breadcrumb\":{\"@id\":\"https:\/\/campersim.com\/produkt\/antennenset-fuer-rutx50-und-perfekten-radioempfang-m-15903\/#breadcrumb\"},\"inLanguage\":\"nl-NL\",\"potentialAction\":[{\"@type\":\"ReadAction\",\"target\":[\"https:\/\/campersim.com\/produkt\/antennenset-fuer-rutx50-und-perfekten-radioempfang-m-15903\/\"]}]},{\"@type\":\"ImageObject\",\"inLanguage\":\"nl-NL\",\"@id\":\"https:\/\/campersim.com\/produkt\/antennenset-fuer-rutx50-und-perfekten-radioempfang-m-15903\/#primaryimage\",\"url\":\"https:\/\/campersim.com\/wp-content\/uploads\/2024\/10\/Antenne-RUTX-50-2.jpg\",\"contentUrl\":\"https:\/\/campersim.com\/wp-content\/uploads\/2024\/10\/Antenne-RUTX-50-2.jpg\",\"width\":1000,\"height\":1000,\"caption\":\"MAXVIEW ROAM 5G mit Appsteuerung\"},{\"@type\":\"BreadcrumbList\",\"@id\":\"https:\/\/campersim.com\/produkt\/antennenset-fuer-rutx50-und-perfekten-radioempfang-m-15903\/#breadcrumb\",\"itemListElement\":[{\"@type\":\"ListItem\",\"position\":1,\"name\":\"Startseite\",\"item\":\"https:\/\/campersim.com\/\"},{\"@type\":\"ListItem\",\"position\":2,\"name\":\"Antennenset f\u00fcr RUTX50 und perfekten Radioempfang m. 15903\"}]},{\"@type\":\"WebSite\",\"@id\":\"https:\/\/campersim.com\/#website\",\"url\":\"https:\/\/campersim.com\/\",\"name\":\"CAMPERSIM - SIM Karte f\u00fcr Freizeitmobile\",\"description\":\"\",\"publisher\":{\"@id\":\"https:\/\/campersim.com\/#organization\"},\"potentialAction\":[{\"@type\":\"SearchAction\",\"target\":{\"@type\":\"EntryPoint\",\"urlTemplate\":\"https:\/\/campersim.com\/?s={search_term_string}\"},\"query-input\":{\"@type\":\"PropertyValueSpecification\",\"valueRequired\":true,\"valueName\":\"search_term_string\"}}],\"inLanguage\":\"nl-NL\"},{\"@type\":\"Organization\",\"@id\":\"https:\/\/campersim.com\/#organization\",\"name\":\"CAMPERSIM\",\"url\":\"https:\/\/campersim.com\/\",\"logo\":{\"@type\":\"ImageObject\",\"inLanguage\":\"nl-NL\",\"@id\":\"https:\/\/campersim.com\/#\/schema\/logo\/image\/\",\"url\":\"https:\/\/campersim.com\/wp-content\/uploads\/2023\/07\/cropped-favicon.jpg\",\"contentUrl\":\"https:\/\/campersim.com\/wp-content\/uploads\/2023\/07\/cropped-favicon.jpg\",\"width\":512,\"height\":512,\"caption\":\"CAMPERSIM\"},\"image\":{\"@id\":\"https:\/\/campersim.com\/#\/schema\/logo\/image\/\"}}]}<\/script>\n<!-- \/ Yoast SEO plugin. -->","yoast_head_json":{"title":"Antennenset f\u00fcr RUTX50 und perfekten Radioempfang m. 15903 - CAMPERSIM - SIM Karte f\u00fcr Freizeitmobile","robots":{"index":"index","follow":"follow","max-snippet":"max-snippet:-1","max-image-preview":"max-image-preview:large","max-video-preview":"max-video-preview:-1"},"canonical":"https:\/\/campersim.com\/nl\/product\/antennenset-fuer-rutx50-und-perfekten-radioempfang-m-15903\/","og_locale":"nl_NL","og_type":"article","og_title":"Antennenset f\u00fcr RUTX50 und perfekten Radioempfang m. 15903 - CAMPERSIM - SIM Karte f\u00fcr Freizeitmobile","og_description":"Das perfekte Antennen-Set f\u00fcr deinen RUTX50.\u00a0UKW und DAB+ Empfang mit 41 cm Strahler, sowie Internet \u00fcber UMTS, LTE und 5G oder WLAN. GPS\/GNSS Funktion f\u00fcr Navigation oder Router","og_url":"https:\/\/campersim.com\/nl\/product\/antennenset-fuer-rutx50-und-perfekten-radioempfang-m-15903\/","og_site_name":"CAMPERSIM - SIM Karte f\u00fcr Freizeitmobile","article_modified_time":"2024-10-29T08:54:01+00:00","og_image":[{"width":1000,"height":1000,"url":"https:\/\/campersim.com\/wp-content\/uploads\/2024\/10\/Antenne-RUTX-50-2.jpg","type":"image\/jpeg"}],"twitter_card":"summary_large_image","schema":{"@context":"https:\/\/schema.org","@graph":[{"@type":"WebPage","@id":"https:\/\/campersim.com\/produkt\/antennenset-fuer-rutx50-und-perfekten-radioempfang-m-15903\/","url":"https:\/\/campersim.com\/produkt\/antennenset-fuer-rutx50-und-perfekten-radioempfang-m-15903\/","name":"Antennenset f\u00fcr RUTX50 und perfekten Radioempfang m. 15903 - CAMPERSIM - SIM Karte f\u00fcr Freizeitmobile","isPartOf":{"@id":"https:\/\/campersim.com\/#website"},"primaryImageOfPage":{"@id":"https:\/\/campersim.com\/produkt\/antennenset-fuer-rutx50-und-perfekten-radioempfang-m-15903\/#primaryimage"},"image":{"@id":"https:\/\/campersim.com\/produkt\/antennenset-fuer-rutx50-und-perfekten-radioempfang-m-15903\/#primaryimage"},"thumbnailUrl":"https:\/\/campersim.com\/wp-content\/uploads\/2024\/10\/Antenne-RUTX-50-2.jpg","datePublished":"2024-10-29T08:51:00+00:00","dateModified":"2024-10-29T08:54:01+00:00","breadcrumb":{"@id":"https:\/\/campersim.com\/produkt\/antennenset-fuer-rutx50-und-perfekten-radioempfang-m-15903\/#breadcrumb"},"inLanguage":"nl-NL","potentialAction":[{"@type":"ReadAction","target":["https:\/\/campersim.com\/produkt\/antennenset-fuer-rutx50-und-perfekten-radioempfang-m-15903\/"]}]},{"@type":"ImageObject","inLanguage":"nl-NL","@id":"https:\/\/campersim.com\/produkt\/antennenset-fuer-rutx50-und-perfekten-radioempfang-m-15903\/#primaryimage","url":"https:\/\/campersim.com\/wp-content\/uploads\/2024\/10\/Antenne-RUTX-50-2.jpg","contentUrl":"https:\/\/campersim.com\/wp-content\/uploads\/2024\/10\/Antenne-RUTX-50-2.jpg","width":1000,"height":1000,"caption":"MAXVIEW ROAM 5G mit Appsteuerung"},{"@type":"BreadcrumbList","@id":"https:\/\/campersim.com\/produkt\/antennenset-fuer-rutx50-und-perfekten-radioempfang-m-15903\/#breadcrumb","itemListElement":[{"@type":"ListItem","position":1,"name":"Startseite","item":"https:\/\/campersim.com\/"},{"@type":"ListItem","position":2,"name":"Antennenset f\u00fcr RUTX50 und perfekten Radioempfang m. 15903"}]},{"@type":"WebSite","@id":"https:\/\/campersim.com\/#website","url":"https:\/\/campersim.com\/","name":"CAMPERSIM - SIM kaart voor vrijetijds mobiele telefoons","description":"","publisher":{"@id":"https:\/\/campersim.com\/#organization"},"potentialAction":[{"@type":"SearchAction","target":{"@type":"EntryPoint","urlTemplate":"https:\/\/campersim.com\/?s={search_term_string}"},"query-input":{"@type":"PropertyValueSpecification","valueRequired":true,"valueName":"search_term_string"}}],"inLanguage":"nl-NL"},{"@type":"Organization","@id":"https:\/\/campersim.com\/#organization","name":"CAMPERSIM","url":"https:\/\/campersim.com\/","logo":{"@type":"ImageObject","inLanguage":"nl-NL","@id":"https:\/\/campersim.com\/#\/schema\/logo\/image\/","url":"https:\/\/campersim.com\/wp-content\/uploads\/2023\/07\/cropped-favicon.jpg","contentUrl":"https:\/\/campersim.com\/wp-content\/uploads\/2023\/07\/cropped-favicon.jpg","width":512,"height":512,"caption":"CAMPERSIM"},"image":{"@id":"https:\/\/campersim.com\/#\/schema\/logo\/image\/"}}]}},"_links":{"self":[{"href":"https:\/\/campersim.com\/nl\/wp-json\/wp\/v2\/product\/5397","targetHints":{"allow":["GET"]}}],"collection":[{"href":"https:\/\/campersim.com\/nl\/wp-json\/wp\/v2\/product"}],"about":[{"href":"https:\/\/campersim.com\/nl\/wp-json\/wp\/v2\/types\/product"}],"wp:featuredmedia":[{"embeddable":true,"href":"https:\/\/campersim.com\/nl\/wp-json\/wp\/v2\/media\/5411"}],"wp:attachment":[{"href":"https:\/\/campersim.com\/nl\/wp-json\/wp\/v2\/media?parent=5397"}],"wp:term":[{"taxonomy":"product_brand","embeddable":true,"href":"https:\/\/campersim.com\/nl\/wp-json\/wp\/v2\/product_brand?post=5397"},{"taxonomy":"product_cat","embeddable":true,"href":"https:\/\/campersim.com\/nl\/wp-json\/wp\/v2\/product_cat?post=5397"},{"taxonomy":"product_tag","embeddable":true,"href":"https:\/\/campersim.com\/nl\/wp-json\/wp\/v2\/product_tag?post=5397"}],"curies":[{"name":"wp","href":"https:\/\/api.w.org\/{rel}","templated":true}]}}